{"id":217,"date":"2019-12-24T01:02:05","date_gmt":"2019-12-24T00:02:05","guid":{"rendered":"http:\/\/zlindesignweek.com\/2021\/?page_id=217"},"modified":"2026-02-05T00:01:17","modified_gmt":"2026-02-04T23:01:17","slug":"registrace","status":"publish","type":"page","link":"https:\/\/zlindesignweek.com\/2026\/best-in-design\/registrace\/","title":{"rendered":"Registrace do sout\u011b\u017ee Best in Design"},"content":{"rendered":"\n<div class=\"wp-block-group\"><div class=\"wp-block-group__inner-container is-layout-flow wp-block-group-is-layout-flow\">\n<div class=\"wp-block-columns is-layout-flex wp-container-core-columns-is-layout-9d6595d7 wp-block-columns-is-layout-flex\">\n<div class=\"wp-block-column is-layout-flow wp-block-column-is-layout-flow\">\n<p>P\u0159ihl\u00e1\u0161ky do sout\u011b\u017ee Best in Design bylo mo\u017en\u00e9 odes\u00edlat do <strong>4.&nbsp;2.&nbsp;2026.<\/strong> D\u011bkujeme v\u0161em z\u00e1jemc\u016fm a&nbsp;z\u00e1jemkyn\u00edm, kte\u0159\u00ed se do sout\u011b\u017ee zapojili.<\/p>\n\n\n\n<p>Pr\u016fb\u011bh i&nbsp;v\u00fdsledky sout\u011b\u017ee m\u016f\u017ee\u0161 sledovat a\u017e do samotn\u00e9ho vyhl\u00e1\u0161en\u00ed mezin\u00e1rodn\u00ed design\u00e9rsk\u00e9 sout\u011b\u017ee. Kompletn\u00ed harmonogram nalezne\u0161 <a href=\"https:\/\/zlindesignweek.com\/2026\/best-in-design\/harmonogram-souteze\/\" data-type=\"link\" data-id=\"https:\/\/zlindesignweek.com\/2026\/best-in-design\/harmonogram-souteze\/\">zde<\/a>.<\/p>\n<\/div>\n<\/div>\n<\/div><\/div>\n\n\n\n<div style=\"height:100px\" aria-hidden=\"true\" class=\"wp-block-spacer is-style-small\"><\/div>\n\n\n\n<p><\/p>\n","protected":false},"excerpt":{"rendered":"P\u0159ihl\u00e1\u0161ky do sout\u011b\u017ee Best in Design bylo mo\u017en\u00e9 odes\u00edlat do 4.&nbsp;2.&nbsp;2026. D\u011bkujeme v\u0161em z\u00e1jemc\u016fm a&nbsp;z\u00e1jemkyn\u00edm, kte\u0159\u00ed se do sout\u011b\u017ee zapojili. Pr\u016fb\u011bh i&nbsp;v\u00fdsledky sout\u011b\u017ee m\u016f\u017ee\u0161 sledovat [&hellip;]","protected":false},"author":33,"featured_media":0,"parent":193,"menu_order":0,"comment_status":"closed","ping_status":"closed","template":"","meta":{"_acf_changed":false,"footnotes":""},"class_list":["post-217","page","type-page","status-publish","hentry"],"acf":[],"_links":{"self":[{"href":"https:\/\/zlindesignweek.com\/2026\/wp-json\/wp\/v2\/pages\/217","targetHints":{"allow":["GET"]}}],"collection":[{"href":"https:\/\/zlindesignweek.com\/2026\/wp-json\/wp\/v2\/pages"}],"about":[{"href":"https:\/\/zlindesignweek.com\/2026\/wp-json\/wp\/v2\/types\/page"}],"author":[{"embeddable":true,"href":"https:\/\/zlindesignweek.com\/2026\/wp-json\/wp\/v2\/users\/33"}],"replies":[{"embeddable":true,"href":"https:\/\/zlindesignweek.com\/2026\/wp-json\/wp\/v2\/comments?post=217"}],"version-history":[{"count":42,"href":"https:\/\/zlindesignweek.com\/2026\/wp-json\/wp\/v2\/pages\/217\/revisions"}],"predecessor-version":[{"id":40408,"href":"https:\/\/zlindesignweek.com\/2026\/wp-json\/wp\/v2\/pages\/217\/revisions\/40408"}],"up":[{"embeddable":true,"href":"https:\/\/zlindesignweek.com\/2026\/wp-json\/wp\/v2\/pages\/193"}],"wp:attachment":[{"href":"https:\/\/zlindesignweek.com\/2026\/wp-json\/wp\/v2\/media?parent=217"}],"curies":[{"name":"wp","href":"https:\/\/api.w.org\/{rel}","templated":true}]}}