{"id":2129,"date":"2019-12-22T01:23:39","date_gmt":"2019-12-22T00:23:39","guid":{"rendered":"https:\/\/zlindesignweek.com\/2022\/?page_id=2129"},"modified":"2026-04-07T09:27:59","modified_gmt":"2026-04-07T07:27:59","slug":"workshopy-en","status":"publish","type":"page","link":"https:\/\/zlindesignweek.com\/2026\/en\/workshopy-en\/","title":{"rendered":"Creative workshops"},"content":{"rendered":"\n<div class=\"wp-block-group\"><div class=\"wp-block-group__inner-container is-layout-constrained wp-block-group-is-layout-constrained\">\n<p>Do you enjoy creating and learning? Then you must stop by our workshops during the festival week.<\/p>\n\n\n\n<h3 class=\"wp-block-heading\">Educational workshops<\/h3>\n\n\n\n<div class=\"wp-block-columns is-layout-flex wp-container-core-columns-is-layout-9d6595d7 wp-block-columns-is-layout-flex\">\n<div class=\"wp-block-column has-zdw-background-color has-background is-layout-flow wp-block-column-is-layout-flow\">\n<table role=\"presentation\" width=\"100%\" cellpadding=\"0\" cellspacing=\"0\" border=\"0\" style=\"border-collapse:collapse;width:100%;\">\n  <tr><td height=\"24\"><\/td><\/tr>\n  <tr>\n    <td style=\"padding-left:5%; padding-right:5%;\">\n      <h4 style=\"margin:0 0 10px 0\">Workshop Checklist for Inclusive Communication: A&nbsp;Practical Tool for Museums and Galleries \u00d7 Eva Gartnerov\u00e1 &#038; Romana Z\u00e1bojov\u00e1<\/h4>\n\n      <p style=\"margin:0 0 18px 0\">\n        Date: 7 May<br>\n        Time: 10 AM &#8211; 12:30 PM<br>\n        Location: Arts Management<br>\n        Admission: Free\n      <\/p>\n\n      <div class=\"wp-block-buttons\">\n        <div class=\"wp-block-button is-style-fill\">\n          <a class=\"wp-block-button__link wp-element-button\" href=\"https:\/\/zlindesignweek.com\/2026\/en\/checklist-for-inclusive-communication-a-practical-tool-for-museums-and-galleries\/\">\n            Find out more\n          <\/a>\n        <\/div>\n      <\/div>\n    <\/td>\n  <\/tr>\n  <tr><td height=\"24\"><\/td><\/tr>\n<\/table>\n<\/div>\n\n\n\n<div class=\"wp-block-column has-zdw-background-color has-background is-layout-flow wp-block-column-is-layout-flow\">\n<table role=\"presentation\" width=\"100%\" cellpadding=\"0\" cellspacing=\"0\" border=\"0\" style=\"border-collapse:collapse;width:100%;\">\n  <tr><td height=\"24\"><\/td><\/tr>\n  <tr>\n    <td style=\"padding-left:5%; padding-right:5%;\">\n      <h4 style=\"margin:0 0 10px 0\">Workshop Product Design: from idea to impact \u00d7 Jan Jel\u00ednek<\/h4>\n\n      <p style=\"margin:0 0 18px 0\">\n        Date: 8 May<br>\n        Time: 10 AM &#8211; 1 PM<br>\n        Location: Arts Management<br>\n        Admission: 350 CZK\n      <\/p>\n    <div class=\"wp-block-buttons\">\n        <div class=\"wp-block-button is-style-fill\">\n          <a class=\"wp-block-button__link wp-element-button\" href=\"https:\/\/zlindesignweek.com\/2026\/en\/workshop-product-design-from-idea-to-impact\/\">\n            Find out more\n          <\/a>\n        <\/div>\n      <\/div>\n    <\/td>\n  <\/tr>\n  <tr><td height=\"24\"><\/td><\/tr>\n<\/table>\n<\/div>\n<\/div>\n\n\n\n<div style=\"height:40px\" aria-hidden=\"true\" class=\"wp-block-spacer\"><\/div>\n\n\n\n<div class=\"wp-block-columns is-layout-flex wp-container-core-columns-is-layout-9d6595d7 wp-block-columns-is-layout-flex\">\n<div class=\"wp-block-column has-zdw-background-color has-background is-layout-flow wp-block-column-is-layout-flow\">\n<table role=\"presentation\" width=\"100%\" cellpadding=\"0\" cellspacing=\"0\" border=\"0\" style=\"border-collapse:collapse;width:100%;\">\n  <tr><td height=\"24\"><\/td><\/tr>\n  <tr>\n    <td style=\"padding-left:5%; padding-right:5%;\">\n      <h4 style=\"margin:0 0 10px 0\">Workshop Together by Design: social design for positive impact \u00d7 Canan Akoglu &#038; Marek Ku\u017ami\u0144ski<\/h4>\n\n      <p style=\"margin:0 0 18px 0\">\nDate: 9 May<br>\nTime: 3 PM&nbsp;\u2013 5 PM<br>\nLocation: Zlin Castle<br>\nLanguage: ENG<br>\nAdmission: 350 CZK<br>\n\n      <\/p>\n    <div class=\"wp-block-buttons\">\n        <div class=\"wp-block-button is-style-fill\">\n          <a class=\"wp-block-button__link wp-element-button\" href=\"https:\/\/zlindesignweek.com\/2026\/en\/workshop-together-by-design-social-design-for-positive-impact-x-canan-akoglu-marek-kuzminski-2\/\">\n            Find out more\n          <\/a>\n        <\/div>\n      <\/div>\n    <\/td>\n  <\/tr>\n\n  <tr><td height=\"24\"><\/td><\/tr>\n<\/table>\n<\/div>\n\n\n\n<div class=\"wp-block-column has-zdw-background-color has-background is-layout-flow wp-block-column-is-layout-flow\">\n<table role=\"presentation\" width=\"100%\" cellpadding=\"0\" cellspacing=\"0\" border=\"0\" style=\"border-collapse:collapse;width:100%;\">\n  <tr><td height=\"24\"><\/td><\/tr>\n\n  <tr>\n    <td style=\"padding-left:5%; padding-right:5%;\">\n      <h4 style=\"margin:0 0 22px 0\">Workshop Meaning Over Slogans: value-Based Communication in Culture and Tourism \u00d7 Anna Str\u00e1nsk\u00e1<\/h4>\n\n      <p style=\"margin:0 0 18px 0\">\n        Date: 11 May 2026<br>\n        Time: 2 PM&nbsp;\u2013 4 PM<br>\n        Location: G18 Gallery<br>\n        Admission: 150 CZK\n      <\/p>\n\n      <div class=\"wp-block-buttons\">\n        <div class=\"wp-block-button is-style-fill\">\n          <a class=\"wp-block-button__link wp-element-button\" href=\"https:\/\/zlindesignweek.com\/2026\/en\/workshop-meaning-over-slogans-value-based-communication-in-culture-and-tourism-x-anna-stranska\/\">\n            Find out more\n          <\/a>\n        <\/div>\n      <\/div>\n    <\/td>\n  <\/tr>\n\n  <tr><td height=\"24\"><\/td><\/tr>\n<\/table>\n<\/div>\n<\/div>\n\n\n\n<div style=\"height:50px\" aria-hidden=\"true\" class=\"wp-block-spacer\"><\/div>\n\n\n\n<h3 class=\"wp-block-heading\">Creative workshops<\/h3>\n\n\n\n<div class=\"wp-block-columns is-layout-flex wp-container-core-columns-is-layout-9d6595d7 wp-block-columns-is-layout-flex\">\n<div class=\"wp-block-column has-zdw-background-color has-background is-layout-flow wp-block-column-is-layout-flow\">\n<table role=\"presentation\" width=\"100%\" cellpadding=\"0\" cellspacing=\"0\" border=\"0\" style=\"border-collapse:collapse;width:100%;\">\n  <tr><td height=\"24\"><\/td><\/tr>\n  <tr>\n    <td style=\"padding-left:5%; padding-right:5%;\">\n      <h4 style=\"margin:0 0 10px 0\">Workshop PLY\u0160ODU\u0160\u00c1K: Textiles for the soul \u00d7 Karol\u00edna Kop\u0159ivov\u00e1<\/h4>\n \n\n      <p style=\"margin:0 0 18px 0\">\n        Date: 8 May<br>\n        Time: 3:00 PM&nbsp;&#8211; 5:00 PM<br>\n        Location: CHILLOUT zone<br>\n        Admission: CZK 150\n      <\/p>\n\n      <div class=\"wp-block-buttons\">\n        <div class=\"wp-block-button is-style-fill\">\n          <a class=\"wp-block-button__link wp-element-button\" href=\"https:\/\/zlindesignweek.com\/2026\/en\/41672-2\/\">\n            Find out more\n          <\/a>\n        <\/div>\n      <\/div>\n    <\/td>\n  <\/tr>\n  <tr><td height=\"24\"><\/td><\/tr>\n<\/table>\n<\/div>\n\n\n\n<div class=\"wp-block-column has-zdw-background-color has-background is-layout-flow wp-block-column-is-layout-flow\">\n<table role=\"presentation\" width=\"100%\" cellpadding=\"0\" cellspacing=\"0\" border=\"0\" style=\"border-collapse:collapse;width:100%;\">\n  <tr><td height=\"24\"><\/td><\/tr>\n  <tr>\n    <td style=\"padding-left:5%; padding-right:5%;\">\n      <h4 style=\"margin:0 0 10px 0\">Workshop Linocut: cut it out!<\/h4>\n\n      <p style=\"margin:0 0 18px 0\">\nDate: 9 May<br>\nTime: 10:00 AM \u2013 6:00 PM<br>\nLocation: Festival INFO POINT<br>\nAdmission: Free (price for making your own linocut: CZK 100)\n      <\/p>\n    <\/td>\n  <\/tr>\n  <tr><td height=\"24\"><\/td><\/tr>\n<\/table>\n<\/div>\n<\/div>\n\n\n\n<div style=\"height:50px\" aria-hidden=\"true\" class=\"wp-block-spacer\"><\/div>\n\n\n\n<h3 class=\"wp-block-heading\">Workshops for children<\/h3>\n\n\n\n<div class=\"wp-block-columns is-layout-flex wp-container-core-columns-is-layout-9d6595d7 wp-block-columns-is-layout-flex\">\n<div class=\"wp-block-column has-zdw-background-color has-background is-layout-flow wp-block-column-is-layout-flow\">\n<table role=\"presentation\" width=\"100%\" cellpadding=\"0\" cellspacing=\"0\" border=\"0\" style=\"border-collapse:collapse;width:100%;\">\n  <tr><td height=\"24\"><\/td><\/tr>\n  <tr>\n    <td style=\"padding-left:5%; padding-right:5%;\">\n      <h4 style=\"margin:0 0 10px 0\">Workshop Crafting with children: give materials a&nbsp;second life x Design\u00e9\u0159i d\u011btem<\/h4>\n\n      <p style=\"margin:0 0 18px 0\">\nDate: 10 May<br>\nTime: 10:00 AM \u2013 5:00 PM<br>\nLocation: CHILLOUT zone<br>\nAdmission: Free\n      <\/p>\n\n      <div class=\"wp-block-buttons\">\n        <div class=\"wp-block-button is-style-fill\">\n          <a class=\"wp-block-button__link wp-element-button\" href=\"https:\/\/zlindesignweek.com\/2026\/en\/designers-for-children\/\">\n            Find out more\n          <\/a>\n        <\/div>\n      <\/div>\n    <\/td>\n  <\/tr>\n  <tr><td height=\"24\"><\/td><\/tr>\n<\/table>\n<\/div>\n\n\n\n<div class=\"wp-block-column is-layout-flow wp-block-column-is-layout-flow\"><\/div>\n<\/div>\n\n\n\n<div style=\"height:50px\" aria-hidden=\"true\" class=\"wp-block-spacer\"><\/div>\n\n\n\n<h3 class=\"wp-block-heading\">Workshops for schools<\/h3>\n\n\n\n<div class=\"wp-block-columns is-layout-flex wp-container-core-columns-is-layout-9d6595d7 wp-block-columns-is-layout-flex\">\n<div class=\"wp-block-column has-zdw-background-color has-background is-layout-flow wp-block-column-is-layout-flow\">\n<table role=\"presentation\" width=\"100%\" cellpadding=\"0\" cellspacing=\"0\" border=\"0\" style=\"border-collapse:collapse;width:100%;\">\n  <tr><td height=\"24\"><\/td><\/tr>\n  <tr>\n    <td style=\"padding-left:5%; padding-right:5%;\">\n      <h4 style=\"margin:0 0 10px 0\">Creative workshop ROBOTA<\/h4>\n\n      <p style=\"margin:0 0 18px 0\">\n        Date: 7 May<br>\n        Time: 8:30 AM &#8211; 12:00 PM<br>\n        Location: Building 44<br>\n        Admission: CZK 150 per student\n      <\/p>\n\n      <div class=\"wp-block-buttons\">\n        <div class=\"wp-block-button is-style-fill\">\n          <a class=\"wp-block-button__link wp-element-button\" href=\"https:\/\/zlindesignweek.com\/2026\/en\/creating-is-love\/\">\n            Find out more\n          <\/a>\n        <\/div>\n      <\/div>\n    <\/td>\n  <\/tr>\n  <tr><td height=\"24\"><\/td><\/tr>\n<\/table>\n<\/div>\n\n\n\n<div class=\"wp-block-column has-zdw-background-color has-background is-layout-flow wp-block-column-is-layout-flow\">\n<table role=\"presentation\" width=\"100%\" cellpadding=\"0\" cellspacing=\"0\" border=\"0\" style=\"border-collapse:collapse;width:100%;\">\n  <tr><td height=\"24\"><\/td><\/tr>\n  <tr>\n    <td style=\"padding-left:5%; padding-right:5%;\">\n      <h4 style=\"margin:0 0 10px 0\">Educational workshop Main exhibition for schools<\/h4>\n      <p style=\"margin:0 0 18px 0\"><mark style=\"background-color:rgba(0, 0, 0, 0)\" class=\"has-inline-color has-white-color\">Robert Spurn\u00fd<\/mark><\/p>\n\n      <p style=\"margin:0 0 18px 0\">\n        Date: 11 May<br>\n        Time: 8:30 AM &#8211; 2:30 PM<br><br>\n        Date: 12 May<br>\n        Time: 8:30 AM &#8211; 2:30 PM<br><br>\n        Location: Zlin Castle<br>\n        Admission: Free\n      <\/p>\n\n      <div class=\"wp-block-buttons\">\n        <div class=\"wp-block-button is-style-fill\">\n          <a class=\"wp-block-button__link wp-element-button\" href=\"https:\/\/zlindesignweek.com\/2026\/en\/educational-workshop-main-exhibition-for-schools\/\">\n            Find out more\n          <\/a>\n        <\/div>\n      <\/div>\n    <\/td>\n  <\/tr>\n  <tr><td height=\"24\"><\/td><\/tr>\n<\/table>\n<\/div>\n<\/div>\n<\/div><\/div>\n","protected":false},"excerpt":{"rendered":"Do you enjoy creating and learning? Then you must stop by our workshops during the festival week. Educational workshops Workshop Checklist for Inclusive Communication: A&nbsp;Practical [&hellip;]","protected":false},"author":33,"featured_media":0,"parent":0,"menu_order":0,"comment_status":"closed","ping_status":"closed","template":"","meta":{"_acf_changed":false,"footnotes":""},"class_list":["post-2129","page","type-page","status-publish","hentry"],"acf":[],"_links":{"self":[{"href":"https:\/\/zlindesignweek.com\/2026\/wp-json\/wp\/v2\/pages\/2129","targetHints":{"allow":["GET"]}}],"collection":[{"href":"https:\/\/zlindesignweek.com\/2026\/wp-json\/wp\/v2\/pages"}],"about":[{"href":"https:\/\/zlindesignweek.com\/2026\/wp-json\/wp\/v2\/types\/page"}],"author":[{"embeddable":true,"href":"https:\/\/zlindesignweek.com\/2026\/wp-json\/wp\/v2\/users\/33"}],"replies":[{"embeddable":true,"href":"https:\/\/zlindesignweek.com\/2026\/wp-json\/wp\/v2\/comments?post=2129"}],"version-history":[{"count":126,"href":"https:\/\/zlindesignweek.com\/2026\/wp-json\/wp\/v2\/pages\/2129\/revisions"}],"predecessor-version":[{"id":43295,"href":"https:\/\/zlindesignweek.com\/2026\/wp-json\/wp\/v2\/pages\/2129\/revisions\/43295"}],"wp:attachment":[{"href":"https:\/\/zlindesignweek.com\/2026\/wp-json\/wp\/v2\/media?parent=2129"}],"curies":[{"name":"wp","href":"https:\/\/api.w.org\/{rel}","templated":true}]}}