{"id":211,"date":"2019-12-24T01:01:15","date_gmt":"2019-12-24T00:01:15","guid":{"rendered":"http:\/\/zlindesignweek.com\/2021\/?page_id=211"},"modified":"2022-11-03T16:38:19","modified_gmt":"2022-11-03T15:38:19","slug":"reference","status":"publish","type":"page","link":"https:\/\/zlindesignweek.com\/2026\/konference\/reference\/","title":{"rendered":"Reference"},"content":{"rendered":"\n<div class=\"wp-block-group\"><div class=\"wp-block-group__inner-container is-layout-flow wp-block-group-is-layout-flow\">\n<h4 class=\"wp-block-heading\">Co o&nbsp;n\u00e1s \u0159ekli na\u0161i posledn\u00ed \u0159e\u010dn\u00edci?<\/h4>\n\n\n<div\n    class=\"reference-large has-white-background-color\">\n    <div class=\"reference-large__content\">\n        <p>\u201eSkv\u011bl\u00ed \u0159e\u010dn\u00edci, pozoruhodn\u00e1 lokalita a&nbsp;velmi profesion\u00e1ln\u00ed t\u00fdm. Byla to jedna z&nbsp;nejlep\u0161\u00edch konferenc\u00ed, kter\u00e9 jsem se dosud z\u00fa\u010dasnil. Skv\u011bl\u00e1 pr\u00e1ce. Zcela jist\u011b bych sv\u00e9mu kamar\u00e1dovi doporu\u010dil, aby zde p\u0159edn\u00e1\u0161el.\u201c        <\/p>\n        <div class=\"reference-large__person\">\n            <span class=\"reference-large__name\">Pavel Kacerle            <\/span>\n            <span class=\"reference-large__position\">Visual Effects Director            <\/span>\n        <\/div>\n    <\/div>\n    <div class=\"reference-large__image\">\n            <\/div>\n<\/div>\n\n<div\n    class=\"reference-large has-white-background-color\">\n    <div class=\"reference-large__content\">\n        <p>\u201eBylo skv\u011bl\u00e9 v\u0161echny poznat &#8211; nejen \u0159e\u010dn\u00edky, ale i&nbsp;cel\u00fd po\u0159adatelsk\u00fd t\u00fdm. Agenda byla dob\u0159e sestavena. Skute\u010dn\u011b oce\u0148uji speci\u00e1ln\u00ed sn\u00eddani a&nbsp;prohl\u00eddku Zl\u00edna den po&nbsp;konferenci. Byl to skv\u011bl\u00fd zp\u016fsob, jak poznat ostatn\u00ed \u0159e\u010dn\u00edky, m\u011bsto i&nbsp;v\u00fdstavy.\u201c        <\/p>\n        <div class=\"reference-large__person\">\n            <span class=\"reference-large__name\">Kl\u00e1ra Honz\u00edkov\u00e1            <\/span>\n            <span class=\"reference-large__position\">Event global director             <\/span>\n        <\/div>\n    <\/div>\n    <div class=\"reference-large__image\">\n            <\/div>\n<\/div>\n\n<div\n    class=\"reference-large has-white-background-color\">\n    <div class=\"reference-large__content\">\n        <p>\u201eZap\u00e1len\u00fd po\u0159adatelsk\u00fd t\u00fdm, komfortn\u00ed cesta i&nbsp;ubytov\u00e1n\u00ed, v\u0161echno dob\u0159e technicky fungovalo. Je\u0161t\u011b jednou d\u011bkuji za pozv\u00e1n\u00ed.&#8220;<br \/>\r\n<br \/>\r\n        <\/p>\n        <div class=\"reference-large__person\">\n            <span class=\"reference-large__name\">Vladim\u00edr Zikmund            <\/span>\n            <span class=\"reference-large__position\">Product senior digital creative |  VMLY&amp;R designer            <\/span>\n        <\/div>\n    <\/div>\n    <div class=\"reference-large__image\">\n            <\/div>\n<\/div>\n\n<div\n    class=\"reference-large has-white-background-color\">\n    <div class=\"reference-large__content\">\n        <p>\u201eZ pohledu \u0159e\u010dn\u00edka jsem se je\u0161t\u011b nikdy ne\u00fa\u010dastnil tak dob\u0159e zorganizovan\u00e9 konference. T\u00fdm Zlin Design Weeku se o&nbsp;m\u011b staral, jako bych m\u011bl narozeniny. Oce\u0148uji vyv\u00e1\u017eenost designov\u00fdch a&nbsp;marketingov\u00fdch t\u00e9mat. Sezn\u00e1mil jsem se s&nbsp;nov\u00fdmi lidmi a&nbsp;moc jsem si to u\u017eil.\u201d        <\/p>\n        <div class=\"reference-large__person\">\n            <span class=\"reference-large__name\">Filip Koubek            <\/span>\n            <span class=\"reference-large__position\">Co-Founder | Motionlab            <\/span>\n        <\/div>\n    <\/div>\n    <div class=\"reference-large__image\">\n            <\/div>\n<\/div>\n\n<div\n    class=\"reference-large has-white-background-color\">\n    <div class=\"reference-large__content\">\n        <p>\u201eS \u00factou ke v\u0161em ostatn\u00edm konferenc\u00edm, na kter\u00fdch jsem m\u011bl tu \u010dest p\u0159edn\u00e1\u0161et, tahle byla naprosto nejlep\u0161\u00ed. Zvl\u00e1\u0161t\u011b d\u00edky atmosf\u00e9\u0159e, kterou jsem s&nbsp;cel\u00fdm po\u0159adatelsk\u00fdm t\u00fdmem pro\u017e\u00edval je\u0161t\u011b p\u0159ed konferenc\u00ed samotnou. Byl jsi skv\u011bl\u00fd t\u00fdme.\u201c<br \/>\r\n        <\/p>\n        <div class=\"reference-large__person\">\n            <span class=\"reference-large__name\">Petr Rub\u00e1\u010dek            <\/span>\n            <span class=\"reference-large__position\">Creative &amp; Strategy Lead | REMEMBERSHIP_            <\/span>\n        <\/div>\n    <\/div>\n    <div class=\"reference-large__image\">\n            <\/div>\n<\/div>\n\n<div\n    class=\"reference-large has-white-background-color\">\n    <div class=\"reference-large__content\">\n        <p>\u201eSkv\u011bl\u00e1 organizace, motivovan\u00ed lid\u00e9, zaj\u00edmav\u00e9 konverzace, p\u011bkn\u00e1 lokace&#8230;\u201c        <\/p>\n        <div class=\"reference-large__person\">\n            <span class=\"reference-large__name\">Kai Stania            <\/span>\n            <span class=\"reference-large__position\">Product designer            <\/span>\n        <\/div>\n    <\/div>\n    <div class=\"reference-large__image\">\n            <\/div>\n<\/div><\/div><\/div>\n\n\n\n<div class=\"wp-block-group\"><div class=\"wp-block-group__inner-container is-layout-flow wp-block-group-is-layout-flow\">\n<h4 class=\"mt-2 wp-block-heading\">Fotografie z&nbsp;Konference Zlin Design Week <\/h4>\n\n\n\n<figure class=\"wp-block-gallery has-nested-images columns-default is-cropped wp-block-gallery-1 is-layout-flex wp-block-gallery-is-layout-flex\">\n<figure class=\"wp-block-image size-large\"><img loading=\"lazy\" decoding=\"async\" width=\"750\" height=\"500\" data-id=\"15493\" src=\"https:\/\/zlindesignweek.com\/2024\/wp-content\/uploads\/2022\/11\/189a1442-750x500.jpg\" alt=\"\" class=\"wp-image-15493\" srcset=\"https:\/\/zlindesignweek.com\/2026\/wp-content\/uploads\/2022\/11\/189a1442-750x500.jpg 750w, https:\/\/zlindesignweek.com\/2026\/wp-content\/uploads\/2022\/11\/189a1442-500x333.jpg 500w, https:\/\/zlindesignweek.com\/2026\/wp-content\/uploads\/2022\/11\/189a1442-768x512.jpg 768w, https:\/\/zlindesignweek.com\/2026\/wp-content\/uploads\/2022\/11\/189a1442-1536x1024.jpg 1536w, https:\/\/zlindesignweek.com\/2026\/wp-content\/uploads\/2022\/11\/189a1442-2048x1365.jpg 2048w, https:\/\/zlindesignweek.com\/2026\/wp-content\/uploads\/2022\/11\/189a1442-1440x960.jpg 1440w, https:\/\/zlindesignweek.com\/2026\/wp-content\/uploads\/2022\/11\/189a1442-250x167.jpg 250w\" sizes=\"auto, (max-width: 750px) 100vw, 750px\" \/><\/figure>\n\n\n\n<figure class=\"wp-block-image size-large\"><img loading=\"lazy\" decoding=\"async\" width=\"750\" height=\"500\" data-id=\"15491\" src=\"https:\/\/zlindesignweek.com\/2024\/wp-content\/uploads\/2022\/11\/189a1471-750x500.jpg\" alt=\"\" class=\"wp-image-15491\" srcset=\"https:\/\/zlindesignweek.com\/2026\/wp-content\/uploads\/2022\/11\/189a1471-750x500.jpg 750w, https:\/\/zlindesignweek.com\/2026\/wp-content\/uploads\/2022\/11\/189a1471-500x333.jpg 500w, https:\/\/zlindesignweek.com\/2026\/wp-content\/uploads\/2022\/11\/189a1471-768x512.jpg 768w, https:\/\/zlindesignweek.com\/2026\/wp-content\/uploads\/2022\/11\/189a1471-1536x1024.jpg 1536w, https:\/\/zlindesignweek.com\/2026\/wp-content\/uploads\/2022\/11\/189a1471-2048x1365.jpg 2048w, https:\/\/zlindesignweek.com\/2026\/wp-content\/uploads\/2022\/11\/189a1471-1440x960.jpg 1440w, https:\/\/zlindesignweek.com\/2026\/wp-content\/uploads\/2022\/11\/189a1471-250x167.jpg 250w\" sizes=\"auto, (max-width: 750px) 100vw, 750px\" \/><\/figure>\n\n\n\n<figure class=\"wp-block-image size-large\"><img loading=\"lazy\" decoding=\"async\" width=\"750\" height=\"500\" data-id=\"15494\" src=\"https:\/\/zlindesignweek.com\/2024\/wp-content\/uploads\/2022\/11\/189a1475-750x500.jpg\" alt=\"\" class=\"wp-image-15494\" srcset=\"https:\/\/zlindesignweek.com\/2026\/wp-content\/uploads\/2022\/11\/189a1475-750x500.jpg 750w, https:\/\/zlindesignweek.com\/2026\/wp-content\/uploads\/2022\/11\/189a1475-500x333.jpg 500w, https:\/\/zlindesignweek.com\/2026\/wp-content\/uploads\/2022\/11\/189a1475-768x512.jpg 768w, https:\/\/zlindesignweek.com\/2026\/wp-content\/uploads\/2022\/11\/189a1475-1536x1024.jpg 1536w, https:\/\/zlindesignweek.com\/2026\/wp-content\/uploads\/2022\/11\/189a1475-2048x1365.jpg 2048w, https:\/\/zlindesignweek.com\/2026\/wp-content\/uploads\/2022\/11\/189a1475-1440x960.jpg 1440w, https:\/\/zlindesignweek.com\/2026\/wp-content\/uploads\/2022\/11\/189a1475-250x167.jpg 250w\" sizes=\"auto, (max-width: 750px) 100vw, 750px\" \/><\/figure>\n<\/figure>\n\n\n\n<figure class=\"wp-block-gallery has-nested-images columns-default is-cropped wp-block-gallery-2 is-layout-flex wp-block-gallery-is-layout-flex\">\n<figure class=\"wp-block-image size-large\"><img loading=\"lazy\" decoding=\"async\" width=\"750\" height=\"500\" data-id=\"15498\" src=\"https:\/\/zlindesignweek.com\/2024\/wp-content\/uploads\/2022\/11\/189a1487-750x500.jpg\" alt=\"\" class=\"wp-image-15498\" srcset=\"https:\/\/zlindesignweek.com\/2026\/wp-content\/uploads\/2022\/11\/189a1487-750x500.jpg 750w, https:\/\/zlindesignweek.com\/2026\/wp-content\/uploads\/2022\/11\/189a1487-500x333.jpg 500w, https:\/\/zlindesignweek.com\/2026\/wp-content\/uploads\/2022\/11\/189a1487-768x512.jpg 768w, https:\/\/zlindesignweek.com\/2026\/wp-content\/uploads\/2022\/11\/189a1487-1536x1024.jpg 1536w, https:\/\/zlindesignweek.com\/2026\/wp-content\/uploads\/2022\/11\/189a1487-2048x1365.jpg 2048w, https:\/\/zlindesignweek.com\/2026\/wp-content\/uploads\/2022\/11\/189a1487-1440x960.jpg 1440w, https:\/\/zlindesignweek.com\/2026\/wp-content\/uploads\/2022\/11\/189a1487-250x167.jpg 250w\" sizes=\"auto, (max-width: 750px) 100vw, 750px\" \/><\/figure>\n\n\n\n<figure class=\"wp-block-image size-large\"><img loading=\"lazy\" decoding=\"async\" width=\"750\" height=\"500\" data-id=\"15497\" src=\"https:\/\/zlindesignweek.com\/2024\/wp-content\/uploads\/2022\/11\/189a1557-750x500.jpg\" alt=\"\" class=\"wp-image-15497\" srcset=\"https:\/\/zlindesignweek.com\/2026\/wp-content\/uploads\/2022\/11\/189a1557-750x500.jpg 750w, https:\/\/zlindesignweek.com\/2026\/wp-content\/uploads\/2022\/11\/189a1557-500x333.jpg 500w, https:\/\/zlindesignweek.com\/2026\/wp-content\/uploads\/2022\/11\/189a1557-768x512.jpg 768w, https:\/\/zlindesignweek.com\/2026\/wp-content\/uploads\/2022\/11\/189a1557-1536x1024.jpg 1536w, https:\/\/zlindesignweek.com\/2026\/wp-content\/uploads\/2022\/11\/189a1557-2048x1365.jpg 2048w, https:\/\/zlindesignweek.com\/2026\/wp-content\/uploads\/2022\/11\/189a1557-1440x960.jpg 1440w, https:\/\/zlindesignweek.com\/2026\/wp-content\/uploads\/2022\/11\/189a1557-250x167.jpg 250w\" sizes=\"auto, (max-width: 750px) 100vw, 750px\" \/><\/figure>\n\n\n\n<figure class=\"wp-block-image size-large\"><img loading=\"lazy\" decoding=\"async\" width=\"750\" height=\"500\" data-id=\"15496\" src=\"https:\/\/zlindesignweek.com\/2024\/wp-content\/uploads\/2022\/11\/189a1568-750x500.jpg\" alt=\"\" class=\"wp-image-15496\" srcset=\"https:\/\/zlindesignweek.com\/2026\/wp-content\/uploads\/2022\/11\/189a1568-750x500.jpg 750w, https:\/\/zlindesignweek.com\/2026\/wp-content\/uploads\/2022\/11\/189a1568-500x333.jpg 500w, https:\/\/zlindesignweek.com\/2026\/wp-content\/uploads\/2022\/11\/189a1568-768x512.jpg 768w, https:\/\/zlindesignweek.com\/2026\/wp-content\/uploads\/2022\/11\/189a1568-1536x1024.jpg 1536w, https:\/\/zlindesignweek.com\/2026\/wp-content\/uploads\/2022\/11\/189a1568-2048x1365.jpg 2048w, https:\/\/zlindesignweek.com\/2026\/wp-content\/uploads\/2022\/11\/189a1568-1440x960.jpg 1440w, https:\/\/zlindesignweek.com\/2026\/wp-content\/uploads\/2022\/11\/189a1568-250x167.jpg 250w\" sizes=\"auto, (max-width: 750px) 100vw, 750px\" \/><\/figure>\n<\/figure>\n\n\n\n<figure class=\"wp-block-gallery has-nested-images columns-default is-cropped wp-block-gallery-3 is-layout-flex wp-block-gallery-is-layout-flex\">\n<figure class=\"wp-block-image size-large\"><img loading=\"lazy\" decoding=\"async\" width=\"750\" height=\"500\" data-id=\"945\" src=\"https:\/\/zlindesignweek.com\/2022\/wp-content\/uploads\/2020\/01\/dscf4496-750x500.jpg\" alt=\"\" class=\"wp-image-945\" srcset=\"https:\/\/zlindesignweek.com\/2026\/wp-content\/uploads\/2020\/01\/dscf4496-750x500.jpg 750w, https:\/\/zlindesignweek.com\/2026\/wp-content\/uploads\/2020\/01\/dscf4496-500x333.jpg 500w, https:\/\/zlindesignweek.com\/2026\/wp-content\/uploads\/2020\/01\/dscf4496-768x512.jpg 768w, https:\/\/zlindesignweek.com\/2026\/wp-content\/uploads\/2020\/01\/dscf4496-1536x1024.jpg 1536w, https:\/\/zlindesignweek.com\/2026\/wp-content\/uploads\/2020\/01\/dscf4496-2048x1365.jpg 2048w, https:\/\/zlindesignweek.com\/2026\/wp-content\/uploads\/2020\/01\/dscf4496-1440x960.jpg 1440w, https:\/\/zlindesignweek.com\/2026\/wp-content\/uploads\/2020\/01\/dscf4496-250x167.jpg 250w\" sizes=\"auto, (max-width: 750px) 100vw, 750px\" \/><\/figure>\n\n\n\n<figure class=\"wp-block-image size-large\"><img decoding=\"async\" data-id=\"4956\" src=\"https:\/\/zlindesignweek.com\/2022\/wp-content\/uploads\/2020\/04\/img_3122-1-750x500.jpg\" alt=\"\" class=\"wp-image-4956\"\/><\/figure>\n<\/figure>\n<\/div><\/div>\n\n\n\n<div style=\"height:50px\" aria-hidden=\"true\" class=\"wp-block-spacer\"><\/div>\n","protected":false},"excerpt":{"rendered":"Co o&nbsp;n\u00e1s \u0159ekli na\u0161i posledn\u00ed \u0159e\u010dn\u00edci? Fotografie z&nbsp;Konference Zlin Design Week","protected":false},"author":33,"featured_media":0,"parent":191,"menu_order":0,"comment_status":"closed","ping_status":"closed","template":"templates\/smaller-title.php","meta":{"_acf_changed":false,"footnotes":""},"class_list":["post-211","page","type-page","status-publish","hentry"],"acf":[],"_links":{"self":[{"href":"https:\/\/zlindesignweek.com\/2026\/wp-json\/wp\/v2\/pages\/211","targetHints":{"allow":["GET"]}}],"collection":[{"href":"https:\/\/zlindesignweek.com\/2026\/wp-json\/wp\/v2\/pages"}],"about":[{"href":"https:\/\/zlindesignweek.com\/2026\/wp-json\/wp\/v2\/types\/page"}],"author":[{"embeddable":true,"href":"https:\/\/zlindesignweek.com\/2026\/wp-json\/wp\/v2\/users\/33"}],"replies":[{"embeddable":true,"href":"https:\/\/zlindesignweek.com\/2026\/wp-json\/wp\/v2\/comments?post=211"}],"version-history":[{"count":34,"href":"https:\/\/zlindesignweek.com\/2026\/wp-json\/wp\/v2\/pages\/211\/revisions"}],"predecessor-version":[{"id":15499,"href":"https:\/\/zlindesignweek.com\/2026\/wp-json\/wp\/v2\/pages\/211\/revisions\/15499"}],"up":[{"embeddable":true,"href":"https:\/\/zlindesignweek.com\/2026\/wp-json\/wp\/v2\/pages\/191"}],"wp:attachment":[{"href":"https:\/\/zlindesignweek.com\/2026\/wp-json\/wp\/v2\/media?parent=211"}],"curies":[{"name":"wp","href":"https:\/\/api.w.org\/{rel}","templated":true}]}}