{"id":154,"date":"2019-12-22T01:24:56","date_gmt":"2019-12-22T00:24:56","guid":{"rendered":"http:\/\/zlindesignweek.com\/2021\/?page_id=154"},"modified":"2026-04-02T14:45:35","modified_gmt":"2026-04-02T12:45:35","slug":"program","status":"publish","type":"page","link":"https:\/\/zlindesignweek.com\/2026\/zdw\/program\/","title":{"rendered":"Program"},"content":{"rendered":"\n<p>Od inspirac\u00ed nabit\u00fdch p\u0159edn\u00e1\u0161ek, instalac\u00ed a&nbsp;v\u00fdstav p\u0159es Fashion Show, diskuze Design KANT\u00ddNY po&nbsp;dal\u0161\u00ed doprovodn\u00fd program. R\u00e1d\/a tvo\u0159\u00ed\u0161 a&nbsp;pozn\u00e1v\u00e1\u0161 ostatn\u00ed design\u00e9ry? Cel\u00fd t\u00fdden na tebe \u010dekaj\u00ed workshopy a&nbsp;kreativn\u00ed d\u00edlny. Nebo si bude\u0161 moci z&nbsp;Design Marketu odn\u00e9st kousek Zlin Design Weeku s&nbsp;sebou dom\u016f. A&nbsp;kdy\u017e bude\u0161 pot\u0159ebovat vypnout, \u010dekaj\u00ed t\u011b koncerty a&nbsp;party, kter\u00e9 jedou cel\u00fd t\u00fdden!<\/p>\n\n\n\n<p><mark style=\"background-color:rgba(0, 0, 0, 0)\" class=\"has-inline-color has-zdw-color\">\u2192<\/mark> Na Zlin Design Weeku na tebe \u010dek\u00e1 nabit\u00fd program! Vstupenky na placen\u00fd program najde\u0161 <a href=\"https:\/\/www.smsticket.cz\/skupiny\/783-zlin-design-week\">zde<\/a> na port\u00e1lu <a href=\"http:\/\/smsticket.cz\">smsticket.cz<\/a><\/p>\n\n\n\n<p><\/p>\n","protected":false},"excerpt":{"rendered":"Od inspirac\u00ed nabit\u00fdch p\u0159edn\u00e1\u0161ek, instalac\u00ed a&nbsp;v\u00fdstav p\u0159es Fashion Show, diskuze Design KANT\u00ddNY po&nbsp;dal\u0161\u00ed doprovodn\u00fd program. R\u00e1d\/a tvo\u0159\u00ed\u0161 a&nbsp;pozn\u00e1v\u00e1\u0161 ostatn\u00ed design\u00e9ry? Cel\u00fd t\u00fdden na tebe \u010dekaj\u00ed [&hellip;]","protected":false},"author":33,"featured_media":0,"parent":2,"menu_order":0,"comment_status":"closed","ping_status":"closed","template":"templates\/program.php","meta":{"_acf_changed":false,"footnotes":"[]"},"class_list":["post-154","page","type-page","status-publish","hentry"],"acf":[],"_links":{"self":[{"href":"https:\/\/zlindesignweek.com\/2026\/wp-json\/wp\/v2\/pages\/154","targetHints":{"allow":["GET"]}}],"collection":[{"href":"https:\/\/zlindesignweek.com\/2026\/wp-json\/wp\/v2\/pages"}],"about":[{"href":"https:\/\/zlindesignweek.com\/2026\/wp-json\/wp\/v2\/types\/page"}],"author":[{"embeddable":true,"href":"https:\/\/zlindesignweek.com\/2026\/wp-json\/wp\/v2\/users\/33"}],"replies":[{"embeddable":true,"href":"https:\/\/zlindesignweek.com\/2026\/wp-json\/wp\/v2\/comments?post=154"}],"version-history":[{"count":56,"href":"https:\/\/zlindesignweek.com\/2026\/wp-json\/wp\/v2\/pages\/154\/revisions"}],"predecessor-version":[{"id":43231,"href":"https:\/\/zlindesignweek.com\/2026\/wp-json\/wp\/v2\/pages\/154\/revisions\/43231"}],"up":[{"embeddable":true,"href":"https:\/\/zlindesignweek.com\/2026\/wp-json\/wp\/v2\/pages\/2"}],"wp:attachment":[{"href":"https:\/\/zlindesignweek.com\/2026\/wp-json\/wp\/v2\/media?parent=154"}],"curies":[{"name":"wp","href":"https:\/\/api.w.org\/{rel}","templated":true}]}}