{"id":15175,"date":"2023-03-03T07:43:13","date_gmt":"2023-03-03T06:43:13","guid":{"rendered":"https:\/\/zlindesignweek.com\/2022\/?page_id=15175"},"modified":"2023-04-30T12:18:21","modified_gmt":"2023-04-30T10:18:21","slug":"harmonogram-konference-zdw","status":"publish","type":"page","link":"https:\/\/zlindesignweek.com\/2026\/harmonogram-konference-zdw\/","title":{"rendered":"Harmonogram KONFERENCE ZDW"},"content":{"rendered":"\n<div class=\"wp-block-group\"><div class=\"wp-block-group__inner-container is-layout-flow wp-block-group-is-layout-flow\">\n<p class=\"has-medium-font-size\">Na\u0161i \u0159e\u010dn\u00edci jsou p\u0159ev\u00e1\u017en\u011b ze zahrani\u010d\u00ed, proto prob\u011bhne cel\u00fd program Konference v&nbsp;angli\u010dtin\u011b, ale Diskuse&nbsp;k&nbsp;projektu Univerz\u00e1ln\u00ed design a&nbsp;Mapov\u00e1n\u00ed kreativn\u00edch pr\u016fmysl\u016f&nbsp;bude&nbsp;v&nbsp;\u010de\u0161tin\u011b. V&nbsp;cen\u011b vstupn\u00e9ho&nbsp;je&nbsp;v\u0161ak mo\u017en\u00e9&nbsp;zap\u016fj\u010den\u00ed tlumo\u010dnick\u00fdch sluch\u00e1tek se simult\u00e1nn\u00edm p\u0159ekladem do \u010de\u0161tiny i&nbsp;angli\u010dtiny.<\/p>\n<\/div><\/div>\n","protected":false},"excerpt":{"rendered":"Na\u0161i \u0159e\u010dn\u00edci jsou p\u0159ev\u00e1\u017en\u011b ze zahrani\u010d\u00ed, proto prob\u011bhne cel\u00fd program Konference v&nbsp;angli\u010dtin\u011b, ale Diskuse&nbsp;k&nbsp;projektu Univerz\u00e1ln\u00ed design a&nbsp;Mapov\u00e1n\u00ed kreativn\u00edch pr\u016fmysl\u016f&nbsp;bude&nbsp;v&nbsp;\u010de\u0161tin\u011b. V&nbsp;cen\u011b vstupn\u00e9ho&nbsp;je&nbsp;v\u0161ak mo\u017en\u00e9&nbsp;zap\u016fj\u010den\u00ed tlumo\u010dnick\u00fdch sluch\u00e1tek se [&hellip;]","protected":false},"author":34,"featured_media":0,"parent":0,"menu_order":0,"comment_status":"closed","ping_status":"closed","template":"templates\/harmonogram.php","meta":{"_acf_changed":false,"footnotes":""},"class_list":["post-15175","page","type-page","status-publish","hentry"],"acf":[],"_links":{"self":[{"href":"https:\/\/zlindesignweek.com\/2026\/wp-json\/wp\/v2\/pages\/15175","targetHints":{"allow":["GET"]}}],"collection":[{"href":"https:\/\/zlindesignweek.com\/2026\/wp-json\/wp\/v2\/pages"}],"about":[{"href":"https:\/\/zlindesignweek.com\/2026\/wp-json\/wp\/v2\/types\/page"}],"author":[{"embeddable":true,"href":"https:\/\/zlindesignweek.com\/2026\/wp-json\/wp\/v2\/users\/34"}],"replies":[{"embeddable":true,"href":"https:\/\/zlindesignweek.com\/2026\/wp-json\/wp\/v2\/comments?post=15175"}],"version-history":[{"count":47,"href":"https:\/\/zlindesignweek.com\/2026\/wp-json\/wp\/v2\/pages\/15175\/revisions"}],"predecessor-version":[{"id":29481,"href":"https:\/\/zlindesignweek.com\/2026\/wp-json\/wp\/v2\/pages\/15175\/revisions\/29481"}],"wp:attachment":[{"href":"https:\/\/zlindesignweek.com\/2026\/wp-json\/wp\/v2\/media?parent=15175"}],"curies":[{"name":"wp","href":"https:\/\/api.w.org\/{rel}","templated":true}]}}