{"id":1330,"date":"2019-12-24T00:57:37","date_gmt":"2019-12-23T23:57:37","guid":{"rendered":"https:\/\/zlindesignweek.com\/2022\/?page_id=1330"},"modified":"2026-04-30T17:55:47","modified_gmt":"2026-04-30T15:55:47","slug":"press-kit","status":"publish","type":"page","link":"https:\/\/zlindesignweek.com\/2026\/en\/zdw-en\/press-kit\/","title":{"rendered":"Press kit"},"content":{"rendered":"\n<div class=\"wp-block-group is-style-default\"><div class=\"wp-block-group__inner-container is-layout-constrained wp-block-group-is-layout-constrained\"><div class=\"contact-person mr-sm \">\n        <img decoding=\"async\" src=\"https:\/\/zlindesignweek.com\/2026\/wp-content\/uploads\/2025\/11\/eva-sevcikova-560x667.jpg\"\n        alt=\"\" \/>\n        <div class=\"contact-person__content\">\n                <h4 class=\"mb-0\">Eva \u0160ev\u010d\u00edkov\u00e1        <\/h4>\n                        <p class=\"caption text-uppercase strong\">MARKETING DIRECTING &amp; SPOKESPERSON        <\/p>\n                        <p><a\n                href=\"mailto:eva.sevcikova@zlindesignweek.com\">eva.sevcikova@zlindesignweek.com<\/a><\/p>\n                        <p>+420&nbsp;723&nbsp;457&nbsp;715        <\/p>\n            <\/div>\n<\/div>\n\n<div class=\"contact-person mr-sm \">\n        <img decoding=\"async\" src=\"https:\/\/zlindesignweek.com\/2026\/wp-content\/uploads\/2025\/11\/anna-gregarova-scaled-e1762784269374-560x667.jpg\"\n        alt=\"\" \/>\n        <div class=\"contact-person__content\">\n                <h4 class=\"mb-0\">ANNA GREGAROV\u00c1        <\/h4>\n                        <p class=\"caption text-uppercase strong\">PR MANAGER        <\/p>\n                        <p><a\n                href=\"mailto:anna.gregarova@zlindesignweek.com\">anna.gregarova@zlindesignweek.com<\/a><\/p>\n                        <p>+420&nbsp;733&nbsp;428&nbsp;925        <\/p>\n            <\/div>\n<\/div><\/div><\/div>\n\n\n\n<div class=\"wp-block-group\"><div class=\"wp-block-group__inner-container is-layout-constrained wp-block-group-is-layout-constrained\">\n<div class=\"wp-block-columns is-layout-flex wp-container-core-columns-is-layout-9d6595d7 wp-block-columns-is-layout-flex\">\n<div class=\"wp-block-column is-layout-flow wp-block-column-is-layout-flow\">\n<div style=\"height:30px\" aria-hidden=\"true\" class=\"wp-block-spacer\"><\/div>\n\n\n\n<h4 class=\"wp-block-heading has-text-align-center\">PRESS CENTRUM<\/h4>\n\n\n\n<div class=\"wp-block-buttons is-content-justification-center is-layout-flex wp-container-core-buttons-is-layout-16018d1d wp-block-buttons-is-layout-flex\">\n<div class=\"wp-block-button\"><a class=\"wp-block-button__link has-text-align-center wp-element-button\" href=\"https:\/\/drive.google.com\/drive\/folders\/15qxjc8JbZDwQ9c9EuQO0DLzWBC5dtbtC?usp=sharing\" target=\"_blank\" rel=\"noreferrer noopener\">VIEW FILES<\/a><\/div>\n<\/div>\n<\/div>\n\n\n\n<div class=\"wp-block-column is-layout-flow wp-block-column-is-layout-flow\">\n<div style=\"height:30px\" aria-hidden=\"true\" class=\"wp-block-spacer\"><\/div>\n\n\n\n<h4 class=\"wp-block-heading has-text-align-center\">PRESS RELEASE<\/h4>\n\n\n\n<div class=\"wp-block-buttons is-content-justification-center is-layout-flex wp-container-core-buttons-is-layout-16018d1d wp-block-buttons-is-layout-flex\">\n<div class=\"wp-block-button\"><a class=\"wp-block-button__link has-text-align-center wp-element-button\" href=\"https:\/\/drive.google.com\/drive\/folders\/1kFmebWdWz1NxSReBXDykUig27Tp_z_Tm?usp=drive_link\" target=\"_blank\" rel=\"noreferrer noopener\">VIEW FILES<\/a><\/div>\n<\/div>\n<\/div>\n\n\n\n<div class=\"wp-block-column is-layout-flow wp-block-column-is-layout-flow\">\n<div style=\"height:30px\" aria-hidden=\"true\" class=\"wp-block-spacer\"><\/div>\n\n\n\n<h4 class=\"wp-block-heading has-text-align-center\">VISUALS<\/h4>\n\n\n\n<div class=\"wp-block-buttons is-horizontal is-content-justification-center is-layout-flex wp-container-core-buttons-is-layout-499968f5 wp-block-buttons-is-layout-flex\">\n<div class=\"wp-block-button\"><a class=\"wp-block-button__link has-text-align-center wp-element-button\" href=\"https:\/\/drive.google.com\/drive\/folders\/1hu_VoxYuUj_1ioMWX7zENGFsYSnb-jz1?usp=drive_link\" target=\"_blank\" rel=\"noreferrer noopener\">VIEW FILES<\/a><\/div>\n<\/div>\n<\/div>\n<\/div>\n\n\n\n<div style=\"height:50px\" aria-hidden=\"true\" class=\"wp-block-spacer\"><\/div>\n<\/div><\/div>\n\n\n\n<div class=\"wp-block-group\"><div class=\"wp-block-group__inner-container is-layout-constrained wp-block-group-is-layout-constrained\">\n<div class=\"wp-block-columns is-layout-flex wp-container-core-columns-is-layout-9d6595d7 wp-block-columns-is-layout-flex\">\n<div class=\"wp-block-column is-layout-flow wp-block-column-is-layout-flow\">\n<div style=\"height:30px\" aria-hidden=\"true\" class=\"wp-block-spacer\"><\/div>\n\n\n\n<h4 class=\"wp-block-heading has-text-align-center\">PHOTOS<\/h4>\n\n\n\n<div class=\"wp-block-buttons is-content-justification-center is-layout-flex wp-container-core-buttons-is-layout-16018d1d wp-block-buttons-is-layout-flex\">\n<div class=\"wp-block-button\"><a class=\"wp-block-button__link has-text-align-center wp-element-button\" href=\"https:\/\/drive.google.com\/drive\/folders\/1GB-UkM2lC2HZZlf30ORfCpHyB-7b8Gaz?usp=drive_link\" target=\"_blank\" rel=\"noreferrer noopener\">VIEW FILES<\/a><\/div>\n<\/div>\n<\/div>\n\n\n\n<div class=\"wp-block-column is-layout-flow wp-block-column-is-layout-flow\">\n<div style=\"height:30px\" aria-hidden=\"true\" class=\"wp-block-spacer\"><\/div>\n\n\n\n<h4 class=\"wp-block-heading has-text-align-center\">SOCIAL MEDIA<\/h4>\n\n\n\n<div class=\"wp-block-buttons is-content-justification-center is-layout-flex wp-container-core-buttons-is-layout-16018d1d wp-block-buttons-is-layout-flex\">\n<div class=\"wp-block-button\"><a class=\"wp-block-button__link has-text-align-center wp-element-button\" href=\"https:\/\/drive.google.com\/drive\/folders\/1mOv9Hy0hOW0OO7nFekG2e9XW5N9DCLNO?usp=drive_link\" target=\"_blank\" rel=\"noreferrer noopener\">VIEW FILES<\/a><\/div>\n<\/div>\n<\/div>\n\n\n\n<div class=\"wp-block-column is-layout-flow wp-block-column-is-layout-flow\">\n<div style=\"height:30px\" aria-hidden=\"true\" class=\"wp-block-spacer\"><\/div>\n\n\n\n<h4 class=\"wp-block-heading has-text-align-center\">FINAL REPORTS<\/h4>\n\n\n\n<div class=\"wp-block-buttons is-content-justification-center is-layout-flex wp-container-core-buttons-is-layout-16018d1d wp-block-buttons-is-layout-flex\">\n<div class=\"wp-block-button\"><a class=\"wp-block-button__link has-text-align-center wp-element-button\" href=\"https:\/\/drive.google.com\/drive\/folders\/1jJdo85Ps4zqxI12RxevCRpc_R0LgRqAC?usp=drive_link\" target=\"_blank\" rel=\"noreferrer noopener\">VIEW FILES<\/a><\/div>\n<\/div>\n<\/div>\n<\/div>\n<\/div><\/div>\n\n\n\n<div style=\"height:50px\" aria-hidden=\"true\" class=\"wp-block-spacer\"><\/div>\n\n\n\n<div class=\"wp-block-group\"><div class=\"wp-block-group__inner-container is-layout-constrained wp-block-group-is-layout-constrained\">\n<div class=\"wp-block-columns is-layout-flex wp-container-core-columns-is-layout-9d6595d7 wp-block-columns-is-layout-flex\">\n<div class=\"wp-block-column is-layout-flow wp-block-column-is-layout-flow\">\n<div style=\"height:30px\" aria-hidden=\"true\" class=\"wp-block-spacer\"><\/div>\n\n\n\n<h4 class=\"wp-block-heading has-text-align-center\">ACCREDITATION<\/h4>\n\n\n\n<div class=\"wp-block-buttons is-content-justification-center is-layout-flex wp-container-core-buttons-is-layout-16018d1d wp-block-buttons-is-layout-flex\">\n<div class=\"wp-block-button\"><a class=\"wp-block-button__link has-text-align-center wp-element-button\" href=\"https:\/\/docs.google.com\/forms\/d\/e\/1FAIpQLSerSEKT-2eufUO50ymmo3cyJAZb-Q3yfmGizhRRzLXtQBLihA\/viewform\" target=\"_blank\" rel=\"noreferrer noopener\">VIEW FILES<\/a><\/div>\n<\/div>\n<\/div>\n\n\n\n<div class=\"wp-block-column is-layout-flow wp-block-column-is-layout-flow\">\n<div style=\"height:30px\" aria-hidden=\"true\" class=\"wp-block-spacer\"><\/div>\n\n\n\n<h4 class=\"wp-block-heading has-text-align-center\"><\/h4>\n<\/div>\n\n\n\n<div class=\"wp-block-column is-layout-flow wp-block-column-is-layout-flow\">\n<div style=\"height:30px\" aria-hidden=\"true\" class=\"wp-block-spacer\"><\/div>\n\n\n\n<h4 class=\"wp-block-heading has-text-align-center\"><\/h4>\n<\/div>\n<\/div>\n<\/div><\/div>\n\n\n\n<div style=\"height:38px\" aria-hidden=\"true\" class=\"wp-block-spacer\"><\/div>\n","protected":false},"excerpt":{"rendered":"PRESS CENTRUM PRESS RELEASE VISUALS PHOTOS SOCIAL MEDIA FINAL REPORTS ACCREDITATION","protected":false},"author":3,"featured_media":0,"parent":93,"menu_order":0,"comment_status":"closed","ping_status":"closed","template":"","meta":{"_acf_changed":false,"footnotes":""},"class_list":["post-1330","page","type-page","status-publish","hentry"],"acf":[],"_links":{"self":[{"href":"https:\/\/zlindesignweek.com\/2026\/wp-json\/wp\/v2\/pages\/1330","targetHints":{"allow":["GET"]}}],"collection":[{"href":"https:\/\/zlindesignweek.com\/2026\/wp-json\/wp\/v2\/pages"}],"about":[{"href":"https:\/\/zlindesignweek.com\/2026\/wp-json\/wp\/v2\/types\/page"}],"author":[{"embeddable":true,"href":"https:\/\/zlindesignweek.com\/2026\/wp-json\/wp\/v2\/users\/3"}],"replies":[{"embeddable":true,"href":"https:\/\/zlindesignweek.com\/2026\/wp-json\/wp\/v2\/comments?post=1330"}],"version-history":[{"count":36,"href":"https:\/\/zlindesignweek.com\/2026\/wp-json\/wp\/v2\/pages\/1330\/revisions"}],"predecessor-version":[{"id":43860,"href":"https:\/\/zlindesignweek.com\/2026\/wp-json\/wp\/v2\/pages\/1330\/revisions\/43860"}],"up":[{"embeddable":true,"href":"https:\/\/zlindesignweek.com\/2026\/wp-json\/wp\/v2\/pages\/93"}],"wp:attachment":[{"href":"https:\/\/zlindesignweek.com\/2026\/wp-json\/wp\/v2\/media?parent=1330"}],"curies":[{"name":"wp","href":"https:\/\/api.w.org\/{rel}","templated":true}]}}