{"id":12192,"date":"2021-12-05T15:47:54","date_gmt":"2021-12-05T14:47:54","guid":{"rendered":"https:\/\/zlindesignweek.com\/2022\/?page_id=12192"},"modified":"2026-03-30T10:30:30","modified_gmt":"2026-03-30T08:30:30","slug":"design-kantyna-en","status":"publish","type":"page","link":"https:\/\/zlindesignweek.com\/2026\/en\/design-kantyna-en\/","title":{"rendered":"Design CANTEEN"},"content":{"rendered":"\n<div class=\"wp-block-group\"><div class=\"wp-block-group__inner-container is-layout-constrained wp-block-group-is-layout-constrained\">\n<iframe style=\"border-radius:12px\"\n            src=\"https:\/\/open.spotify.com\/embed\/show\/1pPljNQtw2TDujocPtkSON?utm_source=generator&amp;theme=0\"\n            width=\"100%\" height=\"152\" frameborder=\"0\" allowfullscreen=\"\"\n            allow=\"autoplay; clipboard-write; encrypted-media; fullscreen; picture-in-picture\" loading=\"lazy\"><\/iframe>\n<\/div><\/div>\n\n\n\n<div class=\"wp-block-group\"><div class=\"wp-block-group__inner-container is-layout-constrained wp-block-group-is-layout-constrained\">\n<p>Design CANTEEN, a&nbsp;platform that serves up various flavours of design throughout the year via podcasts and discussions. Inspiring guests from the Czech Republic and abroad, designers, as well as people from other fields. Those who use design and design principles to help solve everyday challenges and societal problems. Their ideas, insights and experiences will be brought to you in the Design CANTEEN.<\/p>\n<\/div><\/div>\n\n\n\n<div style=\"height:30px\" aria-hidden=\"true\" class=\"wp-block-spacer\"><\/div>\n\n\n\n<div class=\"wp-block-group\"><div class=\"wp-block-group__inner-container is-layout-constrained wp-block-group-is-layout-constrained\">\n<div class=\"wp-block-columns is-style-with-vertical-lines is-layout-flex wp-container-core-columns-is-layout-9d6595d7 wp-block-columns-is-layout-flex\">\n<div class=\"wp-block-column is-vertically-aligned-top is-layout-flow wp-block-column-is-layout-flow\">\n<h4 class=\"wp-block-heading\">IT ALL STARTED ON FACEBOOK<\/h4>\n\n\n\n<p>Design CANTEEN started as a&nbsp;Facebook group for all those who didn&#8217;t want to lose their dose of design during the quarantine period. The hunger for good design and the desire to meet each other gave birth to a&nbsp;platform where creatives can share their projects, ask for the opinion of others and connect with people in their field, even those they wouldn&#8217;t meet in everyday life.<\/p>\n\n\n\n<p>Everyone is welcome to join the community &#8211; so if you&#8217;re hungry for new connections outside of your field, or just want to keep up with the latest happenings in the design world, feel free to join!<\/p>\n\n\n\n<div class=\"wp-block-buttons is-layout-flex wp-block-buttons-is-layout-flex\">\n<div class=\"wp-block-button\"><a class=\"wp-block-button__link wp-element-button\" href=\"https:\/\/www.facebook.com\/groups\/designKANTYNA\">I WANT TO JOIN<\/a><\/div>\n<\/div>\n\n\n\n<p>You can also get a&nbsp;glimpse of what&#8217;s&nbsp;cooking in the Design CANTEEN kitchen on our LinkedIn and Instagram.<\/p>\n\n\n\n<div class=\"wp-block-buttons is-layout-flex wp-block-buttons-is-layout-flex\">\n<div class=\"wp-block-button\"><a class=\"wp-block-button__link wp-element-button\" href=\"https:\/\/www.linkedin.com\/authwall?trk=bf&amp;trkInfo=AQECPCJFttQj8gAAAZzS8c0g02vnpKrRZFK2AxMaxpT2M1mQyjDWeRB7KnTMSUPHnY0MTS-sA36TenqDQ-Tzts4qdrMTDWbj2ELbHlCOWdDafKpvFA_gLYQswnr0SwL--th1iBU=&amp;original_referer=&amp;sessionRedirect=https%3A%2F%2Fwww.linkedin.com%2Fcompany%2Fdesign-kantyna%2F\">LINKEDIN<\/a><\/div>\n\n\n\n<div class=\"wp-block-button\"><a class=\"wp-block-button__link wp-element-button\" href=\"https:\/\/www.instagram.com\/design.kantyna\/\">Instagram<\/a><\/div>\n<\/div>\n<\/div>\n\n\n\n<div class=\"wp-block-column is-layout-flow wp-block-column-is-layout-flow\">\n<h4 class=\"wp-block-heading\">DESIGN OF ALL TASTES PODCAST<\/h4>\n\n\n\n<p>We serve design to your ears throughout the year, when Design CANTEEN invites interesting guests who have something to offer the world of design. Through our podcast, you&#8217;ll discover new perspectives on design practice, meet young and progressive creatives and innovators from the Czech Republic and abroad, and learn how design can change the world for the better.<\/p>\n\n\n\n<p>Tune in to our podcast and discover how far design can reach in our lives.<\/p>\n\n\n\n<div class=\"wp-block-buttons is-layout-flex wp-block-buttons-is-layout-flex\">\n<div class=\"wp-block-button\"><a class=\"wp-block-button__link wp-element-button\" href=\"https:\/\/open.spotify.com\/show\/1pPljNQtw2TDujocPtkSON?si=18ab046719bd4a9b\">SPOTIFY<\/a><\/div>\n\n\n\n<div class=\"wp-block-button\"><a class=\"wp-block-button__link wp-element-button\" href=\"https:\/\/podcasts.apple.com\/us\/podcast\/design-kant\u00fdna\/id1566529966\">APPLE PODCAST<\/a><\/div>\n<\/div>\n<\/div>\n<\/div>\n\n\n\n<div style=\"height:50px\" aria-hidden=\"true\" class=\"wp-block-spacer\"><\/div>\n\n\n\n<h3 class=\"wp-block-heading\">What will we serve you at ZlIn Castle this year?<\/h3>\n\n\n\n<div class=\"wp-block-columns is-style-default is-layout-flex wp-container-core-columns-is-layout-9d6595d7 wp-block-columns-is-layout-flex\">\n<div class=\"wp-block-column is-layout-flow wp-block-column-is-layout-flow\">\n<h4 class=\"wp-block-heading\"><strong><strong>THURSDAY, 7 MAY<\/strong><\/strong><\/h4>\n<\/div>\n\n\n\n<div class=\"wp-block-column is-layout-flow wp-block-column-is-layout-flow\">\n<h4 class=\"wp-block-heading\"><strong>FRIDAY, 8 MAY<\/strong><\/h4>\n<\/div>\n<\/div>\n\n\n\n<div class=\"wp-block-columns is-style-default is-layout-flex wp-container-core-columns-is-layout-9d6595d7 wp-block-columns-is-layout-flex\">\n<div class=\"wp-block-column has-zdw-background-color has-background is-layout-flow wp-block-column-is-layout-flow\">\n<table role=\"presentation\" width=\"100%\" cellpadding=\"0\" cellspacing=\"0\" border=\"0\" style=\"border-collapse:collapse;width:100%;\">\n  <tr><td height=\"24\"><\/td><\/tr>\n  <tr>\n    <td style=\"padding-left:5%; padding-right:5%;\">\n      <h4 style=\"margin:0 0 22px 0\">DESIGN THAT LASTS \u00d7 IKEA<\/h4>\n\n      <p style=\"margin:0 0 18px 0\">\n        Date: 7 May<br>\n        Time: 3 PM&nbsp;\u2013 4 PM<br>\n        Location: Zlin Castle<br>\n        Language: CZ<br>\n        Admission: Free\n      <\/p>\n\n      <p style=\"margin:0 0 28px 0\">\n        In this discussion, we will focus on sustainability as a&nbsp;systemic approach that begins long before the end of a&nbsp;product&#8217;s&nbsp;life. We will talk about design that lasts for several years. About products and environments that are designed to stand the test of time, both functionally, aesthetically, and in terms of value.<br>\n        We will take the IKEA brand and department store as an example of good design. IKEA will tell us how they approach sustainable design and how to design products that customers can assemble themselves. We will talk not only about recycling, but also about comprehensive solutions and systemic changes.\n      <\/p>\n    <\/td>\n  <\/tr>\n  <tr><td height=\"24\"><\/td><\/tr>\n<\/table>\n<\/div>\n\n\n\n<div class=\"wp-block-column has-zdw-background-color has-background is-layout-flow wp-block-column-is-layout-flow\">\n<table role=\"presentation\" width=\"100%\" cellpadding=\"0\" cellspacing=\"0\" border=\"0\" style=\"border-collapse:collapse;width:100%;\">\n  <tr><td height=\"24\"><\/td><\/tr>\n  <tr>\n    <td style=\"padding-left:5%; padding-right:5%;\">\n      <h4 style=\"margin:0 0 22px 0\">BEHIND THE STOVE ON INCLUSIVE DESIGN \u00d7 MAREK KU\u0179MI\u0143SKI<\/h4>\n\n      <p style=\"margin:0 0 18px 0\">\n        Date: 8 May<br>\n        Time: 1 PM&nbsp;\u2013 2:30 PM<br>\n        Location: CHILLOUT zone<br>\n        Language: ENG<br>\n        Admission: Free\n      <\/p>\n\n      <p style=\"margin:0 0 28px 0\">\n        From chairs to design that helps. Marek Ku\u017ami\u0144ski studied industrial design and went on to win the prestigious Bevica Fonden scholarship, which the Danish foundation awards to the most daring designers who lower barriers and break through glass ceilings with their work. During cooking homemade pasta, Marek will share his experiences from abroad and his professional journey to becoming the absolute winner of the Best in Design competition.\n      <\/p>\n    <\/td>\n  <\/tr>\n  <tr><td height=\"24\"><\/td><\/tr>\n<\/table>\n<\/div>\n<\/div>\n\n\n\n<div style=\"height:30px\" aria-hidden=\"true\" class=\"wp-block-spacer is-style-small\"><\/div>\n\n\n\n<h4 class=\"wp-block-heading\"><strong>SATURDAY, 9 MAY<\/strong><\/h4>\n\n\n\n<div class=\"wp-block-columns is-style-default is-layout-flex wp-container-core-columns-is-layout-9d6595d7 wp-block-columns-is-layout-flex\">\n<div class=\"wp-block-column has-zdw-background-color has-background is-layout-flow wp-block-column-is-layout-flow\">\n<table role=\"presentation\" width=\"100%\" cellpadding=\"0\" cellspacing=\"0\" border=\"0\" style=\"border-collapse:collapse;width:100%;\">\n  <tr><td height=\"24\"><\/td><\/tr>\n  <tr>\n    <td style=\"padding-left:5%; padding-right:5%;\">\n      <h4 style=\"margin:0 0 22px 0\">DESIGN AS A&nbsp;CALLING \u00d7 MAT\u011aJ K\u00c1NINSK\u00dd<\/h4>\n\n      <p style=\"margin:0 0 18px 0\">\n        Date: 9 May<br>\n        Time: 12:30 PM&nbsp;\u2013 1:30 PM<br>\n        Location: Zlin Castle<br>\n        Language: CZ<br>\n        Admission: Free\n      <\/p>\n\n      <p style=\"margin:0 0 28px 0\">\n        Design can have a&nbsp;significant impact on how companies operate and how profitable they become. Mat\u011bj K\u00e1ninsk\u00fd knows this firsthand. A&nbsp;pioneer of the \u201cdesign leadership\u201d approach, he brings innovation and design thinking into large corporations.<br>\n        Mat\u011bj is a&nbsp;two-time recipient of the Red Dot Award and has gained experience at companies such as BBC, \u0160KODA Auto, and Intel Labs.<br>\n        In Zl\u00edn, he will share with us his personal journey \u2014 one that began with building websites.\n      <\/p>\n    <\/td>\n  <\/tr>\n  <tr><td height=\"24\"><\/td><\/tr>\n<\/table>\n<\/div>\n\n\n\n<div class=\"wp-block-column has-zdw-background-color has-background is-layout-flow wp-block-column-is-layout-flow\">\n<table role=\"presentation\" width=\"100%\" cellpadding=\"0\" cellspacing=\"0\" border=\"0\" style=\"border-collapse:collapse;width:100%;\">\n  <tr><td height=\"24\"><\/td><\/tr>\n  <tr>\n    <td style=\"padding-left:5%; padding-right:5%;\">\n      <h4 style=\"margin:0 0 22px 0\">INTRODUCTION TO SOCIAL DESIGN \u00d7 CANAN AKOGLU<\/h4>\n\n      <p style=\"margin:0 0 18px 0\">\n        Date: 9 May<br>\n        Time: 1:30 PM&nbsp;\u2013 2:30 PM<br>\n        Location: Zlin Castle<br>\n        Language: ENG<br>\n        Admission: Free\n      <\/p>\n\n      <p style=\"margin:0 0 28px 0\">\n        Introduction to Social Design. Canan Akoglu, Head of the &#8222;Design for People&#8220; programme at Design School Kolding, will introduce the principles of a&nbsp;design approach that emerges only when it is truly needed.<br>\n        In a&nbsp;thirty-minute presentation, Canan will share practical examples to demonstrate how social design works, who it serves, and how it extends into and shapes our everyday lives.\n      <\/p>\n    <\/td>\n  <\/tr>\n  <tr><td height=\"24\"><\/td><\/tr>\n<\/table>\n<\/div>\n<\/div>\n\n\n\n<div style=\"height:40px\" aria-hidden=\"true\" class=\"wp-block-spacer\"><\/div>\n\n\n\n<div class=\"wp-block-columns is-style-default is-layout-flex wp-container-core-columns-is-layout-9d6595d7 wp-block-columns-is-layout-flex\">\n<div class=\"wp-block-column is-layout-flow wp-block-column-is-layout-flow\"><\/div>\n<\/div>\n\n\n\n<div style=\"height:30px\" aria-hidden=\"true\" class=\"wp-block-spacer is-style-small\"><\/div>\n\n\n\n<h4 class=\"wp-block-heading\"><strong>SUNDAY, 10 MAY<\/strong><\/h4>\n\n\n\n<div class=\"wp-block-columns is-style-default is-layout-flex wp-container-core-columns-is-layout-9d6595d7 wp-block-columns-is-layout-flex\">\n<div class=\"wp-block-column has-zdw-background-color has-background is-layout-flow wp-block-column-is-layout-flow\">\n<table role=\"presentation\" width=\"100%\" cellpadding=\"0\" cellspacing=\"0\" border=\"0\" style=\"border-collapse:collapse;width:100%;\">\n  <tr><td height=\"24\"><\/td><\/tr>\n  <tr>\n    <td style=\"padding-left:5%; padding-right:5%;\">\n      <h4 style=\"margin:0 0 22px 0\">HOW TO BUILD DESIGN THAT IS BOTH DURABLE AND CARING? THREE PERSPECTIVES ON DESIGN<\/h4>\n\n      <p style=\"margin:0 0 18px 0\">\n        Date: 10 May<br>\n        Time: 11 AM \u2013 12 PM<br>\n        Location: Zlin Castle<br>\n        Language: CZ<br>\n        Admission: Free\n      <\/p>\n\n      <p style=\"margin:0 0 28px 0\">\n        Veronika Pa\u0159\u00edzkov\u00e1, Karol\u00edna Menclerov\u00e1, Anna Mare\u0161ov\u00e1 \u2013 three ambitious women, three perspectives. Together with our guests, we will explore their beginnings in the design sector, the challenges they have faced throughout their careers, and what they enjoy most about working in design. We\u2019ll look at ambition and love in design through the lens of women who share the craft of design &#8211; each coming from a&nbsp;different professional path.\n      <\/p>\n    <\/td>\n  <\/tr>\n  <tr><td height=\"24\"><\/td><\/tr>\n<\/table>\n<\/div>\n\n\n\n<div class=\"wp-block-column has-zdw-background-color has-background is-layout-flow wp-block-column-is-layout-flow\">\n<table role=\"presentation\" width=\"100%\" cellpadding=\"0\" cellspacing=\"0\" border=\"0\" style=\"border-collapse:collapse;width:100%;\">\n  <tr><td height=\"24\"><\/td><\/tr>\n  <tr>\n    <td style=\"padding-left:5%; padding-right:5%;\">\n      <h4 style=\"margin:0 0 22px 0\">HOW TO CREATE DESIGN THAT TAKES EVERYONE INTO ACCOUNT? \u00d7 AGATA ETMANOWICZ<\/h4>\n\n      <p style=\"margin:0 0 18px 0\">\n        Date: 10 May<br>\n        Time: 12:30 PM&nbsp;\u2013 1:30 PM<br>\n        Location: Zlin Castle<br>\n        Language: ENG<br>\n        Admission: Free\n      <\/p>\n\n      <p style=\"margin:0 0 28px 0\">\n        With Agata Etmanowicz, President of Impact Foundation, we will focus on care and inclusivity as key principles of contemporary design. Agata has long supported organizations and individuals in working more thoughtfully with audiences and in creating inclusive, meaningful, and truly accessible experiences \u2014 ones that embrace the diversity of people and their needs.\n      <\/p>\n    <\/td>\n  <\/tr>\n  <tr><td height=\"24\"><\/td><\/tr>\n<\/table>\n<\/div>\n<\/div>\n\n\n\n<div style=\"height:32px\" aria-hidden=\"true\" class=\"wp-block-spacer is-style-small\"><\/div>\n<\/div><\/div>\n\n\n\n<div class=\"wp-block-group\"><div class=\"wp-block-group__inner-container is-layout-constrained wp-block-group-is-layout-constrained\">\n<h3 class=\"wp-block-heading\">A Look Back at the Design Canteen Last Year<\/h3>\n<\/div><\/div>\n\n\n\n<div class=\"wp-block-group\"><div class=\"wp-block-group__inner-container is-layout-constrained wp-block-group-is-layout-constrained\">\n<div class=\"wp-block-cb-carousel-v2 cb-carousel-block\" data-cb-slides-per-view=\"1\" data-cb-slides-per-group=\"1\" data-cb-space-between=\"15\" data-cb-speed=\"300\" data-cb-navigation=\"true\" data-cb-pagination=\"true\" data-cb-breakpoints=\"{&quot;768&quot;:{&quot;slidesPerView&quot;:3,&quot;slidesPerGroup&quot;:1}}\"><div class=\"swiper\"><div class=\"cb-wrapper swiper-wrapper\">\n<div class=\"wp-block-cb-slide-v2 cb-slide swiper-slide\">\n<figure class=\"wp-block-image size-large\"><img loading=\"lazy\" decoding=\"async\" width=\"2048\" height=\"1366\" src=\"https:\/\/zlindesignweek.com\/2026\/wp-content\/uploads\/2026\/02\/zdw-98-zamek-kantyna-design-thinking-12-edited-1.jpg\" alt=\"\" class=\"wp-image-40697\" srcset=\"https:\/\/zlindesignweek.com\/2026\/wp-content\/uploads\/2026\/02\/zdw-98-zamek-kantyna-design-thinking-12-edited-1.jpg 2048w, https:\/\/zlindesignweek.com\/2026\/wp-content\/uploads\/2026\/02\/zdw-98-zamek-kantyna-design-thinking-12-edited-1-500x333.jpg 500w, https:\/\/zlindesignweek.com\/2026\/wp-content\/uploads\/2026\/02\/zdw-98-zamek-kantyna-design-thinking-12-edited-1-750x500.jpg 750w, https:\/\/zlindesignweek.com\/2026\/wp-content\/uploads\/2026\/02\/zdw-98-zamek-kantyna-design-thinking-12-edited-1-768x512.jpg 768w, https:\/\/zlindesignweek.com\/2026\/wp-content\/uploads\/2026\/02\/zdw-98-zamek-kantyna-design-thinking-12-edited-1-1536x1025.jpg 1536w, https:\/\/zlindesignweek.com\/2026\/wp-content\/uploads\/2026\/02\/zdw-98-zamek-kantyna-design-thinking-12-edited-1-1440x960.jpg 1440w, https:\/\/zlindesignweek.com\/2026\/wp-content\/uploads\/2026\/02\/zdw-98-zamek-kantyna-design-thinking-12-edited-1-250x167.jpg 250w\" sizes=\"auto, (max-width: 2048px) 100vw, 2048px\" \/><\/figure>\n<\/div>\n\n\n\n<div class=\"wp-block-cb-slide-v2 cb-slide swiper-slide\">\n<figure class=\"wp-block-image size-large\"><img loading=\"lazy\" decoding=\"async\" width=\"750\" height=\"500\" src=\"https:\/\/zlindesignweek.com\/2026\/wp-content\/uploads\/2025\/11\/zdw-98-zamek-kantyna-design-thinking-2-750x500.jpg\" alt=\"\" class=\"wp-image-35379\" srcset=\"https:\/\/zlindesignweek.com\/2026\/wp-content\/uploads\/2025\/11\/zdw-98-zamek-kantyna-design-thinking-2-750x500.jpg 750w, https:\/\/zlindesignweek.com\/2026\/wp-content\/uploads\/2025\/11\/zdw-98-zamek-kantyna-design-thinking-2-500x333.jpg 500w, https:\/\/zlindesignweek.com\/2026\/wp-content\/uploads\/2025\/11\/zdw-98-zamek-kantyna-design-thinking-2-768x512.jpg 768w, https:\/\/zlindesignweek.com\/2026\/wp-content\/uploads\/2025\/11\/zdw-98-zamek-kantyna-design-thinking-2-1536x1024.jpg 1536w, https:\/\/zlindesignweek.com\/2026\/wp-content\/uploads\/2025\/11\/zdw-98-zamek-kantyna-design-thinking-2.jpg 2048w, https:\/\/zlindesignweek.com\/2026\/wp-content\/uploads\/2025\/11\/zdw-98-zamek-kantyna-design-thinking-2-1440x960.jpg 1440w, https:\/\/zlindesignweek.com\/2026\/wp-content\/uploads\/2025\/11\/zdw-98-zamek-kantyna-design-thinking-2-250x167.jpg 250w\" sizes=\"auto, (max-width: 750px) 100vw, 750px\" \/><\/figure>\n<\/div>\n\n\n\n<div class=\"wp-block-cb-slide-v2 cb-slide swiper-slide\">\n<figure class=\"wp-block-image size-large\"><img loading=\"lazy\" decoding=\"async\" width=\"750\" height=\"500\" src=\"https:\/\/zlindesignweek.com\/2026\/wp-content\/uploads\/2025\/11\/zdw-98-zamek-kantyna-design-thinking-6-750x500.jpg\" alt=\"\" class=\"wp-image-35380\" srcset=\"https:\/\/zlindesignweek.com\/2026\/wp-content\/uploads\/2025\/11\/zdw-98-zamek-kantyna-design-thinking-6-750x500.jpg 750w, https:\/\/zlindesignweek.com\/2026\/wp-content\/uploads\/2025\/11\/zdw-98-zamek-kantyna-design-thinking-6-500x334.jpg 500w, https:\/\/zlindesignweek.com\/2026\/wp-content\/uploads\/2025\/11\/zdw-98-zamek-kantyna-design-thinking-6-768x512.jpg 768w, https:\/\/zlindesignweek.com\/2026\/wp-content\/uploads\/2025\/11\/zdw-98-zamek-kantyna-design-thinking-6-1536x1025.jpg 1536w, https:\/\/zlindesignweek.com\/2026\/wp-content\/uploads\/2025\/11\/zdw-98-zamek-kantyna-design-thinking-6.jpg 2048w, https:\/\/zlindesignweek.com\/2026\/wp-content\/uploads\/2025\/11\/zdw-98-zamek-kantyna-design-thinking-6-1440x961.jpg 1440w, https:\/\/zlindesignweek.com\/2026\/wp-content\/uploads\/2025\/11\/zdw-98-zamek-kantyna-design-thinking-6-250x167.jpg 250w\" sizes=\"auto, (max-width: 750px) 100vw, 750px\" \/><\/figure>\n<\/div>\n\n\n\n<div class=\"wp-block-cb-slide-v2 cb-slide swiper-slide\">\n<figure class=\"wp-block-image size-large\"><img loading=\"lazy\" decoding=\"async\" width=\"750\" height=\"500\" src=\"https:\/\/zlindesignweek.com\/2026\/wp-content\/uploads\/2025\/11\/zdw-95-kantyna-design-inovace-11-750x500.jpeg\" alt=\"\" class=\"wp-image-35382\" srcset=\"https:\/\/zlindesignweek.com\/2026\/wp-content\/uploads\/2025\/11\/zdw-95-kantyna-design-inovace-11-750x500.jpeg 750w, https:\/\/zlindesignweek.com\/2026\/wp-content\/uploads\/2025\/11\/zdw-95-kantyna-design-inovace-11-500x333.jpeg 500w, https:\/\/zlindesignweek.com\/2026\/wp-content\/uploads\/2025\/11\/zdw-95-kantyna-design-inovace-11-768x512.jpeg 768w, https:\/\/zlindesignweek.com\/2026\/wp-content\/uploads\/2025\/11\/zdw-95-kantyna-design-inovace-11-1536x1024.jpeg 1536w, https:\/\/zlindesignweek.com\/2026\/wp-content\/uploads\/2025\/11\/zdw-95-kantyna-design-inovace-11.jpeg 2048w, https:\/\/zlindesignweek.com\/2026\/wp-content\/uploads\/2025\/11\/zdw-95-kantyna-design-inovace-11-1440x960.jpeg 1440w, https:\/\/zlindesignweek.com\/2026\/wp-content\/uploads\/2025\/11\/zdw-95-kantyna-design-inovace-11-250x167.jpeg 250w\" sizes=\"auto, (max-width: 750px) 100vw, 750px\" \/><\/figure>\n<\/div>\n\n\n\n<div class=\"wp-block-cb-slide-v2 cb-slide swiper-slide\">\n<figure class=\"wp-block-image size-large\"><img loading=\"lazy\" decoding=\"async\" width=\"750\" height=\"500\" src=\"https:\/\/zlindesignweek.com\/2026\/wp-content\/uploads\/2025\/11\/zdw-kantyna-wayfinding-12-1-750x500.jpeg\" alt=\"\" class=\"wp-image-35381\" srcset=\"https:\/\/zlindesignweek.com\/2026\/wp-content\/uploads\/2025\/11\/zdw-kantyna-wayfinding-12-1-750x500.jpeg 750w, https:\/\/zlindesignweek.com\/2026\/wp-content\/uploads\/2025\/11\/zdw-kantyna-wayfinding-12-1-500x333.jpeg 500w, https:\/\/zlindesignweek.com\/2026\/wp-content\/uploads\/2025\/11\/zdw-kantyna-wayfinding-12-1-768x512.jpeg 768w, https:\/\/zlindesignweek.com\/2026\/wp-content\/uploads\/2025\/11\/zdw-kantyna-wayfinding-12-1-1536x1024.jpeg 1536w, https:\/\/zlindesignweek.com\/2026\/wp-content\/uploads\/2025\/11\/zdw-kantyna-wayfinding-12-1.jpeg 2048w, https:\/\/zlindesignweek.com\/2026\/wp-content\/uploads\/2025\/11\/zdw-kantyna-wayfinding-12-1-1440x960.jpeg 1440w, https:\/\/zlindesignweek.com\/2026\/wp-content\/uploads\/2025\/11\/zdw-kantyna-wayfinding-12-1-250x167.jpeg 250w\" sizes=\"auto, (max-width: 750px) 100vw, 750px\" \/><\/figure>\n<\/div>\n<\/div><\/div><div class=\"cb-pagination swiper-pagination\"><\/div><div class=\"cb-button-prev swiper-button-prev\"><\/div><div class=\"cb-button-next swiper-button-next\"><\/div><\/div>\n<\/div><\/div>\n","protected":false},"excerpt":{"rendered":"Design CANTEEN, a&nbsp;platform that serves up various flavours of design throughout the year via podcasts and discussions. Inspiring guests from the Czech Republic and abroad, [&hellip;]","protected":false},"author":29,"featured_media":0,"parent":0,"menu_order":0,"comment_status":"closed","ping_status":"closed","template":"","meta":{"_acf_changed":false,"footnotes":""},"class_list":["post-12192","page","type-page","status-publish","hentry"],"acf":[],"_links":{"self":[{"href":"https:\/\/zlindesignweek.com\/2026\/wp-json\/wp\/v2\/pages\/12192","targetHints":{"allow":["GET"]}}],"collection":[{"href":"https:\/\/zlindesignweek.com\/2026\/wp-json\/wp\/v2\/pages"}],"about":[{"href":"https:\/\/zlindesignweek.com\/2026\/wp-json\/wp\/v2\/types\/page"}],"author":[{"embeddable":true,"href":"https:\/\/zlindesignweek.com\/2026\/wp-json\/wp\/v2\/users\/29"}],"replies":[{"embeddable":true,"href":"https:\/\/zlindesignweek.com\/2026\/wp-json\/wp\/v2\/comments?post=12192"}],"version-history":[{"count":67,"href":"https:\/\/zlindesignweek.com\/2026\/wp-json\/wp\/v2\/pages\/12192\/revisions"}],"predecessor-version":[{"id":42838,"href":"https:\/\/zlindesignweek.com\/2026\/wp-json\/wp\/v2\/pages\/12192\/revisions\/42838"}],"wp:attachment":[{"href":"https:\/\/zlindesignweek.com\/2026\/wp-json\/wp\/v2\/media?parent=12192"}],"curies":[{"name":"wp","href":"https:\/\/api.w.org\/{rel}","templated":true}]}}