{"id":10204,"date":"2021-04-28T08:45:28","date_gmt":"2021-04-28T06:45:28","guid":{"rendered":"https:\/\/zlindesignweek.com\/2022\/?page_id=10204"},"modified":"2026-02-05T19:22:23","modified_gmt":"2026-02-05T18:22:23","slug":"o-festivalu","status":"publish","type":"page","link":"https:\/\/zlindesignweek.com\/2026\/o-festivalu\/","title":{"rendered":"O festivalu"},"content":{"rendered":"\n<div class=\"wp-block-group\"><div class=\"wp-block-group__inner-container is-layout-flow wp-block-group-is-layout-flow\">\n<div class=\"wp-block-columns is-layout-flex wp-container-core-columns-is-layout-9d6595d7 wp-block-columns-is-layout-flex\">\n<div class=\"wp-block-column is-layout-flow wp-block-column-is-layout-flow\"><div class=\"image-box \">\n        <div class=\"image-box__text\">\n        <h4 class=\"has-zdw-color\">Co je Zlin Design Week?        <\/h4>\n        <p>T\u00fddenn\u00ed festival pln\u00fd kreativity, inspirace a&nbsp;designu. Zl\u00edn v&nbsp;tu dobu o\u017e\u00edv\u00e1 v\u00fdstavami, m\u00f3dn\u00edmi p\u0159ehl\u00eddkami, workshopy a&nbsp;diskuzemi. M\u00edsto, kde se setk\u00e1vaj\u00ed mlad\u00ed tv\u016frci, profesion\u00e1lov\u00e9 i&nbsp;nad\u0161enci pro tvorbu a&nbsp;design.<br \/>\r\n<br \/>\r\nFestival vznik\u00e1 od roku 2015 pod z\u00e1\u0161titou Fakulty multimedi\u00e1ln\u00edch komunikac\u00ed Univerzity Tom\u00e1\u0161e Bati ve Zl\u00edn\u011b.        <\/p>\n    <\/div>\n<\/div><\/div>\n\n\n\n<div class=\"wp-block-column is-layout-flow wp-block-column-is-layout-flow\"><div class=\"image-box \">\n        <div class=\"image-box__text\">\n        <h4 class=\"has-zdw-color\">Pro koho je festival ur\u010den?        <\/h4>\n        <p>Pro v\u0161echny, koho bav\u00ed tvo\u0159it, objevovat a&nbsp;p\u0159em\u00fd\u0161let o&nbsp;designu jinak. Zlin Design Week propojuje studentstvo, odborn\u00edky i&nbsp;ve\u0159ejnost. Zkr\u00e1tka v\u0161echny, kte\u0159\u00ed v\u011b\u0159\u00ed, \u017ee design m\u00e1 s\u00edlu m\u011bnit sv\u011bt kolem n\u00e1s.        <\/p>\n    <\/div>\n<\/div><\/div>\n<\/div>\n\n\n\n<div class=\"wp-block-columns is-layout-flex wp-container-core-columns-is-layout-9d6595d7 wp-block-columns-is-layout-flex\">\n<div class=\"wp-block-column is-layout-flow wp-block-column-is-layout-flow\"><div class=\"image-box \">\n        <div class=\"image-box__text\">\n        <h4 class=\"has-zdw-color\">Jak\u00fd program nab\u00edz\u00ed?        <\/h4>\n        <p>V\u00fdstavy, p\u0159edn\u00e1\u0161ky, workshopy i&nbsp;m\u00f3dn\u00ed p\u0159ehl\u00eddky. Sou\u010d\u00e1st\u00ed je tak\u00e9 mezin\u00e1rodn\u00ed sout\u011b\u017e Best in Design, kter\u00e1 p\u0159edstavuje mlad\u00e9 talenty z&nbsp;cel\u00e9ho sv\u011bta. A&nbsp;po&nbsp;setm\u011bn\u00ed? Koncerty, parties a&nbsp;dal\u0161\u00ed doprovodn\u00e9 akce, kter\u00e9 d\u00e1vaj\u00ed festivalu jeho jedine\u010dnou atmosf\u00e9ru.        <\/p>\n    <\/div>\n<\/div><\/div>\n\n\n\n<div class=\"wp-block-column is-layout-flow wp-block-column-is-layout-flow\"><div class=\"image-box \">\n        <div class=\"image-box__text\">\n        <h4 class=\"has-zdw-color\">Kdy a&nbsp;kde se Zlin Design Week kon\u00e1?        <\/h4>\n        <p>Ka\u017edoro\u010dn\u011b na za\u010d\u00e1tku kv\u011btna ve Zl\u00edn\u011b. Sna\u017e\u00edme se propojit n\u00e1v\u0161t\u011bvn\u00edky s&nbsp;m\u011bstem, jeho architekturou i&nbsp;ve\u0159ejn\u00fdm prostorem. Leto\u0161n\u00ed 12.&nbsp;ro\u010dn\u00edk prob\u011bhne od 6.&nbsp;do 12.&nbsp;kv\u011btna.        <\/p>\n    <\/div>\n<\/div><\/div>\n<\/div>\n<\/div><\/div>\n\n\n\n<div class=\"wp-block-group\"><div class=\"wp-block-group__inner-container is-layout-constrained wp-block-group-is-layout-constrained\">\n<h3 class=\"wp-block-heading\">Netu\u0161\u00ed\u0161, co t\u011b \u010dek\u00e1? Tak se pod\u00edvej, jak to vypadalo minul\u00fd rok.<\/h3>\n<\/div><\/div>\n\n\n\n<div class=\"wp-block-group is-style-default\"><div class=\"wp-block-group__inner-container is-layout-constrained wp-block-group-is-layout-constrained\">\n<div class=\"wp-block-cb-carousel-v2 cb-carousel-block\" data-cb-slides-per-view=\"1\" data-cb-slides-per-group=\"1\" data-cb-space-between=\"15\" data-cb-speed=\"300\" data-cb-navigation=\"true\" data-cb-breakpoints=\"{&quot;768&quot;:{&quot;slidesPerView&quot;:3,&quot;slidesPerGroup&quot;:1}}\"><div class=\"swiper\"><div class=\"cb-wrapper swiper-wrapper\">\n<div class=\"wp-block-cb-slide-v2 cb-slide swiper-slide\">\n<figure class=\"wp-block-image size-full\"><img loading=\"lazy\" decoding=\"async\" width=\"1366\" height=\"2048\" src=\"https:\/\/zlindesignweek.com\/2026\/wp-content\/uploads\/2025\/11\/zdw-105-best-in-design-machsimon-087.jpg\" alt=\"\" class=\"wp-image-35355\" srcset=\"https:\/\/zlindesignweek.com\/2026\/wp-content\/uploads\/2025\/11\/zdw-105-best-in-design-machsimon-087.jpg 1366w, https:\/\/zlindesignweek.com\/2026\/wp-content\/uploads\/2025\/11\/zdw-105-best-in-design-machsimon-087-500x750.jpg 500w, https:\/\/zlindesignweek.com\/2026\/wp-content\/uploads\/2025\/11\/zdw-105-best-in-design-machsimon-087-750x1125.jpg 750w, https:\/\/zlindesignweek.com\/2026\/wp-content\/uploads\/2025\/11\/zdw-105-best-in-design-machsimon-087-768x1152.jpg 768w, https:\/\/zlindesignweek.com\/2026\/wp-content\/uploads\/2025\/11\/zdw-105-best-in-design-machsimon-087-1024x1536.jpg 1024w, https:\/\/zlindesignweek.com\/2026\/wp-content\/uploads\/2025\/11\/zdw-105-best-in-design-machsimon-087-1440x2160.jpg 1440w, https:\/\/zlindesignweek.com\/2026\/wp-content\/uploads\/2025\/11\/zdw-105-best-in-design-machsimon-087-250x375.jpg 250w\" sizes=\"auto, (max-width: 1366px) 100vw, 1366px\" \/><\/figure>\n<\/div>\n\n\n\n<div class=\"wp-block-cb-slide-v2 cb-slide swiper-slide\">\n<figure class=\"wp-block-image size-full\"><img loading=\"lazy\" decoding=\"async\" width=\"1366\" height=\"2048\" src=\"https:\/\/zlindesignweek.com\/2026\/wp-content\/uploads\/2025\/11\/zdw-105-verni-g18-machsimon-64.jpg\" alt=\"\" class=\"wp-image-35351\" srcset=\"https:\/\/zlindesignweek.com\/2026\/wp-content\/uploads\/2025\/11\/zdw-105-verni-g18-machsimon-64.jpg 1366w, https:\/\/zlindesignweek.com\/2026\/wp-content\/uploads\/2025\/11\/zdw-105-verni-g18-machsimon-64-500x750.jpg 500w, https:\/\/zlindesignweek.com\/2026\/wp-content\/uploads\/2025\/11\/zdw-105-verni-g18-machsimon-64-750x1125.jpg 750w, https:\/\/zlindesignweek.com\/2026\/wp-content\/uploads\/2025\/11\/zdw-105-verni-g18-machsimon-64-768x1152.jpg 768w, https:\/\/zlindesignweek.com\/2026\/wp-content\/uploads\/2025\/11\/zdw-105-verni-g18-machsimon-64-1024x1536.jpg 1024w, https:\/\/zlindesignweek.com\/2026\/wp-content\/uploads\/2025\/11\/zdw-105-verni-g18-machsimon-64-1440x2160.jpg 1440w, https:\/\/zlindesignweek.com\/2026\/wp-content\/uploads\/2025\/11\/zdw-105-verni-g18-machsimon-64-250x375.jpg 250w\" sizes=\"auto, (max-width: 1366px) 100vw, 1366px\" \/><\/figure>\n<\/div>\n\n\n\n<div class=\"wp-block-cb-slide-v2 cb-slide swiper-slide\">\n<figure class=\"wp-block-image size-full is-style-default\"><img loading=\"lazy\" decoding=\"async\" width=\"1366\" height=\"2048\" src=\"https:\/\/zlindesignweek.com\/2026\/wp-content\/uploads\/2025\/11\/zdw-fas-25-scaled.jpg\" alt=\"\" class=\"wp-image-35356\" srcset=\"https:\/\/zlindesignweek.com\/2026\/wp-content\/uploads\/2025\/11\/zdw-fas-25-scaled.jpg 1366w, https:\/\/zlindesignweek.com\/2026\/wp-content\/uploads\/2025\/11\/zdw-fas-25-500x750.jpg 500w, https:\/\/zlindesignweek.com\/2026\/wp-content\/uploads\/2025\/11\/zdw-fas-25-750x1125.jpg 750w, https:\/\/zlindesignweek.com\/2026\/wp-content\/uploads\/2025\/11\/zdw-fas-25-768x1152.jpg 768w, https:\/\/zlindesignweek.com\/2026\/wp-content\/uploads\/2025\/11\/zdw-fas-25-1024x1536.jpg 1024w, https:\/\/zlindesignweek.com\/2026\/wp-content\/uploads\/2025\/11\/zdw-fas-25-1365x2048.jpg 1365w, https:\/\/zlindesignweek.com\/2026\/wp-content\/uploads\/2025\/11\/zdw-fas-25-1440x2160.jpg 1440w, https:\/\/zlindesignweek.com\/2026\/wp-content\/uploads\/2025\/11\/zdw-fas-25-250x375.jpg 250w\" sizes=\"auto, (max-width: 1366px) 100vw, 1366px\" \/><\/figure>\n<\/div>\n\n\n\n<div class=\"wp-block-cb-slide-v2 cb-slide swiper-slide\">\n<figure class=\"wp-block-image size-full\"><img loading=\"lazy\" decoding=\"async\" width=\"1366\" height=\"2048\" src=\"https:\/\/zlindesignweek.com\/2026\/wp-content\/uploads\/2025\/11\/zdw-115-pop-up-machsimon-08.jpg\" alt=\"\" class=\"wp-image-35353\" srcset=\"https:\/\/zlindesignweek.com\/2026\/wp-content\/uploads\/2025\/11\/zdw-115-pop-up-machsimon-08.jpg 1366w, https:\/\/zlindesignweek.com\/2026\/wp-content\/uploads\/2025\/11\/zdw-115-pop-up-machsimon-08-500x750.jpg 500w, https:\/\/zlindesignweek.com\/2026\/wp-content\/uploads\/2025\/11\/zdw-115-pop-up-machsimon-08-750x1125.jpg 750w, https:\/\/zlindesignweek.com\/2026\/wp-content\/uploads\/2025\/11\/zdw-115-pop-up-machsimon-08-768x1152.jpg 768w, https:\/\/zlindesignweek.com\/2026\/wp-content\/uploads\/2025\/11\/zdw-115-pop-up-machsimon-08-1024x1536.jpg 1024w, https:\/\/zlindesignweek.com\/2026\/wp-content\/uploads\/2025\/11\/zdw-115-pop-up-machsimon-08-1440x2160.jpg 1440w, https:\/\/zlindesignweek.com\/2026\/wp-content\/uploads\/2025\/11\/zdw-115-pop-up-machsimon-08-250x375.jpg 250w\" sizes=\"auto, (max-width: 1366px) 100vw, 1366px\" \/><\/figure>\n<\/div>\n\n\n\n<div class=\"wp-block-cb-slide-v2 cb-slide swiper-slide\">\n<figure class=\"wp-block-image size-full\"><img loading=\"lazy\" decoding=\"async\" width=\"1366\" height=\"2048\" src=\"https:\/\/zlindesignweek.com\/2026\/wp-content\/uploads\/2025\/11\/zdw-105-kantyna-sila-spoluprace-okunkova-3.jpg\" alt=\"\" class=\"wp-image-35350\" srcset=\"https:\/\/zlindesignweek.com\/2026\/wp-content\/uploads\/2025\/11\/zdw-105-kantyna-sila-spoluprace-okunkova-3.jpg 1366w, https:\/\/zlindesignweek.com\/2026\/wp-content\/uploads\/2025\/11\/zdw-105-kantyna-sila-spoluprace-okunkova-3-500x750.jpg 500w, https:\/\/zlindesignweek.com\/2026\/wp-content\/uploads\/2025\/11\/zdw-105-kantyna-sila-spoluprace-okunkova-3-750x1125.jpg 750w, https:\/\/zlindesignweek.com\/2026\/wp-content\/uploads\/2025\/11\/zdw-105-kantyna-sila-spoluprace-okunkova-3-768x1152.jpg 768w, https:\/\/zlindesignweek.com\/2026\/wp-content\/uploads\/2025\/11\/zdw-105-kantyna-sila-spoluprace-okunkova-3-1024x1536.jpg 1024w, https:\/\/zlindesignweek.com\/2026\/wp-content\/uploads\/2025\/11\/zdw-105-kantyna-sila-spoluprace-okunkova-3-1440x2160.jpg 1440w, https:\/\/zlindesignweek.com\/2026\/wp-content\/uploads\/2025\/11\/zdw-105-kantyna-sila-spoluprace-okunkova-3-250x375.jpg 250w\" sizes=\"auto, (max-width: 1366px) 100vw, 1366px\" \/><\/figure>\n<\/div>\n\n\n\n<div class=\"wp-block-cb-slide-v2 cb-slide swiper-slide\">\n<figure class=\"wp-block-image size-full\"><img loading=\"lazy\" decoding=\"async\" width=\"1366\" height=\"2048\" src=\"https:\/\/zlindesignweek.com\/2026\/wp-content\/uploads\/2025\/11\/zdw-linoryt-workshop-sm-6.jpg\" alt=\"\" class=\"wp-image-35349\" srcset=\"https:\/\/zlindesignweek.com\/2026\/wp-content\/uploads\/2025\/11\/zdw-linoryt-workshop-sm-6.jpg 1366w, https:\/\/zlindesignweek.com\/2026\/wp-content\/uploads\/2025\/11\/zdw-linoryt-workshop-sm-6-500x750.jpg 500w, https:\/\/zlindesignweek.com\/2026\/wp-content\/uploads\/2025\/11\/zdw-linoryt-workshop-sm-6-750x1125.jpg 750w, https:\/\/zlindesignweek.com\/2026\/wp-content\/uploads\/2025\/11\/zdw-linoryt-workshop-sm-6-768x1152.jpg 768w, https:\/\/zlindesignweek.com\/2026\/wp-content\/uploads\/2025\/11\/zdw-linoryt-workshop-sm-6-1024x1536.jpg 1024w, https:\/\/zlindesignweek.com\/2026\/wp-content\/uploads\/2025\/11\/zdw-linoryt-workshop-sm-6-1440x2160.jpg 1440w, https:\/\/zlindesignweek.com\/2026\/wp-content\/uploads\/2025\/11\/zdw-linoryt-workshop-sm-6-250x375.jpg 250w\" sizes=\"auto, (max-width: 1366px) 100vw, 1366px\" \/><\/figure>\n<\/div>\n\n\n\n<div class=\"wp-block-cb-slide-v2 cb-slide swiper-slide\">\n<figure class=\"wp-block-image size-full\"><img loading=\"lazy\" decoding=\"async\" width=\"1366\" height=\"2048\" src=\"https:\/\/zlindesignweek.com\/2026\/wp-content\/uploads\/2025\/11\/85-okunkova-pecakuca-zamek-7.jpg\" alt=\"\" class=\"wp-image-35354\" srcset=\"https:\/\/zlindesignweek.com\/2026\/wp-content\/uploads\/2025\/11\/85-okunkova-pecakuca-zamek-7.jpg 1366w, https:\/\/zlindesignweek.com\/2026\/wp-content\/uploads\/2025\/11\/85-okunkova-pecakuca-zamek-7-500x750.jpg 500w, https:\/\/zlindesignweek.com\/2026\/wp-content\/uploads\/2025\/11\/85-okunkova-pecakuca-zamek-7-750x1125.jpg 750w, https:\/\/zlindesignweek.com\/2026\/wp-content\/uploads\/2025\/11\/85-okunkova-pecakuca-zamek-7-768x1152.jpg 768w, https:\/\/zlindesignweek.com\/2026\/wp-content\/uploads\/2025\/11\/85-okunkova-pecakuca-zamek-7-1024x1536.jpg 1024w, https:\/\/zlindesignweek.com\/2026\/wp-content\/uploads\/2025\/11\/85-okunkova-pecakuca-zamek-7-1440x2160.jpg 1440w, https:\/\/zlindesignweek.com\/2026\/wp-content\/uploads\/2025\/11\/85-okunkova-pecakuca-zamek-7-250x375.jpg 250w\" sizes=\"auto, (max-width: 1366px) 100vw, 1366px\" \/><\/figure>\n<\/div>\n\n\n\n<div class=\"wp-block-cb-slide-v2 cb-slide swiper-slide\">\n<figure class=\"wp-block-image size-full\"><img loading=\"lazy\" decoding=\"async\" width=\"1366\" height=\"2048\" src=\"https:\/\/zlindesignweek.com\/2026\/wp-content\/uploads\/2025\/11\/zdw-75-u-zamkuinstalace-machsimon-37.jpg\" alt=\"\" class=\"wp-image-35352\" srcset=\"https:\/\/zlindesignweek.com\/2026\/wp-content\/uploads\/2025\/11\/zdw-75-u-zamkuinstalace-machsimon-37.jpg 1366w, https:\/\/zlindesignweek.com\/2026\/wp-content\/uploads\/2025\/11\/zdw-75-u-zamkuinstalace-machsimon-37-500x750.jpg 500w, https:\/\/zlindesignweek.com\/2026\/wp-content\/uploads\/2025\/11\/zdw-75-u-zamkuinstalace-machsimon-37-750x1125.jpg 750w, https:\/\/zlindesignweek.com\/2026\/wp-content\/uploads\/2025\/11\/zdw-75-u-zamkuinstalace-machsimon-37-768x1152.jpg 768w, https:\/\/zlindesignweek.com\/2026\/wp-content\/uploads\/2025\/11\/zdw-75-u-zamkuinstalace-machsimon-37-1024x1536.jpg 1024w, https:\/\/zlindesignweek.com\/2026\/wp-content\/uploads\/2025\/11\/zdw-75-u-zamkuinstalace-machsimon-37-1440x2160.jpg 1440w, https:\/\/zlindesignweek.com\/2026\/wp-content\/uploads\/2025\/11\/zdw-75-u-zamkuinstalace-machsimon-37-250x375.jpg 250w\" sizes=\"auto, (max-width: 1366px) 100vw, 1366px\" \/><\/figure>\n<\/div>\n\n\n\n<div class=\"wp-block-cb-slide-v2 cb-slide swiper-slide\">\n<figure class=\"wp-block-image size-full\"><img loading=\"lazy\" decoding=\"async\" width=\"1366\" height=\"2048\" src=\"https:\/\/zlindesignweek.com\/2026\/wp-content\/uploads\/2025\/11\/zdw-zdw-party-sm-10.jpg\" alt=\"\" class=\"wp-image-35348\" srcset=\"https:\/\/zlindesignweek.com\/2026\/wp-content\/uploads\/2025\/11\/zdw-zdw-party-sm-10.jpg 1366w, https:\/\/zlindesignweek.com\/2026\/wp-content\/uploads\/2025\/11\/zdw-zdw-party-sm-10-500x750.jpg 500w, https:\/\/zlindesignweek.com\/2026\/wp-content\/uploads\/2025\/11\/zdw-zdw-party-sm-10-750x1125.jpg 750w, https:\/\/zlindesignweek.com\/2026\/wp-content\/uploads\/2025\/11\/zdw-zdw-party-sm-10-768x1152.jpg 768w, https:\/\/zlindesignweek.com\/2026\/wp-content\/uploads\/2025\/11\/zdw-zdw-party-sm-10-1024x1536.jpg 1024w, https:\/\/zlindesignweek.com\/2026\/wp-content\/uploads\/2025\/11\/zdw-zdw-party-sm-10-1440x2160.jpg 1440w, https:\/\/zlindesignweek.com\/2026\/wp-content\/uploads\/2025\/11\/zdw-zdw-party-sm-10-250x375.jpg 250w\" sizes=\"auto, (max-width: 1366px) 100vw, 1366px\" \/><\/figure>\n<\/div>\n<\/div><\/div><div class=\"cb-button-prev swiper-button-prev\"><\/div><div class=\"cb-button-next swiper-button-next\"><\/div><\/div>\n<\/div><\/div>\n","protected":false},"excerpt":{"rendered":"Netu\u0161\u00ed\u0161, co t\u011b \u010dek\u00e1? Tak se pod\u00edvej, jak to vypadalo minul\u00fd rok.","protected":false},"author":25,"featured_media":0,"parent":0,"menu_order":0,"comment_status":"closed","ping_status":"closed","template":"","meta":{"_acf_changed":false,"footnotes":""},"class_list":["post-10204","page","type-page","status-publish","hentry"],"acf":[],"_links":{"self":[{"href":"https:\/\/zlindesignweek.com\/2026\/wp-json\/wp\/v2\/pages\/10204","targetHints":{"allow":["GET"]}}],"collection":[{"href":"https:\/\/zlindesignweek.com\/2026\/wp-json\/wp\/v2\/pages"}],"about":[{"href":"https:\/\/zlindesignweek.com\/2026\/wp-json\/wp\/v2\/types\/page"}],"author":[{"embeddable":true,"href":"https:\/\/zlindesignweek.com\/2026\/wp-json\/wp\/v2\/users\/25"}],"replies":[{"embeddable":true,"href":"https:\/\/zlindesignweek.com\/2026\/wp-json\/wp\/v2\/comments?post=10204"}],"version-history":[{"count":24,"href":"https:\/\/zlindesignweek.com\/2026\/wp-json\/wp\/v2\/pages\/10204\/revisions"}],"predecessor-version":[{"id":40625,"href":"https:\/\/zlindesignweek.com\/2026\/wp-json\/wp\/v2\/pages\/10204\/revisions\/40625"}],"wp:attachment":[{"href":"https:\/\/zlindesignweek.com\/2026\/wp-json\/wp\/v2\/media?parent=10204"}],"curies":[{"name":"wp","href":"https:\/\/api.w.org\/{rel}","templated":true}]}}