{"id":1013,"date":"2019-12-24T01:28:29","date_gmt":"2019-12-24T00:28:29","guid":{"rendered":"https:\/\/zlindesignweek.com\/2022\/?page_id=1013"},"modified":"2025-11-12T13:59:02","modified_gmt":"2025-11-12T12:59:02","slug":"contact-best-in-design-2","status":"publish","type":"page","link":"https:\/\/zlindesignweek.com\/2026\/en\/best-in-design-en\/contact-best-in-design-2\/","title":{"rendered":"Contact Best in Design"},"content":{"rendered":"\n<div class=\"wp-block-group\"><div class=\"wp-block-group__inner-container is-layout-flow wp-block-group-is-layout-flow\"><div class=\"contact-person mr-sm \">\n        <img decoding=\"async\" src=\"https:\/\/zlindesignweek.com\/2026\/wp-content\/uploads\/2025\/11\/sarka-dolezalova-scaled-e1762952320462-560x667.jpg\"\n        alt=\"\" \/>\n        <div class=\"contact-person__content\">\n                <h4 class=\"mb-0\">\u0160\u00e1rka Dole\u017ealov\u00e1        <\/h4>\n                        <p class=\"caption text-uppercase strong\">Director of Best in Design competition        <\/p>\n                        <p><a\n                href=\"mailto:sarka.dolezalova@zlindesignweek.com\">sarka.dolezalova@zlindesignweek.com<\/a><\/p>\n                        <p>+420&nbsp;737&nbsp;545&nbsp;779        <\/p>\n            <\/div>\n<\/div>\n\n\n<p><\/p>\n<\/div><\/div>\n\n\n\n<div style=\"height:100px\" aria-hidden=\"true\" class=\"wp-block-spacer\"><\/div>\n\n\n\n<p><\/p>\n","protected":false},"excerpt":{"rendered":"","protected":false},"author":3,"featured_media":0,"parent":995,"menu_order":0,"comment_status":"closed","ping_status":"closed","template":"","meta":{"_acf_changed":false,"footnotes":""},"class_list":["post-1013","page","type-page","status-publish","hentry"],"acf":[],"_links":{"self":[{"href":"https:\/\/zlindesignweek.com\/2026\/wp-json\/wp\/v2\/pages\/1013","targetHints":{"allow":["GET"]}}],"collection":[{"href":"https:\/\/zlindesignweek.com\/2026\/wp-json\/wp\/v2\/pages"}],"about":[{"href":"https:\/\/zlindesignweek.com\/2026\/wp-json\/wp\/v2\/types\/page"}],"author":[{"embeddable":true,"href":"https:\/\/zlindesignweek.com\/2026\/wp-json\/wp\/v2\/users\/3"}],"replies":[{"embeddable":true,"href":"https:\/\/zlindesignweek.com\/2026\/wp-json\/wp\/v2\/comments?post=1013"}],"version-history":[{"count":17,"href":"https:\/\/zlindesignweek.com\/2026\/wp-json\/wp\/v2\/pages\/1013\/revisions"}],"predecessor-version":[{"id":35178,"href":"https:\/\/zlindesignweek.com\/2026\/wp-json\/wp\/v2\/pages\/1013\/revisions\/35178"}],"up":[{"embeddable":true,"href":"https:\/\/zlindesignweek.com\/2026\/wp-json\/wp\/v2\/pages\/995"}],"wp:attachment":[{"href":"https:\/\/zlindesignweek.com\/2026\/wp-json\/wp\/v2\/media?parent=1013"}],"curies":[{"name":"wp","href":"https:\/\/api.w.org\/{rel}","templated":true}]}}