{"id":10014,"date":"2021-04-24T19:23:23","date_gmt":"2021-04-24T17:23:23","guid":{"rendered":"https:\/\/zlindesignweek.com\/2022\/?page_id=10014"},"modified":"2026-04-18T14:45:24","modified_gmt":"2026-04-18T12:45:24","slug":"fashion-show-and-music-performance","status":"publish","type":"page","link":"https:\/\/zlindesignweek.com\/2026\/en\/fashion-show-and-music-performance\/","title":{"rendered":"Fashion Shows"},"content":{"rendered":"\n<div class=\"wp-block-group\"><div class=\"wp-block-group__inner-container is-layout-constrained wp-block-group-is-layout-constrained\">\n<p>This year&#8217;s&nbsp;festival does not want to deprive visitors of the opportunity to experience design from multiple perspectives. That is why our annual Fashion Show will be doubled this year. However, each show will offer a&nbsp;slightly different view of fashion as a&nbsp;craft. <\/p>\n\n\n\n<p>Did you enjoy last year&#8217;s&nbsp;performative show? Don&#8217;t worry, it&#8217;s&nbsp;still here. At the same time, you can also look forward to a&nbsp;more traditional Fashion Show, set in a&nbsp;slightly unconventional space.<\/p>\n\n\n\n<div style=\"height:30px\" aria-hidden=\"true\" class=\"wp-block-spacer\"><\/div>\n<\/div><\/div>\n\n\n\n<div class=\"wp-block-group\"><div class=\"wp-block-group__inner-container is-layout-constrained wp-block-group-is-layout-constrained\">\n<div class=\"wp-block-columns is-style-with-vertical-lines is-layout-flex wp-container-core-columns-is-layout-9d6595d7 wp-block-columns-is-layout-flex\">\n<div class=\"wp-block-column is-vertically-aligned-top has-zdw-background-color has-background is-layout-flow wp-block-column-is-layout-flow\">\n<table role=\"presentation\" width=\"100%\" cellpadding=\"0\" cellspacing=\"0\" border=\"0\" style=\"border-collapse:collapse;width:100%;\">\n  <tr><td height=\"24\"><\/td><\/tr>\n\n  <tr>\n    <td style=\"padding-left:8%; padding-right:8%;\">\n      <h4 style=\"margin:0 0 22px 0\">Fashion performance LUM\u00f3 \u00d7 Tren\u010d\u00edn 2026<\/h4>\n\n      <p style=\"margin:0 0 18px 0\">\n        Date: 6 May 2026<br>\n        Time: 7 PM&nbsp;\u2013 7:30 PM<br>\n        Location: Zlin Castle<br>\n        Admission: Free\n      <\/p>\n\n      <div class=\"wp-block-buttons\">\n        <div class=\"wp-block-button is-style-fill\">\n          <a class=\"wp-block-button__link wp-element-button\" href=\"https:\/\/zlindesignweek.com\/2026\/en\/fashion-performance-x-slovak-fashion-council-2\/\">\n            Find out more\n          <\/a>\n        <\/div>\n      <\/div>\n    <\/td>\n  <\/tr>\n\n  <tr><td height=\"24\"><\/td><\/tr>\n<\/table>\n<\/div>\n\n\n\n<div class=\"wp-block-column has-zdw-background-color has-background is-layout-flow wp-block-column-is-layout-flow\">\n<table role=\"presentation\" width=\"100%\" cellpadding=\"0\" cellspacing=\"0\" border=\"0\" style=\"border-collapse:collapse;width:100%;\">\n  <tr><td height=\"24\"><\/td><\/tr>\n\n  <tr>\n    <td style=\"padding-left:8%; padding-right:8%;\">\n      <h4 style=\"margin:0 0 22px 0\">Fashion Show<\/h4>\n\n      <p style=\"margin:0 0 18px 0\">\n        Date: 8 May 2026<br>\n        Time: 7 PM&nbsp;\u2013 8:30 PM<br>\n        Location: Garages of the Faculty of Technology, Tomas Bata University<br>\n        Admission: Entrance fee\n      <\/p>\n      <div class=\"wp-block-buttons\">\n        <div class=\"wp-block-button is-style-fill\">\n          <a class=\"wp-block-button__link wp-element-button\" href=\"https:\/\/zlindesignweek.com\/2026\/en\/fashion-show-2\/\">\n            Find out more\n          <\/a>\n        <\/div>\n      <\/div>\n    <\/td>\n  <\/tr>\n\n  <tr><td height=\"24\"><\/td><\/tr>\n<\/table>\n<\/div>\n<\/div>\n<\/div><\/div>\n\n\n\n<div style=\"height:30px\" aria-hidden=\"true\" class=\"wp-block-spacer\"><\/div>\n\n\n\n<div class=\"wp-block-group\"><div class=\"wp-block-group__inner-container is-layout-constrained wp-block-group-is-layout-constrained\">\n<h3 class=\"wp-block-heading\">WHAT CAN YOU LOOK FORWARD TO?<\/h3>\n<\/div><\/div>\n\n\n\n<div class=\"wp-block-group\"><div class=\"wp-block-group__inner-container is-layout-constrained wp-block-group-is-layout-constrained\">\n<div class=\"wp-block-cb-carousel-v2 cb-carousel-block\" data-cb-slides-per-view=\"1\" data-cb-slides-per-group=\"1\" data-cb-space-between=\"15\" data-cb-speed=\"300\" data-cb-navigation=\"true\" data-cb-pagination=\"true\" data-cb-breakpoints=\"{&quot;768&quot;:{&quot;slidesPerView&quot;:3,&quot;slidesPerGroup&quot;:1}}\"><div class=\"swiper\"><div class=\"cb-wrapper swiper-wrapper\">\n<div class=\"wp-block-cb-slide-v2 cb-slide swiper-slide\">\n<figure class=\"wp-block-image size-large\"><img loading=\"lazy\" decoding=\"async\" width=\"750\" height=\"1125\" src=\"https:\/\/zlindesignweek.com\/2026\/wp-content\/uploads\/2026\/02\/zdw-fashionshow-johnyvitha5-01-750x1125.jpg\" alt=\"\" class=\"wp-image-40628\" srcset=\"https:\/\/zlindesignweek.com\/2026\/wp-content\/uploads\/2026\/02\/zdw-fashionshow-johnyvitha5-01-750x1125.jpg 750w, https:\/\/zlindesignweek.com\/2026\/wp-content\/uploads\/2026\/02\/zdw-fashionshow-johnyvitha5-01-500x750.jpg 500w, https:\/\/zlindesignweek.com\/2026\/wp-content\/uploads\/2026\/02\/zdw-fashionshow-johnyvitha5-01-768x1152.jpg 768w, https:\/\/zlindesignweek.com\/2026\/wp-content\/uploads\/2026\/02\/zdw-fashionshow-johnyvitha5-01-1024x1536.jpg 1024w, https:\/\/zlindesignweek.com\/2026\/wp-content\/uploads\/2026\/02\/zdw-fashionshow-johnyvitha5-01-1365x2048.jpg 1365w, https:\/\/zlindesignweek.com\/2026\/wp-content\/uploads\/2026\/02\/zdw-fashionshow-johnyvitha5-01-250x375.jpg 250w, https:\/\/zlindesignweek.com\/2026\/wp-content\/uploads\/2026\/02\/zdw-fashionshow-johnyvitha5-01-scaled.jpg 1707w\" sizes=\"auto, (max-width: 750px) 100vw, 750px\" \/><\/figure>\n<\/div>\n\n\n\n<div class=\"wp-block-cb-slide-v2 cb-slide swiper-slide\">\n<figure class=\"wp-block-image size-large\"><img loading=\"lazy\" decoding=\"async\" width=\"750\" height=\"1125\" src=\"https:\/\/zlindesignweek.com\/2026\/wp-content\/uploads\/2026\/02\/zdw-fas-05-750x1125.jpg\" alt=\"\" class=\"wp-image-40629\" srcset=\"https:\/\/zlindesignweek.com\/2026\/wp-content\/uploads\/2026\/02\/zdw-fas-05-750x1125.jpg 750w, https:\/\/zlindesignweek.com\/2026\/wp-content\/uploads\/2026\/02\/zdw-fas-05-500x750.jpg 500w, https:\/\/zlindesignweek.com\/2026\/wp-content\/uploads\/2026\/02\/zdw-fas-05-768x1152.jpg 768w, https:\/\/zlindesignweek.com\/2026\/wp-content\/uploads\/2026\/02\/zdw-fas-05-1024x1536.jpg 1024w, https:\/\/zlindesignweek.com\/2026\/wp-content\/uploads\/2026\/02\/zdw-fas-05-1365x2048.jpg 1365w, https:\/\/zlindesignweek.com\/2026\/wp-content\/uploads\/2026\/02\/zdw-fas-05-1440x2160.jpg 1440w, https:\/\/zlindesignweek.com\/2026\/wp-content\/uploads\/2026\/02\/zdw-fas-05-250x375.jpg 250w, https:\/\/zlindesignweek.com\/2026\/wp-content\/uploads\/2026\/02\/zdw-fas-05-scaled.jpg 1707w\" sizes=\"auto, (max-width: 750px) 100vw, 750px\" \/><\/figure>\n<\/div>\n\n\n\n<div class=\"wp-block-cb-slide-v2 cb-slide swiper-slide\">\n<figure class=\"wp-block-image size-large\"><img loading=\"lazy\" decoding=\"async\" width=\"750\" height=\"1125\" src=\"https:\/\/zlindesignweek.com\/2026\/wp-content\/uploads\/2026\/02\/zdw-fashion-show-sm-29-750x1125.jpg\" alt=\"\" class=\"wp-image-40630\" srcset=\"https:\/\/zlindesignweek.com\/2026\/wp-content\/uploads\/2026\/02\/zdw-fashion-show-sm-29-750x1125.jpg 750w, https:\/\/zlindesignweek.com\/2026\/wp-content\/uploads\/2026\/02\/zdw-fashion-show-sm-29-500x750.jpg 500w, https:\/\/zlindesignweek.com\/2026\/wp-content\/uploads\/2026\/02\/zdw-fashion-show-sm-29-768x1152.jpg 768w, https:\/\/zlindesignweek.com\/2026\/wp-content\/uploads\/2026\/02\/zdw-fashion-show-sm-29-1024x1536.jpg 1024w, https:\/\/zlindesignweek.com\/2026\/wp-content\/uploads\/2026\/02\/zdw-fashion-show-sm-29-1365x2048.jpg 1365w, https:\/\/zlindesignweek.com\/2026\/wp-content\/uploads\/2026\/02\/zdw-fashion-show-sm-29-1440x2160.jpg 1440w, https:\/\/zlindesignweek.com\/2026\/wp-content\/uploads\/2026\/02\/zdw-fashion-show-sm-29-250x375.jpg 250w, https:\/\/zlindesignweek.com\/2026\/wp-content\/uploads\/2026\/02\/zdw-fashion-show-sm-29-scaled.jpg 1707w\" sizes=\"auto, (max-width: 750px) 100vw, 750px\" \/><\/figure>\n<\/div>\n\n\n\n<div class=\"wp-block-cb-slide-v2 cb-slide swiper-slide\">\n<figure class=\"wp-block-image size-large\"><img loading=\"lazy\" decoding=\"async\" width=\"750\" height=\"1125\" src=\"https:\/\/zlindesignweek.com\/2026\/wp-content\/uploads\/2026\/02\/zdw-fas-42-750x1125.jpg\" alt=\"\" class=\"wp-image-40631\" srcset=\"https:\/\/zlindesignweek.com\/2026\/wp-content\/uploads\/2026\/02\/zdw-fas-42-750x1125.jpg 750w, https:\/\/zlindesignweek.com\/2026\/wp-content\/uploads\/2026\/02\/zdw-fas-42-500x750.jpg 500w, https:\/\/zlindesignweek.com\/2026\/wp-content\/uploads\/2026\/02\/zdw-fas-42-768x1152.jpg 768w, https:\/\/zlindesignweek.com\/2026\/wp-content\/uploads\/2026\/02\/zdw-fas-42-1024x1536.jpg 1024w, https:\/\/zlindesignweek.com\/2026\/wp-content\/uploads\/2026\/02\/zdw-fas-42-1365x2048.jpg 1365w, https:\/\/zlindesignweek.com\/2026\/wp-content\/uploads\/2026\/02\/zdw-fas-42-1440x2160.jpg 1440w, https:\/\/zlindesignweek.com\/2026\/wp-content\/uploads\/2026\/02\/zdw-fas-42-250x375.jpg 250w, https:\/\/zlindesignweek.com\/2026\/wp-content\/uploads\/2026\/02\/zdw-fas-42-scaled.jpg 1707w\" sizes=\"auto, (max-width: 750px) 100vw, 750px\" \/><\/figure>\n<\/div>\n\n\n\n<div class=\"wp-block-cb-slide-v2 cb-slide swiper-slide\">\n<figure class=\"wp-block-image size-large\"><img loading=\"lazy\" decoding=\"async\" width=\"750\" height=\"1125\" src=\"https:\/\/zlindesignweek.com\/2026\/wp-content\/uploads\/2026\/02\/zdw-fashion-show-da-18-750x1125.jpeg\" alt=\"\" class=\"wp-image-40632\" srcset=\"https:\/\/zlindesignweek.com\/2026\/wp-content\/uploads\/2026\/02\/zdw-fashion-show-da-18-750x1125.jpeg 750w, https:\/\/zlindesignweek.com\/2026\/wp-content\/uploads\/2026\/02\/zdw-fashion-show-da-18-500x750.jpeg 500w, https:\/\/zlindesignweek.com\/2026\/wp-content\/uploads\/2026\/02\/zdw-fashion-show-da-18-768x1152.jpeg 768w, https:\/\/zlindesignweek.com\/2026\/wp-content\/uploads\/2026\/02\/zdw-fashion-show-da-18-1024x1536.jpeg 1024w, https:\/\/zlindesignweek.com\/2026\/wp-content\/uploads\/2026\/02\/zdw-fashion-show-da-18-1365x2048.jpeg 1365w, https:\/\/zlindesignweek.com\/2026\/wp-content\/uploads\/2026\/02\/zdw-fashion-show-da-18-1440x2160.jpeg 1440w, https:\/\/zlindesignweek.com\/2026\/wp-content\/uploads\/2026\/02\/zdw-fashion-show-da-18-250x375.jpeg 250w, https:\/\/zlindesignweek.com\/2026\/wp-content\/uploads\/2026\/02\/zdw-fashion-show-da-18-scaled.jpeg 1707w\" sizes=\"auto, (max-width: 750px) 100vw, 750px\" \/><\/figure>\n<\/div>\n<\/div><\/div><div class=\"cb-pagination swiper-pagination\"><\/div><div class=\"cb-button-prev swiper-button-prev\"><\/div><div class=\"cb-button-next swiper-button-next\"><\/div><\/div>\n<\/div><\/div>\n","protected":false},"excerpt":{"rendered":"This year&#8217;s&nbsp;festival does not want to deprive visitors of the opportunity to experience design from multiple perspectives. That is why our annual Fashion Show will [&hellip;]","protected":false},"author":29,"featured_media":0,"parent":0,"menu_order":0,"comment_status":"closed","ping_status":"closed","template":"","meta":{"_acf_changed":false,"footnotes":""},"class_list":["post-10014","page","type-page","status-publish","hentry"],"acf":[],"_links":{"self":[{"href":"https:\/\/zlindesignweek.com\/2026\/wp-json\/wp\/v2\/pages\/10014","targetHints":{"allow":["GET"]}}],"collection":[{"href":"https:\/\/zlindesignweek.com\/2026\/wp-json\/wp\/v2\/pages"}],"about":[{"href":"https:\/\/zlindesignweek.com\/2026\/wp-json\/wp\/v2\/types\/page"}],"author":[{"embeddable":true,"href":"https:\/\/zlindesignweek.com\/2026\/wp-json\/wp\/v2\/users\/29"}],"replies":[{"embeddable":true,"href":"https:\/\/zlindesignweek.com\/2026\/wp-json\/wp\/v2\/comments?post=10014"}],"version-history":[{"count":95,"href":"https:\/\/zlindesignweek.com\/2026\/wp-json\/wp\/v2\/pages\/10014\/revisions"}],"predecessor-version":[{"id":43463,"href":"https:\/\/zlindesignweek.com\/2026\/wp-json\/wp\/v2\/pages\/10014\/revisions\/43463"}],"wp:attachment":[{"href":"https:\/\/zlindesignweek.com\/2026\/wp-json\/wp\/v2\/media?parent=10014"}],"curies":[{"name":"wp","href":"https:\/\/api.w.org\/{rel}","templated":true}]}}