{"id":995,"date":"2019-12-24T00:37:27","date_gmt":"2019-12-23T23:37:27","guid":{"rendered":"https:\/\/zlindesignweek.com\/2021\/?page_id=995"},"modified":"2021-05-30T20:03:17","modified_gmt":"2021-05-30T18:03:17","slug":"best-in-design-2","status":"publish","type":"page","link":"https:\/\/zlindesignweek.com\/2021\/en\/best-in-design-2\/","title":{"rendered":"Best in Design"},"content":{"rendered":"\n<div class=\"wp-block-group\"><div class=\"wp-block-group__inner-container\"><div class=\"intro-video \">\r\n            <div class=\"container\">\r\n            <img src=\"https:\/\/zlindesignweek.com\/2021\/wp-content\/uploads\/2020\/12\/bid-en.svg\"\r\n                 srcset=\"https:\/\/zlindesignweek.com\/2021\/wp-content\/uploads\/2020\/12\/bid-en.svg 100vw, https:\/\/zlindesignweek.com\/2021\/wp-content\/uploads\/2020\/12\/bid-en.svg 600vw\"\r\n                 class=\"float-right\"\/>\r\n        <\/div>\r\n        <!-- <div class=\"container\"> -->\r\n                    <div class=\"border-box has-light-color\">\r\n                                    <h3>We know the winners of Best in Design 2021!                    <\/h3>\r\n                                <p class=\"mt-0\">Did you miss the live broadcast of the results announcement? Don&#8217;t be sad. You can look at the record and find out who became the winner in the categories and who won the title of Best in Design 2021.                <\/p>\r\n                \r\n            <\/div>\r\n\r\n            <!-- <\/div> -->\r\n<\/div><\/div><\/div>\n\n\n\n<div class=\"wp-block-group\"><div class=\"wp-block-group__inner-container\">\n<figure class=\"wp-block-embed is-type-video is-provider-youtube wp-block-embed-youtube wp-embed-aspect-16-9 wp-has-aspect-ratio\"><div class=\"wp-block-embed__wrapper\">\n<iframe title=\"Vyhl\u00e1\u0161en\u00ed v\u00fdsledk\u016f Best in Design | Zlin Design Week 2021\" width=\"500\" height=\"281\" src=\"https:\/\/www.youtube.com\/embed\/yxfKlMNUy0Y?feature=oembed\" frameborder=\"0\" allow=\"accelerometer; autoplay; clipboard-write; encrypted-media; gyroscope; picture-in-picture\" allowfullscreen><\/iframe>\n<\/div><\/figure>\n<\/div><\/div>\n\n\n\n<div class=\"wp-block-group pt-md-2\"><div class=\"wp-block-group__inner-container\">\n<h2 class=\"has-white-color has-text-color\">Contest categories<\/h2>\n\n\n\n<div class=\"wp-block-columns\">\n<div class=\"wp-block-column mr-800-sm has-white-background-color has-default-shadow\"><div class=\"image-box has-white-background-color has-dark-color \">\r\n        <img src=\"https:\/\/zlindesignweek.com\/2021\/wp-content\/uploads\/2019\/12\/1FfOPr3xBC669S7E5HlkWoQ-500x375.jpeg\"\r\n        alt=\"\" \/>\r\n        <div class=\"image-box__text\">\r\n        <h4>Industrial &#038; Product Design        <\/h4>\r\n        <p>product design, interior design and furniture, design of machines and equipment, etc.        <\/p>\r\n    <\/div>\r\n<\/div><\/div>\n\n\n\n<div class=\"wp-block-column mr-800-sm has-white-background-color has-default-shadow\"><div class=\"image-box has-white-background-color has-dark-color \">\r\n        <img src=\"https:\/\/zlindesignweek.com\/2021\/wp-content\/uploads\/2019\/12\/1DbVrm-qmMNhhodS62aYrKg-500x375.jpeg\"\r\n        alt=\"\" \/>\r\n        <div class=\"image-box__text\">\r\n        <h4>Fashion Design        <\/h4>\r\n        <p>clothing design, textile design, footwear and accessories design, jewellery design, etc.        <\/p>\r\n    <\/div>\r\n<\/div><\/div>\n\n\n\n<div class=\"wp-block-column has-white-background-color has-default-shadow\"><div class=\"image-box has-white-background-color has-dark-color \">\r\n        <img src=\"https:\/\/zlindesignweek.com\/2021\/wp-content\/uploads\/2019\/12\/1o01uMRE3MWRYoC-frSs7GA-e1578071792134-500x375.png\"\r\n        alt=\"\" \/>\r\n        <div class=\"image-box__text\">\r\n        <h4>Communication Design        <\/h4>\r\n        <p>graphic design and illustration, new media, visual communication and intermedia, web animation, etc.        <\/p>\r\n    <\/div>\r\n<\/div><\/div>\n<\/div>\n<\/div><\/div>\n\n\n\n<div class=\"wp-block-group pt-md-2 pb-md-4\"><div class=\"wp-block-group__inner-container\">\n<h2 class=\"has-white-color has-text-color\">Awards<\/h2>\n\n\n<div class=\"image-box has-white-background-color has-dark-color mb-sm\">\r\n        <div class=\"image-box__text\">\r\n        <h4>Main prize        <\/h4>\r\n        <p>The best one out of all categories will receive the title Best in Design 2021. Holder of the title will also win \u20ac1&nbsp;500.        <\/p>\r\n    <\/div>\r\n<\/div>\n\n\n<div style=\"height:31px\" aria-hidden=\"true\" class=\"wp-block-spacer\"><\/div>\n\n\n\n<div class=\"wp-block-columns\">\n<div class=\"wp-block-column has-default-shadow mr-800-sm\"><div class=\"image-box has-white-background-color has-dark-color \">\r\n        <div class=\"image-box__text\">\r\n        <h4>1st place in each contest category        <\/h4>\r\n        <p>The author of the first best work will receive a&nbsp;cash prize in the amount of \u20ac500.        <\/p>\r\n    <\/div>\r\n<\/div><\/div>\n\n\n\n<div class=\"wp-block-column has-default-shadow mr-800-sm\"><div class=\"image-box has-white-background-color has-dark-color \">\r\n        <div class=\"image-box__text\">\r\n        <h4>2nd place in each contest category        <\/h4>\r\n        <p>The author of the second best work will receive a&nbsp;cash prize in the amount of \u20ac300.        <\/p>\r\n    <\/div>\r\n<\/div><\/div>\n\n\n\n<div class=\"wp-block-column has-default-shadow\"><div class=\"image-box has-white-background-color has-dark-color \">\r\n        <div class=\"image-box__text\">\r\n        <h4>3rd place in each contest category        <\/h4>\r\n        <p>The author of the third best proposal of each category will receive a&nbsp;prize of \u20ac200.        <\/p>\r\n    <\/div>\r\n<\/div><\/div>\n<\/div>\n<\/div><\/div>\n\n\n\n<div class=\"wp-block-group bid-porota-group has-white-background-color has-background\"><div class=\"wp-block-group__inner-container\">\n<h2>Jury<\/h2>\n\n\n<a href=\"https:\/\/zlindesignweek.com\/2021\/en\/porotce\/ladislav-skoda-2\/\"\r\n    class=\"judge-item-link\">\r\n    <div class=\"judge-item\">\r\n        <img width=\"560\" height=\"667\" src=\"https:\/\/zlindesignweek.com\/2021\/wp-content\/uploads\/2020\/02\/ladislav-skoda-560x667.jpg\" class=\"attachment-portrait size-portrait wp-post-image\" alt=\"\" loading=\"lazy\" \/>        <h4 class=\"h5\">Ladislav \u0160koda        <\/h4>\r\n        <small>Category Product &#038; Industrial Design<\/small>\r\n    <\/div>\r\n<\/a>\r\n\n\n<a href=\"https:\/\/zlindesignweek.com\/2021\/en\/porotce\/joana-lacerda-2\/\"\r\n    class=\"judge-item-link\">\r\n    <div class=\"judge-item\">\r\n        <img width=\"560\" height=\"667\" src=\"https:\/\/zlindesignweek.com\/2021\/wp-content\/uploads\/2021\/02\/joana-lacerda-560x667.jpg\" class=\"attachment-portrait size-portrait wp-post-image\" alt=\"\" loading=\"lazy\" \/>        <h4 class=\"h5\">Joana Lacerda        <\/h4>\r\n        <small>Category Fashion Design <\/small>\r\n    <\/div>\r\n<\/a>\r\n\n\n<a href=\"https:\/\/zlindesignweek.com\/2021\/en\/porotce\/filip-koubek-2\/\"\r\n    class=\"judge-item-link\">\r\n    <div class=\"judge-item\">\r\n        <img width=\"560\" height=\"667\" src=\"https:\/\/zlindesignweek.com\/2021\/wp-content\/uploads\/2021\/02\/filip-koubek-560x667.jpg\" class=\"attachment-portrait size-portrait wp-post-image\" alt=\"\" loading=\"lazy\" \/>        <h4 class=\"h5\">Filip Koubek        <\/h4>\r\n        <small>Category Communication Design<\/small>\r\n    <\/div>\r\n<\/a>\r\n\n\n<a href=\"https:\/\/zlindesignweek.com\/2021\/en\/porotce\/tereza-rosalie-kladosova-2\/\"\r\n    class=\"judge-item-link\">\r\n    <div class=\"judge-item\">\r\n        <img width=\"560\" height=\"667\" src=\"https:\/\/zlindesignweek.com\/2021\/wp-content\/uploads\/2021\/02\/teraza-rosalie-kladosova-560x667.jpg\" class=\"attachment-portrait size-portrait wp-post-image\" alt=\"\" loading=\"lazy\" \/>        <h4 class=\"h5\">Tereza Ros\u00e1lie Klado\u0161ov\u00e1        <\/h4>\r\n        <small>Category Fashion Design <\/small>\r\n    <\/div>\r\n<\/a>\r\n\n\n<a href=\"https:\/\/zlindesignweek.com\/2021\/en\/porotce\/richard-vodicka-2\/\"\r\n    class=\"judge-item-link\">\r\n    <div class=\"judge-item\">\r\n        <img width=\"560\" height=\"667\" src=\"https:\/\/zlindesignweek.com\/2021\/wp-content\/uploads\/2021\/02\/richard-vodicka-studio-519-560x667.jpg\" class=\"attachment-portrait size-portrait wp-post-image\" alt=\"\" loading=\"lazy\" \/>        <h4 class=\"h5\">Richard Vodi\u010dka        <\/h4>\r\n        <small>Category Product &#038; Industrial Design<\/small>\r\n    <\/div>\r\n<\/a>\r\n\n\n<a href=\"https:\/\/zlindesignweek.com\/2021\/en\/porotce\/veronika-parizkova-2\/\"\r\n    class=\"judge-item-link\">\r\n    <div class=\"judge-item\">\r\n        <img width=\"560\" height=\"667\" src=\"https:\/\/zlindesignweek.com\/2021\/wp-content\/uploads\/2021\/02\/veronika-parizkova-560x667.jpg\" class=\"attachment-portrait size-portrait wp-post-image\" alt=\"\" loading=\"lazy\" \/>        <h4 class=\"h5\">Veronika Pa\u0159\u00edzkov\u00e1        <\/h4>\r\n        <small><\/small>\r\n    <\/div>\r\n<\/a>\r\n\n\n<a href=\"https:\/\/zlindesignweek.com\/2021\/en\/porotce\/sebastian-gier-2\/\"\r\n    class=\"judge-item-link\">\r\n    <div class=\"judge-item\">\r\n        <img width=\"450\" height=\"450\" src=\"https:\/\/zlindesignweek.com\/2021\/wp-content\/uploads\/2021\/03\/sebastian-gier.jpeg\" class=\"attachment-portrait size-portrait wp-post-image\" alt=\"\" loading=\"lazy\" srcset=\"https:\/\/zlindesignweek.com\/2021\/wp-content\/uploads\/2021\/03\/sebastian-gier.jpeg 450w, https:\/\/zlindesignweek.com\/2021\/wp-content\/uploads\/2021\/03\/sebastian-gier-150x150.jpeg 150w, https:\/\/zlindesignweek.com\/2021\/wp-content\/uploads\/2021\/03\/sebastian-gier-250x250.jpeg 250w\" sizes=\"(max-width: 450px) 100vw, 450px\" \/>        <h4 class=\"h5\">Sebastian Gier        <\/h4>\r\n        <small>Category Product &#038; Industrial Design<\/small>\r\n    <\/div>\r\n<\/a>\r\n<\/div><\/div>\n\n\n\n<div class=\"wp-block-group\"><div class=\"wp-block-group__inner-container\">\n<div style=\"height:50px\" aria-hidden=\"true\" class=\"wp-block-spacer\"><\/div>\n\n\n\n<figure class=\"wp-block-embed-youtube wp-block-embed is-type-video is-provider-youtube wp-embed-aspect-16-9 wp-has-aspect-ratio\"><div class=\"wp-block-embed__wrapper\">\n<iframe src=\"https:\/\/www.youtube.com\/embed\/QWThrLe8rVQ\/?autoplay=1&amp;mute=1\" frameborder=\"0\" allow=\"accelerometer; autoplay; encrypted-media; gyroscope; picture-in-picture\" allowfullscreen=\"\"><\/iframe>\n<\/div><\/figure>\n\n\n\n<div style=\"height:60px\" aria-hidden=\"true\" class=\"wp-block-spacer\"><\/div>\n<\/div><\/div>\n\n\n\n<p><\/p>\n","protected":false},"excerpt":{"rendered":"","protected":false},"author":3,"featured_media":0,"parent":0,"menu_order":0,"comment_status":"closed","ping_status":"closed","template":"templates\/no-title.php","meta":[],"_links":{"self":[{"href":"https:\/\/zlindesignweek.com\/2021\/wp-json\/wp\/v2\/pages\/995"}],"collection":[{"href":"https:\/\/zlindesignweek.com\/2021\/wp-json\/wp\/v2\/pages"}],"about":[{"href":"https:\/\/zlindesignweek.com\/2021\/wp-json\/wp\/v2\/types\/page"}],"author":[{"embeddable":true,"href":"https:\/\/zlindesignweek.com\/2021\/wp-json\/wp\/v2\/users\/3"}],"replies":[{"embeddable":true,"href":"https:\/\/zlindesignweek.com\/2021\/wp-json\/wp\/v2\/comments?post=995"}],"version-history":[{"count":102,"href":"https:\/\/zlindesignweek.com\/2021\/wp-json\/wp\/v2\/pages\/995\/revisions"}],"predecessor-version":[{"id":10885,"href":"https:\/\/zlindesignweek.com\/2021\/wp-json\/wp\/v2\/pages\/995\/revisions\/10885"}],"wp:attachment":[{"href":"https:\/\/zlindesignweek.com\/2021\/wp-json\/wp\/v2\/media?parent=995"}],"curies":[{"name":"wp","href":"https:\/\/api.w.org\/{rel}","templated":true}]}}