{"id":9938,"date":"2021-04-24T18:44:59","date_gmt":"2021-04-24T16:44:59","guid":{"rendered":"https:\/\/zlindesignweek.com\/2021\/?page_id=9938"},"modified":"2021-10-19T16:45:27","modified_gmt":"2021-10-19T14:45:27","slug":"vystavy-zlin-design-week","status":"publish","type":"page","link":"https:\/\/zlindesignweek.com\/2021\/vystavy-zlin-design-week\/","title":{"rendered":"V\u00fdstavy"},"content":{"rendered":"\n<div class=\"wp-block-group\"><div class=\"wp-block-group__inner-container\">\n<div class=\"wp-block-columns\">\n<div class=\"wp-block-column is-vertically-aligned-top pt-1 pb-2 mt-md-2\"><div class=\"border-box   has-white-background-color has-dark-color\"\r\n    >\r\n        <h3>V\u00fdstava Zlin Design Week    <\/h3>\r\n        <p class=\"mt-0\">V\u00fdstava Zlin Design Week je sestavena z&nbsp;projekt\u016f, kter\u00e9 zcela napl\u0148uj\u00ed z\u00e1kladn\u00ed ideu Zlin Design Weeku. Dv\u011b linie hlavn\u00edho t\u00e9ma Spolupr\u00e1ce jsou vyobrazeny zejm\u00e9na na spolupr\u00e1ci ateli\u00e9r\u016f vysok\u00fdch \u0161kol a&nbsp;na participativn\u00ed design. <br \/>\r\n<br \/>\r\nV\u00fdstava p\u0159edstavuje v\u00fdb\u011br inovativn\u00edch projekt\u016f, kter\u00fdmi univerzity vstupuj\u00ed jak do sf\u00e9ry byznysu nebo do ve\u0159ejn\u00e9ho prostoru. Druh\u00e1 linie p\u0159edstavuje participa\u010dn\u00ed projekty student\u016f a&nbsp;univerzit na lok\u00e1ln\u00ed i&nbsp;mezin\u00e1rodn\u00ed \u00farovni.<br \/>\r\n<br \/>\r\nKur\u00e1torka: Romana Vesel\u00e1    <\/p>\r\n    <\/div>\n\n\n<p><\/p>\n<\/div>\n\n\n\n<div class=\"wp-block-column is-vertically-aligned-center pt-1 pb-2 mt-md-2\"><div class=\"border-box   has-white-background-color has-dark-color\"\r\n    >\r\n        <h3>V\u00fdstava Spolu: OKOLO Minute    <\/h3>\r\n        <p class=\"mt-0\">Design je p\u0159irozen\u011b kolaborativn\u00edm procesem, b\u011bhem kter\u00e9ho se na v\u00fdsledn\u00e9m d\u00edle pod\u00edl\u00ed cel\u00e1 \u0159ada odborn\u00edk\u016f rozmanit\u00fdch v\u00fdtvarn\u00fdch, technick\u00fdch i&nbsp;\u010dist\u011b marketingov\u00fdch nebo politick\u00fdch pozic. <br \/>\r\n<br \/>\r\nKreativn\u00ed skupina OKOLO p\u0159ipravila minutov\u00e1 edukativn\u00ed videa, kter\u00e1 ukazuj\u00ed konfrontaci re\u00e1ln\u00fdch objekt\u016f s&nbsp;abstraktn\u00edm prost\u0159ed\u00edm. P\u0159edstavuj\u00ed tak\u00e9 jejich form\u00e1ln\u00ed a&nbsp;funk\u010dn\u00ed kvality. Do tohoto projektu vkl\u00e1daj\u00ed ambice ve vytvo\u0159en\u00ed obs\u00e1hl\u00e9 sb\u00edrky vypr\u00e1v\u011bj\u00edc\u00ed \u0159e\u010d\u00ed pohybliv\u00fdch obr\u00e1zk\u016f.<br \/>\r\n<br \/>\r\nKur\u00e1tor: Adam \u0160t\u011bch    <\/p>\r\n        <div class=\"wp-block-button\">\r\n        <a class=\"wp-block-button__link\"\r\n            href=\"https:\/\/youtube.com\/playlist?list=PLmY8dU4vt9_hEhaybtXdSPKnFb-XWlKk1\"\r\n            target=\"_self\">V\u00fdstava OKOLO<\/a>\r\n    <\/div>\r\n\r\n    <\/div>\n\n\n<p><\/p>\n<\/div>\n<\/div>\n\n\n<div class=\"border-box   has-white-background-color has-dark-color\"\r\n    >\r\n        <h3>V\u00fdstava Best in Design Best of\u201921    <\/h3>\r\n        <p class=\"mt-0\">V\u00fdstava Best in Design Best of\u201921 je sestavena z&nbsp;tvorby v\u00edt\u011bz\u016f a&nbsp;finalist\u016f sout\u011b\u017ee Best in Design 2021. Najdete ji ve zl\u00ednsk\u00e9 galerii G18, kde je otev\u0159eno v\u017edy od pond\u011bl\u00ed do \u010dtvrtka, od 13:00 do 18:00. <br \/>\r\n<br \/>\r\nV\u00fdstava prezentuje celkem 30 autor\u016f bez toho, ani\u017e by \u2013 slovy kur\u00e1tora Miry Mac\u00edka \u2013 kladla d\u016fraz na jejich po\u0159ad\u00ed v&nbsp;sout\u011b\u017ei. Jedn\u00e1 se p\u0159edev\u0161\u00edm o&nbsp;p\u0159\u00edle\u017eitost, jak zviditelnit kvalitn\u00ed a&nbsp;pe\u010dliv\u011b zpracovan\u00e1 \u0159e\u0161en\u00ed. Od od\u011bvn\u00ed kolekce vytvo\u0159en\u00e9 ve spolupr\u00e1ci se seniorkami, po&nbsp;digit\u00e1ln\u00ed prezentaci historie a&nbsp;pou\u017eit\u00ed \u010desk\u00e9 vlajky. T\u011b\u0161it se m\u016f\u017ee\u0161 na setk\u00e1n\u00ed s&nbsp;n\u011bkter\u00fdmi v\u00fdherci i&nbsp;dal\u0161\u00ed doprovodn\u00fd program. <br \/>\r\n    <\/p>\r\n    <\/div><\/div><\/div>\n\n\n\n<div class=\"wp-block-group\"><div class=\"wp-block-group__inner-container\">\n<h2 class=\"has-white-color has-text-color\">V\u00fdstava ZDW \u2013 \u010d\u00e1st Produkt<\/h2>\n\n\n\n<p class=\"has-white-color has-text-color\">Batohy, n\u00e1bytek, m\u00f3da, motok\u00e1ry, n\u00e1pojov\u00e9 sety, knihy, hra\u010dky. To a&nbsp;mnoho dal\u0161\u00edch produkt\u016f n\u00e1s prov\u00e1z\u00ed sv\u011btem mlad\u00e9ho designu, sv\u011btem, kter\u00fd akcentuje ot\u00e1zky pot\u0159ebnosti, funk\u010dnosti, udr\u017eitelnosti, ekologie, tradice \u2013 zkr\u00e1tka v\u0161eho, co v&nbsp;n\u011bm dnes rezonuje jako vhozen\u00e1 rukavice, kterou je t\u0159eba zvednout.<\/p>\n\n\n\n<p class=\"has-white-color has-text-color\">Produktov\u00e1 \u010d\u00e1st je velmi obs\u00e1hl\u00e1 a&nbsp;v\u011bnuje se i&nbsp;designu, kter\u00fd d\u011bl\u00e1 lep\u0161\u00ed ka\u017ed\u00fd v\u0161edn\u00ed den. Designu, kter\u00fd n\u00e1m dovol\u00ed u\u017e\u00edvat si jeho u\u017e\u00edv\u00e1n\u00ed, v\u011bcem pot\u0159ebn\u00fdm a&nbsp;prosp\u011b\u0161n\u00fdm \u010dlov\u011bku. V\u011bcem, kter\u00e9 jsme pro leto\u0161n\u00ed rok nazvali nejskromn\u011bj\u0161\u00edm designem.<\/p>\n\n\n\n<p class=\"has-white-color has-text-color\">T\u0159i podt\u00e9mata t\u00e9to \u010d\u00e1sti jsou tradice, udr\u017eitelnost a&nbsp;vizu\u00e1ln\u00ed identita, kter\u00e9 je t\u0159eba nahl\u00ed\u017eet z&nbsp;r\u016fzn\u00fdch \u00fahl\u016f pohledu.<\/p>\n\n\n\n<p class=\"has-white-color has-text-color\">Vizu\u00e1ln\u00ed identita zt\u011bles\u0148uje tv\u00e1\u0159e m\u011bst, sout\u011b\u017e\u00ed, divadeln\u00edch plak\u00e1t\u016f a&nbsp;digit\u00e1ln\u00edch aplikac\u00ed. Tradice je ur\u010dit\u00fdm n\u00e1vratem ke ko\u0159en\u016fm jak v&nbsp;materi\u00e1lu, tak technologi\u00edch a&nbsp;p\u0159\u00edstupech. Udr\u017eitelnost p\u0159edstavuje projekty, kter\u00e9 upcykluj\u00ed materi\u00e1ly a&nbsp;jsou sv\u00fdm postojem \u0161etrn\u00e9 k&nbsp;Zemi.<\/p>\n\n\n\n<!--begin\n kunstmatrix--> <iframe allowfullscreen=\"true\" frameborder=\"0\" scrolling=\"no\" src=\"https:\/\/art.kunstmatrix.com\/apps\/artspaces\/?external=true&amp;splashscreen=true&amp;language=en&amp;uid=54658&amp;exhibition=6268297\" width=\"100%\" height=\"600\"><\/iframe><!--end kunstmatrix-->\n\n\n\n<h2 class=\"has-white-color has-text-color\">V\u00fdstava ZDW \u2013 \u010d\u00e1st Experiment<\/h2>\n\n\n\n<p class=\"has-white-color has-text-color\">Druh\u00e1 \u010d\u00e1st v\u00fdstavy Zlin Design Weeku nazvan\u00e1 Experiment n\u00e1s odkazuje do budoucnosti. K&nbsp;projekt\u016fm, kter\u00e9 si v\u0161\u00edmaj\u00ed sou\u010dasn\u00e9ho potenci\u00e1lu technologi\u00ed, materi\u00e1l\u016f a&nbsp;pozn\u00e1n\u00ed, ale i&nbsp;toho co pot\u0159ebujeme a&nbsp;nem\u00e1me. Nejedn\u00e1 se o&nbsp;experimenty v&nbsp;prav\u00e9m slova smyslu, ale sp\u00ed\u0161e o&nbsp;pokou\u0161en\u00ed mo\u017enost\u00ed, hled\u00e1n\u00ed a&nbsp;roz\u0161i\u0159ov\u00e1n\u00ed hranic. Projekty tedy nejsou klasick\u00fdm designem ale sp\u00ed\u0161e vizualizovan\u00fdmi vizemi roz\u0161i\u0159uj\u00edc\u00ed mo\u017enosti i&nbsp;na\u0161e pozn\u00e1n\u00ed.<\/p>\n\n\n\n<p class=\"has-white-color has-text-color\">I tato \u010d\u00e1st m\u00e1 sv\u00e9 podkapitoly nazvan\u00e9 identita, senzorick\u00e9 vn\u00edm\u00e1n\u00ed a&nbsp;participativn\u00ed projekty.<\/p>\n\n\n\n<p class=\"has-white-color has-text-color\">Projekty za\u0159azen\u00e9 do sekce identity si v\u0161\u00edmaj\u00ed nejbli\u017e\u0161\u00edho okol\u00ed a&nbsp;sna\u017e\u00ed se jej origin\u00e1ln\u011b uchopit. \u010c\u00e1st senzorick\u00e9ho vn\u00edm\u00e1n\u00ed spojuje projekty zam\u011b\u0159en\u00e9 na dopl\u0148ov\u00e1n\u00ed, umoc\u0148ov\u00e1n\u00ed \u010di&nbsp;nahrazov\u00e1n\u00ed na\u0161eho typick\u00e9ho smyslov\u00e9ho vn\u00edm\u00e1n\u00ed a&nbsp;participativn\u00ed projekty jsou spoluutv\u00e1\u0159eny p\u0159\u00edmo se sv\u00fdmi klienty.<\/p>\n\n\n\n<!--begin kunstmatrix--> <iframe allowfullscreen=\"true\" frameborder=\"0\" scrolling=\"no\" src=\"https:\/\/art.kunstmatrix.com\/apps\/artspaces\/?external=true&amp;splashscreen=true&amp;language=en&amp;uid=54658&amp;exhibition=6266133\" width=\"100%\" height=\"600\"><\/iframe><!--end kunstmatrix-->\n\n\n\n<h2 class=\"has-white-color has-text-color\">V\u00fdstava Mimosf\u00e9ra<\/h2>\n\n\n\n<p class=\"has-white-color has-text-color\">Mimosf\u00e9ra Zlin Design Weeku je p\u0159ehl\u00eddkou mlad\u00e9ho um\u011bn\u00ed a&nbsp;designu, kdy je t\u00e9ma spolupr\u00e1ce uchopeno velmi kreativn\u011b. Propojuje v&nbsp;sob\u011b jak rozs\u00e1hl\u00e9 projekty student\u016f vznikl\u00e9 nap\u0159\u00ed\u010d univerzitami, tak fotogenick\u00e9 cykly odr\u00e1\u017eej\u00edc\u00ed a&nbsp;ovliv\u0148uj\u00edc\u00ed \u017eivot komunit. Mimosf\u00e9ra p\u0159edstavuje rozmanitou \u0161k\u00e1lu mo\u017enost\u00ed spolupr\u00e1ce, sd\u00edlen\u00ed, pro\u017e\u00edv\u00e1n\u00ed vznikl\u00e9 z&nbsp;p\u0159irozen\u00e9ho pudu um\u011blc\u016f i&nbsp;design\u00e9r\u016f \u017e\u00edt a&nbsp;tvo\u0159it a&nbsp;ukazuje div\u00e1k\u016fm, v&nbsp;jak rozs\u00e1hl\u00e9 obsahov\u00e9 \u0161\u00ed\u0159i lze Spolupr\u00e1ci vn\u00edmat.<\/p>\n\n\n\n<!--begin kunstmatrix--> <iframe allowfullscreen=\"true\" frameborder=\"0\" scrolling=\"no\" src=\"https:\/\/art.kunstmatrix.com\/apps\/artspaces\/?external=true&amp;splashscreen=true&amp;language=en&amp;uid=54658&amp;exhibition=6273915\" width=\"100%\" height=\"600\"><\/iframe><!--end kunstmatrix-->\n\n\n\n<h2 class=\"has-white-color has-text-color\">V\u00fdstava nez\u00e1visl\u00fdch projekt\u016f<\/h2>\n\n\n\n<p class=\"has-white-color has-text-color\"><strong>16. MEZIN\u00c1RODN\u00cd BIEN\u00c1LE DIVADELN\u00cdHO PLAK\u00c1TU<\/strong><\/p>\n\n\n\n<p class=\"has-white-color has-text-color\">Mezin\u00e1rodn\u00ed bien\u00e1le divadeln\u00edho plak\u00e1tu je organizovan\u00e9 divadlem Wandy Siemaszkowe ji\u017e p\u0159es t\u0159icet let. Bien\u00e1le je platformou pro prezentaci aktu\u00e1ln\u00edch tendenc\u00ed a&nbsp;styl\u016f v&nbsp;Plak\u00e1tov\u00e9 tvorb\u011b. Divadlo coby prostor, ve kter\u00e9m se m\u00eds\u00ed literatura, hudba, v\u00fdtvarn\u00e9 um\u011bn\u00ed, tanec a&nbsp;film, je pro v\u00fdstavy bien\u00e1le p\u0159irozen\u00fdm&nbsp; prost\u0159ed\u00edm.<\/p>\n\n\n\n<p class=\"has-white-color has-text-color\"><strong>CS.KOMIKS<\/strong><\/p>\n\n\n\n<p class=\"has-white-color has-text-color\">Od prvn\u00edho ro\u010dn\u00edku sout\u011b\u017ee maj\u00ed studenti stejn\u00fd \u00fakol: zpracovat na jedn\u00e9 a\u017e \u010dty\u0159ech str\u00e1nk\u00e1ch komiksov\u00fd p\u0159\u00edb\u011bh na libovoln\u00e9 t\u00e9ma. P\u0159ihl\u00e1\u0161en\u00e9 pr\u00e1ce anonymn\u011b posuzuje p\u011bti\u010dlenn\u00e1 porota a&nbsp;vyhla\u0161uje t\u0159i nejlep\u0161\u00ed pr\u00e1ce z&nbsp;\u010desk\u00fdch a&nbsp;slovensk\u00fdch vysok\u00fdch \u0161kol. Hlavn\u00ed cenou pro v\u00edt\u011bze je cesta na nejvy\u0161\u0161\u00ed evropsk\u00fd festival komiksu ve francouzsk\u00e9m m\u011bst\u011b Angoul\u00eame.<\/p>\n\n\n\n<p class=\"has-white-color has-text-color\"><strong>GRADUATION PROJECTS<\/strong><\/p>\n\n\n\n<p class=\"has-white-color has-text-color\">Do V\u00fdstavy Zlin Design Weeku pat\u0159\u00ed i&nbsp;nejlep\u0161\u00ed diplomov\u00e9 pr\u00e1ce, kter\u00e9 se sdru\u017euj\u00ed pod n\u00e1zvem Graduation Projects \u2014 mezin\u00e1rodn\u00ed platformou pro spolupr\u00e1ci instituc\u00ed a&nbsp;organizac\u00ed z&nbsp;Visegr\u00e1dsk\u00e9 skupiny podporuj\u00edc\u00ed a&nbsp;usnad\u0148uj\u00edc\u00ed pou\u017e\u00edv\u00e1n\u00ed designu. Platforma si klade za c\u00edl p\u0159edstavit potenci\u00e1l polsk\u00fdch kreativn\u00edch pr\u016fmyslov\u00fdch odv\u011btv\u00ed a&nbsp;design\u00e9r\u016f a&nbsp;tak\u00e9 podpo\u0159it jeho rozvoj prost\u0159ednictv\u00edm spolupr\u00e1ce s&nbsp;designov\u00fdmi institucemi a&nbsp;univerzitami z&nbsp;Polska, \u010cesk\u00e9 republiky, Slovenska a&nbsp;Ma\u010farska.<\/p>\n\n\n\n<p class=\"has-white-color has-text-color\">Platforma vych\u00e1z\u00ed z&nbsp;ka\u017edoro\u010dn\u00ed revize nejlep\u0161\u00edch diplomov\u00fdch prac\u00ed&nbsp; \u2014 Absolventsk\u00e9 pr\u00e1ce \u2014 po\u0159\u00e1dan\u00e9&nbsp; Zamkem Cieszynem, \u010dtvrtletn\u00edkem design 2+3D a&nbsp;partnery ze zem\u00ed V4. Od roku 2017 iniciuje sd\u00edlen\u00ed projekt\u016f, vym\u011b\u0148ov\u00e1n\u00ed si znalost\u00ed a&nbsp;zku\u0161enost\u00ed mezi absolventy vysok\u00fdch \u0161kol designu a&nbsp;posiluje spolupr\u00e1ci v&nbsp;oblasti designu mezi polsk\u00fdmi univerzitami a&nbsp;mezi zem\u011bmi b\u00fdval\u00e9ho v\u00fdchodn\u00edho bloku.<\/p>\n\n\n\n<p class=\"has-white-color has-text-color\">Na v\u00fdstavu bylo pozv\u00e1no v\u00edce ne\u017e 10 mezin\u00e1rodn\u011b uzn\u00e1van\u00fdch um\u011bleck\u00fdch \u0161kol a&nbsp;univerzit ze Spojen\u00fdch st\u00e1t\u016f, Austr\u00e1lie, N\u011bmecka, \u0160pan\u011blska, Polska atd. Na t\u00e9to v\u00fdstav\u011b jsou tak\u00e9 vystavena vynikaj\u00edc\u00ed d\u00edla u\u010ditel\u016f a&nbsp;student\u016f t\u011bchto instituc\u00ed.<\/p>\n\n\n\n<p class=\"has-white-color has-text-color\"><strong>C-IDEA<\/strong><\/p>\n\n\n\n<p class=\"has-white-color has-text-color\">V r\u00e1mci V\u00fdstavy Zlin Design Week si m\u016f\u017eete prohl\u00e9dnout pr\u00e1ce v&nbsp;r\u00e1mci sout\u011b\u017ee C-IDEA Design Award \u2014 ka\u017edoro\u010dn\u011b po\u0159\u00e1dan\u00e9 porotcovsk\u00e9 sout\u011b\u017ee designu, jej\u00edm\u017e c\u00edlem je uzn\u00e1vat a&nbsp;propagovat vizion\u00e1\u0159sk\u00e9 talenty v&nbsp;\u0161irok\u00e9 \u0161k\u00e1le designov\u00fdch kategori\u00ed. Od komunika\u010dn\u00edho designu, pr\u016fmyslov\u00e9ho designu, interi\u00e9rov\u00e9ho designu, m\u00f3dn\u00edho designu a\u017e po&nbsp;architekturu a&nbsp;nov\u00e1 m\u00e9dia.<\/p>\n\n\n\n<p class=\"has-white-color has-text-color\">Cena C-IDEA Design Award douf\u00e1, \u017ee vytvo\u0159\u00ed v\u00edce p\u0159\u00edle\u017eitost\u00ed pro vynikaj\u00edc\u00ed design\u00e9ry. Chce si zakl\u00e1dat na vy\u0161\u0161\u00ed komunikaci, spolupr\u00e1ci na&nbsp; v\u00fdstav\u00e1ch, slavnostn\u00edch p\u0159ed\u00e1v\u00e1 n\u00edch a&nbsp;mezin\u00e1rodn\u00edch akc\u00edch.&nbsp;<\/p>\n\n\n\n<p class=\"has-white-color has-text-color\">C-IDEA DESIGN AWARD 2019 je n profilov\u00e1 mezin\u00e1rodn\u00ed studentsk\u00e1 sout\u011b\u017e, kter\u00e1 v&nbsp;roce 2019 obdr\u017eela 1783 p\u0159\u00edsp\u011bvk\u016f od 37 zem\u00ed. P\u0159ipojilo se v\u00edce ne\u017e 2000 student\u016f ze 406 univerzit a&nbsp;bylo pozv\u00e1no 39 zn\u00e1m\u00fdch design\u00e9r\u016f a&nbsp;odborn\u00edk\u016f, kte\u0159\u00ed individu\u00e1ln\u011b hodnotili ve\u0161ker\u00e9 pr\u00e1ce z\u00fa\u010dastn\u011bn\u00fdch.<\/p>\n\n\n\n<!--begin kunstmatrix--> <iframe allowfullscreen=\"true\" frameborder=\"0\" scrolling=\"no\" src=\"https:\/\/art.kunstmatrix.com\/apps\/artspaces\/?external=true&amp;splashscreen=true&amp;language=en&amp;uid=54658&amp;exhibition=6285889\" width=\"100%\" height=\"600\"><\/iframe><!--end kunstmatrix-->\n\n\n\n<p><\/p>\n<\/div><\/div>\n\n\n\n<div style=\"height:100px\" aria-hidden=\"true\" class=\"wp-block-spacer\"><\/div>\n","protected":false},"excerpt":{"rendered":"","protected":false},"author":25,"featured_media":0,"parent":0,"menu_order":0,"comment_status":"closed","ping_status":"closed","template":"","meta":[],"_links":{"self":[{"href":"https:\/\/zlindesignweek.com\/2021\/wp-json\/wp\/v2\/pages\/9938"}],"collection":[{"href":"https:\/\/zlindesignweek.com\/2021\/wp-json\/wp\/v2\/pages"}],"about":[{"href":"https:\/\/zlindesignweek.com\/2021\/wp-json\/wp\/v2\/types\/page"}],"author":[{"embeddable":true,"href":"https:\/\/zlindesignweek.com\/2021\/wp-json\/wp\/v2\/users\/25"}],"replies":[{"embeddable":true,"href":"https:\/\/zlindesignweek.com\/2021\/wp-json\/wp\/v2\/comments?post=9938"}],"version-history":[{"count":55,"href":"https:\/\/zlindesignweek.com\/2021\/wp-json\/wp\/v2\/pages\/9938\/revisions"}],"predecessor-version":[{"id":11177,"href":"https:\/\/zlindesignweek.com\/2021\/wp-json\/wp\/v2\/pages\/9938\/revisions\/11177"}],"wp:attachment":[{"href":"https:\/\/zlindesignweek.com\/2021\/wp-json\/wp\/v2\/media?parent=9938"}],"curies":[{"name":"wp","href":"https:\/\/api.w.org\/{rel}","templated":true}]}}