{"id":9932,"date":"2021-04-24T19:23:23","date_gmt":"2021-04-24T17:23:23","guid":{"rendered":"https:\/\/zlindesignweek.com\/2021\/?page_id=9932"},"modified":"2021-05-30T19:57:27","modified_gmt":"2021-05-30T17:57:27","slug":"fashion-show-a-hudebni-vystoupeni","status":"publish","type":"page","link":"https:\/\/zlindesignweek.com\/2021\/fashion-show-a-hudebni-vystoupeni\/","title":{"rendered":"Fashion show a&nbsp;hudebn\u00ed vystoupen\u00ed"},"content":{"rendered":"\n<div class=\"wp-block-group\"><div class=\"wp-block-group__inner-container\">\n<div class=\"wp-block-group has-white-color has-text-color\"><div class=\"wp-block-group__inner-container\"><\/div><\/div>\n<\/div><\/div>\n\n\n\n<div class=\"wp-block-group\"><div class=\"wp-block-group__inner-container\">\n<div class=\"wp-block-columns\">\n<div class=\"wp-block-column\" style=\"flex-basis:100%\">\n<h2 class=\"has-white-color has-text-color\">Fashionshow<\/h2>\n\n\n\n<p class=\"has-dark-color has-white-background-color has-text-color has-background\">V p\u00e1tek 7.&nbsp;5.&nbsp;2021 ve 20:00 odstartovala Fashion show v\u00a0podob\u011b p\u0159edto\u010den\u00e9 m\u00f3dn\u00ed p\u0159ehl\u00eddky. Na\u00a0p\u0159ehl\u00eddce si mohli \u00fa\u010dastn\u00edci vychutnat modely 9 design\u00e9r\u016f s&nbsp;pou\u017eit\u00edm sv\u011bteln\u00e9 instalace a&nbsp;no\u010dn\u00edch hodin. N\u00e1v\u0161t\u011bvn\u00edci si mohli prohl\u00e9dnout modely od design\u00e9r\u016f \u2013 \u017dofii Sold\u00e1novou, Ad\u00e9lu Mitrengovou, Barbaru Shevchuck a&nbsp;dal\u0161\u00ed. Fashion show prob\u00edhala v&nbsp;prostor\u00e1ch star\u00e9 budovy are\u00e1lu Svitu.<\/p>\n\n\n\n<div style=\"height:34px\" aria-hidden=\"true\" class=\"wp-block-spacer\"><\/div>\n\n\n\n<figure class=\"wp-block-embed is-type-video is-provider-youtube wp-block-embed-youtube wp-embed-aspect-16-9 wp-has-aspect-ratio\"><div class=\"wp-block-embed__wrapper\">\n<iframe title=\"Fashion Show | Zlin Design Week 2021\" width=\"500\" height=\"281\" src=\"https:\/\/www.youtube.com\/embed\/wdoySm94VqE?feature=oembed\" frameborder=\"0\" allow=\"accelerometer; autoplay; clipboard-write; encrypted-media; gyroscope; picture-in-picture\" allowfullscreen><\/iframe>\n<\/div><\/figure>\n<\/div>\n<\/div>\n<\/div><\/div>\n\n\n\n<div class=\"wp-block-group\"><div class=\"wp-block-group__inner-container\">\n<div class=\"wp-block-columns\">\n<div class=\"wp-block-column\">\n<h2 class=\"has-white-color has-text-color\">Koncert Young Aesthete<\/h2>\n\n\n\n<p class=\"has-dark-color has-white-background-color has-text-color has-background\">V p\u00e1tek 7.&nbsp;5.&nbsp;2021 ve 21:00 zapo\u010dal stream DJ\u00a0Young Aesthete. Mat\u011bj Herceg za svou pom\u011brn\u011b kr\u00e1tkou dobu v&nbsp;hudebn\u00edm sv\u011bt\u011b d\u011blal p\u0159edskokana zn\u00e1m\u00e9mu Apparat a&nbsp;odehr\u00e1l n\u011bkolik klubov\u00fdch noc\u00ed. Jednu takovou noc odp\u00e1lil na Zlin Design Weeku. Hudebn\u00ed vystoupen\u00ed si mohli n\u00e1v\u0161t\u011bvn\u00edci vychutnat v&nbsp;r\u00e1mci streamu na platform\u011b YouTube.<\/p>\n\n\n\n<div style=\"height:34px\" aria-hidden=\"true\" class=\"wp-block-spacer\"><\/div>\n\n\n\n<figure class=\"wp-block-embed is-type-video is-provider-youtube wp-block-embed-youtube wp-embed-aspect-16-9 wp-has-aspect-ratio\"><div class=\"wp-block-embed__wrapper\">\n <iframe title=\"young aesthete | Zlin Design Week 2021\" width=\"500\" height=\"281\" src=\"https:\/\/www.youtube.com\/embed\/KFspzMPBL_s?feature=oembed\" frameborder=\"0\" allow=\"accelerometer; autoplay; clipboard-write; encrypted-media; gyroscope; picture-in-picture\" allowfullscreen><\/iframe>\n<\/div><\/figure>\n\n\n\n<h2 class=\"has-white-color has-text-color\">Koncert kapely Hello Marcel<\/h2>\n\n\n\n<p class=\"has-dark-color has-white-background-color has-text-color has-background\">Ned\u011bln\u00ed (9.&nbsp;5.&nbsp;2021) koncertov\u00e1n\u00ed kapely Hello Marcel, kter\u00e9 se \u017eiv\u011b streamovalo na YouTube, kde ho mohli pozorovat v\u0161ichni p\u0159\u00edznivci hudby, kter\u00e1 h\u00fd\u0159\u00ed vtipem a&nbsp;krut\u00fdmi beaty. Duo hudebn\u00edk\u016f p\u016fvodem ze Svitav m\u00e1 za sebou celou \u0159adu koncert\u016f a&nbsp;jejich texty s\u00a0t\u00e9maty j\u00eddla a&nbsp;mate\u0159sk\u00e9 l\u00e1sky si zamiluje ka\u017ed\u00fd.<\/p>\n\n\n\n<div style=\"height:34px\" aria-hidden=\"true\" class=\"wp-block-spacer\"><\/div>\n\n\n\n<figure class=\"wp-block-embed is-type-video is-provider-youtube wp-block-embed-youtube wp-embed-aspect-16-9 wp-has-aspect-ratio\"><div class=\"wp-block-embed__wrapper\">\n<iframe title=\"Hello Marcel | Zlin Design Week 2021\" width=\"500\" height=\"281\" src=\"https:\/\/www.youtube.com\/embed\/9mKUdRhG35g?feature=oembed\" frameborder=\"0\" allow=\"accelerometer; autoplay; clipboard-write; encrypted-media; gyroscope; picture-in-picture\" allowfullscreen><\/iframe>\n<\/div><\/figure>\n\n\n\n<h2 class=\"has-white-color has-text-color\">Koncert dn\u00e9<\/h2>\n\n\n\n<p class=\"has-dark-color has-white-background-color has-text-color has-background\">Dn\u00e9 je Ond\u0159ej Hol\u00fd, kter\u00fd vydal ji\u017e 4 EP a&nbsp;odehr\u00e1l p\u0159es 50 koncert\u016f. Mimo jin\u00e9 slo\u017eil hudbu k&nbsp;HBO dokument\u00e1rn\u00edmu filmu Nic jako d\u0159\u00edv. Tak\u017ee kvalita, kterou si n\u00e1v\u0161t\u011bvn\u00edci u\u017eili v&nbsp;\u00fater\u00fd 11.&nbsp;5.&nbsp;2021!<\/p>\n\n\n\n<div style=\"height:34px\" aria-hidden=\"true\" class=\"wp-block-spacer\"><\/div>\n\n\n\n<figure class=\"wp-block-embed is-type-video is-provider-youtube wp-block-embed-youtube wp-embed-aspect-16-9 wp-has-aspect-ratio\"><div class=\"wp-block-embed__wrapper\">\n<iframe title=\"dne\u0301 | Zlin Design Week 2021\" width=\"500\" height=\"281\" src=\"https:\/\/www.youtube.com\/embed\/JLQHf6MSWI4?feature=oembed\" frameborder=\"0\" allow=\"accelerometer; autoplay; clipboard-write; encrypted-media; gyroscope; picture-in-picture\" allowfullscreen><\/iframe>\n<\/div><\/figure>\n\n\n\n<h2 class=\"has-white-color has-text-color\">Koncert TELETEXT a&nbsp;vystoupen\u00ed All Style Unit<\/h2>\n\n\n\n<p class=\"has-dark-color has-white-background-color has-text-color has-background\">Na z\u00e1v\u011br cel\u00e9ho Zlin Design Weeku 14.&nbsp;5.&nbsp;2021 si n\u00e1v\u0161t\u011bvn\u00edci u\u017eili live koncert kapely Teletext a&nbsp;vystoupen\u00ed skupiny All Style Unit.<\/p>\n\n\n\n<p class=\"has-dark-color has-white-background-color has-text-color has-background\">TELETEXT je projekt, kter\u00fd vznikl ji\u017e v&nbsp;roce 2017 ve Zl\u00edn\u011b a&nbsp;postupem \u010dasu se p\u0159esunul do Prahy. Duo Martina a&nbsp;Nicolase, vystupuj\u00edc\u00ed pod pseudonymy A+++ a&nbsp;Atch, se zam\u011b\u0159uje na techno a&nbsp;trance.<br>Tane\u010dn\u00ed skupiny&nbsp;<strong>All Style Unit<\/strong>, se v\u011bnuje p\u0159ev\u00e1\u017en\u011b street dance styl\u016fm, ale i&nbsp;prvk\u016fm sc\u00e9nick\u00e9ho tance a&nbsp;contemporary. Ve Zl\u00edn\u011b a&nbsp;Vset\u00edn\u011b p\u016fsob\u00ed ji\u017e 15.&nbsp;rokem, kde spole\u010dn\u011b tvo\u0159\u00ed a&nbsp;rozv\u00edj\u00ed um\u011bn\u00ed, kter\u00e9 nezapom\u00ednaj\u00ed p\u0159ed\u00e1vat z&nbsp;generace na generaci. Letos v&nbsp;r\u00e1mci spoolupr\u00e1ce ASU a&nbsp;ZDW vznikne origin\u00e1ln\u00ed performance, kter\u00e1 ozvl\u00e1\u0161tn\u00ed online doprovodn\u00fd program festivalu.<\/p>\n\n\n\n<div style=\"height:34px\" aria-hidden=\"true\" class=\"wp-block-spacer\"><\/div>\n\n\n\n<figure class=\"wp-block-embed is-type-video is-provider-youtube wp-block-embed-youtube wp-embed-aspect-16-9 wp-has-aspect-ratio\"><div class=\"wp-block-embed__wrapper\">\n<iframe title=\"All Style Unit &amp; TELETEXT | Zlin Design Week 2021\" width=\"500\" height=\"281\" src=\"https:\/\/www.youtube.com\/embed\/U_QoleMcrlg?feature=oembed\" frameborder=\"0\" allow=\"accelerometer; autoplay; clipboard-write; encrypted-media; gyroscope; picture-in-picture\" allowfullscreen><\/iframe>\n<\/div><\/figure>\n\n\n\n<div style=\"height:136px\" aria-hidden=\"true\" class=\"wp-block-spacer\"><\/div>\n<\/div>\n<\/div>\n<\/div><\/div>\n\n\n\n<p><\/p>\n","protected":false},"excerpt":{"rendered":"","protected":false},"author":29,"featured_media":0,"parent":0,"menu_order":0,"comment_status":"closed","ping_status":"closed","template":"","meta":[],"_links":{"self":[{"href":"https:\/\/zlindesignweek.com\/2021\/wp-json\/wp\/v2\/pages\/9932"}],"collection":[{"href":"https:\/\/zlindesignweek.com\/2021\/wp-json\/wp\/v2\/pages"}],"about":[{"href":"https:\/\/zlindesignweek.com\/2021\/wp-json\/wp\/v2\/types\/page"}],"author":[{"embeddable":true,"href":"https:\/\/zlindesignweek.com\/2021\/wp-json\/wp\/v2\/users\/29"}],"replies":[{"embeddable":true,"href":"https:\/\/zlindesignweek.com\/2021\/wp-json\/wp\/v2\/comments?post=9932"}],"version-history":[{"count":41,"href":"https:\/\/zlindesignweek.com\/2021\/wp-json\/wp\/v2\/pages\/9932\/revisions"}],"predecessor-version":[{"id":10881,"href":"https:\/\/zlindesignweek.com\/2021\/wp-json\/wp\/v2\/pages\/9932\/revisions\/10881"}],"wp:attachment":[{"href":"https:\/\/zlindesignweek.com\/2021\/wp-json\/wp\/v2\/media?parent=9932"}],"curies":[{"name":"wp","href":"https:\/\/api.w.org\/{rel}","templated":true}]}}