{"id":93,"date":"2019-12-18T21:59:42","date_gmt":"2019-12-18T20:59:42","guid":{"rendered":"http:\/\/zlindesignweek.com\/2021\/?page_id=93"},"modified":"2021-05-30T19:46:38","modified_gmt":"2021-05-30T17:46:38","slug":"zdw-2","status":"publish","type":"page","link":"https:\/\/zlindesignweek.com\/2021\/en\/zdw-2\/","title":{"rendered":"ZDW ONLINE"},"content":{"rendered":"\n<div class=\"wp-block-group\"><div class=\"wp-block-group__inner-container\"><div class=\"intro-video \">\r\n            <div class=\"container\">\r\n            <img src=\"https:\/\/zlindesignweek.com\/2021\/wp-content\/uploads\/2020\/12\/coopertaion-datum.svg\"\r\n                 srcset=\"https:\/\/zlindesignweek.com\/2021\/wp-content\/uploads\/2020\/12\/coopertaion-datum.svg 100vw, https:\/\/zlindesignweek.com\/2021\/wp-content\/uploads\/2020\/12\/coopertaion-datum.svg 600vw\"\r\n                 class=\"float-right\"\/>\r\n        <\/div>\r\n        <!-- <div class=\"container\"> -->\r\n                    <div class=\"border-box has-light-color\">\r\n                                    <h3>A week full of design ONLINE!                    <\/h3>\r\n                                <p class=\"mt-0\">Zlin Design Week 2021 is over, but you can still watch our content, which is available online here on the web for free!                 <\/p>\r\n                                                                <div class=\"wp-block-button d-inline-block\" style=\"margin-right: 10px; margin-bottom: 10px;\">\r\n                                <a class=\"wp-block-button__link\"\r\n                                   href=\"https:\/\/zlindesignweek.com\/2021\/en\/zdw-2\/program-en\/\"\r\n                                   target=\"_self\">Program<\/a>\r\n                            <\/div>\r\n                                                                            \r\n            <\/div>\r\n\r\n            <!-- <\/div> -->\r\n<\/div>\n\n\n<div class=\"wp-block-buttons\"><\/div>\n<\/div><\/div>\n\n\n\n<div class=\"wp-block-group\"><div class=\"wp-block-group__inner-container\">\n<figure class=\"wp-block-embed is-type-video is-provider-youtube wp-block-embed-youtube wp-embed-aspect-16-9 wp-has-aspect-ratio\"><div class=\"wp-block-embed__wrapper\">\n<iframe title=\"Galave\u010der Best in Design | Zlin Design Week 2021\" width=\"500\" height=\"281\" src=\"https:\/\/www.youtube.com\/embed\/OjpEGzGB5cg?feature=oembed\" frameborder=\"0\" allow=\"accelerometer; autoplay; clipboard-write; encrypted-media; gyroscope; picture-in-picture\" allowfullscreen><\/iframe>\n<\/div><\/figure>\n<\/div><\/div>\n\n\n\n<div class=\"wp-block-group na-co-se-tesit-section\"><div class=\"wp-block-group__inner-container\">\n<h2 class=\"has-white-color has-text-color\">What is Zlin Design Week?<\/h2>\n\n\n\n<div class=\"wp-block-columns\">\n<div class=\"wp-block-column mr-800-sm\"><a href=\"https:\/\/zlindesignweek.com\/2021\/en\/exhibitions-zlin-design-week\/\"\r\n    target=\"_self\"\r\n    class=\"tile-with-text-wrap\">\r\n        <div class=\"tile-with-text\">\r\n                <img width=\"950\" height=\"542\" src=\"https:\/\/zlindesignweek.com\/2021\/wp-content\/uploads\/2021\/03\/beth-adakrenz-photo1-950x542.jpg\" class=\"attachment-large-tile size-large-tile\" alt=\"\" loading=\"lazy\" \/>                        <h3 class=\"tile-with-text__title\">\r\n            Exhibitions        <\/h3>\r\n            <\/div><\/a><\/div>\n\n\n\n<div class=\"wp-block-column\"><a href=\"https:\/\/zlindesignweek.com\/2021\/en\/conference-zdw\/\"\r\n    target=\"_self\"\r\n    class=\"tile-with-text-wrap\">\r\n        <div class=\"tile-with-text\">\r\n                <img width=\"750\" height=\"422\" src=\"https:\/\/zlindesignweek.com\/2021\/wp-content\/uploads\/2020\/01\/3galavecer.jpg\" class=\"attachment-large-tile size-large-tile\" alt=\"\" loading=\"lazy\" srcset=\"https:\/\/zlindesignweek.com\/2021\/wp-content\/uploads\/2020\/01\/3galavecer.jpg 750w, https:\/\/zlindesignweek.com\/2021\/wp-content\/uploads\/2020\/01\/3galavecer-500x281.jpg 500w, https:\/\/zlindesignweek.com\/2021\/wp-content\/uploads\/2020\/01\/3galavecer-250x141.jpg 250w\" sizes=\"(max-width: 750px) 100vw, 750px\" \/>                        <h3 class=\"tile-with-text__title\">\r\n            Conference        <\/h3>\r\n            <\/div><\/a><\/div>\n<\/div>\n\n\n\n<div class=\"wp-block-columns\">\n<div class=\"wp-block-column mr-800-sm\"><a href=\"https:\/\/zlindesignweek.com\/2021\/en\/best-in-design-2\/\"\r\n    target=\"_self\"\r\n    class=\"tile-with-text-wrap\">\r\n        <div class=\"tile-with-text\">\r\n                <img width=\"950\" height=\"542\" src=\"https:\/\/zlindesignweek.com\/2021\/wp-content\/uploads\/2021\/04\/galavecer-33-of-41-950x542.jpg\" class=\"attachment-large-tile size-large-tile\" alt=\"\" loading=\"lazy\" \/>                        <h3 class=\"tile-with-text__title\">\r\n            Announcement of results of Best in Design        <\/h3>\r\n            <\/div><\/a><\/div>\n\n\n\n<div class=\"wp-block-column\"><a href=\"https:\/\/zlindesignweek.com\/2021\/en\/fashion-show-and-music-performance\/\"\r\n    target=\"_self\"\r\n    class=\"tile-with-text-wrap\">\r\n        <div class=\"tile-with-text\">\r\n                <img width=\"950\" height=\"542\" src=\"https:\/\/zlindesignweek.com\/2021\/wp-content\/uploads\/2021\/04\/zdw-elements-party-3-5-2019-18-1-950x542.jpg\" class=\"attachment-large-tile size-large-tile\" alt=\"\" loading=\"lazy\" \/>                        <h3 class=\"tile-with-text__title\">\r\n            Fashion show and live concerts        <\/h3>\r\n            <\/div><\/a><\/div>\n<\/div>\n\n\n\n<div class=\"wp-block-columns\">\n<div class=\"wp-block-column mr-800-sm\"><a href=\"https:\/\/zlindesignweek.com\/2021\/en\/vepro-knedlo-design-2\/\"\r\n    target=\"_self\"\r\n    class=\"tile-with-text-wrap\">\r\n        <div class=\"tile-with-text\">\r\n                <img width=\"950\" height=\"542\" src=\"https:\/\/zlindesignweek.com\/2021\/wp-content\/uploads\/2021\/04\/10-950x542.jpg\" class=\"attachment-large-tile size-large-tile\" alt=\"\" loading=\"lazy\" \/>                        <h3 class=\"tile-with-text__title\">\r\n            Workshops Vep\u0159o Knedlo Design         <\/h3>\r\n            <\/div><\/a><\/div>\n\n\n\n<div class=\"wp-block-column\"><a href=\"http:\/\/www.designnahranici.cz\/\"\r\n    target=\"_self\"\r\n    class=\"tile-with-text-wrap\">\r\n        <div class=\"tile-with-text\">\r\n                <img width=\"950\" height=\"542\" src=\"https:\/\/zlindesignweek.com\/2021\/wp-content\/uploads\/2021\/04\/indra-44-1-950x542.jpg\" class=\"attachment-large-tile size-large-tile\" alt=\"\" loading=\"lazy\" \/>                        <h3 class=\"tile-with-text__title\">\r\n            Lectures Design na hranici        <\/h3>\r\n            <\/div><\/a><\/div>\n<\/div>\n\n\n\n<div class=\"wp-block-columns\">\n<div class=\"wp-block-column mr-800-sm\"><a href=\"https:\/\/www.facebook.com\/events\/740611740196306\"\r\n    target=\"_self\"\r\n    class=\"tile-with-text-wrap\">\r\n        <div class=\"tile-with-text\">\r\n                <img width=\"950\" height=\"542\" src=\"https:\/\/zlindesignweek.com\/2021\/wp-content\/uploads\/2021\/04\/mg-1060-950x542.jpg\" class=\"attachment-large-tile size-large-tile\" alt=\"\" loading=\"lazy\" \/>                        <h3 class=\"tile-with-text__title\">\r\n            Panel discussion with the media        <\/h3>\r\n            <\/div><\/a><\/div>\n\n\n\n<div class=\"wp-block-column\"><a href=\"https:\/\/www.facebook.com\/groups\/designKANTYNA\"\r\n    target=\"_self\"\r\n    class=\"tile-with-text-wrap\">\r\n        <div class=\"tile-with-text\">\r\n                <img width=\"950\" height=\"542\" src=\"https:\/\/zlindesignweek.com\/2021\/wp-content\/uploads\/2021\/04\/design-kantyna-950x542.png\" class=\"attachment-large-tile size-large-tile\" alt=\"\" loading=\"lazy\" \/>                        <h3 class=\"tile-with-text__title\">\r\n            Baked cooperation        <\/h3>\r\n            <\/div><\/a><\/div>\n<\/div>\n\n\n\n<div class=\"wp-block-button d-block mt-1\"><a class=\"wp-block-button__link no-border-radius\" href=\"https:\/\/zlindesignweek.com\/2021\/en\/zdw-2\/program-en\/\">Show full line-up \u2192<\/a><\/div>\n<\/div><\/div>\n\n\n\n<div class=\"wp-block-group pt-md-2\"><div class=\"wp-block-group__inner-container\">\n<h2 class=\"has-white-color has-text-color\">What does Zlin Design Week look like?<\/h2>\n\n\n\n<figure class=\"wp-block-embed is-type-video is-provider-youtube wp-block-embed-youtube wp-embed-aspect-16-9 wp-has-aspect-ratio\"><div class=\"wp-block-embed__wrapper\">\n<iframe title=\"Zlin Design Week 2019 | Sest\u0159ih\" width=\"500\" height=\"281\" src=\"https:\/\/www.youtube.com\/embed\/oRlHsjyVMgc?start=5&#038;feature=oembed\" frameborder=\"0\" allow=\"accelerometer; autoplay; clipboard-write; encrypted-media; gyroscope; picture-in-picture\" allowfullscreen><\/iframe>\n<\/div><\/figure>\n<\/div><\/div>\n\n\n\n<div class=\"wp-block-group\"><div class=\"wp-block-group__inner-container\">\n<div class=\"wp-block-columns mt-2 mb-2 pt-1 has-white-background-color\">\n<div class=\"wp-block-column p-1\">\n<div class=\"wp-block-image\"><figure class=\"aligncenter size-large\"><img loading=\"lazy\" width=\"261\" height=\"261\" src=\"https:\/\/zlindesignweek.com\/2021\/wp-content\/uploads\/2021\/02\/zlin3.png\" alt=\"\" class=\"wp-image-7742\" srcset=\"https:\/\/zlindesignweek.com\/2021\/wp-content\/uploads\/2021\/02\/zlin3.png 261w, https:\/\/zlindesignweek.com\/2021\/wp-content\/uploads\/2021\/02\/zlin3-150x150.png 150w, https:\/\/zlindesignweek.com\/2021\/wp-content\/uploads\/2021\/02\/zlin3-250x250.png 250w\" sizes=\"(max-width: 261px) 100vw, 261px\" \/><\/figure><\/div>\n\n\n\n<h3 class=\"has-text-align-center\">Zlin<\/h3>\n\n\n\n<p class=\"has-text-align-left\">Design inherently belongs to Zl\u00edn. Design influences the life of every citizen, often unnoticed. We will give it a&nbsp;space to shine and to be understood by people, to be appreciated and to inspire.<\/p>\n<\/div>\n\n\n\n<div class=\"wp-block-column p-1\">\n<div class=\"wp-block-image\"><figure class=\"aligncenter size-large\"><img loading=\"lazy\" width=\"261\" height=\"261\" src=\"https:\/\/zlindesignweek.com\/2021\/wp-content\/uploads\/2021\/02\/oo3.png\" alt=\"\" class=\"wp-image-7741\" srcset=\"https:\/\/zlindesignweek.com\/2021\/wp-content\/uploads\/2021\/02\/oo3.png 261w, https:\/\/zlindesignweek.com\/2021\/wp-content\/uploads\/2021\/02\/oo3-150x150.png 150w, https:\/\/zlindesignweek.com\/2021\/wp-content\/uploads\/2021\/02\/oo3-250x250.png 250w\" sizes=\"(max-width: 261px) 100vw, 261px\" \/><\/figure><\/div>\n\n\n\n<h3 class=\"has-text-align-center\">Cooperation<\/h3>\n\n\n\n<p class=\"has-text-align-left\">The festival will will this year reflect the cooperation of young designers and companies, theory with practice, business and the non-profit sector. During one week, Zlin Design Week will show what openness and willingness to support each other can bring us and that working together makes sense.<\/p>\n<\/div>\n\n\n\n<div class=\"wp-block-column p-1\">\n<div class=\"wp-block-image\"><figure class=\"aligncenter size-large\"><img loading=\"lazy\" width=\"261\" height=\"261\" src=\"https:\/\/zlindesignweek.com\/2021\/wp-content\/uploads\/2021\/02\/partyyy3.png\" alt=\"\" class=\"wp-image-7740\" srcset=\"https:\/\/zlindesignweek.com\/2021\/wp-content\/uploads\/2021\/02\/partyyy3.png 261w, https:\/\/zlindesignweek.com\/2021\/wp-content\/uploads\/2021\/02\/partyyy3-150x150.png 150w, https:\/\/zlindesignweek.com\/2021\/wp-content\/uploads\/2021\/02\/partyyy3-250x250.png 250w\" sizes=\"(max-width: 261px) 100vw, 261px\" \/><\/figure><\/div>\n\n\n\n<h3 class=\"has-text-align-center\">A week of experiences<\/h3>\n\n\n\n<p class=\"has-text-align-left\">Day and night, Zl\u00edn comes alive with design. Exhibitions, gala evening, all-day conference, installations, lectures, workshops, excursions and unforgettable parties. The atmosphere cannot be described, you have to experience it.<\/p>\n<\/div>\n<\/div>\n<\/div><\/div>\n\n\n\n<div style=\"height:25px\" aria-hidden=\"true\" class=\"wp-block-spacer\"><\/div>\n\n\n\n<div class=\"wp-block-group\"><div class=\"wp-block-group__inner-container\">\n<h2 class=\"has-white-color has-text-color\">What do they say about us?<\/h2>\n\n\n\n<div class=\"wp-block-columns\">\n<div class=\"wp-block-column mr-800-sm\"><div\r\n    class=\"reference-item has-white-background-color\">\r\n    <p>\u201cPeople of Zlin get to have design at their fingertips and during this week-long design show it is almost impossible to ignore the exhibition units in public spaces. They introduce design in the broadest meaning of the word and present both known designers and talented students.\u201d    <\/p>\r\n    <div class=\"reference-person\">\r\n                <p class=\"reference-person__name\">Barbora Langmajerov\u00e1         <\/p>\r\n        <p class=\"reference-person__position\">CZECHDESIGN.CZ        <\/p>\r\n    <\/div>\r\n<\/div><\/div>\n\n\n\n<div class=\"wp-block-column mr-800-sm\"><div\r\n    class=\"reference-item has-white-background-color\">\r\n    <p>\u201cWhether you want to create an installation or just to be here again and meet your friends, it\u2019s all here! The connection of the university and the initiative of its students, a&nbsp;few substantial regional companies and the very phenomenon of the city allows Zlin and Czech design another point of contact. Long live Morava design!\u201d    <\/p>\r\n    <div class=\"reference-person\">\r\n                <p class=\"reference-person__name\">Roman \u0160edina        <\/p>\r\n        <p class=\"reference-person__position\">designer        <\/p>\r\n    <\/div>\r\n<\/div><\/div>\n\n\n\n<div class=\"wp-block-column\"><div\r\n    class=\"reference-item has-white-background-color\">\r\n    <p>\u201cIt isn\u2019t just another superficial design event in the line. On the contrary, it is slowly but surely building its place in the Czech scene and brings a&nbsp;different point of view on contemporary design. Moreover, it is consistently being curated, brings a&nbsp;different view of the field and allows a&nbsp;opportunity for students and young designers to be active.\u201d    <\/p>\r\n    <div class=\"reference-person\">\r\n                <p class=\"reference-person__name\">Adam \u0160t\u011bch        <\/p>\r\n        <p class=\"reference-person__position\">Creative group OKOLO         <\/p>\r\n    <\/div>\r\n<\/div><\/div>\n<\/div>\n<\/div><\/div>\n\n\n\n<div class=\"wp-block-group\"><div class=\"wp-block-group__inner-container\">\n<figure class=\"wp-block-image size-large is-resized is-style-default\"><a href=\"https:\/\/www.heroine.cz\/heroine-special-prezidentky\"><img loading=\"lazy\" src=\"https:\/\/zlindesignweek.com\/2021\/wp-content\/uploads\/2021\/05\/181261953-1168057110332866-558084457963740793-n-1-2-750x189.jpg\" alt=\"\" class=\"wp-image-10385\" width=\"1450\" height=\"365\" srcset=\"https:\/\/zlindesignweek.com\/2021\/wp-content\/uploads\/2021\/05\/181261953-1168057110332866-558084457963740793-n-1-2-750x189.jpg 750w, https:\/\/zlindesignweek.com\/2021\/wp-content\/uploads\/2021\/05\/181261953-1168057110332866-558084457963740793-n-1-2-500x126.jpg 500w, https:\/\/zlindesignweek.com\/2021\/wp-content\/uploads\/2021\/05\/181261953-1168057110332866-558084457963740793-n-1-2-768x193.jpg 768w, https:\/\/zlindesignweek.com\/2021\/wp-content\/uploads\/2021\/05\/181261953-1168057110332866-558084457963740793-n-1-2-250x63.jpg 250w, https:\/\/zlindesignweek.com\/2021\/wp-content\/uploads\/2021\/05\/181261953-1168057110332866-558084457963740793-n-1-2.jpg 1192w\" sizes=\"(max-width: 1450px) 100vw, 1450px\" \/><\/a><\/figure>\n\n\n\n<div style=\"height:100px\" aria-hidden=\"true\" class=\"wp-block-spacer\"><\/div>\n\n\n\r\n    <a href=\"https:\/\/zlindesignweek.com\/2021\/2021\/08\/18\/modou-vyjadruji-sve-myslenky-bavi-me-ale-i-remeslna-a-funkcni-stranka-tvrdi-vitezka-kategorie-fashion-design-karolina-cechova\/\"\r\n        title=\"\u201a\u201aM\u00f3dou vyjad\u0159uji sv\u00e9 my\u0161lenky, bav\u00ed m\u011b ale i&nbsp;\u0159emesln\u00e1 a&nbsp;funk\u010dn\u00ed str\u00e1nka,\u2018\u2018 tvrd\u00ed v\u00edt\u011bzka kategorie Fashion Design Karol\u00edna \u010cechov\u00e1.\" class=\"post-item-wrap has-white-background-color  post-item-wrap--main\">\r\n        <div class=\"post-item\">\r\n            <div class=\"post-item__image\" style=\"background-image: url(https:\/\/zlindesignweek.com\/2021\/wp-content\/uploads\/2021\/08\/inner-sanctum-4-750x265.jpg)\">\r\n            <\/div>\r\n            <div class=\"post-item__content\">\r\n                <h2 class=\"h4\">\r\n                    \u201a\u201aM\u00f3dou vyjad\u0159uji sv\u00e9 my\u0161lenky, bav\u00ed m\u011b ale i&nbsp;\u0159emesln\u00e1 a&nbsp;funk\u010dn\u00ed str\u00e1nka,\u2018\u2018 tvrd\u00ed v\u00edt\u011bzka kategorie Fashion Design Karol\u00edna \u010cechov\u00e1.                <\/h2>\r\n                <span class=\"date\">18.&nbsp;8.&nbsp;2021<\/span> |\r\n                <span class=\"author\">Martina Jel\u00ednkov\u00e1<\/span>\r\n                                <p class=\"post-item__perex\">Leto\u0161n\u00ed v\u00edt\u011bzka kategorie Fashion Design nen\u00ed v&nbsp;sout\u011b\u017ei Best in Design \u017e\u00e1dn\u00fdm nov\u00e1\u010dkem. U\u017e v&nbsp;lo\u0148sk\u00e9m roce se mlad\u00e1 m\u00f3dn\u00ed n\u00e1vrh\u00e1\u0159ka probojovala na stupn\u011b v\u00edt\u011bz\u016f se svou [&hellip;]                <\/p>\r\n                \r\n                <span class=\"post-item__read-more button-link\">read-more                    \u2192<\/span>\r\n            <\/div>\r\n        <\/div>\r\n    <\/a>\r\n    \r\n<div class=\"posts-wrap\">\r\n        <a href=\"https:\/\/zlindesignweek.com\/2021\/en\/2021\/08\/18\/i-express-my-ideas-in-fashion-but-i-also-enjoy-the-craftsmanship-and-functionality-says-karolina-cechova-the-winner-of-the-fashion-design-category\/\"\r\n        title=\"\u201a\u201aI express my ideas in fashion, but I&nbsp;also enjoy the craftsmanship and functionality,\u2018\u2018 says Karol\u00edna \u010cechov\u00e1, the winner of the Fashion Design category.\" class=\"post-item-wrap has-white-background-color \">\r\n        <div class=\"post-item\">\r\n            <div class=\"post-item__image\" style=\"background-image: url(https:\/\/zlindesignweek.com\/2021\/wp-content\/uploads\/2021\/08\/inner-sanctum-4-500x177.jpg)\">\r\n            <\/div>\r\n            <div class=\"post-item__content\">\r\n                <h2 class=\"h4\">\r\n                    \u201a\u201aI express my ideas in fashion, but I&nbsp;also enjoy the craftsmanship and functionality,\u2018\u2018 says Karol\u00edna \u010cechov\u00e1, the winner of the Fashion Design category.                <\/h2>\r\n                <span class=\"date\">18.&nbsp;8.&nbsp;2021<\/span> |\r\n                <span class=\"author\">Martina Jel\u00ednkov\u00e1<\/span>\r\n                \r\n                <span class=\"post-item__read-more button-link\">read-more                    \u2192<\/span>\r\n            <\/div>\r\n        <\/div>\r\n    <\/a>\r\n    \r\n    <a href=\"https:\/\/zlindesignweek.com\/2021\/2021\/08\/03\/hodnoceni-designu-je-problematicka-zalezitost-mini-vitez-best-in-design-ondrej-pechal\/\"\r\n        title=\"\u201a\u201aHodnocen\u00ed designu je problematick\u00e1 z\u00e1le\u017eitost,\u2018\u2018 m\u00edn\u00ed v\u00edt\u011bz Best in Design Ond\u0159ej Pechal\" class=\"post-item-wrap has-white-background-color \">\r\n        <div class=\"post-item\">\r\n            <div class=\"post-item__image\" style=\"background-image: url(https:\/\/zlindesignweek.com\/2021\/wp-content\/uploads\/2021\/08\/pechal-radiator-edudant-03-500x375.jpg)\">\r\n            <\/div>\r\n            <div class=\"post-item__content\">\r\n                <h2 class=\"h4\">\r\n                    \u201a\u201aHodnocen\u00ed designu je problematick\u00e1 z\u00e1le\u017eitost,\u2018\u2018 m\u00edn\u00ed v\u00edt\u011bz Best in Design Ond\u0159ej Pechal                <\/h2>\r\n                <span class=\"date\">3.&nbsp;8.&nbsp;2021<\/span> |\r\n                <span class=\"author\">Martina Jel\u00ednkov\u00e1<\/span>\r\n                \r\n                <span class=\"post-item__read-more button-link\">read-more                    \u2192<\/span>\r\n            <\/div>\r\n        <\/div>\r\n    <\/a>\r\n    \r\n    <a href=\"https:\/\/zlindesignweek.com\/2021\/en\/2021\/08\/03\/design-evaluation-is-a-problematic-issue-says-best-in-design-winner-ondrej-pechal\/\"\r\n        title=\"\u201a\u201aDesign evaluation is a&nbsp;problematic issue,\u2018\u2018 says Best in Design winner Ond\u0159ej Pechal\" class=\"post-item-wrap has-white-background-color \">\r\n        <div class=\"post-item\">\r\n            <div class=\"post-item__image\" style=\"background-image: url(https:\/\/zlindesignweek.com\/2021\/wp-content\/uploads\/2021\/08\/pechal-radiator-edudant-03-500x375.jpg)\">\r\n            <\/div>\r\n            <div class=\"post-item__content\">\r\n                <h2 class=\"h4\">\r\n                    \u201a\u201aDesign evaluation is a&nbsp;problematic issue,\u2018\u2018 says Best in Design winner Ond\u0159ej Pechal                <\/h2>\r\n                <span class=\"date\">3.&nbsp;8.&nbsp;2021<\/span> |\r\n                <span class=\"author\">Martina Jel\u00ednkov\u00e1<\/span>\r\n                \r\n                <span class=\"post-item__read-more button-link\">read-more                    \u2192<\/span>\r\n            <\/div>\r\n        <\/div>\r\n    <\/a>\r\n    <\/div><!-- .posts-wrap -->\r\n<div class=\"wp-block-button d-block\"><a class=\"wp-block-button__link has-dark-background-color\"\r\n        href=\"https:\/\/zlindesignweek.com\/2021\/blog\/\">display-more-posts \u2192<\/a>\r\n<\/div>\r\n\n\n\n<p><\/p>\n\n\n\n<p><\/p>\n<\/div><\/div>\n\n\n<div class=\"container\">\r\n    <div class=\"newsletter-block pt-3 pb-3\">\r\n        <div class=\"newsletter-block__title\">\r\n            <h2>be-in-frame            <\/h2>\r\n            <p class=\"large\">join-newsletter            <\/p>\r\n        <\/div>\r\n        <div class=\"newsletter-block__form\">\r\n            <div id=\"mc_embed_signup\">\r\n                <form\r\n                    action=\"https:\/\/zlindesignweek.us11.list-manage.com\/subscribe\/post?u=6b2cc9d11694add8221484e2c&amp;id=2a0f50ac75\"\r\n                    method=\"post\" id=\"mc-embedded-subscribe-form\" name=\"mc-embedded-subscribe-form\" class=\"validate\"\r\n                    target=\"_blank\" novalidate>\r\n                    <div id=\"mc_embed_signup_scroll\">\r\n                        <input type=\"email\" value=\"\" name=\"EMAIL\" class=\"required email\" id=\"mce-EMAIL\"\r\n                            placeholder=\"insert-your-email\">\r\n                        <input type=\"submit\"\r\n                            value=\"sign-for-newsletter\"\r\n                            name=\"subscribe\" id=\"mc-embedded-subscribe\" class=\"button\">\r\n                        <div id=\"mce-responses\" class=\"clear\">\r\n                            <div class=\"response\" id=\"mce-error-response\" style=\"display:none\"><\/div>\r\n                            <div class=\"response\" id=\"mce-success-response\" style=\"display:none\"><\/div>\r\n                        <\/div>\r\n                        <div style=\"position: absolute; left: -5000px;\" aria-hidden=\"true\"><input type=\"text\"\r\n                                name=\"b_6b2cc9d11694add8221484e2c_2a0f50ac75\" tabindex=\"-1\" value=\"\"><\/div>\r\n\r\n                    <\/div>\r\n                <\/form>\r\n            <\/div>\r\n        <\/div>\r\n    <\/div>\r\n<\/div>\n\n\n<p><\/p>\n","protected":false},"excerpt":{"rendered":"","protected":false},"author":2,"featured_media":0,"parent":0,"menu_order":0,"comment_status":"closed","ping_status":"open","template":"","meta":[],"_links":{"self":[{"href":"https:\/\/zlindesignweek.com\/2021\/wp-json\/wp\/v2\/pages\/93"}],"collection":[{"href":"https:\/\/zlindesignweek.com\/2021\/wp-json\/wp\/v2\/pages"}],"about":[{"href":"https:\/\/zlindesignweek.com\/2021\/wp-json\/wp\/v2\/types\/page"}],"author":[{"embeddable":true,"href":"https:\/\/zlindesignweek.com\/2021\/wp-json\/wp\/v2\/users\/2"}],"replies":[{"embeddable":true,"href":"https:\/\/zlindesignweek.com\/2021\/wp-json\/wp\/v2\/comments?post=93"}],"version-history":[{"count":158,"href":"https:\/\/zlindesignweek.com\/2021\/wp-json\/wp\/v2\/pages\/93\/revisions"}],"predecessor-version":[{"id":11163,"href":"https:\/\/zlindesignweek.com\/2021\/wp-json\/wp\/v2\/pages\/93\/revisions\/11163"}],"wp:attachment":[{"href":"https:\/\/zlindesignweek.com\/2021\/wp-json\/wp\/v2\/media?parent=93"}],"curies":[{"name":"wp","href":"https:\/\/api.w.org\/{rel}","templated":true}]}}