{"id":7851,"date":"2021-02-19T00:00:40","date_gmt":"2021-02-18T23:00:40","guid":{"rendered":"https:\/\/zlindesignweek.com\/2021\/?page_id=7851"},"modified":"2021-02-19T03:01:04","modified_gmt":"2021-02-19T02:01:04","slug":"webxr-v-umeni-a-vzdelavani","status":"publish","type":"page","link":"https:\/\/zlindesignweek.com\/2021\/zdw-exhibition-design-lab-cs\/webxr-v-umeni-a-vzdelavani\/","title":{"rendered":"WebXR v&nbsp;um\u011bn\u00ed a&nbsp;vzd\u011bl\u00e1v\u00e1n\u00ed"},"content":{"rendered":"\n<div class=\"wp-block-group has-white-background-color has-background\"><div class=\"wp-block-group__inner-container\">\n<div class=\"wp-block-image\"><figure class=\"alignright size-large is-resized\"><img loading=\"lazy\" src=\"https:\/\/zlindesignweek.com\/2021\/wp-content\/uploads\/2021\/02\/maciej-gniady-750x750.png\" alt=\"\" class=\"wp-image-7811\" width=\"335\" height=\"335\" srcset=\"https:\/\/zlindesignweek.com\/2021\/wp-content\/uploads\/2021\/02\/maciej-gniady-750x750.png 750w, https:\/\/zlindesignweek.com\/2021\/wp-content\/uploads\/2021\/02\/maciej-gniady-500x500.png 500w, https:\/\/zlindesignweek.com\/2021\/wp-content\/uploads\/2021\/02\/maciej-gniady-150x150.png 150w, https:\/\/zlindesignweek.com\/2021\/wp-content\/uploads\/2021\/02\/maciej-gniady-768x768.png 768w, https:\/\/zlindesignweek.com\/2021\/wp-content\/uploads\/2021\/02\/maciej-gniady-1440x1440.png 1440w, https:\/\/zlindesignweek.com\/2021\/wp-content\/uploads\/2021\/02\/maciej-gniady-250x250.png 250w, https:\/\/zlindesignweek.com\/2021\/wp-content\/uploads\/2021\/02\/maciej-gniady.png 1500w\" sizes=\"(max-width: 335px) 100vw, 335px\" \/><\/figure><\/div>\n\n\n\n<p>Specialista na cross reality, kter\u00fd v&nbsp;sou\u010dasn\u00e9 dob\u011b d\u011bl\u00e1 doktor\u00e1t na ASP v&nbsp;polsk\u00e9m Krakov\u011b,&nbsp; <br>se s&nbsp;v\u00e1mi pod\u011bl\u00ed o&nbsp;sv\u00e9 zku\u0161enost s&nbsp;tvorbou v\u00fdstav zalo\u017een\u00fdch na webXR a&nbsp;se vzd\u011bl\u00e1v\u00e1n\u00edm <br>za pomoc\u00ed s\u00ed\u0165ov\u00fdch aplikac\u00ed.&nbsp;&nbsp;<\/p>\n\n\n\n<p><span class=\"has-inline-color has-white-color\">.<\/span><\/p>\n\n\n\n<p>Maciej Gniady tvo\u0159\u00ed pro divadla, spolupracuje s&nbsp;polsk\u00fdm Divadeln\u00edm institutem a&nbsp;jeho pr\u00e1ci <br>\u201eAporia. M\u011bsto je m\u011bsto\u201d, kter\u00e9 nahl\u00ed\u017e\u00ed na obyvatel\u00e9 dvou paraleln\u00edch realit, jste mohli <br>vid\u011bt na Pra\u017esk\u00e9m Quadriennale v&nbsp;roce 2019.<\/p>\n\n\n\n<p><span class=\"has-inline-color has-white-color\">.<\/span><\/p>\n\n\n\n<p>Ve sv\u00e9m v\u00fdstupu na Konferenci Design Labu v\u00e1m prozrad\u00ed, jak se chystala s\u00e9rie v\u00fdstav vytvo\u0159en\u00fdch <br>pro SOLARIS National Synchrotron Radiation Center, mluvit bude i&nbsp;o&nbsp;tom, jak se projekty v&nbsp;posledn\u00edch <br>letech vyvinuly a&nbsp;jak\u00e9 jsou budouc\u00ed perspektivy haptick\u00fdch interakc\u00ed a&nbsp;strojov\u00e9ho u\u010den\u00ed v&nbsp;XR.<\/p>\n<\/div><\/div>\n\n\n\n<p><\/p>\n","protected":false},"excerpt":{"rendered":"","protected":false},"author":26,"featured_media":0,"parent":6850,"menu_order":0,"comment_status":"closed","ping_status":"closed","template":"","meta":[],"_links":{"self":[{"href":"https:\/\/zlindesignweek.com\/2021\/wp-json\/wp\/v2\/pages\/7851"}],"collection":[{"href":"https:\/\/zlindesignweek.com\/2021\/wp-json\/wp\/v2\/pages"}],"about":[{"href":"https:\/\/zlindesignweek.com\/2021\/wp-json\/wp\/v2\/types\/page"}],"author":[{"embeddable":true,"href":"https:\/\/zlindesignweek.com\/2021\/wp-json\/wp\/v2\/users\/26"}],"replies":[{"embeddable":true,"href":"https:\/\/zlindesignweek.com\/2021\/wp-json\/wp\/v2\/comments?post=7851"}],"version-history":[{"count":11,"href":"https:\/\/zlindesignweek.com\/2021\/wp-json\/wp\/v2\/pages\/7851\/revisions"}],"predecessor-version":[{"id":7926,"href":"https:\/\/zlindesignweek.com\/2021\/wp-json\/wp\/v2\/pages\/7851\/revisions\/7926"}],"up":[{"embeddable":true,"href":"https:\/\/zlindesignweek.com\/2021\/wp-json\/wp\/v2\/pages\/6850"}],"wp:attachment":[{"href":"https:\/\/zlindesignweek.com\/2021\/wp-json\/wp\/v2\/media?parent=7851"}],"curies":[{"name":"wp","href":"https:\/\/api.w.org\/{rel}","templated":true}]}}