{"id":7837,"date":"2021-02-19T00:29:10","date_gmt":"2021-02-18T23:29:10","guid":{"rendered":"https:\/\/zlindesignweek.com\/2021\/?page_id=7837"},"modified":"2021-02-18T23:55:15","modified_gmt":"2021-02-18T22:55:15","slug":"festivaly-virtual-worlds-a-new-audiences","status":"publish","type":"page","link":"https:\/\/zlindesignweek.com\/2021\/zdw-exhibition-design-lab-en\/festivaly-virtual-worlds-a-new-audiences\/","title":{"rendered":"Festivaly: Virtual Worlds a&nbsp;New Audiences"},"content":{"rendered":"\n<div class=\"wp-block-group has-white-background-color has-background\"><div class=\"wp-block-group__inner-container\">\n<div class=\"wp-block-image\"><figure class=\"alignright size-large is-resized\"><img loading=\"lazy\" src=\"https:\/\/zlindesignweek.com\/2021\/wp-content\/uploads\/2021\/02\/viola-van-alphen.png\" alt=\"\" class=\"wp-image-7808\" width=\"339\" height=\"339\" srcset=\"https:\/\/zlindesignweek.com\/2021\/wp-content\/uploads\/2021\/02\/viola-van-alphen.png 720w, https:\/\/zlindesignweek.com\/2021\/wp-content\/uploads\/2021\/02\/viola-van-alphen-500x500.png 500w, https:\/\/zlindesignweek.com\/2021\/wp-content\/uploads\/2021\/02\/viola-van-alphen-150x150.png 150w, https:\/\/zlindesignweek.com\/2021\/wp-content\/uploads\/2021\/02\/viola-van-alphen-250x250.png 250w\" sizes=\"(max-width: 339px) 100vw, 339px\" \/><\/figure><\/div>\n\n\n\n<p>Viola van Alphen je kreativn\u00ed \u0159editelka Manifestations, festivalu Art, Tech &amp; Fun. <br>Vyd\u00e1n\u00ed Manifestations 2020 bylo organizov\u00e1no online (kv\u016fli koronaviru) a&nbsp;oslovilo desetkr\u00e1t <br>v\u00edce lid\u00ed ne\u017e obvykl\u00e1 fyzick\u00e1 vyd\u00e1n\u00ed. To ukazuje, \u017ee digit\u00e1ln\u00ed festival m\u016f\u017ee m\u00edt tak\u00e9 velk\u00fd \u00fasp\u011bch!<br>Po roce v\u00fdzkumu se zjistilo, \u017ee ka\u017ed\u00e1 c\u00edlov\u00e1 skupina pot\u0159ebuje jinou platformu. Dob\u0159e nav\u0161t\u011bvovanou <br>a snadno dostupnou metodou pro publikum, kter\u00e9 je ve virtu\u00e1ln\u00edch sv\u011btech nov\u00e9, je nap\u0159\u00edklad \u017eiv\u00e9 <br>vys\u00edl\u00e1n\u00ed z&nbsp;t\u011bchto n\u011bkolika platforem nebo z&nbsp;virtu\u00e1ln\u00edch sv\u011bt\u016f. T\u00edmto zp\u016fsobem maj\u00ed c\u00edlov\u00e9 skupiny, <br>kter\u00e9 jsou ve virtu\u00e1ln\u00edch sv\u011btech nov\u00e9, st\u00e1le pocit, \u017ee se \u00fa\u010dastn\u00ed.\u00a0<\/p>\n\n\n\n<p>Virtu\u00e1ln\u00ed sv\u011bty nav\u00edc ukazuj\u00ed neomezen\u00e9 mo\u017enosti, ale aby bylo mo\u017en\u00e9 se dob\u0159e spojit se v\u0161emi<br>r\u016fzn\u00fdmi c\u00edlov\u00fdmi skupinami, je nutn\u00e9 zvolit otev\u0159en\u00e9 platformy. Tyto otev\u0159en\u00e9 platformy <br>umo\u017e\u0148uj\u00ed interakci um\u011blc\u016f, publika, blogger\u016f a&nbsp;komunity.\u00a0\u00a0<br><br>Z\u00fa\u010dastn\u011bte se konference a&nbsp;zjist\u011bte v\u00edce o&nbsp;virtu\u00e1ln\u00edch sv\u011btech, v\u010detn\u011b Mozilla Hubs, Sansar, <br>Second Life, AR facefilters, 3D-rooms, Zoom a&nbsp;dal\u0161\u00edch.<\/p>\n<\/div><\/div>\n\n\n\n<p><\/p>\n","protected":false},"excerpt":{"rendered":"","protected":false},"author":26,"featured_media":0,"parent":6860,"menu_order":0,"comment_status":"closed","ping_status":"closed","template":"","meta":[],"_links":{"self":[{"href":"https:\/\/zlindesignweek.com\/2021\/wp-json\/wp\/v2\/pages\/7837"}],"collection":[{"href":"https:\/\/zlindesignweek.com\/2021\/wp-json\/wp\/v2\/pages"}],"about":[{"href":"https:\/\/zlindesignweek.com\/2021\/wp-json\/wp\/v2\/types\/page"}],"author":[{"embeddable":true,"href":"https:\/\/zlindesignweek.com\/2021\/wp-json\/wp\/v2\/users\/26"}],"replies":[{"embeddable":true,"href":"https:\/\/zlindesignweek.com\/2021\/wp-json\/wp\/v2\/comments?post=7837"}],"version-history":[{"count":12,"href":"https:\/\/zlindesignweek.com\/2021\/wp-json\/wp\/v2\/pages\/7837\/revisions"}],"predecessor-version":[{"id":7849,"href":"https:\/\/zlindesignweek.com\/2021\/wp-json\/wp\/v2\/pages\/7837\/revisions\/7849"}],"up":[{"embeddable":true,"href":"https:\/\/zlindesignweek.com\/2021\/wp-json\/wp\/v2\/pages\/6860"}],"wp:attachment":[{"href":"https:\/\/zlindesignweek.com\/2021\/wp-json\/wp\/v2\/media?parent=7837"}],"curies":[{"name":"wp","href":"https:\/\/api.w.org\/{rel}","templated":true}]}}