{"id":7818,"date":"2021-02-19T00:38:30","date_gmt":"2021-02-18T23:38:30","guid":{"rendered":"https:\/\/zlindesignweek.com\/2021\/?page_id=7818"},"modified":"2021-02-19T00:54:57","modified_gmt":"2021-02-18T23:54:57","slug":"umeni-online-ne-tak-zcela-vystavy-mezi-fyzickym-a-virtualnim-prostredim","status":"publish","type":"page","link":"https:\/\/zlindesignweek.com\/2021\/zdw-exhibition-design-lab-en\/umeni-online-ne-tak-zcela-vystavy-mezi-fyzickym-a-virtualnim-prostredim\/","title":{"rendered":"Um\u011bn\u00ed online? Ne tak zcela."},"content":{"rendered":"\n<div class=\"wp-block-group has-white-background-color has-background\"><div class=\"wp-block-group__inner-container\">\n<div class=\"wp-block-image\"><figure class=\"alignright size-large is-resized\"><img loading=\"lazy\" src=\"https:\/\/zlindesignweek.com\/2021\/wp-content\/uploads\/2021\/02\/samu-szemerey-750x750.png\" alt=\"\" class=\"wp-image-7809\" width=\"342\" height=\"342\" srcset=\"https:\/\/zlindesignweek.com\/2021\/wp-content\/uploads\/2021\/02\/samu-szemerey-750x750.png 750w, https:\/\/zlindesignweek.com\/2021\/wp-content\/uploads\/2021\/02\/samu-szemerey-500x500.png 500w, https:\/\/zlindesignweek.com\/2021\/wp-content\/uploads\/2021\/02\/samu-szemerey-150x150.png 150w, https:\/\/zlindesignweek.com\/2021\/wp-content\/uploads\/2021\/02\/samu-szemerey-768x768.png 768w, https:\/\/zlindesignweek.com\/2021\/wp-content\/uploads\/2021\/02\/samu-szemerey-1440x1440.png 1440w, https:\/\/zlindesignweek.com\/2021\/wp-content\/uploads\/2021\/02\/samu-szemerey-250x250.png 250w, https:\/\/zlindesignweek.com\/2021\/wp-content\/uploads\/2021\/02\/samu-szemerey.png 1500w\" sizes=\"(max-width: 342px) 100vw, 342px\" \/><\/figure><\/div>\n\n\n\n<p>Samu Szemerey je architekt a&nbsp;urbanista. Je spoluzakladatelem a&nbsp;\u0159editelem obsahu <br>K\u00c9K Hungarian Contemporary Architecture Center a&nbsp;hlavn\u00edm odborn\u00edkem ve spole\u010dnosti <br>Lechner Nonprofit Ltd, kde pracuje na v\u00fdvoji m\u011bstsk\u00fdch slu\u017eeb a&nbsp;koordinaci program\u016f <br>inteligentn\u00edch m\u011bst v&nbsp;Ma\u010farsku. Specializuje se na p\u0159ekr\u00fdv\u00e1n\u00ed technologi\u00ed, kulturn\u00edch <br>a kreativn\u00edch pr\u016fmyslov\u00fdch odv\u011btv\u00ed a&nbsp;zastav\u011bn\u00e9ho prost\u0159ed\u00ed.<\/p>\n\n\n\n<p>A na co se m\u016f\u017eeze t\u011b\u0161it na jeho p\u0159edn\u00e1\u0161ce?<br>\u201eM\u00e1m v&nbsp;pl\u00e1nu diskutovat o&nbsp;dilematu hybridn\u00edch (online \u2013\u2060 offline) v\u00fdstav. Toto t\u00e9ma je dnes <br>samoz\u0159ejm\u011b velmi d\u016fle\u017eit\u00e9 kv\u016fli pandemick\u00fdm omezen\u00edm a&nbsp;p\u0159e\u017eit\u00ed kulturn\u00edch instituc\u00ed, ale je to <br>tak\u00e9 v\u011bt\u0161\u00ed probl\u00e9m pro muzea a&nbsp;v\u00fdstavy obecn\u011b v&nbsp;digit\u00e1ln\u00ed \u00e9\u0159e. Online kultura transformuje <br>archivn\u00ed syst\u00e9my, chov\u00e1n\u00ed publika a&nbsp;strategie \u010dten\u00ed, stejn\u011b jako kur\u00e1torsk\u00e9 p\u0159\u00edstupy k&nbsp;pojet\u00ed <br>v\u00fdstav jako \u201euzav\u0159en\u00fdch\u201c, hotov\u00fdch artefakt\u016f. Z&nbsp;hlediska designu by ot\u00e1zkou mohlo b\u00fdt siln\u011bj\u0161\u00ed <br>zam\u011b\u0159en\u00ed na aspekty v\u00fdstavn\u00edho designu, kter\u00e9 nejsou replikovateln\u00e9 a&nbsp;odol\u00e1vaj\u00ed digitalizaci, <br>p\u0159i pou\u017eit\u00ed digit\u00e1ln\u00edch a&nbsp;online form\u00e1t\u016f jako n\u00e1stroj\u016f k&nbsp;p\u0159ibl\u00ed\u017een\u00ed a&nbsp;dopln\u011bn\u00ed zku\u0161enost\u00ed s&nbsp;fyzikou.\u201d<\/p>\n<\/div><\/div>\n\n\n\n<p><\/p>\n\n\n\n<p><\/p>\n","protected":false},"excerpt":{"rendered":"","protected":false},"author":26,"featured_media":0,"parent":6860,"menu_order":0,"comment_status":"closed","ping_status":"closed","template":"","meta":[],"_links":{"self":[{"href":"https:\/\/zlindesignweek.com\/2021\/wp-json\/wp\/v2\/pages\/7818"}],"collection":[{"href":"https:\/\/zlindesignweek.com\/2021\/wp-json\/wp\/v2\/pages"}],"about":[{"href":"https:\/\/zlindesignweek.com\/2021\/wp-json\/wp\/v2\/types\/page"}],"author":[{"embeddable":true,"href":"https:\/\/zlindesignweek.com\/2021\/wp-json\/wp\/v2\/users\/26"}],"replies":[{"embeddable":true,"href":"https:\/\/zlindesignweek.com\/2021\/wp-json\/wp\/v2\/comments?post=7818"}],"version-history":[{"count":7,"href":"https:\/\/zlindesignweek.com\/2021\/wp-json\/wp\/v2\/pages\/7818\/revisions"}],"predecessor-version":[{"id":7921,"href":"https:\/\/zlindesignweek.com\/2021\/wp-json\/wp\/v2\/pages\/7818\/revisions\/7921"}],"up":[{"embeddable":true,"href":"https:\/\/zlindesignweek.com\/2021\/wp-json\/wp\/v2\/pages\/6860"}],"wp:attachment":[{"href":"https:\/\/zlindesignweek.com\/2021\/wp-json\/wp\/v2\/media?parent=7818"}],"curies":[{"name":"wp","href":"https:\/\/api.w.org\/{rel}","templated":true}]}}