{"id":7595,"date":"2021-02-11T01:20:23","date_gmt":"2021-02-11T00:20:23","guid":{"rendered":"https:\/\/zlindesignweek.com\/2021\/?page_id=7595"},"modified":"2021-02-11T01:28:18","modified_gmt":"2021-02-11T00:28:18","slug":"navrhovani-video-vystavy-prinasi-na-obrazovku-fyzicky-zazitek","status":"publish","type":"page","link":"https:\/\/zlindesignweek.com\/2021\/zdw-exhibition-design-lab-cs\/navrhovani-video-vystavy-prinasi-na-obrazovku-fyzicky-zazitek\/","title":{"rendered":"Navrhov\u00e1n\u00ed video v\u00fdstavy: p\u0159in\u00e1\u0161\u00ed na obrazovku fyzick\u00fd z\u00e1\u017eitek"},"content":{"rendered":"\n<div class=\"wp-block-group has-white-background-color has-background\"><div class=\"wp-block-group__inner-container\">\n<div class=\"wp-block-image\"><figure class=\"alignright size-large is-resized\"><img loading=\"lazy\" src=\"https:\/\/zlindesignweek.com\/2021\/wp-content\/uploads\/2021\/02\/lorenzo-gerbi-6-750x750.png\" alt=\"\" class=\"wp-image-7366\" width=\"373\" height=\"373\" srcset=\"https:\/\/zlindesignweek.com\/2021\/wp-content\/uploads\/2021\/02\/lorenzo-gerbi-6-750x750.png 750w, https:\/\/zlindesignweek.com\/2021\/wp-content\/uploads\/2021\/02\/lorenzo-gerbi-6-500x500.png 500w, https:\/\/zlindesignweek.com\/2021\/wp-content\/uploads\/2021\/02\/lorenzo-gerbi-6-150x150.png 150w, https:\/\/zlindesignweek.com\/2021\/wp-content\/uploads\/2021\/02\/lorenzo-gerbi-6-768x768.png 768w, https:\/\/zlindesignweek.com\/2021\/wp-content\/uploads\/2021\/02\/lorenzo-gerbi-6-1440x1440.png 1440w, https:\/\/zlindesignweek.com\/2021\/wp-content\/uploads\/2021\/02\/lorenzo-gerbi-6-250x250.png 250w, https:\/\/zlindesignweek.com\/2021\/wp-content\/uploads\/2021\/02\/lorenzo-gerbi-6.png 1500w\" sizes=\"(max-width: 373px) 100vw, 373px\" \/><\/figure><\/div>\n\n\n\n<p>Druh\u00fdm \u0159e\u010dn\u00edkem na ZDW Exhibition Design Lab je Lorenzo Gerbi &#8211; holandsk\u00fd design\u00e9r, um\u011bleck\u00fd \u0159editel a&nbsp;kulturn\u00edm producent. Sv\u00e9 design\u00e9rsk\u00e9 z\u00e1zem\u00ed vyu\u017e\u00edv\u00e1 v&nbsp;kulturn\u00ed oblasti jako producent a&nbsp;kur\u00e1tor. <br>Zejm\u00e9na pro eventy v&nbsp;oblasti vizu\u00e1ln\u00edch efekt\u016f, digit\u00e1ln\u00edho kina, audiovizu\u00e1ln\u00edch p\u0159edstaven\u00ed a&nbsp;videoartu. <br>V r\u00e1mci Durch Design Weeku vytvo\u0159il koncept video v\u00fdstavy, kter\u00e1 vytvo\u0159ila do\u010dasnou filmovou sadu, kter\u00e1 <br>by m\u011bla p\u0159in\u00e9st fyzick\u00fd z\u00e1\u017eitek av\u0161ak \u00fapln\u011b jin\u00fdm zp\u016fsobem.\u00a0<\/p>\n\n\n\n<p>\u201eOnline v\u00fdstava se \u010dasto st\u00e1v\u00e1 2D vrstvou, kter\u00e1 n\u011bkdy vytv\u00e1\u0159\u00ed iluzi prostoru prost\u0159ednictv\u00edm <br>3D model\u016f, kter\u00e9 jsou nakonec zplo\u0161t\u011bny obrazovkou. Navrhov\u00e1n\u00ed videoprojekce by nem\u011blo <br>b\u00fdt o&nbsp;replikaci fyzick\u00e9 v\u00fdstavy, ale o&nbsp;nalezen\u00ed nov\u00e9ho form\u00e1tu, kter\u00fd m\u016f\u017ee dos\u00e1hnout stejn\u00fdch c\u00edl\u016f, <br>ale v&nbsp;jin\u00e9 form\u011b.\u201d \u0159\u00edk\u00e1 Lorenzo.<\/p>\n\n\n\n<p>Svou p\u0159edn\u00e1\u0161ku Lorenzo zam\u011b\u0159\u00ed na prezentaci Economia Video Exhibition, kter\u00e1 s&nbsp;vystaven\u00fdmi d\u00edly <br>pracuje na principu filmov\u00e9 inscenace. Div\u00e1k se d\u00edky tomu p\u0159ibl\u00ed\u017e\u00ed k&nbsp;vystaven\u00fdm d\u00edl\u016fm t\u00e9m\u011b\u0159 na dosah <br>ruky, av\u0161ak z&nbsp;d\u00e1lky online prostoru.<br><br>V\u00edce informac\u00ed o&nbsp;Economia Video Exhibition najdete zde: <a href=\"https:\/\/thinkeconomia.com\/\">https:\/\/thinkeconomia.com\/<\/a><\/p>\n<\/div><\/div>\n\n\n\n<p><\/p>\n","protected":false},"excerpt":{"rendered":"","protected":false},"author":26,"featured_media":0,"parent":6850,"menu_order":0,"comment_status":"closed","ping_status":"closed","template":"","meta":[],"_links":{"self":[{"href":"https:\/\/zlindesignweek.com\/2021\/wp-json\/wp\/v2\/pages\/7595"}],"collection":[{"href":"https:\/\/zlindesignweek.com\/2021\/wp-json\/wp\/v2\/pages"}],"about":[{"href":"https:\/\/zlindesignweek.com\/2021\/wp-json\/wp\/v2\/types\/page"}],"author":[{"embeddable":true,"href":"https:\/\/zlindesignweek.com\/2021\/wp-json\/wp\/v2\/users\/26"}],"replies":[{"embeddable":true,"href":"https:\/\/zlindesignweek.com\/2021\/wp-json\/wp\/v2\/comments?post=7595"}],"version-history":[{"count":11,"href":"https:\/\/zlindesignweek.com\/2021\/wp-json\/wp\/v2\/pages\/7595\/revisions"}],"predecessor-version":[{"id":7606,"href":"https:\/\/zlindesignweek.com\/2021\/wp-json\/wp\/v2\/pages\/7595\/revisions\/7606"}],"up":[{"embeddable":true,"href":"https:\/\/zlindesignweek.com\/2021\/wp-json\/wp\/v2\/pages\/6850"}],"wp:attachment":[{"href":"https:\/\/zlindesignweek.com\/2021\/wp-json\/wp\/v2\/media?parent=7595"}],"curies":[{"name":"wp","href":"https:\/\/api.w.org\/{rel}","templated":true}]}}