{"id":7587,"date":"2021-02-11T01:15:18","date_gmt":"2021-02-11T00:15:18","guid":{"rendered":"https:\/\/zlindesignweek.com\/2021\/?page_id=7587"},"modified":"2021-02-19T03:00:17","modified_gmt":"2021-02-19T02:00:17","slug":"kuratorstvi-v-pandemickych-dobach-od-vyzev-k-vyhodam","status":"publish","type":"page","link":"https:\/\/zlindesignweek.com\/2021\/kuratorstvi-v-pandemickych-dobach-od-vyzev-k-vyhodam\/","title":{"rendered":"Kur\u00e1torstv\u00ed v&nbsp;pandemick\u00fdch dob\u00e1ch: od v\u00fdzev k&nbsp;v\u00fdhod\u00e1m"},"content":{"rendered":"\n<div class=\"wp-block-group has-white-background-color has-background\"><div class=\"wp-block-group__inner-container\">\n<div class=\"wp-block-image\"><figure class=\"alignright size-large is-resized\"><img loading=\"lazy\" src=\"https:\/\/zlindesignweek.com\/2021\/wp-content\/uploads\/2021\/02\/helena-nikonole-6-750x750.png\" alt=\"\" class=\"wp-image-7362\" width=\"351\" height=\"351\" srcset=\"https:\/\/zlindesignweek.com\/2021\/wp-content\/uploads\/2021\/02\/helena-nikonole-6-750x750.png 750w, https:\/\/zlindesignweek.com\/2021\/wp-content\/uploads\/2021\/02\/helena-nikonole-6-500x500.png 500w, https:\/\/zlindesignweek.com\/2021\/wp-content\/uploads\/2021\/02\/helena-nikonole-6-150x150.png 150w, https:\/\/zlindesignweek.com\/2021\/wp-content\/uploads\/2021\/02\/helena-nikonole-6-768x768.png 768w, https:\/\/zlindesignweek.com\/2021\/wp-content\/uploads\/2021\/02\/helena-nikonole-6-1440x1440.png 1440w, https:\/\/zlindesignweek.com\/2021\/wp-content\/uploads\/2021\/02\/helena-nikonole-6-250x250.png 250w, https:\/\/zlindesignweek.com\/2021\/wp-content\/uploads\/2021\/02\/helena-nikonole-6.png 1500w\" sizes=\"(max-width: 351px) 100vw, 351px\" \/><\/figure><\/div>\n\n\n\n<p>Dal\u0161\u00ed \u0159e\u010dn\u00edk, kter\u00fd s&nbsp;tebou bude v&nbsp;ZOOM ok\u00e9nku v&nbsp;r\u00e1mci ZDW Exhibition Design Lab <br>Conference sd\u00edlet sv\u00e9 zku\u0161enosti a&nbsp;moudra, je Helena Nikonole, um\u011blkyn\u011b nov\u00fdch m\u00e9di\u00ed <br>a nez\u00e1visl\u00e1 kur\u00e1torka.<\/p>\n\n\n\n<p>Helena se zaj\u00edm\u00e1 p\u0159edev\u0161\u00edm o&nbsp;hybridn\u00ed um\u011bn\u00ed, novou estetiku, internet v\u011bc\u00ed a&nbsp;um\u011blou <br>inteligenci. Heleniny pr\u00e1ce najde\u0161 po&nbsp;cel\u00e9m sv\u011bt\u011b, od Norska, p\u0159es jej\u00ed rodn\u00e9 Rusko <br>a\u017e po&nbsp;Japonsko. Helena tak\u00e9 edukuje ostatn\u00ed v&nbsp;oblasti digit\u00e1ln\u00edch a&nbsp;online v\u00fdstav <br>i jin\u00fdch ud\u00e1lost\u00ed. Ve sv\u00fdch prac\u00edch se tak\u00e9 zab\u00fdv\u00e1 krom\u011b potenci\u00e1ln\u00edch p\u0159\u00edle\u017eitost\u00ed <br>technologi\u00ed i&nbsp;jejich riziky, kter\u00e9 si v\u011bdci a&nbsp;technoevangelist\u00e9 neuv\u011bdomuj\u00ed.&nbsp;<\/p>\n\n\n\n<p>A o&nbsp;co se s&nbsp;tebou Helena pod\u011bl\u00ed?<br>\u201eVe sv\u00e9 prezentaci se pod\u011bl\u00edm o&nbsp;m\u00e9 um\u011bleck\u00e9 a&nbsp;kur\u00e1torsk\u00e9 zku\u0161enosti p\u0159i&nbsp;organizaci <br>online event\u016f. Od online festivalu <a href=\"http:\/\/forecast2022.online\/\">FORECAST2022 <\/a>a\u017e po&nbsp;<a href=\"https:\/\/datasetsmindsets.com\/\">Datasets vs Mindsets<\/a>: Post-Soviet <br>Explorations of the Digital Control Society. Pop\u00ed\u0161u v\u00e1m typick\u00e9 probl\u00e9my a&nbsp;stejn\u011b tak benefity <br>spojen\u00e9 s&nbsp;prac\u00ed na online projektech.\u201d<\/p>\n<\/div><\/div>\n\n\n\n<p><\/p>\n","protected":false},"excerpt":{"rendered":"","protected":false},"author":26,"featured_media":0,"parent":0,"menu_order":0,"comment_status":"closed","ping_status":"closed","template":"","meta":[],"_links":{"self":[{"href":"https:\/\/zlindesignweek.com\/2021\/wp-json\/wp\/v2\/pages\/7587"}],"collection":[{"href":"https:\/\/zlindesignweek.com\/2021\/wp-json\/wp\/v2\/pages"}],"about":[{"href":"https:\/\/zlindesignweek.com\/2021\/wp-json\/wp\/v2\/types\/page"}],"author":[{"embeddable":true,"href":"https:\/\/zlindesignweek.com\/2021\/wp-json\/wp\/v2\/users\/26"}],"replies":[{"embeddable":true,"href":"https:\/\/zlindesignweek.com\/2021\/wp-json\/wp\/v2\/comments?post=7587"}],"version-history":[{"count":2,"href":"https:\/\/zlindesignweek.com\/2021\/wp-json\/wp\/v2\/pages\/7587\/revisions"}],"predecessor-version":[{"id":7925,"href":"https:\/\/zlindesignweek.com\/2021\/wp-json\/wp\/v2\/pages\/7587\/revisions\/7925"}],"wp:attachment":[{"href":"https:\/\/zlindesignweek.com\/2021\/wp-json\/wp\/v2\/media?parent=7587"}],"curies":[{"name":"wp","href":"https:\/\/api.w.org\/{rel}","templated":true}]}}