{"id":7573,"date":"2021-02-11T00:58:19","date_gmt":"2021-02-10T23:58:19","guid":{"rendered":"https:\/\/zlindesignweek.com\/2021\/?page_id=7573"},"modified":"2021-02-11T01:05:40","modified_gmt":"2021-02-11T00:05:40","slug":"zkusenosti-s-designem-pro-bezpecnost-intimitu-a-poteseni","status":"publish","type":"page","link":"https:\/\/zlindesignweek.com\/2021\/zkusenosti-s-designem-pro-bezpecnost-intimitu-a-poteseni\/","title":{"rendered":"Zku\u0161enosti s&nbsp;designem pro bezpe\u010dnost, intimitu a&nbsp;pot\u011b\u0161en\u00ed."},"content":{"rendered":"\n<div class=\"wp-block-group has-white-background-color has-background\"><div class=\"wp-block-group__inner-container\">\n<div class=\"wp-block-image\"><figure class=\"alignright size-large is-resized\"><img loading=\"lazy\" src=\"https:\/\/zlindesignweek.com\/2021\/wp-content\/uploads\/2021\/02\/caroline-sinders-1.png\" alt=\"\" class=\"wp-image-7336\" width=\"399\" height=\"399\" srcset=\"https:\/\/zlindesignweek.com\/2021\/wp-content\/uploads\/2021\/02\/caroline-sinders-1.png 720w, https:\/\/zlindesignweek.com\/2021\/wp-content\/uploads\/2021\/02\/caroline-sinders-1-500x500.png 500w, https:\/\/zlindesignweek.com\/2021\/wp-content\/uploads\/2021\/02\/caroline-sinders-1-150x150.png 150w, https:\/\/zlindesignweek.com\/2021\/wp-content\/uploads\/2021\/02\/caroline-sinders-1-250x250.png 250w\" sizes=\"(max-width: 399px) 100vw, 399px\" \/><\/figure><\/div>\n\n\n\n<p>Jako dal\u0161\u00edho \u0159e\u010dn\u00edka na ZDW Exhibition Design Lab si dovolujeme p\u0159edstavit <br>kritickou design\u00e9rku a&nbsp;um\u011blkyni Caroline Sinders. Caroline je \u0161pi\u010dkov\u00e1 ve sv\u00e9m <br>oboru jako v\u00fdzkumn\u00e1 pracovnice a&nbsp;um\u011blec v&nbsp;oboru strojov\u00e9ho u\u010den\u00ed. Jej\u00ed <br>spolupr\u00e1ce nav\u00e1zala nap\u0159\u00edklad s&nbsp;OSN, Amnesty International, Nadace Wikimedia <br>a dal\u0161\u00ed.<\/p>\n\n\n\n<p>V posledn\u00edch n\u011bkolika letech zkoumala pr\u016fse\u010d\u00edky dopadu technologi\u00ed na spole\u010dnost, <br>\u010di um\u011blou inteligenci, zneu\u017e\u00edv\u00e1n\u00ed a&nbsp;politiku v&nbsp;digit\u00e1ln\u00edch konverza\u010dn\u00edch prostorech.<br>Caroline je zakladatelkou Convocation Design + Research, co\u017e jsou agentury <br>zam\u011b\u0159en\u00e9 na k\u0159i\u017eovatky strojov\u00e9ho u\u010den\u00ed, \u0159e\u0161en\u00ed komunika\u010dn\u00edch probl\u00e9m\u016f <br>a mnoho dal\u0161\u00edho. <br><br>Pokud se chcete o&nbsp;Caroline dozv\u011bd\u011bt v\u00edce, nebo v\u00e1s zaj\u00edm\u00e1 v\u00edce z&nbsp;jej\u00ed tvorby a&nbsp;zam\u011b\u0159en\u00ed, <br>v\u0161e se dozv\u00edte na t\u00e9to str\u00e1nce:<a href=\"https:\/\/carolinesinders.com\/\"> https:\/\/carolinesinders.com\/<\/a>. <\/p>\n\n\n\n<p>Ur\u010dit\u011b si tak\u00e9 nenechte uj\u00edt jej\u00ed p\u0159edn\u00e1\u0161ku zam\u011b\u0159enou na zku\u0161enosti s&nbsp;designem pro <br>bezpe\u010dnost, intimitu a&nbsp;pot\u011b\u0161en\u00ed.<\/p>\n<\/div><\/div>\n\n\n\n<p><\/p>\n\n\n\n<p><\/p>\n","protected":false},"excerpt":{"rendered":"","protected":false},"author":26,"featured_media":0,"parent":0,"menu_order":0,"comment_status":"closed","ping_status":"closed","template":"","meta":[],"_links":{"self":[{"href":"https:\/\/zlindesignweek.com\/2021\/wp-json\/wp\/v2\/pages\/7573"}],"collection":[{"href":"https:\/\/zlindesignweek.com\/2021\/wp-json\/wp\/v2\/pages"}],"about":[{"href":"https:\/\/zlindesignweek.com\/2021\/wp-json\/wp\/v2\/types\/page"}],"author":[{"embeddable":true,"href":"https:\/\/zlindesignweek.com\/2021\/wp-json\/wp\/v2\/users\/26"}],"replies":[{"embeddable":true,"href":"https:\/\/zlindesignweek.com\/2021\/wp-json\/wp\/v2\/comments?post=7573"}],"version-history":[{"count":3,"href":"https:\/\/zlindesignweek.com\/2021\/wp-json\/wp\/v2\/pages\/7573\/revisions"}],"predecessor-version":[{"id":7578,"href":"https:\/\/zlindesignweek.com\/2021\/wp-json\/wp\/v2\/pages\/7573\/revisions\/7578"}],"wp:attachment":[{"href":"https:\/\/zlindesignweek.com\/2021\/wp-json\/wp\/v2\/media?parent=7573"}],"curies":[{"name":"wp","href":"https:\/\/api.w.org\/{rel}","templated":true}]}}