{"id":7539,"date":"2021-02-11T09:12:15","date_gmt":"2021-02-11T08:12:15","guid":{"rendered":"https:\/\/zlindesignweek.com\/2021\/?page_id=7539"},"modified":"2021-02-18T23:31:04","modified_gmt":"2021-02-18T22:31:04","slug":"vytvareni-online-zazitku","status":"publish","type":"page","link":"https:\/\/zlindesignweek.com\/2021\/vytvareni-online-zazitku\/","title":{"rendered":"Vytv\u00e1\u0159en\u00ed online z\u00e1\u017eitku"},"content":{"rendered":"\n<div class=\"wp-block-group has-white-background-color has-background\"><div class=\"wp-block-group__inner-container\">\n<div class=\"wp-block-image\"><figure class=\"alignright size-large is-resized\"><img loading=\"lazy\" src=\"https:\/\/zlindesignweek.com\/2021\/wp-content\/uploads\/2021\/02\/jelle-ijntema-14-750x750.png\" alt=\"\" class=\"wp-image-7542\" width=\"351\" height=\"351\" srcset=\"https:\/\/zlindesignweek.com\/2021\/wp-content\/uploads\/2021\/02\/jelle-ijntema-14-750x750.png 750w, https:\/\/zlindesignweek.com\/2021\/wp-content\/uploads\/2021\/02\/jelle-ijntema-14-500x500.png 500w, https:\/\/zlindesignweek.com\/2021\/wp-content\/uploads\/2021\/02\/jelle-ijntema-14-150x150.png 150w, https:\/\/zlindesignweek.com\/2021\/wp-content\/uploads\/2021\/02\/jelle-ijntema-14-768x768.png 768w, https:\/\/zlindesignweek.com\/2021\/wp-content\/uploads\/2021\/02\/jelle-ijntema-14-1440x1440.png 1440w, https:\/\/zlindesignweek.com\/2021\/wp-content\/uploads\/2021\/02\/jelle-ijntema-14-250x250.png 250w, https:\/\/zlindesignweek.com\/2021\/wp-content\/uploads\/2021\/02\/jelle-ijntema-14.png 1500w\" sizes=\"(max-width: 351px) 100vw, 351px\" \/><\/figure><\/div>\n\n\n\n<p class=\"has-text-align-left\">Jedn\u00edm z&nbsp;\u0159e\u010dn\u00edk\u016f na ZDW Exhibition Design Lab bude Jelle IJntema &#8211; holandsk\u00fd um\u011blec, <br>fotograf, webmaster a&nbsp;tak\u00e9 p\u00edsni\u010dk\u00e1\u0159. Je to v\u0161estrann\u011b kreativn\u00ed profesion\u00e1l, kter\u00e9ho <br>poh\u00e1n\u00ed zdrav\u00e1 d\u00e1vka humoru a&nbsp;vnit\u0159n\u00ed posl\u00e1n\u00ed vyt\u011b\u017eit z&nbsp;lid\u00ed a&nbsp;syst\u00e9m\u016f maximum.&nbsp;<br><br>Jelle m\u00e1 za sebou pracovn\u00ed zku\u0161enosti jako divadeln\u00ed technik, sv\u011bteln\u00fd design\u00e9r a&nbsp;nebo <br>samotn\u00fd performer. Tyto zku\u0161enosti mu umo\u017e\u0148uj\u00ed t\u00e9m\u011b\u0159 okam\u017eit\u011b zachytit ty nejd\u016fle\u017eit\u011bj\u0161\u00ed<br>okam\u017eiky z&nbsp;cel\u00e9ho p\u0159edstaven\u00ed.&nbsp;<\/p>\n\n\n\n<p>\u201cVe sv\u00e9 p\u0159edn\u00e1\u0161ce budu stav\u011bt na navrhov\u00e1n\u00ed sv\u00e9 vlastn\u00ed online v\u00fdstavy a&nbsp;pod\u011bl\u00edm <br>se o&nbsp;n\u011bkter\u00e9 vhledy do procesu za n\u00ed. To bude zahrnovat n\u00e1vod na mo\u017enosti, <br>kter\u00e9 jsem u\u010dinil p\u0159i&nbsp;v\u00fdb\u011bru formy, jak\u00e9 n\u00e1stroje, jak vytvo\u0159it atmosf\u00e9ru, zku\u0161enost <br>a jak ji postavit a&nbsp;prezentovat. Z&nbsp;technick\u00e9ho hlediska to bude zahrnovat fotografii, <br>sv\u011bteln\u00fd design, 3D design a&nbsp;vybudov\u00e1n\u00ed 360 prohl\u00eddky \/ muzea\u201d, n\u00e1m sd\u011blil Jelle.<br><br>Pro v\u00edce informac\u00ed ohledn\u011b Jelleho pr\u00e1ce klikni zde: <a href=\"https:\/\/www.jelleijntema.nl\/language\/en\/\">https:\/\/www.jelleijntema.nl\/language\/en\/<\/a><\/p>\n<\/div><\/div>\n\n\n\n<p><\/p>\n","protected":false},"excerpt":{"rendered":"","protected":false},"author":26,"featured_media":0,"parent":0,"menu_order":0,"comment_status":"closed","ping_status":"closed","template":"","meta":[],"_links":{"self":[{"href":"https:\/\/zlindesignweek.com\/2021\/wp-json\/wp\/v2\/pages\/7539"}],"collection":[{"href":"https:\/\/zlindesignweek.com\/2021\/wp-json\/wp\/v2\/pages"}],"about":[{"href":"https:\/\/zlindesignweek.com\/2021\/wp-json\/wp\/v2\/types\/page"}],"author":[{"embeddable":true,"href":"https:\/\/zlindesignweek.com\/2021\/wp-json\/wp\/v2\/users\/26"}],"replies":[{"embeddable":true,"href":"https:\/\/zlindesignweek.com\/2021\/wp-json\/wp\/v2\/comments?post=7539"}],"version-history":[{"count":15,"href":"https:\/\/zlindesignweek.com\/2021\/wp-json\/wp\/v2\/pages\/7539\/revisions"}],"predecessor-version":[{"id":7817,"href":"https:\/\/zlindesignweek.com\/2021\/wp-json\/wp\/v2\/pages\/7539\/revisions\/7817"}],"wp:attachment":[{"href":"https:\/\/zlindesignweek.com\/2021\/wp-json\/wp\/v2\/media?parent=7539"}],"curies":[{"name":"wp","href":"https:\/\/api.w.org\/{rel}","templated":true}]}}