{"id":6850,"date":"2021-01-27T21:35:47","date_gmt":"2021-01-27T20:35:47","guid":{"rendered":"https:\/\/zlindesignweek.com\/2021\/?page_id=6850"},"modified":"2021-11-23T20:29:59","modified_gmt":"2021-11-23T19:29:59","slug":"zdw-exhibition-design-lab-cs","status":"publish","type":"page","link":"https:\/\/zlindesignweek.com\/2021\/zdw-exhibition-design-lab-cs\/","title":{"rendered":"ZDW Exhibition Design Lab"},"content":{"rendered":"\n<div class=\"wp-block-columns are-vertically-aligned-center\">\n<div class=\"wp-block-column is-vertically-aligned-center\" style=\"flex-basis:100%\">\n<div class=\"wp-block-group\"><div class=\"wp-block-group__inner-container\">\n<div class=\"wp-block-columns\">\n<div class=\"wp-block-column column-paragraph p-1 has-white-background-color has-default-background\" style=\"flex-basis:100%\">\n<p>ZDW Exhibition Design Lab je projekt, kter\u00fd vznikl na z\u00e1klad\u011b <strong>rostouc\u00ed popt\u00e1vky<\/strong> po&nbsp;<strong>mezioborov\u011b nadan\u00fdch a&nbsp;schopn\u00fdch mlad\u00fdch designerech, um\u011blc\u00edch a&nbsp;mana\u017eerech.<\/strong> Projektu, kter\u00fd p\u0159inesl nov\u00e9 spolupr\u00e1ce, n\u00e1pady a&nbsp;vize.<\/p>\n\n\n\n<p>V r\u00e1mci projektu jsme se zam\u011b\u0159ili na<strong> interakci mezi um\u011bleck\u00fdm d\u00edlem a&nbsp;publikem, a&nbsp;to jak v&nbsp;offline, tak online prost\u0159ed\u00ed.<\/strong> Na\u0161im c\u00edlem bylo nab\u00eddnout \u00fa\u010dastn\u00edk\u016fm projektu mo\u017enost nau\u010dit se nov\u00e9 dovednosti, poznat nov\u00e9 tv\u00e1\u0159e nap\u0159\u00ed\u010d r\u016fzn\u00fdmi kulturami i&nbsp;odv\u011btv\u00edmi kreativn\u00edch pr\u016fmysl\u016f.&nbsp;<\/p>\n\n\n\n<p>V \u00fanoru 2021 jsme ZDW Exhibition Design Lab odstartovali online <strong>konferenc\u00ed <\/strong>s n\u011bkolika zaj\u00edmav\u00fdmi osobnostmi, kter\u00e9 p\u0159ibl\u00ed\u017eily sv\u016fj pohled na prezentaci um\u011bn\u00ed ve virtu\u00e1ln\u00edm prost\u0159ed\u00ed. Pokra\u010dovali jsme <strong>workshopem <\/strong>pro mlad\u00e9 tv\u016frce z&nbsp;Visegr\u00e1dsk\u00e9ho regionu a&nbsp;Srbska, vytvo\u0159ili online v\u00fdstavu pro Zlin Design Week 2021 a&nbsp;nakonec se \u2013 kone\u010dn\u011b \u2013 <strong>setkali osobn\u011b ve Zl\u00edn\u011b.<\/strong><\/p>\n\n\n\n<p>A co bude d\u00e1l? ZDW Exhibition Design Lab je ofici\u00e1ln\u011b u&nbsp;konce, ale dal\u0161\u00ed propojov\u00e1n\u00ed a&nbsp;sd\u00edlen\u00ed know-how ur\u010dit\u011b ne. Moment\u00e1ln\u011b pracujeme na nov\u00fdch v\u011bcech, o&nbsp;kter\u00fdch se v\u010das dozv\u00edte!&nbsp;<\/p>\n<\/div>\n<\/div>\n\n\n\n<h3 class=\"has-white-color has-text-color\"><strong>Jak vypadal ZDW Exhibition Design Lab?<\/strong><\/h3>\n\n\n\n<figure class=\"wp-block-gallery columns-3 is-cropped\"><ul class=\"blocks-gallery-grid\"><li class=\"blocks-gallery-item\"><figure><img loading=\"lazy\" width=\"500\" height=\"333\" src=\"https:\/\/zlindesignweek.com\/2021\/wp-content\/uploads\/2021\/11\/dsc-0591-500x333.jpg\" alt=\"\" data-id=\"11202\" data-link=\"https:\/\/zlindesignweek.com\/2021\/zdw-exhibition-design-lab-cs\/dsc-0591\/\" class=\"wp-image-11202\" srcset=\"https:\/\/zlindesignweek.com\/2021\/wp-content\/uploads\/2021\/11\/dsc-0591-500x333.jpg 500w, https:\/\/zlindesignweek.com\/2021\/wp-content\/uploads\/2021\/11\/dsc-0591-750x500.jpg 750w, https:\/\/zlindesignweek.com\/2021\/wp-content\/uploads\/2021\/11\/dsc-0591-768x512.jpg 768w, https:\/\/zlindesignweek.com\/2021\/wp-content\/uploads\/2021\/11\/dsc-0591-1536x1024.jpg 1536w, https:\/\/zlindesignweek.com\/2021\/wp-content\/uploads\/2021\/11\/dsc-0591-1440x960.jpg 1440w, https:\/\/zlindesignweek.com\/2021\/wp-content\/uploads\/2021\/11\/dsc-0591-250x167.jpg 250w, https:\/\/zlindesignweek.com\/2021\/wp-content\/uploads\/2021\/11\/dsc-0591.jpg 1600w\" sizes=\"(max-width: 500px) 100vw, 500px\" \/><\/figure><\/li><li class=\"blocks-gallery-item\"><figure><img loading=\"lazy\" width=\"500\" height=\"333\" src=\"https:\/\/zlindesignweek.com\/2021\/wp-content\/uploads\/2021\/11\/dsc-0553-500x333.jpg\" alt=\"\" data-id=\"11200\" data-link=\"https:\/\/zlindesignweek.com\/2021\/zdw-exhibition-design-lab-cs\/dsc-0553\/\" class=\"wp-image-11200\" srcset=\"https:\/\/zlindesignweek.com\/2021\/wp-content\/uploads\/2021\/11\/dsc-0553-500x333.jpg 500w, https:\/\/zlindesignweek.com\/2021\/wp-content\/uploads\/2021\/11\/dsc-0553-750x500.jpg 750w, https:\/\/zlindesignweek.com\/2021\/wp-content\/uploads\/2021\/11\/dsc-0553-768x512.jpg 768w, https:\/\/zlindesignweek.com\/2021\/wp-content\/uploads\/2021\/11\/dsc-0553-1536x1024.jpg 1536w, https:\/\/zlindesignweek.com\/2021\/wp-content\/uploads\/2021\/11\/dsc-0553-1440x960.jpg 1440w, https:\/\/zlindesignweek.com\/2021\/wp-content\/uploads\/2021\/11\/dsc-0553-250x167.jpg 250w, https:\/\/zlindesignweek.com\/2021\/wp-content\/uploads\/2021\/11\/dsc-0553.jpg 1600w\" sizes=\"(max-width: 500px) 100vw, 500px\" \/><\/figure><\/li><li class=\"blocks-gallery-item\"><figure><img loading=\"lazy\" width=\"500\" height=\"333\" src=\"https:\/\/zlindesignweek.com\/2021\/wp-content\/uploads\/2021\/11\/dsc-0625-500x333.jpg\" alt=\"\" data-id=\"11206\" data-link=\"https:\/\/zlindesignweek.com\/2021\/zdw-exhibition-design-lab-cs\/dsc-0625\/\" class=\"wp-image-11206\" srcset=\"https:\/\/zlindesignweek.com\/2021\/wp-content\/uploads\/2021\/11\/dsc-0625-500x333.jpg 500w, https:\/\/zlindesignweek.com\/2021\/wp-content\/uploads\/2021\/11\/dsc-0625-750x500.jpg 750w, https:\/\/zlindesignweek.com\/2021\/wp-content\/uploads\/2021\/11\/dsc-0625-768x512.jpg 768w, https:\/\/zlindesignweek.com\/2021\/wp-content\/uploads\/2021\/11\/dsc-0625-1536x1024.jpg 1536w, https:\/\/zlindesignweek.com\/2021\/wp-content\/uploads\/2021\/11\/dsc-0625-1440x960.jpg 1440w, https:\/\/zlindesignweek.com\/2021\/wp-content\/uploads\/2021\/11\/dsc-0625-250x167.jpg 250w, https:\/\/zlindesignweek.com\/2021\/wp-content\/uploads\/2021\/11\/dsc-0625.jpg 1600w\" sizes=\"(max-width: 500px) 100vw, 500px\" \/><\/figure><\/li><li class=\"blocks-gallery-item\"><figure><img loading=\"lazy\" width=\"500\" height=\"333\" src=\"https:\/\/zlindesignweek.com\/2021\/wp-content\/uploads\/2021\/11\/dsc-0601-500x333.jpg\" alt=\"\" data-id=\"11204\" data-link=\"https:\/\/zlindesignweek.com\/2021\/zdw-exhibition-design-lab-cs\/dsc-0601\/\" class=\"wp-image-11204\" srcset=\"https:\/\/zlindesignweek.com\/2021\/wp-content\/uploads\/2021\/11\/dsc-0601-500x333.jpg 500w, https:\/\/zlindesignweek.com\/2021\/wp-content\/uploads\/2021\/11\/dsc-0601-750x500.jpg 750w, https:\/\/zlindesignweek.com\/2021\/wp-content\/uploads\/2021\/11\/dsc-0601-768x512.jpg 768w, https:\/\/zlindesignweek.com\/2021\/wp-content\/uploads\/2021\/11\/dsc-0601-1536x1024.jpg 1536w, https:\/\/zlindesignweek.com\/2021\/wp-content\/uploads\/2021\/11\/dsc-0601-1440x960.jpg 1440w, https:\/\/zlindesignweek.com\/2021\/wp-content\/uploads\/2021\/11\/dsc-0601-250x167.jpg 250w, https:\/\/zlindesignweek.com\/2021\/wp-content\/uploads\/2021\/11\/dsc-0601.jpg 1600w\" sizes=\"(max-width: 500px) 100vw, 500px\" \/><\/figure><\/li><li class=\"blocks-gallery-item\"><figure><img loading=\"lazy\" width=\"500\" height=\"333\" src=\"https:\/\/zlindesignweek.com\/2021\/wp-content\/uploads\/2021\/11\/dsc-0636-500x333.jpg\" alt=\"\" data-id=\"11207\" data-link=\"https:\/\/zlindesignweek.com\/2021\/zdw-exhibition-design-lab-cs\/dsc-0636\/\" class=\"wp-image-11207\" srcset=\"https:\/\/zlindesignweek.com\/2021\/wp-content\/uploads\/2021\/11\/dsc-0636-500x333.jpg 500w, https:\/\/zlindesignweek.com\/2021\/wp-content\/uploads\/2021\/11\/dsc-0636-750x500.jpg 750w, https:\/\/zlindesignweek.com\/2021\/wp-content\/uploads\/2021\/11\/dsc-0636-768x512.jpg 768w, https:\/\/zlindesignweek.com\/2021\/wp-content\/uploads\/2021\/11\/dsc-0636-1536x1024.jpg 1536w, https:\/\/zlindesignweek.com\/2021\/wp-content\/uploads\/2021\/11\/dsc-0636-1440x960.jpg 1440w, https:\/\/zlindesignweek.com\/2021\/wp-content\/uploads\/2021\/11\/dsc-0636-250x167.jpg 250w, https:\/\/zlindesignweek.com\/2021\/wp-content\/uploads\/2021\/11\/dsc-0636.jpg 1600w\" sizes=\"(max-width: 500px) 100vw, 500px\" \/><\/figure><\/li><li class=\"blocks-gallery-item\"><figure><img loading=\"lazy\" width=\"500\" height=\"333\" src=\"https:\/\/zlindesignweek.com\/2021\/wp-content\/uploads\/2021\/11\/dsc-0597-500x333.jpg\" alt=\"\" data-id=\"11203\" data-link=\"https:\/\/zlindesignweek.com\/2021\/zdw-exhibition-design-lab-cs\/dsc-0597\/\" class=\"wp-image-11203\" srcset=\"https:\/\/zlindesignweek.com\/2021\/wp-content\/uploads\/2021\/11\/dsc-0597-500x333.jpg 500w, https:\/\/zlindesignweek.com\/2021\/wp-content\/uploads\/2021\/11\/dsc-0597-750x500.jpg 750w, https:\/\/zlindesignweek.com\/2021\/wp-content\/uploads\/2021\/11\/dsc-0597-768x512.jpg 768w, https:\/\/zlindesignweek.com\/2021\/wp-content\/uploads\/2021\/11\/dsc-0597-1536x1024.jpg 1536w, https:\/\/zlindesignweek.com\/2021\/wp-content\/uploads\/2021\/11\/dsc-0597-1440x960.jpg 1440w, https:\/\/zlindesignweek.com\/2021\/wp-content\/uploads\/2021\/11\/dsc-0597-250x167.jpg 250w, https:\/\/zlindesignweek.com\/2021\/wp-content\/uploads\/2021\/11\/dsc-0597.jpg 1600w\" sizes=\"(max-width: 500px) 100vw, 500px\" \/><\/figure><\/li><li class=\"blocks-gallery-item\"><figure><img loading=\"lazy\" width=\"750\" height=\"500\" src=\"https:\/\/zlindesignweek.com\/2021\/wp-content\/uploads\/2021\/11\/dsc-0642-2-750x500.jpg\" alt=\"\" data-id=\"11229\" data-full-url=\"https:\/\/zlindesignweek.com\/2021\/wp-content\/uploads\/2021\/11\/dsc-0642-2.jpg\" data-link=\"https:\/\/zlindesignweek.com\/2021\/zdw-exhibition-design-lab-cs\/dsc-0642-2\/\" class=\"wp-image-11229\" srcset=\"https:\/\/zlindesignweek.com\/2021\/wp-content\/uploads\/2021\/11\/dsc-0642-2-750x500.jpg 750w, https:\/\/zlindesignweek.com\/2021\/wp-content\/uploads\/2021\/11\/dsc-0642-2-500x333.jpg 500w, https:\/\/zlindesignweek.com\/2021\/wp-content\/uploads\/2021\/11\/dsc-0642-2-768x512.jpg 768w, https:\/\/zlindesignweek.com\/2021\/wp-content\/uploads\/2021\/11\/dsc-0642-2-1536x1024.jpg 1536w, https:\/\/zlindesignweek.com\/2021\/wp-content\/uploads\/2021\/11\/dsc-0642-2-1440x960.jpg 1440w, https:\/\/zlindesignweek.com\/2021\/wp-content\/uploads\/2021\/11\/dsc-0642-2-250x167.jpg 250w, https:\/\/zlindesignweek.com\/2021\/wp-content\/uploads\/2021\/11\/dsc-0642-2.jpg 1600w\" sizes=\"(max-width: 750px) 100vw, 750px\" \/><\/figure><\/li><li class=\"blocks-gallery-item\"><figure><img loading=\"lazy\" width=\"750\" height=\"500\" src=\"https:\/\/zlindesignweek.com\/2021\/wp-content\/uploads\/2021\/11\/dsc-0577-2-750x500.jpg\" alt=\"\" data-id=\"11228\" data-full-url=\"https:\/\/zlindesignweek.com\/2021\/wp-content\/uploads\/2021\/11\/dsc-0577-2.jpg\" data-link=\"https:\/\/zlindesignweek.com\/2021\/zdw-exhibition-design-lab-cs\/dsc-0577-2\/\" class=\"wp-image-11228\" srcset=\"https:\/\/zlindesignweek.com\/2021\/wp-content\/uploads\/2021\/11\/dsc-0577-2-750x500.jpg 750w, https:\/\/zlindesignweek.com\/2021\/wp-content\/uploads\/2021\/11\/dsc-0577-2-500x333.jpg 500w, https:\/\/zlindesignweek.com\/2021\/wp-content\/uploads\/2021\/11\/dsc-0577-2-768x512.jpg 768w, https:\/\/zlindesignweek.com\/2021\/wp-content\/uploads\/2021\/11\/dsc-0577-2-1536x1024.jpg 1536w, https:\/\/zlindesignweek.com\/2021\/wp-content\/uploads\/2021\/11\/dsc-0577-2-1440x960.jpg 1440w, https:\/\/zlindesignweek.com\/2021\/wp-content\/uploads\/2021\/11\/dsc-0577-2-250x167.jpg 250w, https:\/\/zlindesignweek.com\/2021\/wp-content\/uploads\/2021\/11\/dsc-0577-2.jpg 1600w\" sizes=\"(max-width: 750px) 100vw, 750px\" \/><\/figure><\/li><\/ul><\/figure>\n\n\n\n<p class=\"has-white-background-color has-background\">B\u011bhem posledn\u00edho setk\u00e1n\u00ed ve Zl\u00edn\u011b se se\u0161la skupina za\u010d\u00ednaj\u00edc\u00edch kulturn\u00edch mana\u017eer\u016f, design\u00e9r\u016f i&nbsp;dal\u0161\u00edch akt\u00e9r\u016f kreativn\u00edch odv\u011btv\u00ed. Krom\u011b pozn\u00e1v\u00e1n\u00ed na\u0161eho obl\u00edben\u00e9ho m\u011bsta byl na programu workshop s&nbsp;Richardem Loskotem a&nbsp;Studiem UAII, b\u011bhem kter\u00e9ho \u00fa\u010dastn\u00edci diskutovali o&nbsp;aktu\u00e1ln\u00edch p\u0159\u00edstupech v&nbsp;prezentaci um\u011bleck\u00e9ho d\u00edla, interakce s&nbsp;publikem a&nbsp;vytv\u00e1\u0159eli vlastn\u00ed v\u00fdstavn\u00ed koncepty. <\/p>\n\n\n\n<p class=\"has-white-background-color has-background\">Prostor dostali tak\u00e9 partne\u0159i projektu s&nbsp;r\u016fznorodou \u0161k\u00e1lou p\u0159edn\u00e1\u0161ek souvisej\u00edc\u00edch s&nbsp;jejich zam\u011b\u0159en\u00edm nebo setk\u00e1n\u00ed s&nbsp;m\u00edstn\u00edmi akt\u00e9ry, kte\u0159\u00ed p\u0159ibl\u00ed\u017eili, co se v&nbsp;sou\u010dasnosti na poli kreativn\u00edch odv\u011btv\u00ed ve Zl\u00edn\u011b odehr\u00e1v\u00e1. <\/p>\n\n\n\n<h3 class=\"has-white-color has-text-color\">Online p\u0159edn\u00e1\u0161ka Tren\u010d\u00edn 2026<\/h3>\n\n\n\n<p class=\"has-white-background-color has-background\">Letos jsi ZDW Exhibition Design Lab nestihl? Nevad\u00ed! M\u00e1me pro tebe jednu online p\u0159edn\u00e1\u0161ku od jednoho z&nbsp;partner\u016f, festivalu digit\u00e1ln\u00edch um\u011bn\u00ed Sensorium. Lucia ti v&nbsp;n\u00ed p\u0159ibl\u00ed\u017e\u00ed cestu Tren\u010d\u00edna za titulem Evropsk\u00e9 hlavn\u00ed m\u011bsto kultury 2026.<\/p>\n\n\n\n<figure class=\"wp-block-embed is-type-video is-provider-youtube wp-block-embed-youtube wp-embed-aspect-16-9 wp-has-aspect-ratio\"><div class=\"wp-block-embed__wrapper\">\n<iframe title=\"Sensorium | ZDW Exhibition Design Lab 2021\" width=\"500\" height=\"281\" src=\"https:\/\/www.youtube.com\/embed\/7e__lfTTsU0?feature=oembed\" frameborder=\"0\" allow=\"accelerometer; autoplay; clipboard-write; encrypted-media; gyroscope; picture-in-picture\" allowfullscreen><\/iframe>\n<\/div><\/figure>\n\n\n\n<h3 class=\"has-white-color has-text-color\">ZDW Exibition Design Lab Konference<\/h3>\n\n\n\n<p class=\"has-white-background-color has-background\">Kdy\u017e u\u017e jsi v&nbsp;tom, m\u016f\u017ee\u0161 si pustit i&nbsp;z\u00e1znam z&nbsp;\u00fanorov\u00e9 konference na t\u00e9ma designu v\u00fdstav v&nbsp;online prost\u0159ed\u00ed. Nabitou sestavu p\u0159edn\u00e1\u0161ej\u00edc\u00edch tvo\u0159ili: <\/p>\n\n\n\n<div class=\"wp-block-image\"><figure class=\"alignleft size-large is-resized\"><a href=\"https:\/\/zlindesignweek.com\/2021\/zdw-exhibition-design-lab-3\/kuratorstvi-v-pandemickych-dobach-od-vyzev-k-vyhodam\/\"><img loading=\"lazy\" src=\"https:\/\/zlindesignweek.com\/2021\/wp-content\/uploads\/2021\/02\/helena-nikonole-6-750x750.png\" alt=\"\" class=\"wp-image-7362\" width=\"267\" height=\"267\" srcset=\"https:\/\/zlindesignweek.com\/2021\/wp-content\/uploads\/2021\/02\/helena-nikonole-6-750x750.png 750w, https:\/\/zlindesignweek.com\/2021\/wp-content\/uploads\/2021\/02\/helena-nikonole-6-500x500.png 500w, https:\/\/zlindesignweek.com\/2021\/wp-content\/uploads\/2021\/02\/helena-nikonole-6-150x150.png 150w, https:\/\/zlindesignweek.com\/2021\/wp-content\/uploads\/2021\/02\/helena-nikonole-6-768x768.png 768w, https:\/\/zlindesignweek.com\/2021\/wp-content\/uploads\/2021\/02\/helena-nikonole-6-1440x1440.png 1440w, https:\/\/zlindesignweek.com\/2021\/wp-content\/uploads\/2021\/02\/helena-nikonole-6-250x250.png 250w, https:\/\/zlindesignweek.com\/2021\/wp-content\/uploads\/2021\/02\/helena-nikonole-6.png 1500w\" sizes=\"(max-width: 267px) 100vw, 267px\" \/><\/a><figcaption><span class=\"has-inline-color has-white-color\">Kur\u00e1torstv\u00ed v&nbsp;pandemick\u00fdch dob\u00e1ch: od v\u00fdzev k&nbsp;v\u00fdhod\u00e1m<\/span><\/figcaption><\/figure><\/div>\n\n\n\n<div class=\"wp-block-image\"><figure class=\"alignleft size-large is-resized\"><a href=\"https:\/\/zlindesignweek.com\/2021\/vytvareni-online-zazitku\/\"><img loading=\"lazy\" src=\"https:\/\/zlindesignweek.com\/2021\/wp-content\/uploads\/2021\/02\/jelle-ijntema-14-750x750.png\" alt=\"\" class=\"wp-image-7542\" width=\"268\" height=\"268\" srcset=\"https:\/\/zlindesignweek.com\/2021\/wp-content\/uploads\/2021\/02\/jelle-ijntema-14-750x750.png 750w, https:\/\/zlindesignweek.com\/2021\/wp-content\/uploads\/2021\/02\/jelle-ijntema-14-500x500.png 500w, https:\/\/zlindesignweek.com\/2021\/wp-content\/uploads\/2021\/02\/jelle-ijntema-14-150x150.png 150w, https:\/\/zlindesignweek.com\/2021\/wp-content\/uploads\/2021\/02\/jelle-ijntema-14-768x768.png 768w, https:\/\/zlindesignweek.com\/2021\/wp-content\/uploads\/2021\/02\/jelle-ijntema-14-1440x1440.png 1440w, https:\/\/zlindesignweek.com\/2021\/wp-content\/uploads\/2021\/02\/jelle-ijntema-14-250x250.png 250w, https:\/\/zlindesignweek.com\/2021\/wp-content\/uploads\/2021\/02\/jelle-ijntema-14.png 1500w\" sizes=\"(max-width: 268px) 100vw, 268px\" \/><\/a><figcaption><span class=\"has-inline-color has-white-color\">Vytv\u00e1\u0159en\u00ed online z\u00e1\u017eitku<\/span><\/figcaption><\/figure><\/div>\n\n\n\n<div class=\"wp-block-image\"><figure class=\"alignleft size-large is-resized\"><a href=\"https:\/\/zlindesignweek.com\/2021\/zdw-exhibition-design-lab\/zkusenosti-s-designem-pro-bezpecnost-intimitu-a-poteseni\/\"><img loading=\"lazy\" src=\"https:\/\/zlindesignweek.com\/2021\/wp-content\/uploads\/2021\/02\/caroline-sinders-1.png\" alt=\"\" class=\"wp-image-7336\" width=\"268\" height=\"268\" srcset=\"https:\/\/zlindesignweek.com\/2021\/wp-content\/uploads\/2021\/02\/caroline-sinders-1.png 720w, https:\/\/zlindesignweek.com\/2021\/wp-content\/uploads\/2021\/02\/caroline-sinders-1-500x500.png 500w, https:\/\/zlindesignweek.com\/2021\/wp-content\/uploads\/2021\/02\/caroline-sinders-1-150x150.png 150w, https:\/\/zlindesignweek.com\/2021\/wp-content\/uploads\/2021\/02\/caroline-sinders-1-250x250.png 250w\" sizes=\"(max-width: 268px) 100vw, 268px\" \/><\/a><figcaption><span class=\"has-inline-color has-white-color\">Zku\u0161enosti s&nbsp;designem pro bezpe\u010dnost, intimitu a&nbsp;pot\u011b\u0161en\u00ed<\/span><\/figcaption><\/figure><\/div>\n\n\n\n<div class=\"wp-block-image\"><figure class=\"alignleft size-large is-resized\"><a href=\"https:\/\/zlindesignweek.com\/2021\/zdw-exhibition-design-lab-cs\/navrhovani-video-vystavy-prinasi-na-obrazovku-fyzicky-zazitek\/\"><img loading=\"lazy\" src=\"https:\/\/zlindesignweek.com\/2021\/wp-content\/uploads\/2021\/02\/lorenzo-gerbi-6-750x750.png\" alt=\"\" class=\"wp-image-7366\" width=\"267\" height=\"267\" srcset=\"https:\/\/zlindesignweek.com\/2021\/wp-content\/uploads\/2021\/02\/lorenzo-gerbi-6-750x750.png 750w, https:\/\/zlindesignweek.com\/2021\/wp-content\/uploads\/2021\/02\/lorenzo-gerbi-6-500x500.png 500w, https:\/\/zlindesignweek.com\/2021\/wp-content\/uploads\/2021\/02\/lorenzo-gerbi-6-150x150.png 150w, https:\/\/zlindesignweek.com\/2021\/wp-content\/uploads\/2021\/02\/lorenzo-gerbi-6-768x768.png 768w, https:\/\/zlindesignweek.com\/2021\/wp-content\/uploads\/2021\/02\/lorenzo-gerbi-6-1440x1440.png 1440w, https:\/\/zlindesignweek.com\/2021\/wp-content\/uploads\/2021\/02\/lorenzo-gerbi-6-250x250.png 250w, https:\/\/zlindesignweek.com\/2021\/wp-content\/uploads\/2021\/02\/lorenzo-gerbi-6.png 1500w\" sizes=\"(max-width: 267px) 100vw, 267px\" \/><\/a><figcaption><span class=\"has-inline-color has-white-color\">Navrhov\u00e1n\u00ed video v\u00fdstavy: p\u0159in\u00e1\u0161\u00ed na obrazovku fyzick\u00fd z\u00e1\u017eitek<\/span><\/figcaption><\/figure><\/div>\n\n\n\n<div class=\"wp-block-image\"><figure class=\"alignleft size-large is-resized\"><a href=\"https:\/\/zlindesignweek.com\/2021\/zdw-exhibition-design-lab-en\/festivaly-virtual-worlds-a-new-audiences\/\"><img loading=\"lazy\" src=\"https:\/\/zlindesignweek.com\/2021\/wp-content\/uploads\/2021\/02\/viola-van-alphen.png\" alt=\"\" class=\"wp-image-7808\" width=\"266\" height=\"266\" srcset=\"https:\/\/zlindesignweek.com\/2021\/wp-content\/uploads\/2021\/02\/viola-van-alphen.png 720w, https:\/\/zlindesignweek.com\/2021\/wp-content\/uploads\/2021\/02\/viola-van-alphen-500x500.png 500w, https:\/\/zlindesignweek.com\/2021\/wp-content\/uploads\/2021\/02\/viola-van-alphen-150x150.png 150w, https:\/\/zlindesignweek.com\/2021\/wp-content\/uploads\/2021\/02\/viola-van-alphen-250x250.png 250w\" sizes=\"(max-width: 266px) 100vw, 266px\" \/><\/a><figcaption><span class=\"has-inline-color has-white-color\">Festivaly: Virtual Worlds a&nbsp;New Audiences<\/span><\/figcaption><\/figure><\/div>\n\n\n\n<div class=\"wp-block-image\"><figure class=\"alignleft size-large is-resized\"><a href=\"https:\/\/zlindesignweek.com\/2021\/zdw-exhibition-design-lab-en\/umeni-online-ne-tak-zcela-vystavy-mezi-fyzickym-a-virtualnim-prostredim\/\"><img loading=\"lazy\" src=\"https:\/\/zlindesignweek.com\/2021\/wp-content\/uploads\/2021\/02\/samu-szemerey-750x750.png\" alt=\"\" class=\"wp-image-7809\" width=\"267\" height=\"267\" srcset=\"https:\/\/zlindesignweek.com\/2021\/wp-content\/uploads\/2021\/02\/samu-szemerey-750x750.png 750w, https:\/\/zlindesignweek.com\/2021\/wp-content\/uploads\/2021\/02\/samu-szemerey-500x500.png 500w, https:\/\/zlindesignweek.com\/2021\/wp-content\/uploads\/2021\/02\/samu-szemerey-150x150.png 150w, https:\/\/zlindesignweek.com\/2021\/wp-content\/uploads\/2021\/02\/samu-szemerey-768x768.png 768w, https:\/\/zlindesignweek.com\/2021\/wp-content\/uploads\/2021\/02\/samu-szemerey-1440x1440.png 1440w, https:\/\/zlindesignweek.com\/2021\/wp-content\/uploads\/2021\/02\/samu-szemerey-250x250.png 250w, https:\/\/zlindesignweek.com\/2021\/wp-content\/uploads\/2021\/02\/samu-szemerey.png 1500w\" sizes=\"(max-width: 267px) 100vw, 267px\" \/><\/a><figcaption><span class=\"has-inline-color has-white-color\">Um\u011bn\u00ed online? Ne tak zcela. V\u00fdstavy na hranici fyzick\u00e9ho a&nbsp;virtu\u00e1ln\u00edho prost\u0159ed\u00ed<\/span><\/figcaption><\/figure><\/div>\n\n\n\n<div class=\"wp-block-image\"><figure class=\"alignleft size-large is-resized\"><a href=\"https:\/\/zlindesignweek.com\/2021\/zdw-exhibition-design-lab-en\/neco-jineho-krome-logiky-her-a-filmu\/\"><img loading=\"lazy\" src=\"https:\/\/zlindesignweek.com\/2021\/wp-content\/uploads\/2021\/02\/maja-ciric.png\" alt=\"\" class=\"wp-image-7810\" width=\"267\" height=\"267\" srcset=\"https:\/\/zlindesignweek.com\/2021\/wp-content\/uploads\/2021\/02\/maja-ciric.png 720w, https:\/\/zlindesignweek.com\/2021\/wp-content\/uploads\/2021\/02\/maja-ciric-500x500.png 500w, https:\/\/zlindesignweek.com\/2021\/wp-content\/uploads\/2021\/02\/maja-ciric-150x150.png 150w, https:\/\/zlindesignweek.com\/2021\/wp-content\/uploads\/2021\/02\/maja-ciric-250x250.png 250w\" sizes=\"(max-width: 267px) 100vw, 267px\" \/><\/a><figcaption><span class=\"has-inline-color has-white-color\">N\u011bco jin\u00e9ho krom\u011b logiky her a&nbsp;filmu?<\/span><\/figcaption><\/figure><\/div>\n\n\n\n<div class=\"wp-block-image\"><figure class=\"alignleft size-large is-resized\"><a href=\"https:\/\/zlindesignweek.com\/2021\/zdw-exhibition-design-lab-cs\/webxr-v-umeni-a-vzdelavani\/\"><img loading=\"lazy\" src=\"https:\/\/zlindesignweek.com\/2021\/wp-content\/uploads\/2021\/02\/maciej-gniady-750x750.png\" alt=\"\" class=\"wp-image-7811\" width=\"267\" height=\"267\" srcset=\"https:\/\/zlindesignweek.com\/2021\/wp-content\/uploads\/2021\/02\/maciej-gniady-750x750.png 750w, https:\/\/zlindesignweek.com\/2021\/wp-content\/uploads\/2021\/02\/maciej-gniady-500x500.png 500w, https:\/\/zlindesignweek.com\/2021\/wp-content\/uploads\/2021\/02\/maciej-gniady-150x150.png 150w, https:\/\/zlindesignweek.com\/2021\/wp-content\/uploads\/2021\/02\/maciej-gniady-768x768.png 768w, https:\/\/zlindesignweek.com\/2021\/wp-content\/uploads\/2021\/02\/maciej-gniady-1440x1440.png 1440w, https:\/\/zlindesignweek.com\/2021\/wp-content\/uploads\/2021\/02\/maciej-gniady-250x250.png 250w, https:\/\/zlindesignweek.com\/2021\/wp-content\/uploads\/2021\/02\/maciej-gniady.png 1500w\" sizes=\"(max-width: 267px) 100vw, 267px\" \/><\/a><figcaption><span class=\"has-inline-color has-white-color\">WebXR v&nbsp;um\u011bn\u00ed a&nbsp;vzd\u011bl\u00e1v\u00e1n\u00ed<\/span><\/figcaption><\/figure><\/div>\n\n\n\n<div style=\"height:1px\" aria-hidden=\"true\" class=\"wp-block-spacer\"><\/div>\n\n\n\n<figure class=\"wp-block-embed is-type-video is-provider-youtube wp-block-embed-youtube wp-embed-aspect-16-9 wp-has-aspect-ratio\"><div class=\"wp-block-embed__wrapper\">\nhttps:\/\/youtu.be\/mf0B86PenWI\n<\/div><\/figure>\n\n\n\n<h3 class=\"has-white-color has-text-color\">Prvn\u00ed workshop a&nbsp;v\u00fdsledky<\/h3>\n\n\n\n<p class=\"has-white-background-color has-background\">Pot\u00e9, co jsme na\u010derpali inspiraci z&nbsp;konference, vrhli jsme se do praktick\u00e9ho testov\u00e1n\u00ed mo\u017en\u00fdch n\u00e1stroj\u016f a&nbsp;p\u0159\u00edstup\u016f pro tvorbu online v\u00fdstav. 25 \u00fa\u010dastn\u00edk\u016f si vzala na starost Anika Kronberger z&nbsp;FH Joanneum Gratz a&nbsp;spole\u010dn\u011b vytvo\u0159ili koncept pro nadch\u00e1zej\u00edc\u00ed v\u00fdstavu Zlin Design Week 2021. V\u00fdstava odprezentovala des\u00edtky projekt\u016f mlad\u00fdch design\u00e9r\u016f z&nbsp;n\u011bkolika zem\u00ed na t\u00e9ma SPOLUPR\u00c1CE. Te\u010f u\u017e jsme ji sice zav\u0159eli, ale m\u016f\u017eete si proj\u00edt <a href=\"https:\/\/issuu.com\/zlindesignweek\/docs\/katalog_online_one_page\" data-type=\"URL\" data-id=\"https:\/\/issuu.com\/zlindesignweek\/docs\/katalog_online_one_page\">katalog v\u00fdstavy<\/a> nebo se pod\u00edvat video z\u00e1znam:<\/p>\n\n\n\n<figure class=\"wp-block-video\"><video controls src=\"https:\/\/zlindesignweek.com\/2021\/wp-content\/uploads\/2021\/11\/vystava.mp4\"><\/video><\/figure>\n\n\n\n<h3 class=\"has-white-color has-text-color\">Partne\u0159i projektu<\/h3>\n\n\n\n<ul id=\"block-58d2ced7-4408-4899-9c74-6cc5ed1dd34d\" class=\"has-white-background-color has-background\"><li>festival digit\u00e1ln\u00edho um\u011bn\u00ed, <a href=\"https:\/\/sensorium.is\/\">Sensorium Bratislava<\/a><\/li><li><a href=\"http:\/\/kek.org.hu\/en\/\">K\u00c9K &#8211; Hungarian Contemporary Architecture Centre<\/a><\/li><li><a href=\"https:\/\/www.asp.krakow.pl\/\">Jan Matejki Academy of Fine Arts Krakow<\/a><\/li><li><a href=\"https:\/\/fdu.bg.ac.rs\/en\">Faculty of Dramatic Arts in Belgrad<\/a><\/li><\/ul>\n\n\n\n<h4 class=\"has-white-color has-text-color\">Projekt byl podpo\u0159en <a href=\"https:\/\/www.visegradfund.org\/\">Visegr\u00e1dsk\u00fdm fondem<\/a><\/h4>\n<\/div><\/div>\n<\/div>\n<\/div>\n\n\n\n<div style=\"height:76px\" aria-hidden=\"true\" class=\"wp-block-spacer\"><\/div>\n","protected":false},"excerpt":{"rendered":"","protected":false},"author":2,"featured_media":0,"parent":0,"menu_order":0,"comment_status":"closed","ping_status":"closed","template":"","meta":[],"_links":{"self":[{"href":"https:\/\/zlindesignweek.com\/2021\/wp-json\/wp\/v2\/pages\/6850"}],"collection":[{"href":"https:\/\/zlindesignweek.com\/2021\/wp-json\/wp\/v2\/pages"}],"about":[{"href":"https:\/\/zlindesignweek.com\/2021\/wp-json\/wp\/v2\/types\/page"}],"author":[{"embeddable":true,"href":"https:\/\/zlindesignweek.com\/2021\/wp-json\/wp\/v2\/users\/2"}],"replies":[{"embeddable":true,"href":"https:\/\/zlindesignweek.com\/2021\/wp-json\/wp\/v2\/comments?post=6850"}],"version-history":[{"count":146,"href":"https:\/\/zlindesignweek.com\/2021\/wp-json\/wp\/v2\/pages\/6850\/revisions"}],"predecessor-version":[{"id":11236,"href":"https:\/\/zlindesignweek.com\/2021\/wp-json\/wp\/v2\/pages\/6850\/revisions\/11236"}],"wp:attachment":[{"href":"https:\/\/zlindesignweek.com\/2021\/wp-json\/wp\/v2\/media?parent=6850"}],"curies":[{"name":"wp","href":"https:\/\/api.w.org\/{rel}","templated":true}]}}