{"id":5249,"date":"2020-11-19T09:14:32","date_gmt":"2020-11-19T08:14:32","guid":{"rendered":"https:\/\/zlindesignweek.com\/2021\/?page_id=5249"},"modified":"2020-12-06T23:32:40","modified_gmt":"2020-12-06T22:32:40","slug":"prihlaska-do-opencallu","status":"publish","type":"page","link":"https:\/\/zlindesignweek.com\/2021\/zdw-2\/opencall\/prihlaska-do-opencallu\/","title":{"rendered":"P\u0159ihl\u00e1\u0161ka do Opencallu"},"content":{"rendered":"\n<div class=\"wp-block-group\"><div class=\"wp-block-group__inner-container\">\n<p class=\"has-white-color has-text-color\"> Jestli se n\u011bco pokazilo, nezoufej a&nbsp;po\u0161li n\u00e1m email na info@zlindesignweek.com.<\/p>\n<\/div><\/div>\n\n\n\n<p><\/p>\n","protected":false},"excerpt":{"rendered":"","protected":false},"author":2,"featured_media":0,"parent":1485,"menu_order":0,"comment_status":"closed","ping_status":"closed","template":"templates\/opencall-registrace.php","meta":[],"_links":{"self":[{"href":"https:\/\/zlindesignweek.com\/2021\/wp-json\/wp\/v2\/pages\/5249"}],"collection":[{"href":"https:\/\/zlindesignweek.com\/2021\/wp-json\/wp\/v2\/pages"}],"about":[{"href":"https:\/\/zlindesignweek.com\/2021\/wp-json\/wp\/v2\/types\/page"}],"author":[{"embeddable":true,"href":"https:\/\/zlindesignweek.com\/2021\/wp-json\/wp\/v2\/users\/2"}],"replies":[{"embeddable":true,"href":"https:\/\/zlindesignweek.com\/2021\/wp-json\/wp\/v2\/comments?post=5249"}],"version-history":[{"count":5,"href":"https:\/\/zlindesignweek.com\/2021\/wp-json\/wp\/v2\/pages\/5249\/revisions"}],"predecessor-version":[{"id":5801,"href":"https:\/\/zlindesignweek.com\/2021\/wp-json\/wp\/v2\/pages\/5249\/revisions\/5801"}],"up":[{"embeddable":true,"href":"https:\/\/zlindesignweek.com\/2021\/wp-json\/wp\/v2\/pages\/1485"}],"wp:attachment":[{"href":"https:\/\/zlindesignweek.com\/2021\/wp-json\/wp\/v2\/media?parent=5249"}],"curies":[{"name":"wp","href":"https:\/\/api.w.org\/{rel}","templated":true}]}}