{"id":5042,"date":"2020-08-11T20:23:49","date_gmt":"2020-08-11T18:23:49","guid":{"rendered":"https:\/\/zlindesignweek.com\/2021\/?page_id=5042"},"modified":"2020-08-13T10:10:02","modified_gmt":"2020-08-13T08:10:02","slug":"prohlaseni-o-pristupnosti","status":"publish","type":"page","link":"https:\/\/zlindesignweek.com\/2021\/prohlaseni-o-pristupnosti\/","title":{"rendered":"Prohl\u00e1\u0161en\u00ed o&nbsp;p\u0159\u00edstupnosti"},"content":{"rendered":"\n<div class=\"wp-block-group\"><div class=\"wp-block-group__inner-container\">\n<p>Zlin Design Week se zavazuje k&nbsp;zp\u0159\u00edstupn\u011bn\u00ed sv\u00fdch webov\u00fdch str\u00e1nek a&nbsp;mobiln\u00edch aplikac\u00ed v&nbsp;souladu se z\u00e1konem \u010d.&nbsp;99\/2019 Sb., o&nbsp;p\u0159\u00edstupnosti webov\u00fdch str\u00e1nek a&nbsp;mobiln\u00edch aplikac\u00ed a&nbsp;o&nbsp;zm\u011bn\u011b z\u00e1kona \u010d.&nbsp;365\/2000 Sb., o&nbsp;informa\u010dn\u00edch syst\u00e9mech ve\u0159ejn\u00e9 spr\u00e1vy a&nbsp;o&nbsp;zm\u011bn\u011b n\u011bkter\u00fdch dal\u0161\u00edch z\u00e1kon\u016f, ve zn\u011bn\u00ed pozd\u011bj\u0161\u00edch p\u0159edpis\u016f.<\/p>\n\n\n\n<p>Toto prohl\u00e1\u0161en\u00ed o&nbsp;p\u0159\u00edstupnosti se vztahuje na obsah internetov\u00fdch str\u00e1nek projektu Zlin Design Week, sout\u011b\u017ee Best in Design a&nbsp;Konference Zlin Design Week.  <\/p>\n\n\n\n<h3>Stav souladu<\/h3>\n\n\n\n<p>Uveden\u00e9 webov\u00e9 str\u00e1nky jsou pln\u011b v&nbsp;souladu po\u017eadavky stanoven\u00fdmi z\u00e1konem \u010d.&nbsp;99\/2019 Sb. a&nbsp;mezin\u00e1rodn\u00edm standardem p\u0159\u00edstupnosti&nbsp;<a href=\"https:\/\/www.w3.org\/TR\/WCAG21\/\">WCAG&nbsp;2.1<\/a>. Webov\u00e9 str\u00e1nky jsou aktualizov\u00e1ny a&nbsp;d\u00e1le vyv\u00edjeny za dodr\u017eov\u00e1n\u00ed postup\u016f a&nbsp;z\u00e1sad p\u0159\u00edstupnosti tak, aby se s&nbsp;jejich obsahem mohli sezn\u00e1mit i&nbsp;u\u017eivatel\u00e9 se specifick\u00fdmi pot\u0159ebami.<\/p>\n\n\n\n<h3>Vypracov\u00e1n\u00ed tohoto prohl\u00e1\u0161en\u00ed o&nbsp;p\u0159\u00edstupnosti<\/h3>\n\n\n\n<p>Prohl\u00e1\u0161en\u00ed bylo vypracov\u00e1no dne 11.&nbsp;08.&nbsp;2020 na z\u00e1klad\u011b vlastn\u00edho posouzen\u00ed.<\/p>\n\n\n\n<h3>Zp\u011btn\u00e1 vazba a&nbsp;kontaktn\u00ed \u00fadaje<\/h3>\n\n\n\n<p>N\u00e1v\u0161t\u011bvn\u00edk\u016fm webu je k&nbsp;dispozici u\u017eivatelsk\u00e1 podpora, kterou mohou kontaktovat prost\u0159ednictv\u00edm e-mailu&nbsp; kazik@utb.cz &nbsp;v&nbsp;p\u0159\u00edpad\u011b dotaz\u016f \u010di&nbsp;probl\u00e9m\u016f spojen\u00fdch s&nbsp;p\u0159\u00edstupnost\u00ed webu.<\/p>\n\n\n\n<h3>Postupy pro prosazov\u00e1n\u00ed pr\u00e1va<\/h3>\n\n\n\n<p>V p\u0159\u00edpad\u011b neuspokojiv\u00e9 odpov\u011bdi na ozn\u00e1men\u00ed nebo \u017e\u00e1dost zaslanou u\u017eivatelsk\u00e9 podpo\u0159e, m\u00e1 n\u00e1v\u0161t\u011bvn\u00edk mo\u017enost obr\u00e1tit se na obsahov\u00e9ho spr\u00e1vce webu prost\u0159ednictv\u00edm e-mailu gartnerova@utb.cz.<\/p>\n\n\n\n<p><!--EndFragment--><\/p>\n<\/div><\/div>\n","protected":false},"excerpt":{"rendered":"","protected":false},"author":7,"featured_media":0,"parent":0,"menu_order":0,"comment_status":"closed","ping_status":"closed","template":"","meta":[],"_links":{"self":[{"href":"https:\/\/zlindesignweek.com\/2021\/wp-json\/wp\/v2\/pages\/5042"}],"collection":[{"href":"https:\/\/zlindesignweek.com\/2021\/wp-json\/wp\/v2\/pages"}],"about":[{"href":"https:\/\/zlindesignweek.com\/2021\/wp-json\/wp\/v2\/types\/page"}],"author":[{"embeddable":true,"href":"https:\/\/zlindesignweek.com\/2021\/wp-json\/wp\/v2\/users\/7"}],"replies":[{"embeddable":true,"href":"https:\/\/zlindesignweek.com\/2021\/wp-json\/wp\/v2\/comments?post=5042"}],"version-history":[{"count":6,"href":"https:\/\/zlindesignweek.com\/2021\/wp-json\/wp\/v2\/pages\/5042\/revisions"}],"predecessor-version":[{"id":5049,"href":"https:\/\/zlindesignweek.com\/2021\/wp-json\/wp\/v2\/pages\/5042\/revisions\/5049"}],"wp:attachment":[{"href":"https:\/\/zlindesignweek.com\/2021\/wp-json\/wp\/v2\/media?parent=5042"}],"curies":[{"name":"wp","href":"https:\/\/api.w.org\/{rel}","templated":true}]}}