{"id":36,"date":"2019-12-20T22:04:40","date_gmt":"2019-12-20T21:04:40","guid":{"rendered":"http:\/\/zlindesignweek.com\/2021\/?page_id=36"},"modified":"2020-12-06T19:49:19","modified_gmt":"2020-12-06T18:49:19","slug":"jak-se-zapojit","status":"publish","type":"page","link":"https:\/\/zlindesignweek.com\/2021\/jak-se-zapojit\/","title":{"rendered":"Jak se zapojit do Zlin Design Weeku"},"content":{"rendered":"\n<div class=\"wp-block-group pt-1 pb-2 mt-md-2 has-white-background-color has-background\"><div class=\"wp-block-group__inner-container\">\n<h3 class=\"mb-0\">Tv\u016fj design si zaslou\u017e\u00ed b\u00fdt vid\u011bt.<\/h3>\n\n\n\n<p class=\"mb-2\">Zlin Design Week je to prav\u00e9 m\u00edsto, kde p\u0159edstavit svou tvorbu. Opencall je spu\u0161t\u011bn\u00fd a&nbsp;sout\u011b\u017e Best in Design bude spu\u0161t\u011bna ji\u017e 8.12.&nbsp;2020, tak to neprop\u00e1sni. V\u00edce informac\u00ed se dozv\u00ed\u0161 u\u017e brzy. Budeme se na tebe t\u011b\u0161it! <\/p>\n\n\n\n<div class=\"wp-block-columns\">\n<div class=\"wp-block-column pr-sm\"><div class=\"border-box  has-zdw-border-color has-white-background-color has-dark-color\"\r\n    style='max-width: 900px'>\r\n        <h3>Chci vystavovat    <\/h3>\r\n        <p class=\"mt-0\">Nenech svoji pr\u00e1ci le\u017eet v&nbsp;\u0161upl\u00edku a&nbsp;uka\u017e ji sv\u011btu na Zlin Design Weeku. Opencall je spu\u0161t\u011bn, tak se zapoj!    <\/p>\r\n        <div class=\"wp-block-button\">\r\n        <a class=\"wp-block-button__link\"\r\n            href=\"https:\/\/zlindesignweek.com\/2021\/zdw\/opencall\/\"\r\n            target=\"_self\">Opencall<\/a>\r\n    <\/div>\r\n\r\n    <\/div><\/div>\n\n\n\n<div class=\"wp-block-column\"><div class=\"border-box  has-zdw-border-color has-white-background-color has-dark-color\"\r\n    style='max-width: 900px'>\r\n        <h3>Chci sout\u011b\u017eit    <\/h3>\r\n        <p class=\"mt-0\">U\u017e 8.12.&nbsp;se bude\u0161 moci p\u0159ihl\u00e1sit do dal\u0161\u00edho ro\u010dn\u00edku sout\u011b\u017ee Best in Design. Pod\u00edvej se, v&nbsp;jak\u00fdch kategori\u00edch.<br \/>\r\n<br \/>\r\n    <\/p>\r\n        <div class=\"wp-block-button\">\r\n        <a class=\"wp-block-button__link\"\r\n            href=\"http:\/\/zlindesignweek.com\/2021\/best-in-design\/\"\r\n            target=\"_self\">Best in Design<\/a>\r\n    <\/div>\r\n\r\n    <\/div>\n\n\n<p><\/p>\n<\/div>\n<\/div>\n\n\n\n<p><\/p>\n<\/div><\/div>\n\n\n\n<div class=\"wp-block-group\"><div class=\"wp-block-group__inner-container\">\n<h2 class=\"has-white-color has-text-color\">Jak si Zlin Design Week p\u0159edstavit?<\/h2>\n\n\n\n<figure class=\"wp-block-embed-youtube wp-block-embed is-type-video is-provider-youtube wp-embed-aspect-16-9 wp-has-aspect-ratio\"><div class=\"wp-block-embed__wrapper\">\n<iframe title=\"Zlin Design Week 2019 | Sest\u0159ih\" width=\"500\" height=\"281\" src=\"https:\/\/www.youtube.com\/embed\/oRlHsjyVMgc?start=5&#038;feature=oembed\" frameborder=\"0\" allow=\"accelerometer; autoplay; clipboard-write; encrypted-media; gyroscope; picture-in-picture\" allowfullscreen><\/iframe>\n<\/div><\/figure>\n<\/div><\/div>\n\n\n\n<div class=\"wp-block-group\"><div class=\"wp-block-group__inner-container\">\n<div class=\"wp-block-columns mt-2 mb-2 pt-1 has-white-background-color\">\n<div class=\"wp-block-column p-1\">\n<div class=\"wp-block-image\"><figure class=\"aligncenter size-large\"><img loading=\"lazy\" width=\"261\" height=\"261\" src=\"https:\/\/zlindesignweek.com\/2021\/wp-content\/uploads\/2021\/02\/zlin3.png\" alt=\"\" class=\"wp-image-7742\" srcset=\"https:\/\/zlindesignweek.com\/2021\/wp-content\/uploads\/2021\/02\/zlin3.png 261w, https:\/\/zlindesignweek.com\/2021\/wp-content\/uploads\/2021\/02\/zlin3-150x150.png 150w, https:\/\/zlindesignweek.com\/2021\/wp-content\/uploads\/2021\/02\/zlin3-250x250.png 250w\" sizes=\"(max-width: 261px) 100vw, 261px\" \/><\/figure><\/div>\n\n\n\n<h3 class=\"has-text-align-center\">Zl\u00edn<\/h3>\n\n\n\n<p class=\"has-text-align-left\">Ke Zl\u00ednu design neodmysliteln\u011b pat\u0159\u00ed. Ovliv\u0148uje \u017eivot ka\u017ed\u00e9ho obyvatele, mnohdy nepov\u0161imnut. My mu d\u00e1me prostor zaz\u00e1\u0159it a&nbsp;lidem jej pochopit, docenit a&nbsp;nechat se j\u00edm inspirovat.<\/p>\n<\/div>\n\n\n\n<div class=\"wp-block-column p-1\">\n<div class=\"wp-block-image\"><figure class=\"aligncenter size-large\"><img loading=\"lazy\" width=\"261\" height=\"261\" src=\"https:\/\/zlindesignweek.com\/2021\/wp-content\/uploads\/2021\/02\/oo3.png\" alt=\"\" class=\"wp-image-7741\" srcset=\"https:\/\/zlindesignweek.com\/2021\/wp-content\/uploads\/2021\/02\/oo3.png 261w, https:\/\/zlindesignweek.com\/2021\/wp-content\/uploads\/2021\/02\/oo3-150x150.png 150w, https:\/\/zlindesignweek.com\/2021\/wp-content\/uploads\/2021\/02\/oo3-250x250.png 250w\" sizes=\"(max-width: 261px) 100vw, 261px\" \/><\/figure><\/div>\n\n\n\n<h3 class=\"has-text-align-center\">Spolupr\u00e1ce<\/h3>\n\n\n\n<p class=\"has-text-align-left\">Leto\u0161n\u00ed ro\u010dn\u00edk festivalu bude odrazem spolupr\u00e1ce mlad\u00fdch design\u00e9r\u016f a&nbsp;firem, teorie s&nbsp;prax\u00ed, byznysu a&nbsp;neziskov\u00e9ho sektoru. B\u011bhem jednoho t\u00fddne Zlin Design Week uk\u00e1\u017ee, co n\u00e1m m\u016f\u017ee p\u0159in\u00e9st otev\u0159enost a&nbsp;ochota se podporovat a&nbsp;\u017ee tvo\u0159it spolu m\u00e1 smysl.<\/p>\n<\/div>\n\n\n\n<div class=\"wp-block-column p-1\">\n<div class=\"wp-block-image\"><figure class=\"aligncenter size-large\"><img loading=\"lazy\" width=\"261\" height=\"261\" src=\"https:\/\/zlindesignweek.com\/2021\/wp-content\/uploads\/2021\/02\/partyyy3.png\" alt=\"\" class=\"wp-image-7740\" srcset=\"https:\/\/zlindesignweek.com\/2021\/wp-content\/uploads\/2021\/02\/partyyy3.png 261w, https:\/\/zlindesignweek.com\/2021\/wp-content\/uploads\/2021\/02\/partyyy3-150x150.png 150w, https:\/\/zlindesignweek.com\/2021\/wp-content\/uploads\/2021\/02\/partyyy3-250x250.png 250w\" sizes=\"(max-width: 261px) 100vw, 261px\" \/><\/figure><\/div>\n\n\n\n<h3 class=\"has-text-align-center\">T\u00fdden z\u00e1\u017eitk\u016f<\/h3>\n\n\n\n<p class=\"has-text-align-left\">Zl\u00edn o\u017eije designem ve dne v&nbsp;noci. V\u00fdstavy, galave\u010der, celodenn\u00ed konference, instalace v&nbsp;modulech, p\u0159edn\u00e1\u0161ky, workshopy, exkurze i&nbsp;nep\u0159ekonateln\u00e9 p\u00e1rty. Atmosf\u00e9ra nejde popsat, mus\u00ed\u0161 ji za\u017e\u00edt.<\/p>\n<\/div>\n<\/div>\n<\/div><\/div>\n\n\n<div class=\"container\">\r\n    <div class=\"newsletter-block pt-3 pb-3\">\r\n        <div class=\"newsletter-block__title\">\r\n            <h2>be-in-frame            <\/h2>\r\n            <p class=\"large\">join-newsletter            <\/p>\r\n        <\/div>\r\n        <div class=\"newsletter-block__form\">\r\n            <div id=\"mc_embed_signup\">\r\n                <form\r\n                    action=\"https:\/\/zlindesignweek.us11.list-manage.com\/subscribe\/post?u=6b2cc9d11694add8221484e2c&amp;id=2a0f50ac75\"\r\n                    method=\"post\" id=\"mc-embedded-subscribe-form\" name=\"mc-embedded-subscribe-form\" class=\"validate\"\r\n                    target=\"_blank\" novalidate>\r\n                    <div id=\"mc_embed_signup_scroll\">\r\n                        <input type=\"email\" value=\"\" name=\"EMAIL\" class=\"required email\" id=\"mce-EMAIL\"\r\n                            placeholder=\"insert-your-email\">\r\n                        <input type=\"submit\"\r\n                            value=\"sign-for-newsletter\"\r\n                            name=\"subscribe\" id=\"mc-embedded-subscribe\" class=\"button\">\r\n                        <div id=\"mce-responses\" class=\"clear\">\r\n                            <div class=\"response\" id=\"mce-error-response\" style=\"display:none\"><\/div>\r\n                            <div class=\"response\" id=\"mce-success-response\" style=\"display:none\"><\/div>\r\n                        <\/div>\r\n                        <div style=\"position: absolute; left: -5000px;\" aria-hidden=\"true\"><input type=\"text\"\r\n                                name=\"b_6b2cc9d11694add8221484e2c_2a0f50ac75\" tabindex=\"-1\" value=\"\"><\/div>\r\n\r\n                    <\/div>\r\n                <\/form>\r\n            <\/div>\r\n        <\/div>\r\n    <\/div>\r\n<\/div>","protected":false},"excerpt":{"rendered":"","protected":false},"author":2,"featured_media":0,"parent":0,"menu_order":0,"comment_status":"closed","ping_status":"closed","template":"templates\/smaller-title.php","meta":[],"_links":{"self":[{"href":"https:\/\/zlindesignweek.com\/2021\/wp-json\/wp\/v2\/pages\/36"}],"collection":[{"href":"https:\/\/zlindesignweek.com\/2021\/wp-json\/wp\/v2\/pages"}],"about":[{"href":"https:\/\/zlindesignweek.com\/2021\/wp-json\/wp\/v2\/types\/page"}],"author":[{"embeddable":true,"href":"https:\/\/zlindesignweek.com\/2021\/wp-json\/wp\/v2\/users\/2"}],"replies":[{"embeddable":true,"href":"https:\/\/zlindesignweek.com\/2021\/wp-json\/wp\/v2\/comments?post=36"}],"version-history":[{"count":73,"href":"https:\/\/zlindesignweek.com\/2021\/wp-json\/wp\/v2\/pages\/36\/revisions"}],"predecessor-version":[{"id":6100,"href":"https:\/\/zlindesignweek.com\/2021\/wp-json\/wp\/v2\/pages\/36\/revisions\/6100"}],"wp:attachment":[{"href":"https:\/\/zlindesignweek.com\/2021\/wp-json\/wp\/v2\/media?parent=36"}],"curies":[{"name":"wp","href":"https:\/\/api.w.org\/{rel}","templated":true}]}}