{"id":258,"date":"2019-12-24T01:28:29","date_gmt":"2019-12-24T00:28:29","guid":{"rendered":"http:\/\/zlindesignweek.com\/2021\/?page_id=258"},"modified":"2020-11-21T12:01:20","modified_gmt":"2020-11-21T11:01:20","slug":"bid-kontakt","status":"publish","type":"page","link":"https:\/\/zlindesignweek.com\/2021\/best-in-design\/bid-kontakt\/","title":{"rendered":"Kontakt Best in Design"},"content":{"rendered":"\n<div class=\"wp-block-group\"><div class=\"wp-block-group__inner-container\"><div class=\"contact-person has-white-background-color mr-sm \">\r\n        <img src=\"https:\/\/zlindesignweek.com\/2021\/wp-content\/uploads\/2020\/09\/image-500x489.jpeg\"\r\n        alt=\"\" \/>\r\n        <div class=\"contact-person__content\">\r\n                <h4>Kate\u0159ina Oppeltov\u00e1        <\/h4>\r\n                        <p class=\"caption text-uppercase strong\">Mana\u017eerka sout\u011b\u017ee        <\/p>\r\n                        <p><a\r\n                href=\"mailto:katerina.oppeltova@zlindesignweek.com\">katerina.oppeltova@zlindesignweek.com<\/a><\/p>\r\n                        <p>+420&nbsp;773&nbsp;119&nbsp;822        <\/p>\r\n            <\/div>\r\n<\/div><\/div><\/div>\n\n\n\n<div style=\"height:100px\" aria-hidden=\"true\" class=\"wp-block-spacer\"><\/div>\n","protected":false},"excerpt":{"rendered":"","protected":false},"author":2,"featured_media":0,"parent":193,"menu_order":0,"comment_status":"closed","ping_status":"closed","template":"","meta":[],"_links":{"self":[{"href":"https:\/\/zlindesignweek.com\/2021\/wp-json\/wp\/v2\/pages\/258"}],"collection":[{"href":"https:\/\/zlindesignweek.com\/2021\/wp-json\/wp\/v2\/pages"}],"about":[{"href":"https:\/\/zlindesignweek.com\/2021\/wp-json\/wp\/v2\/types\/page"}],"author":[{"embeddable":true,"href":"https:\/\/zlindesignweek.com\/2021\/wp-json\/wp\/v2\/users\/2"}],"replies":[{"embeddable":true,"href":"https:\/\/zlindesignweek.com\/2021\/wp-json\/wp\/v2\/comments?post=258"}],"version-history":[{"count":13,"href":"https:\/\/zlindesignweek.com\/2021\/wp-json\/wp\/v2\/pages\/258\/revisions"}],"predecessor-version":[{"id":5303,"href":"https:\/\/zlindesignweek.com\/2021\/wp-json\/wp\/v2\/pages\/258\/revisions\/5303"}],"up":[{"embeddable":true,"href":"https:\/\/zlindesignweek.com\/2021\/wp-json\/wp\/v2\/pages\/193"}],"wp:attachment":[{"href":"https:\/\/zlindesignweek.com\/2021\/wp-json\/wp\/v2\/media?parent=258"}],"curies":[{"name":"wp","href":"https:\/\/api.w.org\/{rel}","templated":true}]}}