{"id":219,"date":"2019-12-24T01:02:15","date_gmt":"2019-12-24T00:02:15","guid":{"rendered":"http:\/\/zlindesignweek.com\/2021\/?page_id=219"},"modified":"2021-03-03T14:23:25","modified_gmt":"2021-03-03T13:23:25","slug":"pravidla-souteze","status":"publish","type":"page","link":"https:\/\/zlindesignweek.com\/2021\/best-in-design\/pravidla-souteze\/","title":{"rendered":"Pravidla sout\u011b\u017ee"},"content":{"rendered":"\n<div class=\"wp-block-group anchor-nav-group mb-2\"><div class=\"wp-block-group__inner-container\">\n<p class=\"has-white-color has-text-color\"><a href=\"#souhrn-pravidel\">Souhrn pravidel<\/a><\/p>\n\n\n\n<p class=\"has-white-color has-text-color\"><a href=\"#data-souteze\">Data sout\u011b\u017ee<\/a><\/p>\n\n\n\n<p class=\"has-white-color has-text-color\"><a href=\"#soutezni-kategorie\">Sout\u011b\u017en\u00ed kategorie<\/a><\/p>\n\n\n\n<p class=\"has-white-color has-text-color\"><a href=\"#ceny\">Ceny<\/a><\/p>\n\n\n\n<p class=\"has-white-color has-text-color\"><a href=\"https:\/\/drive.google.com\/file\/d\/1gdQdXOZIPn0Fvqo-lYw81bm2SitKcLBF\/view\" data-type=\"URL\" data-id=\"https:\/\/drive.google.com\/file\/d\/1gdQdXOZIPn0Fvqo-lYw81bm2SitKcLBF\/view\">Kompletn\u00ed pravidla ke sta\u017een\u00ed<\/a><\/p>\n<\/div><\/div>\n\n\n\n<div id=\"souhrn-pravidel\" class=\"wp-block-group has-white-background-color has-background\"><div class=\"wp-block-group__inner-container\">\n<div class=\"wp-block-columns\">\n<div class=\"wp-block-column\">\n<h4 class=\"has-text-align-right\">Souhrn pravidel<\/h4>\n\n\n\n<p><\/p>\n<\/div>\n\n\n\n<div class=\"wp-block-column\">\n<p><strong>Jak? <\/strong><br>Nezapome\u0148, \u017ee hlavn\u00edm faktorem je kreativita a&nbsp;neot\u0159elost Tv\u00e9ho n\u00e1vrhu. Hod\u00ed se m\u00edt inovativn\u00ed a&nbsp;origin\u00e1ln\u00ed p\u0159\u00edstup k&nbsp;\u0159e\u0161en\u00ed, ale tak\u00e9 jde o&nbsp;funk\u010dnost a&nbsp;pou\u017eit\u00ed materi\u00e1lu. Ber v&nbsp;\u00favahu, \u017ee se hodnot\u00ed i&nbsp;ekologi\u010dnost n\u00e1vrhu.<\/p>\n\n\n\n<p><strong>Kolik? <\/strong><br>Po\u010det prac\u00ed, kter\u00e9 m\u016f\u017ee\u0161 nahr\u00e1t, je neomezen\u00fd. Tv\u00e9 d\u00edlo nen\u00ed ohrani\u010deno \u017e\u00e1dn\u00fdm t\u00e9matem, libovoln\u011b m\u016f\u017ee\u0161 poslat t\u0159eba to, co najde\u0161 doma v&nbsp;\u0161upl\u00edku. P\u0159ihl\u00e1\u0161ky jsou nav\u00edc zdarma.<\/p>\n\n\n\n<p><strong>Kdo?<\/strong><br>P\u0159ihl\u00e1sit se m\u016f\u017ee\u0161 v&nbsp;t\u00fdmu nebo s\u00e1m, a\u0165 u\u017e jsi student, za\u010d\u00ednaj\u00edc\u00ed design\u00e9r nebo nad\u0161enec designu. \u017d\u00e1dn\u00e1 omezen\u00ed sout\u011b\u017e nem\u00e1. Jedinou podm\u00ednkou je v\u011bk. Nesm\u00ed Ti b\u00fdt v\u00edc ne\u017e 30 let.<\/p>\n\n\n\n<p><strong>Co? <\/strong><br>Abychom Tv\u016fj sout\u011b\u017en\u00ed n\u00e1vrh p\u0159ijali, mus\u00ed\u0161 ke sv\u00e9 pr\u00e1ci nahr\u00e1t i&nbsp;p\u0159ihl\u00e1\u0161ku. Tv\u00e1 pr\u00e1ce ale nesm\u00ed b\u00fdt star\u0161\u00edho data ne\u017e 1.&nbsp;1.&nbsp;2019. Mezi p\u0159\u00edlohami nesm\u00ed chyb\u011bt krom\u011b p\u0159ihl\u00e1\u0161ky i&nbsp;fotografie pr\u00e1ce ve form\u00e1tu .jpg a&nbsp;textov\u00fd dokument se stru\u010dn\u00fdm koment\u00e1\u0159em pr\u00e1ce.<\/p>\n<\/div>\n<\/div>\n\n\n\n<p><\/p>\n<\/div><\/div>\n\n\n\n<div id=\"data-souteze\" class=\"wp-block-group has-white-background-color has-background\"><div class=\"wp-block-group__inner-container\">\n<div class=\"wp-block-columns\">\n<div class=\"wp-block-column\">\n<h4 class=\"has-text-align-right\">Data sout\u011b\u017ee<\/h4>\n\n\n\n<p><\/p>\n<\/div>\n\n\n\n<div class=\"wp-block-column\">\n<p><strong>8.&nbsp;12.&nbsp;2020 \u2013 Zah\u00e1jen\u00ed sout\u011b\u017ee<\/strong><br>T\u00edmto dnem za\u010d\u00edn\u00e1 Tv\u00e1 mo\u017enost p\u0159ihl\u00e1sit sv\u00e9 pr\u00e1ce. Pr\u00e1v\u011b Ty se m\u016f\u017ee\u0161 st\u00e1t v\u00edt\u011bzem.<\/p>\n\n\n\n<p><strong>3.&nbsp;3.&nbsp;2021 \u2013 Uz\u00e1v\u011brka sout\u011b\u017ee <\/strong><br>Tohle datum by Ti v&nbsp;di\u00e1\u0159i nem\u011blo chyb\u011bt. Posledn\u00ed mo\u017enost poslat svou p\u0159ihl\u00e1\u0161ku.<\/p>\n\n\n\n<p><strong>Zased\u00e1n\u00ed poroty<\/strong> <br>Zased\u00e1n\u00ed odborn\u00e9 poroty k&nbsp;hodnocen\u00ed sout\u011b\u017en\u00edch n\u00e1vrh\u016f prob\u011bhne v&nbsp;prvn\u00edm \u010dtvrtlet\u00ed roku 2021.<\/p>\n\n\n\n<p><strong>7.&nbsp;5.&nbsp;2021 \u2013 Vyhl\u00e1\u0161en\u00ed v\u00edt\u011bz\u016f <\/strong><br>V tento den se v\u0161ichni potk\u00e1me ve Zl\u00edn\u011b na fin\u00e1le Best in Design a&nbsp;dozv\u00edme se v\u00edt\u011bze.<\/p>\n<\/div>\n<\/div>\n\n\n\n<p><\/p>\n<\/div><\/div>\n\n\n\n<div id=\"soutezni-kategorie\" class=\"wp-block-group has-white-background-color has-background\"><div class=\"wp-block-group__inner-container\">\n<div class=\"wp-block-columns\">\n<div class=\"wp-block-column\">\n<h4 class=\"has-text-align-right\">Sout\u011b\u017en\u00ed kategorie<\/h4>\n\n\n\n<p><\/p>\n<\/div>\n\n\n\n<div class=\"wp-block-column\">\n<p><strong>Product &amp; Industrial Design <\/strong><br> design produkt\u016f, design interi\u00e9ru a&nbsp;n\u00e1bytku, design n\u00e1stroj\u016f a&nbsp;za\u0159\u00edzen\u00ed a&nbsp;dal\u0161\u00ed <\/p>\n\n\n\n<p><strong>Fashion Design <\/strong><br>design od\u011bvu, design textiln\u00ed tvorby, design obuvi a&nbsp;galanterie, design \u0161perk\u016f a&nbsp;dal\u0161\u00ed<\/p>\n\n\n\n<p><strong>Communication Design <\/strong><br>design grafiky a&nbsp;ilustrace, nov\u00e1 m\u00e9dia, vizu\u00e1ln\u00ed komunikace a&nbsp;intermedia, webov\u00e9 animace a&nbsp;dal\u0161\u00ed<\/p>\n<\/div>\n<\/div>\n\n\n\n<p><\/p>\n<\/div><\/div>\n\n\n\n<div id=\"ceny\" class=\"wp-block-group has-white-background-color has-background\"><div class=\"wp-block-group__inner-container\">\n<div class=\"wp-block-columns\">\n<div class=\"wp-block-column\">\n<h4 class=\"has-text-align-right\">Ceny<\/h4>\n\n\n\n<p><\/p>\n<\/div>\n\n\n\n<div class=\"wp-block-column\">\n<p><strong>Hlavn\u00ed cena <\/strong><br>Pro nejlep\u0161\u00edho z&nbsp;nejlep\u0161\u00edch nap\u0159\u00ed\u010d kategoriemi m\u00e1me titul Best in Design 2021. Dr\u017eitel titulu si spolu s&nbsp;odm\u011bnou za v\u00edt\u011bzstv\u00ed v&nbsp;jedn\u00e9 z&nbsp;kategori\u00ed odnese \u010d\u00e1stku 1&nbsp;500 \u20ac.<\/p>\n\n\n\n<p><strong>1.&nbsp;m\u00edsto v&nbsp;jednotliv\u00e9 sout\u011b\u017en\u00ed kategorii <\/strong><br>V\u00edt\u011bzn\u00fd n\u00e1vrh z&nbsp;ka\u017ed\u00e9 sout\u011b\u017en\u00ed kategorie obdr\u017e\u00ed finan\u010dn\u00ed odm\u011bnu ve v\u00fd\u0161i 500 \u20ac.<\/p>\n\n\n\n<p><strong>2.&nbsp;m\u00edsto v&nbsp;jednotliv\u00e9 sout\u011b\u017en\u00ed kategorii <\/strong><br>Autor sout\u011b\u017en\u00edho n\u00e1vrhu, kter\u00fd obsad\u00ed 2.&nbsp;m\u00edsto v&nbsp;jednotliv\u00e9 sout\u011b\u017en\u00ed kategorii, z\u00edsk\u00e1 finan\u010dn\u00ed odm\u011bnu ve v\u00fd\u0161i 300 \u20ac.<\/p>\n\n\n\n<p><strong>3.&nbsp;m\u00edsto v&nbsp;jednotliv\u00e9 sout\u011b\u017en\u00ed kategorii <\/strong><br>Autor sout\u011b\u017en\u00edho n\u00e1vrhu, kter\u00fd obsad\u00ed 3.&nbsp;m\u00edsto v&nbsp;jednotliv\u00e9 sout\u011b\u017en\u00ed kategorii, z\u00edsk\u00e1 finan\u010dn\u00ed odm\u011bnu ve v\u00fd\u0161i 200 \u20ac.<\/p>\n<\/div>\n<\/div>\n\n\n\n<p><\/p>\n<\/div><\/div>\n\n\n\n<div class=\"wp-block-group\"><div class=\"wp-block-group__inner-container\">\n<div class=\"wp-block-columns\">\n<div class=\"wp-block-column\">\n<h2 class=\"has-white-color has-text-color\">Kompletn\u00ed pravidla sout\u011b\u017ee Best in Design<\/h2>\n\n\n\n<div class=\"wp-block-button\"><a class=\"wp-block-button__link has-dark-background-color has-background\" href=\"https:\/\/drive.google.com\/file\/d\/1gdQdXOZIPn0Fvqo-lYw81bm2SitKcLBF\/view\">Kompletn\u00ed pravidla v&nbsp;PDF<\/a><\/div>\n\n\n\n<p class=\"large has-white-color has-text-color\">Pro v\u00edce informac\u00ed n\u00e1s pros\u00edm kontaktujte na info@zlindesignweek.com.<\/p>\n<\/div>\n\n\n\n<div class=\"wp-block-column\"><\/div>\n<\/div>\n<\/div><\/div>\n\n\n\n<div style=\"height:100px\" aria-hidden=\"true\" class=\"wp-block-spacer\"><\/div>\n","protected":false},"excerpt":{"rendered":"","protected":false},"author":2,"featured_media":0,"parent":193,"menu_order":0,"comment_status":"closed","ping_status":"closed","template":"","meta":[],"_links":{"self":[{"href":"https:\/\/zlindesignweek.com\/2021\/wp-json\/wp\/v2\/pages\/219"}],"collection":[{"href":"https:\/\/zlindesignweek.com\/2021\/wp-json\/wp\/v2\/pages"}],"about":[{"href":"https:\/\/zlindesignweek.com\/2021\/wp-json\/wp\/v2\/types\/page"}],"author":[{"embeddable":true,"href":"https:\/\/zlindesignweek.com\/2021\/wp-json\/wp\/v2\/users\/2"}],"replies":[{"embeddable":true,"href":"https:\/\/zlindesignweek.com\/2021\/wp-json\/wp\/v2\/comments?post=219"}],"version-history":[{"count":30,"href":"https:\/\/zlindesignweek.com\/2021\/wp-json\/wp\/v2\/pages\/219\/revisions"}],"predecessor-version":[{"id":9090,"href":"https:\/\/zlindesignweek.com\/2021\/wp-json\/wp\/v2\/pages\/219\/revisions\/9090"}],"up":[{"embeddable":true,"href":"https:\/\/zlindesignweek.com\/2021\/wp-json\/wp\/v2\/pages\/193"}],"wp:attachment":[{"href":"https:\/\/zlindesignweek.com\/2021\/wp-json\/wp\/v2\/media?parent=219"}],"curies":[{"name":"wp","href":"https:\/\/api.w.org\/{rel}","templated":true}]}}