{"id":215,"date":"2019-12-24T01:01:49","date_gmt":"2019-12-24T00:01:49","guid":{"rendered":"http:\/\/zlindesignweek.com\/2021\/?page_id=215"},"modified":"2020-12-09T21:54:27","modified_gmt":"2020-12-09T20:54:27","slug":"o-soutezi","status":"publish","type":"page","link":"https:\/\/zlindesignweek.com\/2021\/best-in-design\/o-soutezi\/","title":{"rendered":"O soute\u017ei"},"content":{"rendered":"\n<div class=\"wp-block-group has-white-background-color has-background\"><div class=\"wp-block-group__inner-container\">\n<div class=\"wp-block-columns\">\n<div class=\"wp-block-column\" style=\"flex-basis:33.33%\">\n<h4 class=\"has-text-align-right\">Co je to Best in Design?<\/h4>\n\n\n\n<p><\/p>\n<\/div>\n\n\n\n<div class=\"wp-block-column\" style=\"flex-basis:66.66%\">\n<p>Best in Design je mezin\u00e1rodn\u00ed sout\u011b\u017e pro mlad\u00e9 design\u00e9ry. Ve h\u0159e jsou nejen finan\u010dn\u00ed odm\u011bny v&nbsp;rozmez\u00ed od 200 \u20ac do 1&nbsp;500 \u20ac, ale p\u0159edev\u0161\u00edm obrovsk\u00e1 p\u0159\u00edle\u017eitost z\u00edskat zp\u011btnou vazbu, porovnat se s&nbsp;mlad\u00fdmi design\u00e9ry z&nbsp;cel\u00e9ho sv\u011bta, uk\u00e1zat, co v&nbsp;tob\u011b je a&nbsp;t\u0159eba i&nbsp;odstartovat svou kari\u00e9ru. Jedin\u00e9, co ti sta\u010d\u00ed k&nbsp;p\u0159ihl\u00e1\u0161en\u00ed, je odvaha a&nbsp;talent.<\/p>\n<\/div>\n<\/div>\n\n\n\n<div class=\"wp-block-columns\">\n<div class=\"wp-block-column\" style=\"flex-basis:33.33%\">\n<h4 class=\"has-text-align-right\">Kdo m\u016f\u017ee sout\u011b\u017eit?<\/h4>\n\n\n\n<p><\/p>\n<\/div>\n\n\n\n<div class=\"wp-block-column\" style=\"flex-basis:66.66%\">\n<p>Do sout\u011b\u017ee se mohou p\u0159ihl\u00e1sit jak jednotlivci, tak autorsk\u00e9 kolektivy ve v\u011bku do 30 let. Auto\u0159i mohou vyt\u00e1hnout v\u0161echna sv\u00e1 esa z&nbsp;ruk\u00e1vu \u2013 po\u010det prac\u00ed, kter\u00e9 lze p\u0159ihl\u00e1sit, nen\u00ed omezen\u00fd a&nbsp;ani Tv\u00e1 pen\u011b\u017eenka nijak neutrp\u00ed, jeliko\u017e p\u0159ihl\u00e1\u0161ky jsou zdarma.<\/p>\n<\/div>\n<\/div>\n\n\n\n<div class=\"wp-block-columns\">\n<div class=\"wp-block-column\" style=\"flex-basis:33.33%\">\n<h4 class=\"has-text-align-right\">Pro\u010d se neb\u00e1t riskovat a&nbsp;p\u0159ihl\u00e1sit se?<\/h4>\n\n\n\n<p><\/p>\n<\/div>\n\n\n\n<div class=\"wp-block-column\" style=\"flex-basis:66.66%\">\n<p>Proto\u017ee risk je zisk a&nbsp;v&nbsp;Best in Design nelze nic ztratit, jen z\u00edskat. Odm\u011bnu, zku\u0161enosti, p\u0159\u00edle\u017eitosti. Jde jen o&nbsp;to uk\u00e1zat, \u017ee design je tv\u00e1 srdcov\u00e1 z\u00e1le\u017eitost.<\/p>\n<\/div>\n<\/div>\n\n\n\n<div class=\"wp-block-columns\">\n<div class=\"wp-block-column\" style=\"flex-basis:33.33%\">\n<h4 class=\"has-text-align-right\">3 kategorie<\/h4>\n\n\n\n<p><\/p>\n<\/div>\n\n\n\n<div class=\"wp-block-column\" style=\"flex-basis:66.66%\">\n<p>M\u016f\u017ee\u0161 z\u00edskat ocen\u011bn\u00ed v&nbsp;jedn\u00e9 ze t\u0159\u00ed kategori\u00ed (Product &amp; Industrial Design, Fashion Design a&nbsp;Communication Design) a&nbsp;usilovat o&nbsp;hlavn\u00ed cenu Best in Design.<\/p>\n<\/div>\n<\/div>\n\n\n\n<p><\/p>\n<\/div><\/div>\n\n\n\n<div style=\"height:66px\" aria-hidden=\"true\" class=\"wp-block-spacer\"><\/div>\n\n\n\n<div class=\"wp-block-group pb-4 pt-1\"><div class=\"wp-block-group__inner-container\">\n<div class=\"wp-block-columns btn-columns\">\n<div class=\"wp-block-column is-vertically-aligned-top\">\n<div class=\"wp-block-buttons w-100\">\n<div class=\"wp-block-button d-block w-100\"><a class=\"wp-block-button__link has-dark-color has-white-background-color has-text-color has-background\" href=\"https:\/\/zlindesignweek.com\/2021\/best-in-design\/registrace\/\">chci se p\u0159ihl\u00e1sit<\/a><\/div>\n<\/div>\n<\/div>\n\n\n\n<div class=\"wp-block-column\">\n<div class=\"wp-block-buttons w-100\">\n<div class=\"wp-block-button d-block w-100\"><a class=\"wp-block-button__link has-dark-color has-white-background-color has-text-color has-background\" href=\"https:\/\/drive.google.com\/file\/d\/1gdQdXOZIPn0Fvqo-lYw81bm2SitKcLBF\/view\" target=\"_blank\" rel=\"noreferrer noopener\">pravidla p\u0159ihla\u0161ov\u00e1n\u00ed<\/a><\/div>\n<\/div>\n<\/div>\n<\/div>\n<\/div><\/div>\n\n\n\n<p><\/p>\n\n\n\n<div style=\"height:40px\" aria-hidden=\"true\" class=\"wp-block-spacer\"><\/div>\n\n\n\n<p><\/p>\n","protected":false},"excerpt":{"rendered":"","protected":false},"author":2,"featured_media":0,"parent":193,"menu_order":0,"comment_status":"closed","ping_status":"closed","template":"","meta":[],"_links":{"self":[{"href":"https:\/\/zlindesignweek.com\/2021\/wp-json\/wp\/v2\/pages\/215"}],"collection":[{"href":"https:\/\/zlindesignweek.com\/2021\/wp-json\/wp\/v2\/pages"}],"about":[{"href":"https:\/\/zlindesignweek.com\/2021\/wp-json\/wp\/v2\/types\/page"}],"author":[{"embeddable":true,"href":"https:\/\/zlindesignweek.com\/2021\/wp-json\/wp\/v2\/users\/2"}],"replies":[{"embeddable":true,"href":"https:\/\/zlindesignweek.com\/2021\/wp-json\/wp\/v2\/comments?post=215"}],"version-history":[{"count":37,"href":"https:\/\/zlindesignweek.com\/2021\/wp-json\/wp\/v2\/pages\/215\/revisions"}],"predecessor-version":[{"id":11248,"href":"https:\/\/zlindesignweek.com\/2021\/wp-json\/wp\/v2\/pages\/215\/revisions\/11248"}],"up":[{"embeddable":true,"href":"https:\/\/zlindesignweek.com\/2021\/wp-json\/wp\/v2\/pages\/193"}],"wp:attachment":[{"href":"https:\/\/zlindesignweek.com\/2021\/wp-json\/wp\/v2\/media?parent=215"}],"curies":[{"name":"wp","href":"https:\/\/api.w.org\/{rel}","templated":true}]}}