{"id":213,"date":"2019-12-24T01:01:30","date_gmt":"2019-12-24T00:01:30","guid":{"rendered":"http:\/\/zlindesignweek.com\/2021\/?page_id=213"},"modified":"2020-12-06T19:51:42","modified_gmt":"2020-12-06T18:51:42","slug":"caste-otazky","status":"publish","type":"page","link":"https:\/\/zlindesignweek.com\/2021\/konference\/caste-otazky\/","title":{"rendered":"\u010cast\u00e9 ot\u00e1zky"},"content":{"rendered":"\n<div class=\"wp-block-group anchor-nav-group mb-2\"><div class=\"wp-block-group__inner-container\">\n<p class=\"has-white-color has-text-color\"><a href=\"#souhrn-pravidel\">Pro koho je Konference ur\u010dena?<\/a><\/p>\n\n\n\n<p class=\"has-white-color has-text-color\"><a href=\"#v-jakem-jazyce\">V jak\u00e9m jazyce bude Konference prob\u00edhat?<\/a><\/p>\n\n\n\n<p class=\"has-white-color has-text-color\"><a href=\"#program\">Jak bude vypadat fin\u00e1ln\u00ed program?<\/a><\/p>\n\n\n\n<p class=\"has-white-color has-text-color\"><a href=\"#sleva\">Pro koho je ur\u010dena studentsk\u00e1 sleva?<\/a><\/p>\n\n\n\n<p class=\"has-white-color has-text-color\"><a href=\"#vstupenka\">Kam mi p\u0159ijde vstupenka?<\/a><\/p>\n<\/div><\/div>\n\n\n\n<div class=\"wp-block-group has-white-background-color has-background\" id=\"pro-koho\"><div class=\"wp-block-group__inner-container\">\n<div class=\"wp-block-columns\">\n<div class=\"wp-block-column\">\n<h4 class=\"has-text-align-right\">Pro koho je Konference ur\u010dena?<\/h4>\n<\/div>\n\n\n\n<div class=\"wp-block-column\">\n<p> Pro v\u0161echny, kte\u0159\u00ed se cht\u011bj\u00ed vzd\u011bl\u00e1vat v&nbsp;designu a&nbsp;marketingu, tou\u017e\u00ed po&nbsp;nov\u00fdch impulsech nebo inspiraci. D\u00edky r\u016fznorodosti \u0159e\u010dn\u00edk\u016f si sv\u00e9 najdou profesion\u00e1lov\u00e9 z&nbsp;oboru, studenti a&nbsp;v\u0161ichni, kdo se o&nbsp;design nebo marketing bl\u00ed\u017ee zaj\u00edmaj\u00ed. <\/p>\n<\/div>\n<\/div>\n<\/div><\/div>\n\n\n\n<div id=\"v-jakem-jazyce\" class=\"wp-block-group has-white-background-color has-background\"><div class=\"wp-block-group__inner-container\">\n<div class=\"wp-block-columns\">\n<div class=\"wp-block-column\">\n<h4 class=\"has-text-align-right\">V jak\u00e9m jazyce bude Konference prob\u00edhat?<\/h4>\n<\/div>\n\n\n\n<div class=\"wp-block-column\">\n<p>Vzhledem k&nbsp;tomu, \u017ee na\u0161i \u0159e\u010dn\u00edci jsou v\u017edy jak z&nbsp;\u010ceska, tak ze zahrani\u010d\u00ed, budou jednotliv\u00e9 bloky prob\u00edhat v&nbsp;\u010de\u0161tin\u011b nebo angli\u010dtin\u011b dle p\u016fvodu \u0159e\u010dn\u00edka. V&nbsp;cen\u011b vstupn\u00e9ho bude mo\u017en\u00e9 zap\u016fj\u010dit si sluch\u00e1tka se simult\u00e1nn\u00edm p\u0159ekladem. <\/p>\n<\/div>\n<\/div>\n<\/div><\/div>\n\n\n\n<div id=\"program\" class=\"wp-block-group has-white-background-color has-background\"><div class=\"wp-block-group__inner-container\">\n<div class=\"wp-block-columns\">\n<div class=\"wp-block-column\">\n<h4 class=\"has-text-align-right\">Jak bude vypadat fin\u00e1ln\u00ed program?<\/h4>\n<\/div>\n\n\n\n<div class=\"wp-block-column\">\n<p>Na Konferenci vystoup\u00ed 8 \u0159e\u010dn\u00edk\u016f. M\u016f\u017eete se t\u011b\u0161it na dva coffee breaky a&nbsp;ob\u011bd. Po&nbsp;skon\u010den\u00ed Konference jste zv\u00e1ni na afterparty, kde se krom\u011b j\u00eddla a&nbsp;pit\u00ed m\u016f\u017eete sezn\u00e1mit, prodiskutovat uplynul\u00fd den nebo vym\u011bnit nespo\u010det kontakt\u016f. <\/p>\n<\/div>\n<\/div>\n<\/div><\/div>\n\n\n\n<div id=\"sleva\" class=\"wp-block-group has-white-background-color has-background\"><div class=\"wp-block-group__inner-container\">\n<div class=\"wp-block-columns\">\n<div class=\"wp-block-column\">\n<h4 class=\"has-text-align-right\">Pro koho je ur\u010dena studentsk\u00e1 sleva?<\/h4>\n<\/div>\n\n\n\n<div class=\"wp-block-column\">\n<p>Podporujeme ty, kte\u0159\u00ed si je\u0161t\u011b nevyd\u011bl\u00e1vaj\u00ed. Nab\u00edz\u00edme student\u016fm mo\u017enost zakoupit si dotovanou vstupenku, ve kter\u00e9 nen\u00ed zahrnut ob\u011bd. Studentsk\u00e1 sleva je ur\u010dena pro studenty denn\u00ed formy studia. Plat\u00ed zde tedy stejn\u00e9 podm\u00ednky, jako nap\u0159\u00edklad u&nbsp;st\u00e1tn\u00edch slev na dopravu. ISIC je ide\u00e1ln\u00ed \u0159e\u0161en\u00ed, spokoj\u00edme se tak\u00e9 s&nbsp;jin\u00fdm potvrzen\u00edm s&nbsp;raz\u00edtkem \u0161koly a&nbsp;podpisem. Sleva se ov\u011b\u0159uje u&nbsp;vstupu na konferenci. <\/p>\n<\/div>\n<\/div>\n<\/div><\/div>\n\n\n\n<div id=\"vstupenka\" class=\"wp-block-group has-white-background-color has-background\"><div class=\"wp-block-group__inner-container\">\n<div class=\"wp-block-columns\">\n<div class=\"wp-block-column\">\n<h4 class=\"has-text-align-right\"> Kam mi p\u0159ijde vstupenka? <\/h4>\n<\/div>\n\n\n\n<div class=\"wp-block-column\">\n<p>L\u00edstek V\u00e1m doraz\u00ed ve form\u00e1tu .pdf. na email, kter\u00fd uvedete p\u0159i&nbsp;placen\u00ed vstupenek. N\u011bkdy se ale zatoulaj\u00ed, zkontrolujte pros\u00edm slo\u017eku spam. Kdyby se vyskytl probl\u00e9m, sta\u010d\u00ed n\u00e1s kontaktovat, mrkneme na to. <br>michal.kyselica@zlindesignweek.com <\/p>\n<\/div>\n<\/div>\n<\/div><\/div>\n\n\n\n<div class=\"wp-block-group pt-2 pb-1\"><div class=\"wp-block-group__inner-container\">\n<div class=\"wp-block-columns\">\n<div class=\"wp-block-column\">\n<h4 class=\"mb-0 has-white-color has-text-color\">Zaj\u00edm\u00e1 V\u00e1s n\u011bco dal\u0161\u00edho? <\/h4>\n\n\n\n<p class=\"has-white-color has-text-color\"><span style=\"text-decoration: underline;\"><a href=\"https:\/\/zlindesignweek.com\/2021\/zdw\/kontakty\/\"><strong>Ozv\u011bte se n\u00e1m \u2192<\/strong><\/a><\/span><\/p>\n<\/div>\n\n\n\n<div class=\"wp-block-column\"><\/div>\n<\/div>\n<\/div><\/div>\n\n\n<div class=\"do-not-miss-anyone\">\r\n    <div class=\"container\">\r\n        <h3 class=\"h2\">do-not-miss-anyone        <\/h3>\r\n        <div class=\"wp-block-button\">\r\n            <a href=\"https:\/\/zlindesignweek.com\/2021\/konference\/caste-otazky\/\"\r\n                class=\"wp-block-button__link\">get-the-ticket&nbsp;&nbsp;\u2192<\/a>\r\n        <\/div>\r\n    <\/div>\r\n<\/div>","protected":false},"excerpt":{"rendered":"","protected":false},"author":2,"featured_media":0,"parent":191,"menu_order":0,"comment_status":"closed","ping_status":"closed","template":"","meta":[],"_links":{"self":[{"href":"https:\/\/zlindesignweek.com\/2021\/wp-json\/wp\/v2\/pages\/213"}],"collection":[{"href":"https:\/\/zlindesignweek.com\/2021\/wp-json\/wp\/v2\/pages"}],"about":[{"href":"https:\/\/zlindesignweek.com\/2021\/wp-json\/wp\/v2\/types\/page"}],"author":[{"embeddable":true,"href":"https:\/\/zlindesignweek.com\/2021\/wp-json\/wp\/v2\/users\/2"}],"replies":[{"embeddable":true,"href":"https:\/\/zlindesignweek.com\/2021\/wp-json\/wp\/v2\/comments?post=213"}],"version-history":[{"count":13,"href":"https:\/\/zlindesignweek.com\/2021\/wp-json\/wp\/v2\/pages\/213\/revisions"}],"predecessor-version":[{"id":5714,"href":"https:\/\/zlindesignweek.com\/2021\/wp-json\/wp\/v2\/pages\/213\/revisions\/5714"}],"up":[{"embeddable":true,"href":"https:\/\/zlindesignweek.com\/2021\/wp-json\/wp\/v2\/pages\/191"}],"wp:attachment":[{"href":"https:\/\/zlindesignweek.com\/2021\/wp-json\/wp\/v2\/media?parent=213"}],"curies":[{"name":"wp","href":"https:\/\/api.w.org\/{rel}","templated":true}]}}