{"id":209,"date":"2019-12-24T01:00:56","date_gmt":"2019-12-24T00:00:56","guid":{"rendered":"http:\/\/zlindesignweek.com\/2021\/?page_id=209"},"modified":"2020-12-06T20:20:43","modified_gmt":"2020-12-06T19:20:43","slug":"vstupenky","status":"publish","type":"page","link":"https:\/\/zlindesignweek.com\/2021\/konference\/vstupenky\/","title":{"rendered":"Vstupenky"},"content":{"rendered":"\n<div class=\"wp-block-group\"><div class=\"wp-block-group__inner-container\"><div class=\"border-box   has-white-background-color has-dark-color\"\r\n    >\r\n        <h3>Nenechte si ul\u00edtnout early birds vstupenky!    <\/h3>\r\n        <p class=\"mt-0\">Vstupenky za skv\u011blou cenu si zde budete moci koupit u\u017e za\u010d\u00e1tkem nov\u00e9ho roku!    <\/p>\r\n    <\/div>\n\n\n<div class=\"wp-block-columns mt-1\">\n<div class=\"wp-block-column p-1 has-white-background-color has-default-background mr-sm\">\n<h3 class=\"mt-0 mb-0\">Profi<\/h3>\n\n\n\n<p>Vstupenka ur\u010dena pro pracuj\u00edc\u00ed jednotlivce \u010di&nbsp;firmy.<\/p>\n\n\n\n<p>Cena vstupenky zahrnuje celodenn\u00ed catering.<\/p>\n\n\n\n<div style=\"height:25px\" aria-hidden=\"true\" class=\"wp-block-spacer\"><\/div>\n\n\n\n<h4 class=\"has-text-align-left mt-0 mb-0\">2&nbsp;299&nbsp;K\u010d<\/h4>\n<\/div>\n\n\n\n<div class=\"wp-block-column p-1 has-white-background-color has-default-background mr-sm\">\n<h3 class=\"mt-0 mb-0\">Student<\/h3>\n\n\n\n<p>Vstupenka ur\u010dena pouze pro studenty denn\u00ed formy studia.<\/p>\n\n\n\n<p>Cena vstupenky nezahrnuje celodenn\u00ed catering. <\/p>\n\n\n\n<h4 class=\"has-text-align-left mt-0 mb-0\">499&nbsp;K\u010d<\/h4>\n<\/div>\n\n\n\n<div class=\"wp-block-column p-1 has-white-background-color has-default-background\">\n<h3 class=\"mt-0 mb-0\">Student+<\/h3>\n\n\n\n<p>Vstupenka ur\u010dena pouze pro studenty denn\u00ed formy studia.<\/p>\n\n\n\n<p>Cena vstupenky zahrnuje celodenn\u00ed catering. <\/p>\n\n\n\n<div style=\"height:25px\" aria-hidden=\"true\" class=\"wp-block-spacer\"><\/div>\n\n\n\n<h4 class=\"has-text-align-left mt-0 mb-0\">999&nbsp;K\u010d<\/h4>\n<\/div>\n<\/div>\n\n\n\n<div class=\"wp-block-columns\">\n<div class=\"wp-block-column p-1 has-white-background-color has-default-background\" style=\"flex-basis:100%\">\n<h3 class=\"mb-0 mt-0\">Pro firmy<\/h3>\n\n\n\n<p>Pl\u00e1nujete nav\u0161t\u00edvit na\u0161\u00ed konferenci spole\u010dn\u011b se sv\u00fdmi kolegy?<\/p>\n\n\n\n<p>Chcete zakoupit l\u00edstky na fakturu?<\/p>\n\n\n\n<p class=\"mb-0\">V obou p\u0159\u00edpadech n\u00e1m napi\u0161te na email <a rel=\"noreferrer noopener\" target=\"_blank\">iveta.klucikova@zlindesignweek.com<\/a>.<\/p>\n\n\n\n<p>Skupina 3 dosp\u011bl\u00ed (sleva 5%): 6&nbsp;552&nbsp;K\u010d; cena za jednoho 2&nbsp;184&nbsp;K\u010d<br>Skupina 5 dosp\u011bl\u00fdch (sleva 10%): 10&nbsp;346&nbsp;K\u010d; cena za jednoho 2&nbsp;069&nbsp;K\u010d<br>Skupina 8 dosp\u011bl\u00fdch (sleva 12%): 16&nbsp;185&nbsp;K\u010d; cena za jednoho 2&nbsp;023&nbsp;K\u010d<\/p>\n<\/div>\n\n\n\n<div class=\"wp-block-column\" style=\"flex-basis:0%\"><\/div>\n<\/div>\n<\/div><\/div>\n\n\n\n<p><\/p>\n\n\n\n<div class=\"wp-block-group\"><div class=\"wp-block-group__inner-container\">\n<h3>Co je v&nbsp;cen\u011b?<\/h3>\n\n\n\n<div class=\"wp-block-columns\">\n<div class=\"wp-block-column mr-sm\"><div class=\"image-box has-white-background-color has-dark-color \">\r\n        <div class=\"image-box__text\">\r\n        <h4>8 \u0159e\u010dn\u00edk\u016f        <\/h4>\r\n        <p>Ka\u017ed\u00fd p\u0159edn\u00e1\u0161ej\u00edc\u00ed m\u00e1 vym\u011b\u0159en\u00fdch 3O minut, b\u011bhem kter\u00fdch se s&nbsp;V\u00e1mi pod\u011bl\u00ed o&nbsp;sv\u00e9 p\u0159\u00edb\u011bhy, inovativn\u00ed n\u00e1pady \u010di&nbsp;know-how.         <\/p>\r\n    <\/div>\r\n<\/div><\/div>\n\n\n\n<div class=\"wp-block-column mr-sm\"><div class=\"image-box has-white-background-color has-dark-color \">\r\n        <div class=\"image-box__text\">\r\n        <h4>Coffee breaky         <\/h4>\r\n        <p>Stihnete u&nbsp;n\u00e1s prvn\u00ed rann\u00ed espresso a&nbsp;kofein budete dopl\u0148ovat v&nbsp;pr\u016fb\u011bhu cel\u00e9ho dne.         <\/p>\r\n    <\/div>\r\n<\/div><\/div>\n\n\n\n<div class=\"wp-block-column\"><div class=\"image-box has-white-background-color has-dark-color \">\r\n        <div class=\"image-box__text\">\r\n        <h4>Celodenn\u00ed catering (nen\u00ed zahrnut ve vstupence Student)         <\/h4>\r\n        <p>Pohost\u00edme V\u00e1s ob\u011bdem a&nbsp;v\u011bt\u0161\u00edm dopoledn\u00edm i&nbsp;odpoledn\u00edm ob\u010derstven\u00edm b\u011bhem coffee break\u016f.         <\/p>\r\n    <\/div>\r\n<\/div><\/div>\n<\/div>\n\n\n\n<div class=\"wp-block-columns\">\n<div class=\"wp-block-column mr-sm\"><div class=\"image-box has-white-background-color has-dark-color \">\r\n        <div class=\"image-box__text\">\r\n        <h4>Workshop Vep\u0159o knedlo design         <\/h4>\r\n        <p>Konferenc\u00ed Va\u0161e vzd\u011bl\u00e1v\u00e1n\u00ed nekon\u010d\u00ed. Cena vstupenky zahrnuje bezplatn\u00fd vstup na jeden workshop Vep\u0159o knedlo design.         <\/p>\r\n    <\/div>\r\n<\/div><\/div>\n\n\n\n<div class=\"wp-block-column mr-sm\"><div class=\"image-box has-white-background-color has-dark-color \">\r\n        <div class=\"image-box__text\">\r\n        <h4>Afterparty         <\/h4>\r\n        <p>Nezapom\u00edn\u00e1me ani na afterparty, kde se krom\u011b j\u00eddla a&nbsp;pit\u00ed m\u016f\u017eete sezn\u00e1mit s&nbsp;\u00fa\u010dastn\u00edky i&nbsp;samotn\u00fdmi \u0159e\u010dn\u00edky, prodiskutovat uplynul\u00fd den nebo vym\u011bnit nespo\u010det kontakt\u016f.         <\/p>\r\n    <\/div>\r\n<\/div><\/div>\n\n\n\n<div class=\"wp-block-column\"><\/div>\n<\/div>\n<\/div><\/div>\n","protected":false},"excerpt":{"rendered":"","protected":false},"author":2,"featured_media":0,"parent":191,"menu_order":0,"comment_status":"closed","ping_status":"closed","template":"","meta":[],"_links":{"self":[{"href":"https:\/\/zlindesignweek.com\/2021\/wp-json\/wp\/v2\/pages\/209"}],"collection":[{"href":"https:\/\/zlindesignweek.com\/2021\/wp-json\/wp\/v2\/pages"}],"about":[{"href":"https:\/\/zlindesignweek.com\/2021\/wp-json\/wp\/v2\/types\/page"}],"author":[{"embeddable":true,"href":"https:\/\/zlindesignweek.com\/2021\/wp-json\/wp\/v2\/users\/2"}],"replies":[{"embeddable":true,"href":"https:\/\/zlindesignweek.com\/2021\/wp-json\/wp\/v2\/comments?post=209"}],"version-history":[{"count":52,"href":"https:\/\/zlindesignweek.com\/2021\/wp-json\/wp\/v2\/pages\/209\/revisions"}],"predecessor-version":[{"id":6911,"href":"https:\/\/zlindesignweek.com\/2021\/wp-json\/wp\/v2\/pages\/209\/revisions\/6911"}],"up":[{"embeddable":true,"href":"https:\/\/zlindesignweek.com\/2021\/wp-json\/wp\/v2\/pages\/191"}],"wp:attachment":[{"href":"https:\/\/zlindesignweek.com\/2021\/wp-json\/wp\/v2\/media?parent=209"}],"curies":[{"name":"wp","href":"https:\/\/api.w.org\/{rel}","templated":true}]}}