{"id":2033,"date":"2020-02-01T14:22:23","date_gmt":"2020-02-01T13:22:23","guid":{"rendered":"https:\/\/zlindesignweek.com\/2021\/?page_id=2033"},"modified":"2021-05-13T15:38:14","modified_gmt":"2021-05-13T13:38:14","slug":"zdw-conference-2020-speakers","status":"publish","type":"page","link":"https:\/\/zlindesignweek.com\/2021\/en\/conference-zdw\/zdw-conference-2020-speakers\/","title":{"rendered":"Speakers"},"content":{"rendered":"\n<div class=\"wp-block-group\"><div class=\"wp-block-group__inner-container\">\n<p class=\"has-white-color has-text-color has-medium-font-size\"><strong>PODCASTS<\/strong><\/p>\n\n\n\n<div class=\"wp-block-group\"><div class=\"wp-block-group__inner-container\"><a href=\"https:\/\/zlindesignweek.com\/2021\/en\/recnik\/marek-weidlich-2\/\"\r\n    class=\"speaker-item-link\">\r\n    <div class=\"speaker-item\">\r\n        <img width=\"560\" height=\"667\" src=\"https:\/\/zlindesignweek.com\/2021\/wp-content\/uploads\/2020\/01\/marek-weidlich-560x667.jpg\" class=\"attachment-portrait size-portrait wp-post-image\" alt=\"\" loading=\"lazy\" \/>        <h4 class=\"h5\">Marek Weidlich        <\/h4>\r\n        <small>Automotive &#038; Industrial Designer<\/small>\r\n    <\/div>\r\n<\/a>\r\n\n\n<a href=\"https:\/\/zlindesignweek.com\/2021\/en\/recnik\/marvan-shamma-2\/\"\r\n    class=\"speaker-item-link\">\r\n    <div class=\"speaker-item\">\r\n        <img width=\"560\" height=\"667\" src=\"https:\/\/zlindesignweek.com\/2021\/wp-content\/uploads\/2020\/01\/marvan-shamma-560x667.jpg\" class=\"attachment-portrait size-portrait wp-post-image\" alt=\"\" loading=\"lazy\" \/>        <h4 class=\"h5\">Marvan Shamma        <\/h4>\r\n        <small>Innovative Tech Leader<\/small>\r\n    <\/div>\r\n<\/a>\r\n\n\n<a href=\"https:\/\/zlindesignweek.com\/2021\/en\/recnik\/studio-vrtiska-zak-2\/\"\r\n    class=\"speaker-item-link\">\r\n    <div class=\"speaker-item\">\r\n        <img width=\"560\" height=\"667\" src=\"https:\/\/zlindesignweek.com\/2021\/wp-content\/uploads\/2019\/12\/vrtiska_zak_rim_lukashasenblas_3449hgs-copy-1-560x667.jpg\" class=\"attachment-portrait size-portrait wp-post-image\" alt=\"\" loading=\"lazy\" \/>        <h4 class=\"h5\">Studio Vrti\u0161ka &#038; \u017d\u00e1k        <\/h4>\r\n        <small>Product Designers<\/small>\r\n    <\/div>\r\n<\/a>\r\n\n\n<a href=\"https:\/\/zlindesignweek.com\/2021\/en\/recnik\/ctirad-sara-2\/\"\r\n    class=\"speaker-item-link\">\r\n    <div class=\"speaker-item\">\r\n        <img width=\"560\" height=\"667\" src=\"https:\/\/zlindesignweek.com\/2021\/wp-content\/uploads\/2021\/03\/ctirad-815x815-1-560x667.jpeg\" class=\"attachment-portrait size-portrait wp-post-image\" alt=\"\" loading=\"lazy\" \/>        <h4 class=\"h5\">Ctirad S\u00e1ra        <\/h4>\r\n        <small>Entrepreneur &#8211; BeWooden<\/small>\r\n    <\/div>\r\n<\/a>\r\n\n\n<a href=\"https:\/\/zlindesignweek.com\/2021\/en\/recnik\/jakub-ptacin-2\/\"\r\n    class=\"speaker-item-link\">\r\n    <div class=\"speaker-item\">\r\n        <img width=\"560\" height=\"667\" src=\"https:\/\/zlindesignweek.com\/2021\/wp-content\/uploads\/2020\/01\/podcasty-jakuba-ptacina-kopie-2-560x667.jpg\" class=\"attachment-portrait size-portrait wp-post-image\" alt=\"\" loading=\"lazy\" \/>        <h4 class=\"h5\">Jakub Pta\u010din        <\/h4>\r\n        <small>Designer &#038; Marketer<\/small>\r\n    <\/div>\r\n<\/a>\r\n\n\n<a href=\"https:\/\/zlindesignweek.com\/2021\/en\/recnik\/dana-prekopova-2\/\"\r\n    class=\"speaker-item-link\">\r\n    <div class=\"speaker-item\">\r\n        <img width=\"560\" height=\"667\" src=\"https:\/\/zlindesignweek.com\/2021\/wp-content\/uploads\/2021\/03\/thumbnail-iokoxna-12-1-560x667.jpg\" class=\"attachment-portrait size-portrait wp-post-image\" alt=\"\" loading=\"lazy\" \/>        <h4 class=\"h5\">Dana Prekopov\u00e1        <\/h4>\r\n        <small>Owner of IOKO optics<\/small>\r\n    <\/div>\r\n<\/a>\r\n\n\n<a href=\"https:\/\/zlindesignweek.com\/2021\/en\/recnik\/czechdesign-2\/\"\r\n    class=\"speaker-item-link\">\r\n    <div class=\"speaker-item\">\r\n        <img width=\"560\" height=\"667\" src=\"https:\/\/zlindesignweek.com\/2021\/wp-content\/uploads\/2020\/03\/radim-tucek-czdesign-560x667.png\" class=\"attachment-portrait size-portrait wp-post-image\" alt=\"\" loading=\"lazy\" \/>        <h4 class=\"h5\">Radim Tu\u010dek        <\/h4>\r\n        <small>Czechdesign &#8211; brand consultant<\/small>\r\n    <\/div>\r\n<\/a>\r\n\n\n<a href=\"https:\/\/zlindesignweek.com\/2021\/en\/recnik\/jan-stanko-2\/\"\r\n    class=\"speaker-item-link\">\r\n    <div class=\"speaker-item\">\r\n        <img width=\"560\" height=\"667\" src=\"https:\/\/zlindesignweek.com\/2021\/wp-content\/uploads\/2021\/05\/janstanko-navystavisti-560x667.jpg\" class=\"attachment-portrait size-portrait wp-post-image\" alt=\"\" loading=\"lazy\" \/>        <h4 class=\"h5\">Jan Stanko        <\/h4>\r\n        <small>Member of the Board of Directors of V\u00fdstavi\u0161t\u011b Praha<\/small>\r\n    <\/div>\r\n<\/a>\r\n\n\n\n<p class=\"has-white-color has-text-color has-medium-font-size\"><strong>ONLINE VIDEOS<\/strong><\/p>\n\n\n<a href=\"https:\/\/zlindesignweek.com\/2021\/en\/recnik\/david-parrish-2\/\"\r\n    class=\"speaker-item-link\">\r\n    <div class=\"speaker-item\">\r\n        <img width=\"560\" height=\"667\" src=\"https:\/\/zlindesignweek.com\/2021\/wp-content\/uploads\/2021\/03\/david-parrish-hi-res1mb-560x667.jpg\" class=\"attachment-portrait size-portrait wp-post-image\" alt=\"\" loading=\"lazy\" \/>        <h4 class=\"h5\">David Parrish        <\/h4>\r\n        <small>British expert in the creative industries<\/small>\r\n    <\/div>\r\n<\/a>\r\n\n\n<a href=\"https:\/\/zlindesignweek.com\/2021\/en\/recnik\/vasjen-katro-2\/\"\r\n    class=\"speaker-item-link\">\r\n    <div class=\"speaker-item\">\r\n        <img width=\"560\" height=\"667\" src=\"https:\/\/zlindesignweek.com\/2021\/wp-content\/uploads\/2021\/03\/baugasm-def-billede-560x667.jpeg\" class=\"attachment-portrait size-portrait wp-post-image\" alt=\"\" loading=\"lazy\" \/>        <h4 class=\"h5\">Vasjen Katro        <\/h4>\r\n        <small>Graphic a&nbsp;UI\/UX Designer<\/small>\r\n    <\/div>\r\n<\/a>\r\n\n\n<a href=\"https:\/\/zlindesignweek.com\/2021\/en\/recnik\/studio-najbrt-2\/\"\r\n    class=\"speaker-item-link\">\r\n    <div class=\"speaker-item\">\r\n        <img width=\"560\" height=\"667\" src=\"https:\/\/zlindesignweek.com\/2021\/wp-content\/uploads\/2021\/03\/ales-najbrt-polaroid-560x667.jpg\" class=\"attachment-portrait size-portrait wp-post-image\" alt=\"\" loading=\"lazy\" \/>        <h4 class=\"h5\">Studio Najbrt        <\/h4>\r\n        <small>Graphic studio<\/small>\r\n    <\/div>\r\n<\/a>\r\n\n\n<a href=\"https:\/\/zlindesignweek.com\/2021\/en\/recnik\/jan-kluson-2\/\"\r\n    class=\"speaker-item-link\">\r\n    <div class=\"speaker-item\">\r\n        <img width=\"560\" height=\"667\" src=\"https:\/\/zlindesignweek.com\/2021\/wp-content\/uploads\/2021\/03\/jan-kluson-560x667.jpg\" class=\"attachment-portrait size-portrait wp-post-image\" alt=\"\" loading=\"lazy\" \/>        <h4 class=\"h5\">Jan Kluso\u0148        <\/h4>\r\n        <small>An expert in corporate culture<\/small>\r\n    <\/div>\r\n<\/a>\r\n\n\n<a href=\"https:\/\/zlindesignweek.com\/2021\/en\/recnik\/joana-lacerda-2\/\"\r\n    class=\"speaker-item-link\">\r\n    <div class=\"speaker-item\">\r\n        <img width=\"560\" height=\"667\" src=\"https:\/\/zlindesignweek.com\/2021\/wp-content\/uploads\/2021\/03\/joana-lacerda-560x667.jpg\" class=\"attachment-portrait size-portrait wp-post-image\" alt=\"\" loading=\"lazy\" \/>        <h4 class=\"h5\">Joana Lacerda        <\/h4>\r\n        <small>Portuguese businesswoman and startup coach<\/small>\r\n    <\/div>\r\n<\/a>\r\n\n\n<a href=\"https:\/\/zlindesignweek.com\/2021\/en\/recnik\/maksimilian-kallhed-2\/\"\r\n    class=\"speaker-item-link\">\r\n    <div class=\"speaker-item\">\r\n        <img width=\"560\" height=\"667\" src=\"https:\/\/zlindesignweek.com\/2021\/wp-content\/uploads\/2021\/03\/covers-2018maksimilian-kallhed-560x667.jpeg\" class=\"attachment-portrait size-portrait wp-post-image\" alt=\"\" loading=\"lazy\" \/>        <h4 class=\"h5\">Maksimilian Kallhed        <\/h4>\r\n        <small> Creative entrepreneur<\/small>\r\n    <\/div>\r\n<\/a>\r\n\n\n<a href=\"https:\/\/zlindesignweek.com\/2021\/en\/recnik\/sandra-kumorowski-2\/\"\r\n    class=\"speaker-item-link\">\r\n    <div class=\"speaker-item\">\r\n        <img width=\"560\" height=\"667\" src=\"https:\/\/zlindesignweek.com\/2021\/wp-content\/uploads\/2020\/01\/sandra-kumorowski-1-1-560x667.jpg\" class=\"attachment-portrait size-portrait wp-post-image\" alt=\"\" loading=\"lazy\" \/>        <h4 class=\"h5\">Sandra Kumorowski        <\/h4>\r\n        <small>Marketing Strategist<\/small>\r\n    <\/div>\r\n<\/a>\r\n<\/div><\/div>\n<\/div><\/div>\n","protected":false},"excerpt":{"rendered":"","protected":false},"author":2,"featured_media":0,"parent":1375,"menu_order":0,"comment_status":"closed","ping_status":"closed","template":"templates\/smaller-title.php","meta":[],"_links":{"self":[{"href":"https:\/\/zlindesignweek.com\/2021\/wp-json\/wp\/v2\/pages\/2033"}],"collection":[{"href":"https:\/\/zlindesignweek.com\/2021\/wp-json\/wp\/v2\/pages"}],"about":[{"href":"https:\/\/zlindesignweek.com\/2021\/wp-json\/wp\/v2\/types\/page"}],"author":[{"embeddable":true,"href":"https:\/\/zlindesignweek.com\/2021\/wp-json\/wp\/v2\/users\/2"}],"replies":[{"embeddable":true,"href":"https:\/\/zlindesignweek.com\/2021\/wp-json\/wp\/v2\/comments?post=2033"}],"version-history":[{"count":29,"href":"https:\/\/zlindesignweek.com\/2021\/wp-json\/wp\/v2\/pages\/2033\/revisions"}],"predecessor-version":[{"id":10858,"href":"https:\/\/zlindesignweek.com\/2021\/wp-json\/wp\/v2\/pages\/2033\/revisions\/10858"}],"up":[{"embeddable":true,"href":"https:\/\/zlindesignweek.com\/2021\/wp-json\/wp\/v2\/pages\/1375"}],"wp:attachment":[{"href":"https:\/\/zlindesignweek.com\/2021\/wp-json\/wp\/v2\/media?parent=2033"}],"curies":[{"name":"wp","href":"https:\/\/api.w.org\/{rel}","templated":true}]}}