{"id":2026,"date":"2020-02-01T14:22:23","date_gmt":"2020-02-01T13:22:23","guid":{"rendered":"https:\/\/zlindesignweek.com\/2021\/?page_id=2026"},"modified":"2021-05-13T15:36:43","modified_gmt":"2021-05-13T13:36:43","slug":"recnici-konference","status":"publish","type":"page","link":"https:\/\/zlindesignweek.com\/2021\/konference\/recnici-konference\/","title":{"rendered":"\u0158e\u010dn\u00edci"},"content":{"rendered":"\n<div class=\"wp-block-group\"><div class=\"wp-block-group__inner-container\">\n<p class=\"has-white-color has-text-color has-medium-font-size\"><strong>PODCASTY<\/strong><\/p>\n\n\n\n<div class=\"wp-block-group\"><div class=\"wp-block-group__inner-container\"><a href=\"https:\/\/zlindesignweek.com\/2021\/recnik\/marek-weidlich\/\"\r\n    class=\"speaker-item-link\">\r\n    <div class=\"speaker-item\">\r\n        <img width=\"560\" height=\"667\" src=\"https:\/\/zlindesignweek.com\/2021\/wp-content\/uploads\/2020\/01\/marek-weidlich-560x667.jpg\" class=\"attachment-portrait size-portrait wp-post-image\" alt=\"\" loading=\"lazy\" \/>        <h4 class=\"h5\">Marek Weidlich        <\/h4>\r\n        <small>Automobilov\u00fd a&nbsp;pr\u016fmyslov\u00fd designer<\/small>\r\n    <\/div>\r\n<\/a>\r\n\n\n<a href=\"https:\/\/zlindesignweek.com\/2021\/recnik\/marvan-shamma\/\"\r\n    class=\"speaker-item-link\">\r\n    <div class=\"speaker-item\">\r\n        <img width=\"560\" height=\"667\" src=\"https:\/\/zlindesignweek.com\/2021\/wp-content\/uploads\/2020\/01\/marvan-shamma-560x667.jpg\" class=\"attachment-portrait size-portrait wp-post-image\" alt=\"\" loading=\"lazy\" \/>        <h4 class=\"h5\">Marvan Shamma        <\/h4>\r\n        <small>Leader v&nbsp;oblasti inovace<\/small>\r\n    <\/div>\r\n<\/a>\r\n\n\n<a href=\"https:\/\/zlindesignweek.com\/2021\/recnik\/studio-vrtiska-zak\/\"\r\n    class=\"speaker-item-link\">\r\n    <div class=\"speaker-item\">\r\n        <img width=\"560\" height=\"667\" src=\"https:\/\/zlindesignweek.com\/2021\/wp-content\/uploads\/2019\/12\/vrtiska_zak_rim_lukashasenblas_3449hgs-copy-1-560x667.jpg\" class=\"attachment-portrait size-portrait wp-post-image\" alt=\"\" loading=\"lazy\" \/>        <h4 class=\"h5\">Studio Vrti\u0161ka &#038; \u017d\u00e1k        <\/h4>\r\n        <small>Produktov\u00ed design\u00e9\u0159i<\/small>\r\n    <\/div>\r\n<\/a>\r\n\n\n<a href=\"https:\/\/zlindesignweek.com\/2021\/recnik\/ctirad-sara\/\"\r\n    class=\"speaker-item-link\">\r\n    <div class=\"speaker-item\">\r\n        <img width=\"560\" height=\"667\" src=\"https:\/\/zlindesignweek.com\/2021\/wp-content\/uploads\/2021\/03\/ctirad-815x815-1-560x667.jpeg\" class=\"attachment-portrait size-portrait wp-post-image\" alt=\"\" loading=\"lazy\" \/>        <h4 class=\"h5\">Ctirad S\u00e1ra        <\/h4>\r\n        <small>Podnikatel &#8211; BeWooden<\/small>\r\n    <\/div>\r\n<\/a>\r\n\n\n<a href=\"https:\/\/zlindesignweek.com\/2021\/recnik\/jakub-ptacin\/\"\r\n    class=\"speaker-item-link\">\r\n    <div class=\"speaker-item\">\r\n        <img width=\"560\" height=\"667\" src=\"https:\/\/zlindesignweek.com\/2021\/wp-content\/uploads\/2020\/01\/podcasty-jakuba-ptacina-kopie-2-560x667.jpg\" class=\"attachment-portrait size-portrait wp-post-image\" alt=\"\" loading=\"lazy\" \/>        <h4 class=\"h5\">Jakub Pta\u010din        <\/h4>\r\n        <small>Designer a&nbsp;marketingov\u00fd specialista<\/small>\r\n    <\/div>\r\n<\/a>\r\n\n\n<a href=\"https:\/\/zlindesignweek.com\/2021\/recnik\/dana-prekopova\/\"\r\n    class=\"speaker-item-link\">\r\n    <div class=\"speaker-item\">\r\n        <img width=\"560\" height=\"667\" src=\"https:\/\/zlindesignweek.com\/2021\/wp-content\/uploads\/2021\/03\/thumbnail-iokoxna-12-1-560x667.jpg\" class=\"attachment-portrait size-portrait wp-post-image\" alt=\"\" loading=\"lazy\" \/>        <h4 class=\"h5\">Dana Prekopov\u00e1        <\/h4>\r\n        <small>Majitelka optiky IOKO<\/small>\r\n    <\/div>\r\n<\/a>\r\n\n\n<a href=\"https:\/\/zlindesignweek.com\/2021\/recnik\/czechdesign-3\/\"\r\n    class=\"speaker-item-link\">\r\n    <div class=\"speaker-item\">\r\n        <img width=\"560\" height=\"667\" src=\"https:\/\/zlindesignweek.com\/2021\/wp-content\/uploads\/2020\/03\/radim-tucek-czdesign-560x667.png\" class=\"attachment-portrait size-portrait wp-post-image\" alt=\"\" loading=\"lazy\" \/>        <h4 class=\"h5\">Radim Tu\u010dek        <\/h4>\r\n        <small>Czechdesign &#8211; brand konzultant<\/small>\r\n    <\/div>\r\n<\/a>\r\n\n\n<a href=\"https:\/\/zlindesignweek.com\/2021\/recnik\/jan-stanko\/\"\r\n    class=\"speaker-item-link\">\r\n    <div class=\"speaker-item\">\r\n        <img width=\"560\" height=\"667\" src=\"https:\/\/zlindesignweek.com\/2021\/wp-content\/uploads\/2021\/05\/janstanko-navystavisti-560x667.jpg\" class=\"attachment-portrait size-portrait wp-post-image\" alt=\"\" loading=\"lazy\" \/>        <h4 class=\"h5\">Jan Stanko        <\/h4>\r\n        <small>\u010clen p\u0159edstavenstva V\u00fdstavi\u0161t\u011b Praha<\/small>\r\n    <\/div>\r\n<\/a>\r\n\n\n\n<p class=\"has-white-color has-text-color has-medium-font-size\"><strong>ONLINE VIDEA<\/strong><\/p>\n\n\n<a href=\"https:\/\/zlindesignweek.com\/2021\/recnik\/david-parrish\/\"\r\n    class=\"speaker-item-link\">\r\n    <div class=\"speaker-item\">\r\n        <img width=\"560\" height=\"667\" src=\"https:\/\/zlindesignweek.com\/2021\/wp-content\/uploads\/2021\/03\/david-parrish-hi-res1mb-560x667.jpg\" class=\"attachment-portrait size-portrait wp-post-image\" alt=\"\" loading=\"lazy\" \/>        <h4 class=\"h5\">David Parrish        <\/h4>\r\n        <small>Britsk\u00fd expert na kreativn\u00ed pr\u016fmysly<\/small>\r\n    <\/div>\r\n<\/a>\r\n\n\n<a href=\"https:\/\/zlindesignweek.com\/2021\/recnik\/vasjen-katro\/\"\r\n    class=\"speaker-item-link\">\r\n    <div class=\"speaker-item\">\r\n        <img width=\"560\" height=\"667\" src=\"https:\/\/zlindesignweek.com\/2021\/wp-content\/uploads\/2021\/03\/baugasm-def-billede-560x667.jpeg\" class=\"attachment-portrait size-portrait wp-post-image\" alt=\"\" loading=\"lazy\" \/>        <h4 class=\"h5\">Vasjen Katro        <\/h4>\r\n        <small>Grafick\u00fd a&nbsp;UI\/UX designer<\/small>\r\n    <\/div>\r\n<\/a>\r\n\n\n<a href=\"https:\/\/zlindesignweek.com\/2021\/recnik\/studio-najbrt\/\"\r\n    class=\"speaker-item-link\">\r\n    <div class=\"speaker-item\">\r\n        <img width=\"560\" height=\"667\" src=\"https:\/\/zlindesignweek.com\/2021\/wp-content\/uploads\/2021\/03\/ales-najbrt-polaroid-560x667.jpg\" class=\"attachment-portrait size-portrait wp-post-image\" alt=\"\" loading=\"lazy\" \/>        <h4 class=\"h5\">Studio Najbrt        <\/h4>\r\n        <small>Grafick\u00e9 studio<\/small>\r\n    <\/div>\r\n<\/a>\r\n\n\n<a href=\"https:\/\/zlindesignweek.com\/2021\/recnik\/jan-kluson\/\"\r\n    class=\"speaker-item-link\">\r\n    <div class=\"speaker-item\">\r\n        <img width=\"560\" height=\"667\" src=\"https:\/\/zlindesignweek.com\/2021\/wp-content\/uploads\/2021\/03\/jan-kluson-560x667.jpg\" class=\"attachment-portrait size-portrait wp-post-image\" alt=\"\" loading=\"lazy\" \/>        <h4 class=\"h5\">Jan Kluso\u0148        <\/h4>\r\n        <small>Odborn\u00edk na firemn\u00ed kulturu<\/small>\r\n    <\/div>\r\n<\/a>\r\n\n\n<a href=\"https:\/\/zlindesignweek.com\/2021\/recnik\/joana-lacerda\/\"\r\n    class=\"speaker-item-link\">\r\n    <div class=\"speaker-item\">\r\n        <img width=\"560\" height=\"667\" src=\"https:\/\/zlindesignweek.com\/2021\/wp-content\/uploads\/2021\/03\/joana-lacerda-560x667.jpg\" class=\"attachment-portrait size-portrait wp-post-image\" alt=\"\" loading=\"lazy\" \/>        <h4 class=\"h5\">Joana Lacerda        <\/h4>\r\n        <small>Portugalsk\u00e1 podnikatelka a&nbsp;kou\u010dka <\/small>\r\n    <\/div>\r\n<\/a>\r\n\n\n<a href=\"https:\/\/zlindesignweek.com\/2021\/recnik\/maksimilian-kallhed\/\"\r\n    class=\"speaker-item-link\">\r\n    <div class=\"speaker-item\">\r\n        <img width=\"560\" height=\"667\" src=\"https:\/\/zlindesignweek.com\/2021\/wp-content\/uploads\/2021\/03\/covers-2018maksimilian-kallhed-560x667.jpeg\" class=\"attachment-portrait size-portrait wp-post-image\" alt=\"\" loading=\"lazy\" \/>        <h4 class=\"h5\">Maksimilian Kallhed        <\/h4>\r\n        <small>Kreativn\u00ed podnikatel<\/small>\r\n    <\/div>\r\n<\/a>\r\n\n\n<a href=\"https:\/\/zlindesignweek.com\/2021\/recnik\/sandra-kumorowski\/\"\r\n    class=\"speaker-item-link\">\r\n    <div class=\"speaker-item\">\r\n        <img width=\"560\" height=\"667\" src=\"https:\/\/zlindesignweek.com\/2021\/wp-content\/uploads\/2020\/01\/sandra-kumorowski-1-1-560x667.jpg\" class=\"attachment-portrait size-portrait wp-post-image\" alt=\"\" loading=\"lazy\" \/>        <h4 class=\"h5\">Sandra Kumorowski        <\/h4>\r\n        <small>Odbornice na marketing a&nbsp;strategii<\/small>\r\n    <\/div>\r\n<\/a>\r\n<\/div><\/div>\n<\/div><\/div>\n\n\n\n<div class=\"wp-block-group\"><div class=\"wp-block-group__inner-container\"><\/div><\/div>\n","protected":false},"excerpt":{"rendered":"","protected":false},"author":2,"featured_media":0,"parent":191,"menu_order":0,"comment_status":"closed","ping_status":"closed","template":"templates\/smaller-title.php","meta":[],"_links":{"self":[{"href":"https:\/\/zlindesignweek.com\/2021\/wp-json\/wp\/v2\/pages\/2026"}],"collection":[{"href":"https:\/\/zlindesignweek.com\/2021\/wp-json\/wp\/v2\/pages"}],"about":[{"href":"https:\/\/zlindesignweek.com\/2021\/wp-json\/wp\/v2\/types\/page"}],"author":[{"embeddable":true,"href":"https:\/\/zlindesignweek.com\/2021\/wp-json\/wp\/v2\/users\/2"}],"replies":[{"embeddable":true,"href":"https:\/\/zlindesignweek.com\/2021\/wp-json\/wp\/v2\/comments?post=2026"}],"version-history":[{"count":30,"href":"https:\/\/zlindesignweek.com\/2021\/wp-json\/wp\/v2\/pages\/2026\/revisions"}],"predecessor-version":[{"id":10853,"href":"https:\/\/zlindesignweek.com\/2021\/wp-json\/wp\/v2\/pages\/2026\/revisions\/10853"}],"up":[{"embeddable":true,"href":"https:\/\/zlindesignweek.com\/2021\/wp-json\/wp\/v2\/pages\/191"}],"wp:attachment":[{"href":"https:\/\/zlindesignweek.com\/2021\/wp-json\/wp\/v2\/media?parent=2026"}],"curies":[{"name":"wp","href":"https:\/\/api.w.org\/{rel}","templated":true}]}}