{"id":202,"date":"2019-12-24T00:57:37","date_gmt":"2019-12-23T23:57:37","guid":{"rendered":"http:\/\/zlindesignweek.com\/2021\/?page_id=202"},"modified":"2020-12-15T14:05:59","modified_gmt":"2020-12-15T13:05:59","slug":"pro-media","status":"publish","type":"page","link":"https:\/\/zlindesignweek.com\/2021\/zdw\/pro-media\/","title":{"rendered":"Pro m\u00e9dia"},"content":{"rendered":"\n<div class=\"wp-block-group\"><div class=\"wp-block-group__inner-container\">\n<div class=\"wp-block-columns\">\n<div class=\"wp-block-column\"><div class=\"contact-person has-white-background-color mr-sm \">\r\n        <img src=\"https:\/\/zlindesignweek.com\/2021\/wp-content\/uploads\/2020\/09\/img_0463-500x625.jpg\"\r\n        alt=\"\" \/>\r\n        <div class=\"contact-person__content\">\r\n                <h4>Vendula Proch\u00e1zkov\u00e1        <\/h4>\r\n                        <p class=\"caption text-uppercase strong\">Public relations        <\/p>\r\n                        <p><a\r\n                href=\"mailto:vendula.prochazkova@zlindesignweek.com\">vendula.prochazkova@zlindesignweek.com<\/a><\/p>\r\n                        <p>+420&nbsp;608&nbsp;899&nbsp;911        <\/p>\r\n            <\/div>\r\n<\/div><\/div>\n\n\n\n<div class=\"wp-block-column\"><\/div>\n<\/div>\n<\/div><\/div>\n\n\n\n<div style=\"height:38px\" aria-hidden=\"true\" class=\"wp-block-spacer\"><\/div>\n\n\n\n<div class=\"wp-block-group\"><div class=\"wp-block-group__inner-container\">\n<div class=\"wp-block-columns\">\n<div class=\"wp-block-column\"><div class=\"border-box  has-zdw-border-color has-white-background-color has-dark-color\"\r\n    >\r\n        <h3>Tiskov\u00e9 zpr\u00e1vy    <\/h3>\r\n        <p class=\"mt-0\">    <\/p>\r\n        <div class=\"wp-block-button\">\r\n        <a class=\"wp-block-button__link\"\r\n            href=\"https:\/\/drive.google.com\/drive\/u\/0\/folders\/1E3lPmtUcvzlaUQXOdwVK6iZCO73LJApR\"\r\n            target=\"_self\">zobrazit soubory<\/a>\r\n    <\/div>\r\n\r\n    <\/div><\/div>\n\n\n\n<div class=\"wp-block-column\"><div class=\"border-box  has-zdw-border-color has-white-background-color has-dark-color\"\r\n    >\r\n        <h3>Vizu\u00e1l    <\/h3>\r\n        <p class=\"mt-0\">    <\/p>\r\n        <div class=\"wp-block-button\">\r\n        <a class=\"wp-block-button__link\"\r\n            href=\"https:\/\/drive.google.com\/drive\/u\/0\/folders\/1zADx53y6tC0RN9wJtViKCq3oJ_d_81sY\"\r\n            target=\"_self\">Zobrazit soubory<\/a>\r\n    <\/div>\r\n\r\n    <\/div><\/div>\n\n\n\n<div class=\"wp-block-column\"><div class=\"border-box  has-zdw-border-color has-white-background-color has-dark-color\"\r\n    >\r\n        <h3>V\u00fdb\u011br fotografi\u00ed    <\/h3>\r\n        <p class=\"mt-0\">    <\/p>\r\n        <div class=\"wp-block-button\">\r\n        <a class=\"wp-block-button__link\"\r\n            href=\"https:\/\/drive.google.com\/drive\/u\/0\/folders\/1WHi0VL_8lMAIR-4I19lEAjL3lzV6u1RR\"\r\n            target=\"_self\">zobrazit soubory<\/a>\r\n    <\/div>\r\n\r\n    <\/div><\/div>\n<\/div>\n<\/div><\/div>\n\n\n\n<div style=\"height:38px\" aria-hidden=\"true\" class=\"wp-block-spacer\"><\/div>\n","protected":false},"excerpt":{"rendered":"","protected":false},"author":2,"featured_media":0,"parent":2,"menu_order":0,"comment_status":"closed","ping_status":"closed","template":"","meta":[],"_links":{"self":[{"href":"https:\/\/zlindesignweek.com\/2021\/wp-json\/wp\/v2\/pages\/202"}],"collection":[{"href":"https:\/\/zlindesignweek.com\/2021\/wp-json\/wp\/v2\/pages"}],"about":[{"href":"https:\/\/zlindesignweek.com\/2021\/wp-json\/wp\/v2\/types\/page"}],"author":[{"embeddable":true,"href":"https:\/\/zlindesignweek.com\/2021\/wp-json\/wp\/v2\/users\/2"}],"replies":[{"embeddable":true,"href":"https:\/\/zlindesignweek.com\/2021\/wp-json\/wp\/v2\/comments?post=202"}],"version-history":[{"count":18,"href":"https:\/\/zlindesignweek.com\/2021\/wp-json\/wp\/v2\/pages\/202\/revisions"}],"predecessor-version":[{"id":6190,"href":"https:\/\/zlindesignweek.com\/2021\/wp-json\/wp\/v2\/pages\/202\/revisions\/6190"}],"up":[{"embeddable":true,"href":"https:\/\/zlindesignweek.com\/2021\/wp-json\/wp\/v2\/pages\/2"}],"wp:attachment":[{"href":"https:\/\/zlindesignweek.com\/2021\/wp-json\/wp\/v2\/media?parent=202"}],"curies":[{"name":"wp","href":"https:\/\/api.w.org\/{rel}","templated":true}]}}