{"id":193,"date":"2019-12-24T00:37:27","date_gmt":"2019-12-23T23:37:27","guid":{"rendered":"http:\/\/zlindesignweek.com\/2021\/?page_id=193"},"modified":"2021-10-19T16:26:37","modified_gmt":"2021-10-19T14:26:37","slug":"best-in-design","status":"publish","type":"page","link":"https:\/\/zlindesignweek.com\/2021\/best-in-design\/","title":{"rendered":"Best in Design"},"content":{"rendered":"\n<div class=\"wp-block-group\"><div class=\"wp-block-group__inner-container\"><div class=\"intro-video \">\r\n            <div class=\"container\">\r\n            <img src=\"https:\/\/zlindesignweek.com\/2021\/wp-content\/uploads\/2020\/12\/bid-spolu.svg\"\r\n                 srcset=\"https:\/\/zlindesignweek.com\/2021\/wp-content\/uploads\/2020\/12\/bid-spolu.svg 100vw, https:\/\/zlindesignweek.com\/2021\/wp-content\/uploads\/2020\/12\/bid-spolu.svg 600vw\"\r\n                 class=\"float-right\"\/>\r\n        <\/div>\r\n        <!-- <div class=\"container\"> -->\r\n                    <div class=\"border-box has-light-color\">\r\n                                    <h3>Zn\u00e1me v\u00edt\u011bze Best in Design 2021!                    <\/h3>\r\n                                <p class=\"mt-0\">Zaujaly t\u011b p\u0159edchoz\u00ed v\u00edt\u011bzov\u00e9 Best in Design? Tak se stav do zl\u00ednsk\u00e9 galerie G18 na v\u00fdstavu Best in Design Best of\u201921, kter\u00e1 prob\u00edh\u00e1 a\u017e do 28.&nbsp;\u0159\u00edjna. A&nbsp;pokud si chce\u0161 osv\u011b\u017eit pam\u011b\u0165, tak mrkni na to, co se o&nbsp;sout\u011b\u017ei psalo v&nbsp;m\u00e9di\u00edch.                <\/p>\r\n                                                                <div class=\"wp-block-button d-inline-block\" style=\"margin-right: 10px; margin-bottom: 10px;\">\r\n                                <a class=\"wp-block-button__link\"\r\n                                   href=\"https:\/\/hypeandhyper.com\/en\/support-for-the-best-in-the-biz-best-in-design-zlin-design-week\/\"\r\n                                   target=\"_blank\">Hype and Hyper<\/a>\r\n                            <\/div>\r\n                                                                                <div class=\"wp-block-button d-inline-block\" style=\"margin-right: 10px; margin-bottom: 10px;\">\r\n                                <a class=\"wp-block-button__link\"\r\n                                   href=\"https:\/\/czechdesignmag.cz\/2021\/05\/tema-udrzitelnosti-dominovalo-letosnim-cenam-best-in-design\/\"\r\n                                   target=\"_self\">Czech Design Mag<\/a>\r\n                            <\/div>\r\n                                                    \r\n            <\/div>\r\n\r\n            <!-- <\/div> -->\r\n<\/div><\/div><\/div>\n\n\n\n<div class=\"wp-block-group pt-md-2\"><div class=\"wp-block-group__inner-container\">\n<h2 class=\"has-white-color has-text-color\"><\/h2>\n\n\n\n<figure class=\"wp-block-embed is-type-video is-provider-youtube wp-block-embed-youtube wp-embed-aspect-16-9 wp-has-aspect-ratio\"><div class=\"wp-block-embed__wrapper\">\n<iframe title=\"Vyhl\u00e1\u0161en\u00ed v\u00fdsledk\u016f Best in Design | Zlin Design Week 2021\" width=\"500\" height=\"281\" src=\"https:\/\/www.youtube.com\/embed\/yxfKlMNUy0Y?feature=oembed\" frameborder=\"0\" allow=\"accelerometer; autoplay; clipboard-write; encrypted-media; gyroscope; picture-in-picture\" allowfullscreen><\/iframe>\n<\/div><\/figure>\n\n\n\n<h2 class=\"has-white-color has-text-color\">Sout\u011b\u017en\u00ed kategorie<\/h2>\n\n\n\n<div class=\"wp-block-columns\">\n<div class=\"wp-block-column mr-800-sm has-white-background-color has-default-shadow\"><div class=\"image-box has-white-background-color has-dark-color \">\r\n        <img src=\"https:\/\/zlindesignweek.com\/2021\/wp-content\/uploads\/2021\/02\/nikola-mikulecka-vycepni-stojan-fotka-11-500x375.jpg\"\r\n        alt=\"\" \/>\r\n        <div class=\"image-box__text\">\r\n        <h4>Industrial &#038; Product Design        <\/h4>\r\n        <p>design produkt\u016f, design interi\u00e9ru a&nbsp;n\u00e1bytku, design n\u00e1stroj\u016f a&nbsp;za\u0159\u00edzen\u00ed a&nbsp;dal\u0161\u00ed        <\/p>\r\n    <\/div>\r\n<\/div><\/div>\n\n\n\n<div class=\"wp-block-column mr-800-sm has-white-background-color has-default-shadow\"><div class=\"image-box has-white-background-color has-dark-color \">\r\n        <img src=\"https:\/\/zlindesignweek.com\/2021\/wp-content\/uploads\/2021\/02\/milan-flicek-during-the-sunset-fotka-2-500x667.jpg\"\r\n        alt=\"\" \/>\r\n        <div class=\"image-box__text\">\r\n        <h4>Fashion Design        <\/h4>\r\n        <p>design od\u011bvu, design textiln\u00ed tvorby, design obuvi a&nbsp;galanterie, design \u0161perk\u016f a&nbsp;dal\u0161\u00ed        <\/p>\r\n    <\/div>\r\n<\/div><\/div>\n\n\n\n<div class=\"wp-block-column has-white-background-color has-default-shadow\"><div class=\"image-box has-white-background-color has-dark-color \">\r\n        <img src=\"https:\/\/zlindesignweek.com\/2021\/wp-content\/uploads\/2021\/02\/lukas-keysell-universal-expression-fotka-3-1-500x375.jpg\"\r\n        alt=\"\" \/>\r\n        <div class=\"image-box__text\">\r\n        <h4>Communication Design        <\/h4>\r\n        <p>design grafiky a&nbsp;ilustrace, nov\u00e1 m\u00e9dia, vizu\u00e1ln\u00ed komunikace a&nbsp;intermedia, webov\u00e9 animace\u2028a dal\u0161\u00ed        <\/p>\r\n    <\/div>\r\n<\/div><\/div>\n<\/div>\n<\/div><\/div>\n\n\n\n<div class=\"wp-block-group pt-md-1 pb-md-3\"><div class=\"wp-block-group__inner-container\">\n<h2 class=\"has-white-color has-text-color\">Ceny<\/h2>\n\n\n<div class=\"image-box has-white-background-color has-dark-color mb-sm\">\r\n        <div class=\"image-box__text\">\r\n        <h4>Hlavn\u00ed cena        <\/h4>\r\n        <p>Pro nejlep\u0161\u00edho z&nbsp;nejlep\u0161\u00edch nap\u0159\u00ed\u010d kategoriemi m\u00e1me titul Best in Design 2021. Dr\u017eitel titulu si spolu s&nbsp;odm\u011bnou za v\u00edt\u011bzstv\u00ed v&nbsp;jedn\u00e9 z&nbsp;kategori\u00ed odnese \u010d\u00e1stku 1&nbsp;500 \u20ac.<br \/>\r\n<br \/>\r\n        <\/p>\r\n    <\/div>\r\n<\/div>\n\n\n<div style=\"height:31px\" aria-hidden=\"true\" class=\"wp-block-spacer\"><\/div>\n\n\n\n<div class=\"wp-block-columns\">\n<div class=\"wp-block-column has-default-shadow mr-800-sm\"><div class=\"image-box has-white-background-color has-dark-color \">\r\n        <div class=\"image-box__text\">\r\n        <h4>1.&nbsp;m\u00edsto v&nbsp;jednotliv\u00e9 sout\u011b\u017en\u00ed kategorii        <\/h4>\r\n        <p>V\u00edt\u011bzn\u00fd n\u00e1vrh z&nbsp;ka\u017ed\u00e9 sout\u011b\u017en\u00ed kategorie obdr\u017e\u00ed finan\u010dn\u00ed odm\u011bnu ve v\u00fd\u0161i 500 \u20ac.        <\/p>\r\n    <\/div>\r\n<\/div><\/div>\n\n\n\n<div class=\"wp-block-column has-default-shadow mr-800-sm\"><div class=\"image-box has-white-background-color has-dark-color \">\r\n        <div class=\"image-box__text\">\r\n        <h4>2.&nbsp;m\u00edsto v&nbsp;jednotliv\u00e9 sout\u011b\u017en\u00ed kategorii        <\/h4>\r\n        <p>Autor sout\u011b\u017en\u00edho n\u00e1vrhu, kter\u00fd obsad\u00ed 2.&nbsp;m\u00edsto v&nbsp;jednotliv\u00e9 sout\u011b\u017en\u00ed kategorii, z\u00edsk\u00e1 finan\u010dn\u00ed odm\u011bnu ve v\u00fd\u0161i 300 \u20ac.        <\/p>\r\n    <\/div>\r\n<\/div><\/div>\n\n\n\n<div class=\"wp-block-column has-default-shadow\"><div class=\"image-box has-white-background-color has-dark-color \">\r\n        <div class=\"image-box__text\">\r\n        <h4>3.&nbsp;m\u00edsto v&nbsp;jednotliv\u00e9 sout\u011b\u017en\u00ed kategorii        <\/h4>\r\n        <p>Autor sout\u011b\u017en\u00edho n\u00e1vrhu, kter\u00fd obsad\u00ed 3.&nbsp;m\u00edsto v&nbsp;jednotliv\u00e9 sout\u011b\u017en\u00ed kategorii, z\u00edsk\u00e1 finan\u010dn\u00ed odm\u011bnu ve v\u00fd\u0161i 200 \u20ac.        <\/p>\r\n    <\/div>\r\n<\/div><\/div>\n<\/div>\n<\/div><\/div>\n\n\n\n<div class=\"wp-block-group bid-porota-group has-white-background-color has-background\"><div class=\"wp-block-group__inner-container\">\n<h2>Porota leto\u0161n\u00edho ro\u010dn\u00edku<\/h2>\n\n\n<a href=\"https:\/\/zlindesignweek.com\/2021\/porotce\/ladislav-skoda\/\"\r\n    class=\"judge-item-link\">\r\n    <div class=\"judge-item\">\r\n        <img width=\"560\" height=\"667\" src=\"https:\/\/zlindesignweek.com\/2021\/wp-content\/uploads\/2020\/02\/ladislav-skoda-560x667.jpg\" class=\"attachment-portrait size-portrait wp-post-image\" alt=\"\" loading=\"lazy\" \/>        <h4 class=\"h5\">Ladislav \u0160koda        <\/h4>\r\n        <small>Kategorie Product &#038; Industrial Design<\/small>\r\n    <\/div>\r\n<\/a>\r\n\n\n<a href=\"https:\/\/zlindesignweek.com\/2021\/porotce\/joana-lacerda\/\"\r\n    class=\"judge-item-link\">\r\n    <div class=\"judge-item\">\r\n        <img width=\"560\" height=\"667\" src=\"https:\/\/zlindesignweek.com\/2021\/wp-content\/uploads\/2021\/02\/joana-lacerda-560x667.jpg\" class=\"attachment-portrait size-portrait wp-post-image\" alt=\"\" loading=\"lazy\" \/>        <h4 class=\"h5\">Joana Lacerda        <\/h4>\r\n        <small>Kategorie Fashion Design <\/small>\r\n    <\/div>\r\n<\/a>\r\n\n\n<a href=\"https:\/\/zlindesignweek.com\/2021\/porotce\/filip-koubek\/\"\r\n    class=\"judge-item-link\">\r\n    <div class=\"judge-item\">\r\n        <img width=\"560\" height=\"667\" src=\"https:\/\/zlindesignweek.com\/2021\/wp-content\/uploads\/2021\/02\/filip-koubek-560x667.jpg\" class=\"attachment-portrait size-portrait wp-post-image\" alt=\"\" loading=\"lazy\" \/>        <h4 class=\"h5\">Filip Koubek        <\/h4>\r\n        <small>Kategorie Communication Design<\/small>\r\n    <\/div>\r\n<\/a>\r\n\n\n<a href=\"https:\/\/zlindesignweek.com\/2021\/porotce\/tereza-rosalie-kladosova\/\"\r\n    class=\"judge-item-link\">\r\n    <div class=\"judge-item\">\r\n        <img width=\"560\" height=\"667\" src=\"https:\/\/zlindesignweek.com\/2021\/wp-content\/uploads\/2021\/02\/teraza-rosalie-kladosova-560x667.jpg\" class=\"attachment-portrait size-portrait wp-post-image\" alt=\"\" loading=\"lazy\" \/>        <h4 class=\"h5\">Tereza Ros\u00e1lie Klado\u0161ov\u00e1        <\/h4>\r\n        <small>Kategorie Fashion Design <\/small>\r\n    <\/div>\r\n<\/a>\r\n\n\n<a href=\"https:\/\/zlindesignweek.com\/2021\/porotce\/richard-vodicka\/\"\r\n    class=\"judge-item-link\">\r\n    <div class=\"judge-item\">\r\n        <img width=\"560\" height=\"667\" src=\"https:\/\/zlindesignweek.com\/2021\/wp-content\/uploads\/2021\/02\/richard-vodicka-studio-519-560x667.jpg\" class=\"attachment-portrait size-portrait wp-post-image\" alt=\"\" loading=\"lazy\" \/>        <h4 class=\"h5\">Richard Vodi\u010dka        <\/h4>\r\n        <small>Kategorie Product &#038; Industrial Design<\/small>\r\n    <\/div>\r\n<\/a>\r\n\n\n<a href=\"https:\/\/zlindesignweek.com\/2021\/porotce\/veronika-parizkova\/\"\r\n    class=\"judge-item-link\">\r\n    <div class=\"judge-item\">\r\n        <img width=\"560\" height=\"667\" src=\"https:\/\/zlindesignweek.com\/2021\/wp-content\/uploads\/2021\/02\/veronika-parizkova-560x667.jpg\" class=\"attachment-portrait size-portrait wp-post-image\" alt=\"\" loading=\"lazy\" \/>        <h4 class=\"h5\">Veronika Pa\u0159\u00edzkov\u00e1        <\/h4>\r\n        <small><\/small>\r\n    <\/div>\r\n<\/a>\r\n\n\n<a href=\"https:\/\/zlindesignweek.com\/2021\/porotce\/sebastian-gier\/\"\r\n    class=\"judge-item-link\">\r\n    <div class=\"judge-item\">\r\n        <img width=\"450\" height=\"450\" src=\"https:\/\/zlindesignweek.com\/2021\/wp-content\/uploads\/2021\/03\/sebastian-gier.jpeg\" class=\"attachment-portrait size-portrait wp-post-image\" alt=\"\" loading=\"lazy\" srcset=\"https:\/\/zlindesignweek.com\/2021\/wp-content\/uploads\/2021\/03\/sebastian-gier.jpeg 450w, https:\/\/zlindesignweek.com\/2021\/wp-content\/uploads\/2021\/03\/sebastian-gier-150x150.jpeg 150w, https:\/\/zlindesignweek.com\/2021\/wp-content\/uploads\/2021\/03\/sebastian-gier-250x250.jpeg 250w\" sizes=\"(max-width: 450px) 100vw, 450px\" \/>        <h4 class=\"h5\">Sebastian Gier        <\/h4>\r\n        <small>Kategorie Product &#038; Industrial Design<\/small>\r\n    <\/div>\r\n<\/a>\r\n<\/div><\/div>\n\n\n\n<div class=\"wp-block-group pt-md-2\"><div class=\"wp-block-group__inner-container\">\n<figure class=\"wp-block-embed-youtube wp-block-embed is-type-video is-provider-youtube wp-embed-aspect-16-9 wp-has-aspect-ratio\"><div class=\"wp-block-embed__wrapper\">\n<iframe src=\"https:\/\/www.youtube.com\/embed\/QWThrLe8rVQ\/?autoplay=1&amp;mute=1\" frameborder=\"0\" allow=\"accelerometer; autoplay; encrypted-media; gyroscope; picture-in-picture\" allowfullscreen=\"\"><\/iframe>\n<\/div><\/figure>\n\n\n\n<div style=\"height:100px\" aria-hidden=\"true\" class=\"wp-block-spacer\"><\/div>\n<\/div><\/div>\n","protected":false},"excerpt":{"rendered":"","protected":false},"author":2,"featured_media":0,"parent":0,"menu_order":0,"comment_status":"closed","ping_status":"closed","template":"templates\/no-title.php","meta":[],"_links":{"self":[{"href":"https:\/\/zlindesignweek.com\/2021\/wp-json\/wp\/v2\/pages\/193"}],"collection":[{"href":"https:\/\/zlindesignweek.com\/2021\/wp-json\/wp\/v2\/pages"}],"about":[{"href":"https:\/\/zlindesignweek.com\/2021\/wp-json\/wp\/v2\/types\/page"}],"author":[{"embeddable":true,"href":"https:\/\/zlindesignweek.com\/2021\/wp-json\/wp\/v2\/users\/2"}],"replies":[{"embeddable":true,"href":"https:\/\/zlindesignweek.com\/2021\/wp-json\/wp\/v2\/comments?post=193"}],"version-history":[{"count":195,"href":"https:\/\/zlindesignweek.com\/2021\/wp-json\/wp\/v2\/pages\/193\/revisions"}],"predecessor-version":[{"id":11240,"href":"https:\/\/zlindesignweek.com\/2021\/wp-json\/wp\/v2\/pages\/193\/revisions\/11240"}],"wp:attachment":[{"href":"https:\/\/zlindesignweek.com\/2021\/wp-json\/wp\/v2\/media?parent=193"}],"curies":[{"name":"wp","href":"https:\/\/api.w.org\/{rel}","templated":true}]}}