{"id":191,"date":"2019-12-24T00:36:40","date_gmt":"2019-12-23T23:36:40","guid":{"rendered":"http:\/\/zlindesignweek.com\/2021\/?page_id=191"},"modified":"2021-05-30T20:06:39","modified_gmt":"2021-05-30T18:06:39","slug":"konference","status":"publish","type":"page","link":"https:\/\/zlindesignweek.com\/2021\/konference\/","title":{"rendered":"Konference 2021"},"content":{"rendered":"\n<div class=\"wp-block-group\"><div class=\"wp-block-group__inner-container\"><div class=\"intro-video \">\r\n            <div class=\"container\">\r\n            <img src=\"https:\/\/zlindesignweek.com\/2021\/wp-content\/uploads\/2021\/04\/konference.svg\"\r\n                 srcset=\"https:\/\/zlindesignweek.com\/2021\/wp-content\/uploads\/2021\/04\/konference.svg 100vw, https:\/\/zlindesignweek.com\/2021\/wp-content\/uploads\/2021\/04\/konference.svg 600vw\"\r\n                 class=\"float-right\"\/>\r\n        <\/div>\r\n        <!-- <div class=\"container\"> -->\r\n                    <div class=\"border-box has-light-color\">\r\n                                    <h3>KONFERENCE prob\u011bhla tentokr\u00e1t online!                    <\/h3>\r\n                                <p class=\"mt-0\">Leto\u0161n\u00ed online konference p\u0159inesla 7 \u0159e\u010dn\u00edk\u016f z&nbsp;\u010ceska i&nbsp;ze sv\u011bta ve vide\u00edch a&nbsp;nav\u00edc 6 \u0159e\u010dn\u00edk\u016f z&nbsp;\u010ceska a&nbsp;Slovenska v&nbsp;podcastech. V\u0161echny videa i&nbsp;podcasty m\u016f\u017ee\u0161 st\u00e1le zhl\u00e9dnout na na\u0161em webu nebo youtube kan\u00e1lu. <br \/>\r\nScrolluj n\u00ed\u017e a&nbsp;tam najde\u0161 v\u0161e! <br \/>\r\n                <\/p>\r\n                                                            \r\n            <\/div>\r\n\r\n            <!-- <\/div> -->\r\n<\/div><\/div><\/div>\n\n\n\n<div class=\"wp-block-group\"><div class=\"wp-block-group__inner-container\">\n<figure class=\"wp-block-embed is-type-rich is-provider-spotify wp-block-embed-spotify wp-embed-aspect-21-9 wp-has-aspect-ratio\"><div class=\"wp-block-embed__wrapper\">\n<iframe title=\"Spotify Embed: Konference Zlin Design Week: O designu ve sv\u011bt\u011b dioptrick\u00fdch br\u00fdl\u00ed \u2013 Dana Prekopov\u00e1\" width=\"100%\" height=\"232\" allowtransparency=\"true\" frameborder=\"0\" allow=\"encrypted-media\" src=\"https:\/\/open.spotify.com\/embed-podcast\/episode\/7dihkGrpJdw0BftTTnmAKw?si=ia0I5TZVSTy9fV3o4Nx7_g\"><\/iframe>\n<\/div><\/figure>\n\n\n\n<figure class=\"wp-block-embed is-type-rich is-provider-spotify wp-block-embed-spotify wp-embed-aspect-21-9 wp-has-aspect-ratio\"><div class=\"wp-block-embed__wrapper\">\n<iframe title=\"Spotify Embed: Konference Zlin Design Week: O tom, jak p\u0159ev\u00e9st n\u00e1pad do reality \u2013 Marvan Shamma a Jakub Pta\u010din\" width=\"100%\" height=\"232\" allowtransparency=\"true\" frameborder=\"0\" allow=\"encrypted-media\" src=\"https:\/\/open.spotify.com\/embed-podcast\/episode\/5nmPUj8kOKxS0P0yOsItm0?si=l0-H9rVdSc65x1s9PDPWOQ&#038;utm_source=copy-link&#038;nd=1\"><\/iframe>\n<\/div><\/figure>\n\n\n\n<figure class=\"wp-block-embed is-type-rich is-provider-spotify wp-block-embed-spotify wp-embed-aspect-21-9 wp-has-aspect-ratio\"><div class=\"wp-block-embed__wrapper\">\n<iframe title=\"Spotify Embed: Konference Zlin Design Week: O design\u00e9rsk\u00fdch sout\u011b\u017e\u00edch \u2013 jak funguj\u00ed a jak usp\u011bt? \u2013 Radim Tu\u010dek &amp; Jan Stanko\" width=\"100%\" height=\"232\" allowtransparency=\"true\" frameborder=\"0\" allow=\"encrypted-media\" src=\"https:\/\/open.spotify.com\/embed-podcast\/episode\/3plvslIkIBNpPi1kxcie8w?si=q7SmxZ3BRouRKUJYqOtmyQ&#038;dl_branch=1\"><\/iframe>\n<\/div><\/figure>\n<\/div><\/div>\n\n\n\n<div class=\"wp-block-group\"><div class=\"wp-block-group__inner-container\">\n<div class=\"wp-block-columns\">\n<div class=\"wp-block-column\">\n<iframe width=\"560\" height=\"315\" src=\"https:\/\/www.youtube.com\/embed\/mtbakxhgYwE\" title=\"YouTube video player\" frameborder=\"0\" allow=\"accelerometer; autoplay; clipboard-write; encrypted-media; gyroscope; picture-in-picture\" allowfullscreen=\"\"><\/iframe>\n<\/div>\n\n\n\n<div class=\"wp-block-column\">\n<iframe width=\"560\" height=\"315\" src=\"https:\/\/www.youtube.com\/embed\/3nnPDJp9ods\" title=\"YouTube video player\" frameborder=\"0\" allow=\"accelerometer; autoplay; clipboard-write; encrypted-media; gyroscope; picture-in-picture\" allowfullscreen=\"\"><\/iframe>\n\n\n\n<p><\/p>\n<\/div>\n<\/div>\n\n\n\n<div class=\"wp-block-columns\">\n<div class=\"wp-block-column\">\n<iframe width=\"560\" height=\"315\" src=\"https:\/\/www.youtube.com\/embed\/Tjk6KTmIneU\" title=\"YouTube video player\" frameborder=\"0\" allow=\"accelerometer; autoplay; clipboard-write; encrypted-media; gyroscope; picture-in-picture\" allowfullscreen=\"\"><\/iframe>\n<\/div>\n\n\n\n<div class=\"wp-block-column\">\n<iframe width=\"560\" height=\"315\" src=\"https:\/\/www.youtube.com\/embed\/8v0LKX1dDyA\" title=\"YouTube video player\" frameborder=\"0\" allow=\"accelerometer; autoplay; clipboard-write; encrypted-media; gyroscope; picture-in-picture\" allowfullscreen=\"\"><\/iframe>\n\n\n\n<p><\/p>\n<\/div>\n<\/div>\n\n\n\n<div class=\"wp-block-columns\">\n<div class=\"wp-block-column\">\n<iframe width=\"560\" height=\"315\" src=\"https:\/\/www.youtube.com\/embed\/fEk_cQRkgc0\" title=\"YouTube video player\" frameborder=\"0\" allow=\"accelerometer; autoplay; clipboard-write; encrypted-media; gyroscope; picture-in-picture\" allowfullscreen=\"\"><\/iframe>\n<\/div>\n\n\n\n<div class=\"wp-block-column\">\n<iframe width=\"560\" height=\"315\" src=\"https:\/\/www.youtube.com\/embed\/ZMZzVch02SY\" title=\"YouTube video player\" frameborder=\"0\" allow=\"accelerometer; autoplay; clipboard-write; encrypted-media; gyroscope; picture-in-picture\" allowfullscreen=\"\"><\/iframe>\n\n\n\n<p><\/p>\n<\/div>\n<\/div>\n\n\n\n<div class=\"wp-block-columns\">\n<div class=\"wp-block-column\">\n<iframe width=\"560\" height=\"315\" src=\"https:\/\/www.youtube.com\/embed\/W8rcdz4S3pY\" title=\"YouTube video player\" frameborder=\"0\" allow=\"accelerometer; autoplay; clipboard-write; encrypted-media; gyroscope; picture-in-picture\" allowfullscreen=\"\"><\/iframe>\n<\/div>\n\n\n\n<div class=\"wp-block-column\">\n<iframe width=\"560\" height=\"315\" src=\"https:\/\/www.youtube.com\/embed\/VBnSiSjGuSs\" title=\"YouTube video player\" frameborder=\"0\" allow=\"accelerometer; autoplay; clipboard-write; encrypted-media; gyroscope; picture-in-picture\" allowfullscreen=\"\"><\/iframe>\n\n\n\n<p><\/p>\n<\/div>\n<\/div>\n<\/div><\/div>\n\n\n\n<div class=\"wp-block-group\"><div class=\"wp-block-group__inner-container\">\n<h2 class=\"has-white-color has-text-color\">Kdo se pod\u011bl\u00ed o&nbsp;sv\u00e9 know-how?<\/h2>\n\n\n<a href=\"https:\/\/zlindesignweek.com\/2021\/recnik\/sandra-kumorowski\/\"\r\n    class=\"speaker-item-link\">\r\n    <div class=\"speaker-item\">\r\n        <img width=\"560\" height=\"667\" src=\"https:\/\/zlindesignweek.com\/2021\/wp-content\/uploads\/2020\/01\/sandra-kumorowski-1-1-560x667.jpg\" class=\"attachment-portrait size-portrait wp-post-image\" alt=\"\" loading=\"lazy\" \/>        <h4 class=\"h5\">Sandra Kumorowski        <\/h4>\r\n        <small>Odbornice na marketing a&nbsp;strategii<\/small>\r\n    <\/div>\r\n<\/a>\r\n\n\n<a href=\"https:\/\/zlindesignweek.com\/2021\/recnik\/jakub-ptacin\/\"\r\n    class=\"speaker-item-link\">\r\n    <div class=\"speaker-item\">\r\n        <img width=\"560\" height=\"667\" src=\"https:\/\/zlindesignweek.com\/2021\/wp-content\/uploads\/2020\/01\/podcasty-jakuba-ptacina-kopie-2-560x667.jpg\" class=\"attachment-portrait size-portrait wp-post-image\" alt=\"\" loading=\"lazy\" \/>        <h4 class=\"h5\">Jakub Pta\u010din        <\/h4>\r\n        <small>Designer a&nbsp;marketingov\u00fd specialista<\/small>\r\n    <\/div>\r\n<\/a>\r\n\n\n<a href=\"https:\/\/zlindesignweek.com\/2021\/recnik\/studio-vrtiska-zak\/\"\r\n    class=\"speaker-item-link\">\r\n    <div class=\"speaker-item\">\r\n        <img width=\"560\" height=\"667\" src=\"https:\/\/zlindesignweek.com\/2021\/wp-content\/uploads\/2019\/12\/vrtiska_zak_rim_lukashasenblas_3449hgs-copy-1-560x667.jpg\" class=\"attachment-portrait size-portrait wp-post-image\" alt=\"\" loading=\"lazy\" \/>        <h4 class=\"h5\">Studio Vrti\u0161ka &#038; \u017d\u00e1k        <\/h4>\r\n        <small>Produktov\u00ed design\u00e9\u0159i<\/small>\r\n    <\/div>\r\n<\/a>\r\n\n\n<a href=\"https:\/\/zlindesignweek.com\/2021\/recnik\/marvan-shamma\/\"\r\n    class=\"speaker-item-link\">\r\n    <div class=\"speaker-item\">\r\n        <img width=\"560\" height=\"667\" src=\"https:\/\/zlindesignweek.com\/2021\/wp-content\/uploads\/2020\/01\/marvan-shamma-560x667.jpg\" class=\"attachment-portrait size-portrait wp-post-image\" alt=\"\" loading=\"lazy\" \/>        <h4 class=\"h5\">Marvan Shamma        <\/h4>\r\n        <small>Leader v&nbsp;oblasti inovace<\/small>\r\n    <\/div>\r\n<\/a>\r\n\n\n\n\n<a href=\"https:\/\/zlindesignweek.com\/2021\/recnik\/marek-weidlich\/\"\r\n    class=\"speaker-item-link\">\r\n    <div class=\"speaker-item\">\r\n        <img width=\"560\" height=\"667\" src=\"https:\/\/zlindesignweek.com\/2021\/wp-content\/uploads\/2020\/01\/marek-weidlich-560x667.jpg\" class=\"attachment-portrait size-portrait wp-post-image\" alt=\"\" loading=\"lazy\" \/>        <h4 class=\"h5\">Marek Weidlich        <\/h4>\r\n        <small>Automobilov\u00fd a&nbsp;pr\u016fmyslov\u00fd designer<\/small>\r\n    <\/div>\r\n<\/a>\r\n\n\n<a href=\"https:\/\/zlindesignweek.com\/2021\/recnik\/ctirad-sara\/\"\r\n    class=\"speaker-item-link\">\r\n    <div class=\"speaker-item\">\r\n        <img width=\"560\" height=\"667\" src=\"https:\/\/zlindesignweek.com\/2021\/wp-content\/uploads\/2021\/03\/ctirad-815x815-1-560x667.jpeg\" class=\"attachment-portrait size-portrait wp-post-image\" alt=\"\" loading=\"lazy\" \/>        <h4 class=\"h5\">Ctirad S\u00e1ra        <\/h4>\r\n        <small>Podnikatel &#8211; BeWooden<\/small>\r\n    <\/div>\r\n<\/a>\r\n\n\n<a href=\"https:\/\/zlindesignweek.com\/2021\/recnik\/david-parrish\/\"\r\n    class=\"speaker-item-link\">\r\n    <div class=\"speaker-item\">\r\n        <img width=\"560\" height=\"667\" src=\"https:\/\/zlindesignweek.com\/2021\/wp-content\/uploads\/2021\/03\/david-parrish-hi-res1mb-560x667.jpg\" class=\"attachment-portrait size-portrait wp-post-image\" alt=\"\" loading=\"lazy\" \/>        <h4 class=\"h5\">David Parrish        <\/h4>\r\n        <small>Britsk\u00fd expert na kreativn\u00ed pr\u016fmysly<\/small>\r\n    <\/div>\r\n<\/a>\r\n\n\n<a href=\"https:\/\/zlindesignweek.com\/2021\/recnik\/joana-lacerda\/\"\r\n    class=\"speaker-item-link\">\r\n    <div class=\"speaker-item\">\r\n        <img width=\"560\" height=\"667\" src=\"https:\/\/zlindesignweek.com\/2021\/wp-content\/uploads\/2021\/03\/joana-lacerda-560x667.jpg\" class=\"attachment-portrait size-portrait wp-post-image\" alt=\"\" loading=\"lazy\" \/>        <h4 class=\"h5\">Joana Lacerda        <\/h4>\r\n        <small>Portugalsk\u00e1 podnikatelka a&nbsp;kou\u010dka <\/small>\r\n    <\/div>\r\n<\/a>\r\n\n\n<a href=\"https:\/\/zlindesignweek.com\/2021\/recnik\/vasjen-katro\/\"\r\n    class=\"speaker-item-link\">\r\n    <div class=\"speaker-item\">\r\n        <img width=\"560\" height=\"667\" src=\"https:\/\/zlindesignweek.com\/2021\/wp-content\/uploads\/2021\/03\/baugasm-def-billede-560x667.jpeg\" class=\"attachment-portrait size-portrait wp-post-image\" alt=\"\" loading=\"lazy\" \/>        <h4 class=\"h5\">Vasjen Katro        <\/h4>\r\n        <small>Grafick\u00fd a&nbsp;UI\/UX designer<\/small>\r\n    <\/div>\r\n<\/a>\r\n\n\n<a href=\"https:\/\/zlindesignweek.com\/2021\/recnik\/jan-kluson\/\"\r\n    class=\"speaker-item-link\">\r\n    <div class=\"speaker-item\">\r\n        <img width=\"560\" height=\"667\" src=\"https:\/\/zlindesignweek.com\/2021\/wp-content\/uploads\/2021\/03\/jan-kluson-560x667.jpg\" class=\"attachment-portrait size-portrait wp-post-image\" alt=\"\" loading=\"lazy\" \/>        <h4 class=\"h5\">Jan Kluso\u0148        <\/h4>\r\n        <small>Odborn\u00edk na firemn\u00ed kulturu<\/small>\r\n    <\/div>\r\n<\/a>\r\n\n\n<a href=\"https:\/\/zlindesignweek.com\/2021\/recnik\/maksimilian-kallhed\/\"\r\n    class=\"speaker-item-link\">\r\n    <div class=\"speaker-item\">\r\n        <img width=\"560\" height=\"667\" src=\"https:\/\/zlindesignweek.com\/2021\/wp-content\/uploads\/2021\/03\/covers-2018maksimilian-kallhed-560x667.jpeg\" class=\"attachment-portrait size-portrait wp-post-image\" alt=\"\" loading=\"lazy\" \/>        <h4 class=\"h5\">Maksimilian Kallhed        <\/h4>\r\n        <small>Kreativn\u00ed podnikatel<\/small>\r\n    <\/div>\r\n<\/a>\r\n\n\n<a href=\"https:\/\/zlindesignweek.com\/2021\/recnik\/studio-najbrt\/\"\r\n    class=\"speaker-item-link\">\r\n    <div class=\"speaker-item\">\r\n        <img width=\"560\" height=\"667\" src=\"https:\/\/zlindesignweek.com\/2021\/wp-content\/uploads\/2021\/03\/ales-najbrt-polaroid-560x667.jpg\" class=\"attachment-portrait size-portrait wp-post-image\" alt=\"\" loading=\"lazy\" \/>        <h4 class=\"h5\">Studio Najbrt        <\/h4>\r\n        <small>Grafick\u00e9 studio<\/small>\r\n    <\/div>\r\n<\/a>\r\n\n\n<a href=\"https:\/\/zlindesignweek.com\/2021\/recnik\/dana-prekopova\/\"\r\n    class=\"speaker-item-link\">\r\n    <div class=\"speaker-item\">\r\n        <img width=\"560\" height=\"667\" src=\"https:\/\/zlindesignweek.com\/2021\/wp-content\/uploads\/2021\/03\/thumbnail-iokoxna-12-1-560x667.jpg\" class=\"attachment-portrait size-portrait wp-post-image\" alt=\"\" loading=\"lazy\" \/>        <h4 class=\"h5\">Dana Prekopov\u00e1        <\/h4>\r\n        <small>Majitelka optiky IOKO<\/small>\r\n    <\/div>\r\n<\/a>\r\n\n\n<a href=\"https:\/\/zlindesignweek.com\/2021\/recnik\/czechdesign-3\/\"\r\n    class=\"speaker-item-link\">\r\n    <div class=\"speaker-item\">\r\n        <img width=\"560\" height=\"667\" src=\"https:\/\/zlindesignweek.com\/2021\/wp-content\/uploads\/2020\/03\/radim-tucek-czdesign-560x667.png\" class=\"attachment-portrait size-portrait wp-post-image\" alt=\"\" loading=\"lazy\" \/>        <h4 class=\"h5\">Radim Tu\u010dek        <\/h4>\r\n        <small>Czechdesign &#8211; brand konzultant<\/small>\r\n    <\/div>\r\n<\/a>\r\n\n\n<a href=\"https:\/\/zlindesignweek.com\/2021\/recnik\/jan-stanko\/\"\r\n    class=\"speaker-item-link\">\r\n    <div class=\"speaker-item\">\r\n        <img width=\"560\" height=\"667\" src=\"https:\/\/zlindesignweek.com\/2021\/wp-content\/uploads\/2021\/05\/janstanko-navystavisti-560x667.jpg\" class=\"attachment-portrait size-portrait wp-post-image\" alt=\"\" loading=\"lazy\" \/>        <h4 class=\"h5\">Jan Stanko        <\/h4>\r\n        <small>\u010clen p\u0159edstavenstva V\u00fdstavi\u0161t\u011b Praha<\/small>\r\n    <\/div>\r\n<\/a>\r\n<\/div><\/div>\n\n\n\n<div class=\"wp-block-group pt-md-1\"><div class=\"wp-block-group__inner-container\">\n<h2 class=\"has-white-color has-text-color\">Jak si p\u0159edstavit Konferenci ZDW?<\/h2>\n\n\n\n<figure class=\"wp-block-embed-youtube wp-block-embed is-type-video is-provider-youtube wp-embed-aspect-16-9 wp-has-aspect-ratio\"><div class=\"wp-block-embed__wrapper\">\n<iframe src=\"https:\/\/www.youtube.com\/embed\/QzraxM4KzgI\/?autoplay=1&amp;mute=1\" frameborder=\"0\" allow=\"accelerometer; autoplay; encrypted-media; gyroscope; picture-in-picture\" allowfullscreen=\"\"><\/iframe>\n<\/div><\/figure>\n<\/div><\/div>\n\n\n\n<div class=\"wp-block-group\"><div class=\"wp-block-group__inner-container\">\n<div style=\"height:20px\" aria-hidden=\"true\" class=\"wp-block-spacer\"><\/div>\n\n\n\n<div style=\"height:100px\" aria-hidden=\"true\" class=\"wp-block-spacer\"><\/div>\n\n\n\n<div class=\"wp-block-columns\">\n<div class=\"wp-block-column pr-sm mb-1\"><div class=\"image-box has-white-background-color has-dark-color \">\r\n        <img src=\"https:\/\/zlindesignweek.com\/2021\/wp-content\/uploads\/2020\/01\/dscf4496-500x333.jpg\"\r\n        alt=\"\" \/>\r\n        <div class=\"image-box__text\">\r\n        <h4>Propojen\u00ed designu a&nbsp;marketingu        <\/h4>\r\n        <p>Dva sv\u011bty, kter\u00e9 se navz\u00e1jem pot\u0159ebuj\u00ed a&nbsp;dopl\u0148uj\u00ed, ale ne v\u017edy se ch\u00e1pou. Chceme uk\u00e1zat, \u017ee d\u00edky jejich spolupr\u00e1ci vznikaj\u00ed ty nejd\u016fle\u017eit\u011bj\u0161\u00ed hodnoty, kter\u00e9 tvo\u0159\u00ed z\u00e1kladn\u00ed stavebn\u00ed k\u00e1men pro produkt, zna\u010dku i&nbsp;spole\u010dnost.        <\/p>\r\n    <\/div>\r\n<\/div><\/div>\n\n\n\n<div class=\"wp-block-column pr-sm mb-1\"><div class=\"image-box has-white-background-color has-dark-color \">\r\n        <img src=\"https:\/\/zlindesignweek.com\/2021\/wp-content\/uploads\/2020\/01\/zdw-konference-7-5-2019-144-500x333.jpg\"\r\n        alt=\"\" \/>\r\n        <div class=\"image-box__text\">\r\n        <h4>\u0158e\u010dn\u00edci z&nbsp;cel\u00e9ho sv\u011bta        <\/h4>\r\n        <p><br \/>\r\nInspiraci p\u0159ivezeme i&nbsp;z&nbsp;krajin za velkou lou\u017e\u00ed. \u0158e\u010dn\u00edci maj\u00ed na sv\u00e9 prezentace vym\u011b\u0159en\u00fdch t\u0159icet minut, po&nbsp;kter\u00fdch se jich m\u016f\u017eete zeptat na to, co v\u00e1s zaj\u00edm\u00e1 &#8211; a\u0165 u\u017e p\u0159i&nbsp;panelov\u00e9 diskuzi nebo pozd\u011bji p\u0159i&nbsp;coffee breaku.        <\/p>\r\n    <\/div>\r\n<\/div><\/div>\n\n\n\n<div class=\"wp-block-column pr-sm mb-1\"><div class=\"image-box has-white-background-color has-dark-color \">\r\n        <img src=\"https:\/\/zlindesignweek.com\/2021\/wp-content\/uploads\/2020\/01\/img_3412-kopie-500x333.jpg\"\r\n        alt=\"\" \/>\r\n        <div class=\"image-box__text\">\r\n        <h4>Jeden den i&nbsp;noc        <\/h4>\r\n        <p><br \/>\r\nKv\u016fli t\u0159em hodin\u00e1m v\u00e1s do Zl\u00edna tahat nebudeme. P\u0159ipravte se na n\u00e1lo\u017e z\u00e1\u017eitk\u016f od r\u00e1na do ve\u010dera. \u0160est\u00fd ro\u010dn\u00edk konference toti\u017e op\u011bt p\u0159inese mnohem v\u00edc, ne\u017e jen inspirativn\u00ed a&nbsp;diskuze vyvol\u00e1vaj\u00edc\u00ed p\u0159\u00edb\u011bhy.         <\/p>\r\n    <\/div>\r\n<\/div><\/div>\n<\/div>\n\n\n\n<h2 class=\"has-white-color has-text-color\">Co o&nbsp;Konferenci \u0159\u00edkaj\u00ed?<\/h2>\n\n\n\n<div class=\"wp-block-columns\">\n<div class=\"wp-block-column mr-sm\"><div\r\n    class=\"reference-item has-white-background-color\">\r\n    <p>\u201eNa Konferenci ZDW jezd\u00edm od roku 2017 a&nbsp;mus\u00edm \u0159\u00edct, \u017ee letos to byl rozhodn\u011b nejlep\u0161\u00ed ro\u010dn\u00edk. Jelo se na minutu p\u0159esn\u011b, co\u017e m\u011b mile p\u0159ekvapilo, skv\u011bl\u00fd program a&nbsp;\u0159e\u010dn\u00edci. M\u00e1te velk\u00fd obdiv, tlesk\u00e1m a&nbsp;smek\u00e1m kloubok. Jen tak d\u00e1l!.\u201d    <\/p>\r\n    <div class=\"reference-person\">\r\n                <p class=\"reference-person__name\">n\u00e1v\u0161t\u011bvn\u00edk Konference ZDW 2019        <\/p>\r\n        <p class=\"reference-person__position\">        <\/p>\r\n    <\/div>\r\n<\/div><\/div>\n\n\n\n<div class=\"wp-block-column mr-sm\"><div\r\n    class=\"reference-item has-white-background-color\">\r\n    <p>\u201eNa\u0161e organizace s\u00eddl\u00ed v&nbsp;Praze a&nbsp;a\u010dkoliv d\u011bl\u00e1me projekty po&nbsp;cel\u00e9 republice, uv\u00edt\u00e1me ka\u017edou p\u0159\u00edle\u017eitost vyjet do region\u016f, vyl\u00e9zt ze sv\u00e9 bubliny a&nbsp;na\u010derpat inspiraci. To Konference splnila nad o\u010dek\u00e1v\u00e1n\u00ed, m\u011bla naprosto profesion\u00e1ln\u00ed organizaci a&nbsp;poveden\u00fd v\u00fdb\u011br \u0159e\u010dn\u00edk\u016f. Zlin Design Week m\u00e1 prost\u011b kur\u00e1\u017e a&nbsp;je jednou z&nbsp;nejprogresivn\u011bj\u0161\u00edch akc\u00ed sv\u00e9ho oboru u&nbsp;n\u00e1s.\u201d    <\/p>\r\n    <div class=\"reference-person\">\r\n                <p class=\"reference-person__name\">Michaela Holubec Birtusov\u00e1        <\/p>\r\n        <p class=\"reference-person__position\">Czechdesign        <\/p>\r\n    <\/div>\r\n<\/div><\/div>\n\n\n\n<div class=\"wp-block-column\"><div\r\n    class=\"reference-item has-white-background-color\">\r\n    <p>\u201eJen m\u00e1lo oborov\u00fdch akc\u00ed u&nbsp;n\u00e1s i&nbsp;jinde v&nbsp;Evrop\u011b m\u00e1 takovou atmosf\u00e9ru, kvalitu a&nbsp;perfektn\u00ed organizaci, tak jako Konference ZDW. Maxim\u00e1ln\u011b jsem si u\u017eil Konferenci jako speaker a&nbsp;v&nbsp;dal\u0161\u00edch letech si ji rozhodn\u011b nenech\u00e1m uj\u00edt ani jako n\u00e1v\u0161t\u011bvn\u00edk. Prost\u011b srdcovka.\u201d    <\/p>\r\n    <div class=\"reference-person\">\r\n                <p class=\"reference-person__name\">Filip Koubek        <\/p>\r\n        <p class=\"reference-person__position\">\u0159e\u010dn\u00edk 2019        <\/p>\r\n    <\/div>\r\n<\/div><\/div>\n<\/div>\n<\/div><\/div>\n\n\n\n<div class=\"wp-block-group mt-1\"><div class=\"wp-block-group__inner-container\">\n<div class=\"wp-block-button d-block\"><a class=\"wp-block-button__link\" href=\"https:\/\/zlindesignweek.com\/2021\/konference\/reference\/\">Co \u0159ekli minul\u00ed \u0159e\u010dn\u00edci \u2192<\/a><\/div>\n\n\n\n<h2 class=\"mt-2 has-white-color has-text-color\">Napsali o&nbsp;Konferenci<\/h2>\n\n\n\n<div class=\"wp-block-columns\">\n<div class=\"wp-block-column p-1 has-white-background-color mr-sm has-default-shadow\">\n<figure class=\"wp-block-image size-large\"><img src=\"https:\/\/zlindesignweek.com\/2021\/wp-content\/uploads\/2020\/01\/design-cabinet.png\" alt=\"\" class=\"wp-image-1896\"\/><\/figure>\n\n\n\n<p class=\"has-text-align-center button-link\"><a href=\"http:\/\/www.designcabinet.cz\/zlin-design-week-presvedci-ze-design-je-hra\">Zobrazit \u010dl\u00e1nek<\/a> \u2192<\/p>\n<\/div>\n\n\n\n<div class=\"wp-block-column p-1 has-white-background-color mr-sm\">\n<figure class=\"wp-block-image size-large\"><img src=\"https:\/\/zlindesignweek.com\/2021\/wp-content\/uploads\/2020\/01\/czechdesign.png\" alt=\"\" class=\"wp-image-1895\"\/><\/figure>\n\n\n\n<p class=\"has-text-align-center button-link\"><a rel=\"noreferrer noopener\" aria-label=\"Zobrazit \u010dl\u00e1nek (otev\u0159e se na nov\u00e9 z\u00e1lo\u017ece)\" href=\"https:\/\/www.czechdesign.cz\/temata-a-rubriky\/kdyz-se-prolne-design-a-marketing-reportaz-ze-zlinske-konference-kterou-organizuji-studenti\" target=\"_blank\">Zobrazit \u010dl\u00e1nek<\/a> \u2192<\/p>\n<\/div>\n\n\n\n<div class=\"wp-block-column p-1 has-white-background-color has-default-shadow\">\n<figure class=\"wp-block-image size-large\"><img loading=\"lazy\" width=\"390\" height=\"104\" src=\"https:\/\/zlindesignweek.com\/2021\/wp-content\/uploads\/2020\/01\/tyinternety.png\" alt=\"\" class=\"wp-image-1897\" srcset=\"https:\/\/zlindesignweek.com\/2021\/wp-content\/uploads\/2020\/01\/tyinternety.png 390w, https:\/\/zlindesignweek.com\/2021\/wp-content\/uploads\/2020\/01\/tyinternety-250x67.png 250w\" sizes=\"(max-width: 390px) 100vw, 390px\" \/><\/figure>\n\n\n\n<p class=\"has-text-align-center button-link\"><a rel=\"noreferrer noopener\" aria-label=\"Zobrazit \u010dl\u00e1nek (otev\u0159e se na nov\u00e9 z\u00e1lo\u017ece)\" href=\"https:\/\/tyinternety.cz\/prirucka-marketera\/dva-svety-na-jednom-podiu-to-je-kvetnova-konference-design-marketing\/\" target=\"_blank\">Zobrazit \u010dl\u00e1nek<\/a> \u2192<\/p>\n<\/div>\n<\/div>\n<\/div><\/div>\n\n\n\n<div style=\"height:70px\" aria-hidden=\"true\" class=\"wp-block-spacer\"><\/div>\n","protected":false},"excerpt":{"rendered":"","protected":false},"author":2,"featured_media":0,"parent":0,"menu_order":0,"comment_status":"closed","ping_status":"closed","template":"templates\/no-title.php","meta":[],"_links":{"self":[{"href":"https:\/\/zlindesignweek.com\/2021\/wp-json\/wp\/v2\/pages\/191"}],"collection":[{"href":"https:\/\/zlindesignweek.com\/2021\/wp-json\/wp\/v2\/pages"}],"about":[{"href":"https:\/\/zlindesignweek.com\/2021\/wp-json\/wp\/v2\/types\/page"}],"author":[{"embeddable":true,"href":"https:\/\/zlindesignweek.com\/2021\/wp-json\/wp\/v2\/users\/2"}],"replies":[{"embeddable":true,"href":"https:\/\/zlindesignweek.com\/2021\/wp-json\/wp\/v2\/comments?post=191"}],"version-history":[{"count":216,"href":"https:\/\/zlindesignweek.com\/2021\/wp-json\/wp\/v2\/pages\/191\/revisions"}],"predecessor-version":[{"id":10888,"href":"https:\/\/zlindesignweek.com\/2021\/wp-json\/wp\/v2\/pages\/191\/revisions\/10888"}],"wp:attachment":[{"href":"https:\/\/zlindesignweek.com\/2021\/wp-json\/wp\/v2\/media?parent=191"}],"curies":[{"name":"wp","href":"https:\/\/api.w.org\/{rel}","templated":true}]}}