{"id":179,"date":"2019-12-20T17:33:37","date_gmt":"2019-12-20T16:33:37","guid":{"rendered":"http:\/\/zlindesignweek.com\/2021\/?page_id=179"},"modified":"2020-11-21T21:33:10","modified_gmt":"2020-11-21T20:33:10","slug":"contacts","status":"publish","type":"page","link":"https:\/\/zlindesignweek.com\/2021\/en\/zdw-2\/contacts\/","title":{"rendered":"Contacts"},"content":{"rendered":"\n<div class=\"wp-block-group\"><div class=\"wp-block-group__inner-container\">\n<div class=\"wp-block-columns\">\n<div class=\"wp-block-column\" style=\"flex-basis:67%\"><div class=\"contact-person has-white-background-color mr-sm \">\r\n        <img src=\"https:\/\/zlindesignweek.com\/2021\/wp-content\/uploads\/2020\/08\/dsc_2597x-1.jpg\"\r\n        alt=\"\" \/>\r\n        <div class=\"contact-person__content\">\r\n                <h4>Jitka Smol\u00edkov\u00e1        <\/h4>\r\n                        <p class=\"caption text-uppercase strong\">chief manager        <\/p>\r\n                        <p><a\r\n                href=\"mailto:jitka.smolikova@zlindesignweek.com\">jitka.smolikova@zlindesignweek.com<\/a><\/p>\r\n                        <p>+420&nbsp;732&nbsp;646&nbsp;094        <\/p>\r\n            <\/div>\r\n<\/div>\n\n\n<p><\/p>\n<\/div>\n\n\n\n<div class=\"wp-block-column\" style=\"flex-basis:33%\"><\/div>\n<\/div>\n\n\n\n<div class=\"wp-block-columns\">\n<div class=\"wp-block-column\" style=\"flex-basis:67%\"><div class=\"contact-person has-white-background-color mr-sm \">\r\n        <img src=\"https:\/\/zlindesignweek.com\/2021\/wp-content\/uploads\/2020\/08\/eliska-35-1.jpg\"\r\n        alt=\"\" \/>\r\n        <div class=\"contact-person__content\">\r\n                <h4>Eli\u0161ka Va\u0148kov\u00e1        <\/h4>\r\n                        <p class=\"caption text-uppercase strong\">Creative director        <\/p>\r\n                        <p><a\r\n                href=\"mailto:eliska.vankova@zlindesignweek.com\">eliska.vankova@zlindesignweek.com<\/a><\/p>\r\n                        <p>+420&nbsp;778&nbsp;019&nbsp;960        <\/p>\r\n            <\/div>\r\n<\/div>\n\n\n<p><\/p>\n<\/div>\n\n\n\n<div class=\"wp-block-column\" style=\"flex-basis:33%\"><\/div>\n<\/div>\n\n\n\n<div class=\"wp-block-columns\">\n<div class=\"wp-block-column\" style=\"flex-basis:67%\"><div class=\"contact-person has-white-background-color mr-sm \">\r\n        <img src=\"https:\/\/zlindesignweek.com\/2021\/wp-content\/uploads\/2020\/01\/14379955_10207607065038092_4948764578609966447_o-2-e1578244580186-500x516.jpg\"\r\n        alt=\"\" \/>\r\n        <div class=\"contact-person__content\">\r\n                <h4>Mgr. Eva Gartnerov\u00e1        <\/h4>\r\n                        <p class=\"caption text-uppercase strong\">festival\u2019s guarantor        <\/p>\r\n                        <p><a\r\n                href=\"mailto:gartnerova@utb.cz\">gartnerova@utb.cz<\/a><\/p>\r\n                        <p>+420&nbsp;722&nbsp;507&nbsp;877        <\/p>\r\n            <\/div>\r\n<\/div>\n\n\n<p><\/p>\n<\/div>\n\n\n\n<div class=\"wp-block-column\" style=\"flex-basis:33%\"><\/div>\n<\/div>\n\n\n\n<p><\/p>\n<\/div><\/div>\n\n\n\n<div class=\"wp-block-group\"><div class=\"wp-block-group__inner-container\">\n<h3>Mana\u017ee\u0159i sekc\u00ed<\/h3>\n\n\n\n<div class=\"wp-block-columns\">\n<div class=\"wp-block-column\"><div class=\"contact-person has-white-background-color mr-sm \">\r\n        <div class=\"contact-person__content\">\r\n                <h4>Eli\u0161ka Jan\u00e1kov\u00e1        <\/h4>\r\n                        <p class=\"caption text-uppercase strong\">Exhibitions         <\/p>\r\n                        <p><a\r\n                href=\"mailto:tomas.brothanek@zlindesignweek.com\">tomas.brothanek@zlindesignweek.com<\/a><\/p>\r\n                        <p>+420&nbsp;730&nbsp;596&nbsp;511        <\/p>\r\n            <\/div>\r\n<\/div>\n\n\n<p><\/p>\n<\/div>\n\n\n\n<div class=\"wp-block-column\"><div class=\"contact-person has-white-background-color mr-sm \">\r\n        <img src=\"https:\/\/zlindesignweek.com\/2021\/wp-content\/uploads\/2020\/09\/21191983_10210667887669133_1872583791420932954_n-2-500x515.jpg\"\r\n        alt=\"\" \/>\r\n        <div class=\"contact-person__content\">\r\n                <h4>Julie Hojdyszov\u00e1        <\/h4>\r\n                        <p class=\"caption text-uppercase strong\">sales        <\/p>\r\n                        <p><a\r\n                href=\"mailto:julie.hojdyszova@zlindesignweek.com\">julie.hojdyszova@zlindesignweek.com<\/a><\/p>\r\n                        <p>+420&nbsp;720&nbsp;353&nbsp;188        <\/p>\r\n            <\/div>\r\n<\/div>\n\n\n<p><\/p>\n<\/div>\n<\/div>\n\n\n\n<div class=\"wp-block-columns\">\n<div class=\"wp-block-column\"><div class=\"contact-person has-white-background-color mr-sm \">\r\n        <img src=\"https:\/\/zlindesignweek.com\/2021\/wp-content\/uploads\/2020\/09\/ja-500x667.jpg\"\r\n        alt=\"\" \/>\r\n        <div class=\"contact-person__content\">\r\n                <h4>Tereza Gajdov\u00e1        <\/h4>\r\n                        <p class=\"caption text-uppercase strong\">Conference         <\/p>\r\n                        <p><a\r\n                href=\"mailto:tereza.rihova@zlindesignweek.com\">tereza.rihova@zlindesignweek.com<\/a><\/p>\r\n                        <p>+420&nbsp;603&nbsp;344&nbsp;063        <\/p>\r\n            <\/div>\r\n<\/div>\n\n\n<p><\/p>\n<\/div>\n\n\n\n<div class=\"wp-block-column\"><div class=\"contact-person has-white-background-color mr-sm \">\r\n        <img src=\"https:\/\/zlindesignweek.com\/2021\/wp-content\/uploads\/2020\/11\/bd9f9e93-a6b4-4432-bdb4-9d94c1b298ec-500x625.jpg\"\r\n        alt=\"\" \/>\r\n        <div class=\"contact-person__content\">\r\n                <h4>Adri\u00e1n Molota         <\/h4>\r\n                        <p class=\"caption text-uppercase strong\">promotion        <\/p>\r\n                        <p><a\r\n                href=\"mailto:adrian.molota@zlindesignweek.com\">adrian.molota@zlindesignweek.com<\/a><\/p>\r\n                        <p>+421&nbsp;917&nbsp;291&nbsp;594        <\/p>\r\n            <\/div>\r\n<\/div><\/div>\n<\/div>\n\n\n\n<div class=\"wp-block-columns\">\n<div class=\"wp-block-column\"><div class=\"contact-person has-white-background-color mr-sm \">\r\n        <img src=\"https:\/\/zlindesignweek.com\/2021\/wp-content\/uploads\/2020\/09\/image-500x489.jpeg\"\r\n        alt=\"\" \/>\r\n        <div class=\"contact-person__content\">\r\n                <h4>Kate\u0159ina Oppeltov\u00e1        <\/h4>\r\n                        <p class=\"caption text-uppercase strong\">Best in design contest        <\/p>\r\n                        <p><a\r\n                href=\"mailto:katerina.oppeltova@zlindesignweek.com\">katerina.oppeltova@zlindesignweek.com<\/a><\/p>\r\n                        <p>+420&nbsp;773&nbsp;119&nbsp;822        <\/p>\r\n            <\/div>\r\n<\/div>\n\n\n<p><\/p>\n<\/div>\n\n\n\n<div class=\"wp-block-column\"><div class=\"contact-person has-white-background-color mr-sm \">\r\n        <img src=\"https:\/\/zlindesignweek.com\/2021\/wp-content\/uploads\/2020\/09\/img_0463-500x625.jpg\"\r\n        alt=\"\" \/>\r\n        <div class=\"contact-person__content\">\r\n                <h4>Vendula Proch\u00e1zkov\u00e1        <\/h4>\r\n                        <p class=\"caption text-uppercase strong\">public relations        <\/p>\r\n                        <p><a\r\n                href=\"mailto:vendula.prochazkova@zlindesignweek.com\">vendula.prochazkova@zlindesignweek.com<\/a><\/p>\r\n                        <p>+420&nbsp;608&nbsp;899&nbsp;911        <\/p>\r\n            <\/div>\r\n<\/div>\n\n\n<p><\/p>\n<\/div>\n<\/div>\n\n\n\n<div class=\"wp-block-columns\">\n<div class=\"wp-block-column\"><div class=\"contact-person has-white-background-color mr-sm \">\r\n        <img src=\"https:\/\/zlindesignweek.com\/2021\/wp-content\/uploads\/2020\/09\/marta-500x559.jpg\"\r\n        alt=\"\" \/>\r\n        <div class=\"contact-person__content\">\r\n                <h4>Martina Vachalov\u00e1        <\/h4>\r\n                        <p class=\"caption text-uppercase strong\">Social media        <\/p>\r\n                        <p><a\r\n                href=\"mailto:martina.vachalova@zlindesignweek.com\">martina.vachalova@zlindesignweek.com<\/a><\/p>\r\n                        <p>+420&nbsp;737&nbsp;698&nbsp;611        <\/p>\r\n            <\/div>\r\n<\/div><\/div>\n\n\n\n<div class=\"wp-block-column\"><\/div>\n<\/div>\n<\/div><\/div>\n\n\n\n<p><\/p>\n","protected":false},"excerpt":{"rendered":"","protected":false},"author":2,"featured_media":0,"parent":93,"menu_order":0,"comment_status":"closed","ping_status":"closed","template":"","meta":[],"_links":{"self":[{"href":"https:\/\/zlindesignweek.com\/2021\/wp-json\/wp\/v2\/pages\/179"}],"collection":[{"href":"https:\/\/zlindesignweek.com\/2021\/wp-json\/wp\/v2\/pages"}],"about":[{"href":"https:\/\/zlindesignweek.com\/2021\/wp-json\/wp\/v2\/types\/page"}],"author":[{"embeddable":true,"href":"https:\/\/zlindesignweek.com\/2021\/wp-json\/wp\/v2\/users\/2"}],"replies":[{"embeddable":true,"href":"https:\/\/zlindesignweek.com\/2021\/wp-json\/wp\/v2\/comments?post=179"}],"version-history":[{"count":18,"href":"https:\/\/zlindesignweek.com\/2021\/wp-json\/wp\/v2\/pages\/179\/revisions"}],"predecessor-version":[{"id":5444,"href":"https:\/\/zlindesignweek.com\/2021\/wp-json\/wp\/v2\/pages\/179\/revisions\/5444"}],"up":[{"embeddable":true,"href":"https:\/\/zlindesignweek.com\/2021\/wp-json\/wp\/v2\/pages\/93"}],"wp:attachment":[{"href":"https:\/\/zlindesignweek.com\/2021\/wp-json\/wp\/v2\/media?parent=179"}],"curies":[{"name":"wp","href":"https:\/\/api.w.org\/{rel}","templated":true}]}}