{"id":17,"date":"2019-12-20T17:33:37","date_gmt":"2019-12-20T16:33:37","guid":{"rendered":"http:\/\/zlindesignweek.com\/2021\/?page_id=17"},"modified":"2021-10-19T18:15:10","modified_gmt":"2021-10-19T16:15:10","slug":"kontakty","status":"publish","type":"page","link":"https:\/\/zlindesignweek.com\/2021\/zdw\/kontakty\/","title":{"rendered":"Kontakty"},"content":{"rendered":"\n<div class=\"wp-block-group\"><div class=\"wp-block-group__inner-container\">\n<div class=\"wp-block-columns\">\n<div class=\"wp-block-column\" style=\"flex-basis:67%\"><div class=\"contact-person has-white-background-color mr-sm \">\r\n        <img src=\"https:\/\/zlindesignweek.com\/2021\/wp-content\/uploads\/2020\/08\/dsc_2597x-1.jpg\"\r\n        alt=\"\" \/>\r\n        <div class=\"contact-person__content\">\r\n                <h4>Jitka Smol\u00edkov\u00e1        <\/h4>\r\n                        <p class=\"caption text-uppercase strong\">mana\u017eerka festivalu        <\/p>\r\n                        <p><a\r\n                href=\"mailto:jitka.smolikova@zlindesignweek.com\">jitka.smolikova@zlindesignweek.com<\/a><\/p>\r\n                        <p>+420&nbsp;732&nbsp;646&nbsp;094        <\/p>\r\n            <\/div>\r\n<\/div>\n\n\n<p><\/p>\n<\/div>\n\n\n\n<div class=\"wp-block-column\" style=\"flex-basis:33%\"><\/div>\n<\/div>\n\n\n\n<div class=\"wp-block-columns\">\n<div class=\"wp-block-column\" style=\"flex-basis:67%\"><div class=\"contact-person has-white-background-color mr-sm \">\r\n        <img src=\"https:\/\/zlindesignweek.com\/2021\/wp-content\/uploads\/2020\/08\/eliska-35-1.jpg\"\r\n        alt=\"\" \/>\r\n        <div class=\"contact-person__content\">\r\n                <h4>Eli\u0161ka Va\u0148kov\u00e1        <\/h4>\r\n                        <p class=\"caption text-uppercase strong\">kreativn\u00ed \u0159editelka         <\/p>\r\n                        <p><a\r\n                href=\"mailto:eliska.vankova@zlindesignweek.com\">eliska.vankova@zlindesignweek.com<\/a><\/p>\r\n                        <p>+420&nbsp;778&nbsp;019&nbsp;960        <\/p>\r\n            <\/div>\r\n<\/div>\n\n\n<p><\/p>\n<\/div>\n\n\n\n<div class=\"wp-block-column\" style=\"flex-basis:33%\"><\/div>\n<\/div>\n\n\n\n<div class=\"wp-block-columns\">\n<div class=\"wp-block-column\" style=\"flex-basis:67%\"><div class=\"contact-person has-white-background-color mr-sm \">\r\n        <img src=\"https:\/\/zlindesignweek.com\/2021\/wp-content\/uploads\/2020\/01\/14379955_10207607065038092_4948764578609966447_o-2-e1578244580186-500x516.jpg\"\r\n        alt=\"\" \/>\r\n        <div class=\"contact-person__content\">\r\n                <h4>Mgr. Eva Gartnerov\u00e1        <\/h4>\r\n                        <p class=\"caption text-uppercase strong\">garantka festivalu        <\/p>\r\n                        <p><a\r\n                href=\"mailto:gartnerova@utb.cz\">gartnerova@utb.cz<\/a><\/p>\r\n                        <p>+420&nbsp;722&nbsp;507&nbsp;877        <\/p>\r\n            <\/div>\r\n<\/div>\n\n\n<p><\/p>\n<\/div>\n\n\n\n<div class=\"wp-block-column\" style=\"flex-basis:33%\"><\/div>\n<\/div>\n\n\n\n<p><\/p>\n<\/div><\/div>\n\n\n\n<div class=\"wp-block-group\"><div class=\"wp-block-group__inner-container\">\n<h3>Mana\u017ee\u0159i sekc\u00ed<\/h3>\n\n\n\n<div class=\"wp-block-columns\">\n<div class=\"wp-block-column\"><div class=\"contact-person has-white-background-color mr-sm \">\r\n        <div class=\"contact-person__content\">\r\n                <h4>Eli\u0161ka Jan\u00e1kov\u00e1        <\/h4>\r\n                        <p class=\"caption text-uppercase strong\">Mana\u017eerka produkce workshop\u016f a&nbsp;designshopu        <\/p>\r\n                        <p><a\r\n                href=\"mailto:eliska.janakova@zlindesignweek.com\">eliska.janakova@zlindesignweek.com<\/a><\/p>\r\n                        <p>+420&nbsp;733&nbsp;124&nbsp;390        <\/p>\r\n            <\/div>\r\n<\/div>\n\n\n<p><\/p>\n<\/div>\n\n\n\n<div class=\"wp-block-column\"><div class=\"contact-person has-white-background-color mr-sm \">\r\n        <div class=\"contact-person__content\">\r\n                <h4> Anna Drozenov\u00e1        <\/h4>\r\n                        <p class=\"caption text-uppercase strong\">Mana\u017eerka v\u00fdstav a&nbsp;instalac\u00ed        <\/p>\r\n                        <p><a\r\n                href=\"mailto:anna.drozen@gmail.com\">anna.drozen@gmail.com<\/a><\/p>\r\n                        <p>+420&nbsp;721&nbsp;331&nbsp;224        <\/p>\r\n            <\/div>\r\n<\/div>\n\n\n<p><\/p>\n<\/div>\n<\/div>\n\n\n\n<div class=\"wp-block-columns\">\n<div class=\"wp-block-column\"><div class=\"contact-person has-white-background-color mr-sm \">\r\n        <div class=\"contact-person__content\">\r\n                <h4>Marek Kos        <\/h4>\r\n                        <p class=\"caption text-uppercase strong\">Mana\u017eer Best in Design        <\/p>\r\n                        <p><a\r\n                href=\"mailto:marek.kos@zlindesignweek.com\">marek.kos@zlindesignweek.com<\/a><\/p>\r\n                        <p>+420&nbsp;604&nbsp;548&nbsp;082        <\/p>\r\n            <\/div>\r\n<\/div>\n\n\n<p><\/p>\n<\/div>\n\n\n\n<div class=\"wp-block-column\"><div class=\"contact-person has-white-background-color mr-sm \">\r\n        <div class=\"contact-person__content\">\r\n                <h4>Mikul\u00e1\u0161 Zelinsk\u00fd        <\/h4>\r\n                        <p class=\"caption text-uppercase strong\">Mana\u017eer Konference        <\/p>\r\n                        <p><a\r\n                href=\"mailto:zelinskymikulas@gmail.com\">zelinskymikulas@gmail.com<\/a><\/p>\r\n                        <p>+420&nbsp;722&nbsp;048&nbsp;646        <\/p>\r\n            <\/div>\r\n<\/div>\n\n\n<p><\/p>\n<\/div>\n<\/div>\n\n\n\n<div class=\"wp-block-columns\">\n<div class=\"wp-block-column\"><div class=\"contact-person has-white-background-color mr-sm \">\r\n        <div class=\"contact-person__content\">\r\n                <h4>S\u00e1ra Rejkov\u00e1        <\/h4>\r\n                        <p class=\"caption text-uppercase strong\">Mana\u017eerka PR&nbsp;       <\/p>\r\n                        <p><a\r\n                href=\"mailto:sararejkova@seznam.cz\">sararejkova@seznam.cz<\/a><\/p>\r\n                        <p>+420&nbsp;774&nbsp;255&nbsp;418        <\/p>\r\n            <\/div>\r\n<\/div>\n\n\n<p><\/p>\n<\/div>\n\n\n\n<div class=\"wp-block-column\"><div class=\"contact-person has-white-background-color mr-sm \">\r\n        <div class=\"contact-person__content\">\r\n                <h4>Mark\u00e9ta Nov\u00e1kov\u00e1        <\/h4>\r\n                        <p class=\"caption text-uppercase strong\">Mana\u017eerka socials        <\/p>\r\n                        <p><a\r\n                href=\"mailto:marketa.novakova@zlindesignweek.com\">marketa.novakova@zlindesignweek.com<\/a><\/p>\r\n                        <p>+420&nbsp;733&nbsp;166&nbsp;711        <\/p>\r\n            <\/div>\r\n<\/div>\n\n\n<p><\/p>\n<\/div>\n<\/div>\n\n\n\n<div class=\"wp-block-columns\">\n<div class=\"wp-block-column\"><div class=\"contact-person has-white-background-color mr-sm \">\r\n        <div class=\"contact-person__content\">\r\n                <h4> Diana Randjak        <\/h4>\r\n                        <p class=\"caption text-uppercase strong\">Mana\u017eerka grafiky        <\/p>\r\n                        <p><a\r\n                href=\"mailto:diana.randjak@zlindesignweek.com\">diana.randjak@zlindesignweek.com<\/a><\/p>\r\n                        <p>+421&nbsp;904&nbsp;333&nbsp;342        <\/p>\r\n            <\/div>\r\n<\/div>\n\n\n<p><\/p>\n<\/div>\n\n\n\n<div class=\"wp-block-column\"><div class=\"contact-person has-white-background-color mr-sm \">\r\n        <div class=\"contact-person__content\">\r\n                <h4> Petra \u0160o\u0161ol\u00edkov\u00e1        <\/h4>\r\n                        <p class=\"caption text-uppercase strong\">Mana\u017eerka Sales        <\/p>\r\n                            <\/div>\r\n<\/div>\n\n\n<p><\/p>\n<\/div>\n<\/div>\n\n\n\n<div class=\"wp-block-columns\">\n<div class=\"wp-block-column\"><div class=\"contact-person has-white-background-color mr-sm \">\r\n        <div class=\"contact-person__content\">\r\n                <h4>Kate\u0159ina Ve\u010derkov\u00e1        <\/h4>\r\n                        <p class=\"caption text-uppercase strong\">KONCEPT DESIGN KANT\u00ddNA PODCASTU        <\/p>\r\n                            <\/div>\r\n<\/div>\n\n\n<p><\/p>\n<\/div>\n\n\n\n<div class=\"wp-block-column\"><div class=\"contact-person has-white-background-color mr-sm \">\r\n        <div class=\"contact-person__content\">\r\n                <h4>Tom\u00e1\u0161 Klas        <\/h4>\r\n                        <p class=\"caption text-uppercase strong\">MANA\u017dER PROPAGACE        <\/p>\r\n                        <p><a\r\n                href=\"mailto:zelinskymikulas@gmail.com\">zelinskymikulas@gmail.com<\/a><\/p>\r\n                        <p>+421&nbsp;902&nbsp;070&nbsp;310        <\/p>\r\n            <\/div>\r\n<\/div>\n\n\n<p><\/p>\n<\/div>\n<\/div>\n\n\n\n<div class=\"wp-block-columns\">\n<div class=\"wp-block-column\"><div class=\"contact-person has-white-background-color mr-sm \">\r\n        <div class=\"contact-person__content\">\r\n                <h4>Lenka Drabe\u0161ov\u00e1        <\/h4>\r\n                        <p class=\"caption text-uppercase strong\">Mana\u017eerka party produkce        <\/p>\r\n                        <p><a\r\n                href=\"mailto:lenka.drabesova@zlindesignweek.com\">lenka.drabesova@zlindesignweek.com<\/a><\/p>\r\n                        <p>+420&nbsp;773&nbsp;151&nbsp;098        <\/p>\r\n            <\/div>\r\n<\/div>\n\n\n<p><\/p>\n<\/div>\n\n\n\n<div class=\"wp-block-column\"><div class=\"contact-person has-white-background-color mr-sm \">\r\n        <div class=\"contact-person__content\">\r\n                <h4>Luk\u00e1\u0161 Bou\u0161ka        <\/h4>\r\n                        <p class=\"caption text-uppercase strong\">Mana\u017eer party produkce        <\/p>\r\n                        <p><a\r\n                href=\"mailto:lukas.bou@gmail.com\">lukas.bou@gmail.com<\/a><\/p>\r\n                        <p>+420&nbsp;728&nbsp;422&nbsp;032        <\/p>\r\n            <\/div>\r\n<\/div>\n\n\n<p><\/p>\n<\/div>\n<\/div>\n\n\n\n<div class=\"wp-block-columns\">\n<div class=\"wp-block-column\"><div class=\"contact-person has-white-background-color mr-sm \">\r\n        <div class=\"contact-person__content\">\r\n                <h4>Martina Vachalov\u00e1        <\/h4>\r\n                        <p class=\"caption text-uppercase strong\">Mana\u017eerka udr\u017eitelnosti        <\/p>\r\n                            <\/div>\r\n<\/div>\n\n\n<p><\/p>\n<\/div>\n\n\n\n<div class=\"wp-block-column\">\n<p><\/p>\n<\/div>\n<\/div>\n<\/div><\/div>\n\n\n\n\n<p><!-- \/wp:group --><\/p>\n<p><!-- wp:columns --><\/p>\n<div class=\"wp-block-columns\"><\/div>\n<p><!-- \/wp:columns --><\/p>\n<p><!-- wp:spacer {\"height\":81} --><\/p>\n<div style=\"height:81px\" aria-hidden=\"true\" class=\"wp-block-spacer\"><\/div>\n<p><!-- \/wp:spacer --><\/p>","protected":false},"excerpt":{"rendered":"","protected":false},"author":2,"featured_media":0,"parent":2,"menu_order":0,"comment_status":"closed","ping_status":"closed","template":"","meta":[],"_links":{"self":[{"href":"https:\/\/zlindesignweek.com\/2021\/wp-json\/wp\/v2\/pages\/17"}],"collection":[{"href":"https:\/\/zlindesignweek.com\/2021\/wp-json\/wp\/v2\/pages"}],"about":[{"href":"https:\/\/zlindesignweek.com\/2021\/wp-json\/wp\/v2\/types\/page"}],"author":[{"embeddable":true,"href":"https:\/\/zlindesignweek.com\/2021\/wp-json\/wp\/v2\/users\/2"}],"replies":[{"embeddable":true,"href":"https:\/\/zlindesignweek.com\/2021\/wp-json\/wp\/v2\/comments?post=17"}],"version-history":[{"count":89,"href":"https:\/\/zlindesignweek.com\/2021\/wp-json\/wp\/v2\/pages\/17\/revisions"}],"predecessor-version":[{"id":11195,"href":"https:\/\/zlindesignweek.com\/2021\/wp-json\/wp\/v2\/pages\/17\/revisions\/11195"}],"up":[{"embeddable":true,"href":"https:\/\/zlindesignweek.com\/2021\/wp-json\/wp\/v2\/pages\/2"}],"wp:attachment":[{"href":"https:\/\/zlindesignweek.com\/2021\/wp-json\/wp\/v2\/media?parent=17"}],"curies":[{"name":"wp","href":"https:\/\/api.w.org\/{rel}","templated":true}]}}