{"id":154,"date":"2019-12-22T01:24:56","date_gmt":"2019-12-22T00:24:56","guid":{"rendered":"http:\/\/zlindesignweek.com\/2021\/?page_id=154"},"modified":"2021-10-19T16:17:38","modified_gmt":"2021-10-19T14:17:38","slug":"program","status":"publish","type":"page","link":"https:\/\/zlindesignweek.com\/2021\/zdw\/program\/","title":{"rendered":"Program"},"content":{"rendered":"\n<h2 class=\"mt-0\">Festivalov\u00fd program zve\u0159ejn\u00edme v&nbsp;b\u0159eznu 2022, nyn\u00ed m\u016f\u017eete nav\u0161t\u00edvit v\u00fdstavu Best in Design Best of \u201921 od 6.&nbsp;do 28.&nbsp;\u0159\u00edjna 2021<\/h2>\n\n\n\n<div style=\"height:74px\" aria-hidden=\"true\" class=\"wp-block-spacer\"><\/div>\n","protected":false},"excerpt":{"rendered":"Festivalov\u00fd program zve\u0159ejn\u00edme v&nbsp;b\u0159eznu 2022, nyn\u00ed m\u016f\u017eete nav\u0161t\u00edvit v\u00fdstavu Best in Design Best of \u201921 od 6.&nbsp;do 28.&nbsp;\u0159\u00edjna 2021","protected":false},"author":2,"featured_media":0,"parent":2,"menu_order":0,"comment_status":"closed","ping_status":"closed","template":"templates\/program.php","meta":[],"_links":{"self":[{"href":"https:\/\/zlindesignweek.com\/2021\/wp-json\/wp\/v2\/pages\/154"}],"collection":[{"href":"https:\/\/zlindesignweek.com\/2021\/wp-json\/wp\/v2\/pages"}],"about":[{"href":"https:\/\/zlindesignweek.com\/2021\/wp-json\/wp\/v2\/types\/page"}],"author":[{"embeddable":true,"href":"https:\/\/zlindesignweek.com\/2021\/wp-json\/wp\/v2\/users\/2"}],"replies":[{"embeddable":true,"href":"https:\/\/zlindesignweek.com\/2021\/wp-json\/wp\/v2\/comments?post=154"}],"version-history":[{"count":20,"href":"https:\/\/zlindesignweek.com\/2021\/wp-json\/wp\/v2\/pages\/154\/revisions"}],"predecessor-version":[{"id":11170,"href":"https:\/\/zlindesignweek.com\/2021\/wp-json\/wp\/v2\/pages\/154\/revisions\/11170"}],"up":[{"embeddable":true,"href":"https:\/\/zlindesignweek.com\/2021\/wp-json\/wp\/v2\/pages\/2"}],"wp:attachment":[{"href":"https:\/\/zlindesignweek.com\/2021\/wp-json\/wp\/v2\/media?parent=154"}],"curies":[{"name":"wp","href":"https:\/\/api.w.org\/{rel}","templated":true}]}}