{"id":152,"date":"2019-12-22T01:23:39","date_gmt":"2019-12-22T00:23:39","guid":{"rendered":"http:\/\/zlindesignweek.com\/2021\/?page_id=152"},"modified":"2021-05-07T11:54:10","modified_gmt":"2021-05-07T09:54:10","slug":"workshopy-vepro-knedlo-design","status":"publish","type":"page","link":"https:\/\/zlindesignweek.com\/2021\/workshopy-vepro-knedlo-design\/","title":{"rendered":"Workshopy"},"content":{"rendered":"\n<div class=\"wp-block-group\"><div class=\"wp-block-group__inner-container\">\n<div class=\"wp-block-columns\">\n<div class=\"wp-block-column\" style=\"flex-basis:50%\">\n<div class=\"wp-block-group\"><div class=\"wp-block-group__inner-container\">\n<div class=\"wp-block-group\"><div class=\"wp-block-group__inner-container\"><div class=\"border-box   has-white-background-color has-dark-color\"\r\n    >\r\n        <h3>Workshopy Vep\u0159o Knedlo Design     <\/h3>\r\n        <p class=\"mt-0\">S\u00e1hn\u011bte si na design a&nbsp;marketing. Workshopy Vep\u0159o knedlo design vytv\u00e1\u0159ej\u00ed prostor pro propojen\u00ed zku\u0161enost\u00ed a&nbsp;dlouholet\u00e9 praxe s&nbsp;nad\u0161en\u00edm a&nbsp;touhou nau\u010dit se n\u011bco nov\u00e9ho. V&nbsp;prvn\u00ed \u010d\u00e1sti se od lektora workshopu dozv\u00edte pot\u0159ebnou teorii, kterou n\u00e1sledn\u011b pod jeho veden\u00edm vyu\u017eijete p\u0159i&nbsp;pln\u011bn\u00ed zad\u00e1n\u00ed.    <\/p>\r\n    <\/div>\n\n\n<p><\/p>\n<\/div><\/div>\n<\/div><\/div>\n<\/div>\n\n\n\n<div class=\"wp-block-column\" style=\"flex-basis:50%\">\n<figure class=\"wp-block-image size-large\"><img loading=\"lazy\" width=\"750\" height=\"500\" src=\"https:\/\/zlindesignweek.com\/2021\/wp-content\/uploads\/2021\/04\/01-indra-42-750x500.jpg\" alt=\"\" class=\"wp-image-9802\" srcset=\"https:\/\/zlindesignweek.com\/2021\/wp-content\/uploads\/2021\/04\/01-indra-42-750x500.jpg 750w, https:\/\/zlindesignweek.com\/2021\/wp-content\/uploads\/2021\/04\/01-indra-42-500x333.jpg 500w, https:\/\/zlindesignweek.com\/2021\/wp-content\/uploads\/2021\/04\/01-indra-42-768x512.jpg 768w, https:\/\/zlindesignweek.com\/2021\/wp-content\/uploads\/2021\/04\/01-indra-42-1536x1024.jpg 1536w, https:\/\/zlindesignweek.com\/2021\/wp-content\/uploads\/2021\/04\/01-indra-42-2048x1365.jpg 2048w, https:\/\/zlindesignweek.com\/2021\/wp-content\/uploads\/2021\/04\/01-indra-42-1440x960.jpg 1440w, https:\/\/zlindesignweek.com\/2021\/wp-content\/uploads\/2021\/04\/01-indra-42-250x167.jpg 250w\" sizes=\"(max-width: 750px) 100vw, 750px\" \/><\/figure>\n\n\n\n<p><\/p>\n<\/div>\n<\/div>\n<\/div><\/div>\n\n\n\n<div style=\"height:11px\" aria-hidden=\"true\" class=\"wp-block-spacer\"><\/div>\n\n\n\n<div class=\"wp-block-group pt-1 pb-2 mt-md-2\"><div class=\"wp-block-group__inner-container\">\n<div class=\"wp-block-columns\">\n<div class=\"wp-block-column pr-sm\"><div class=\"border-box   has-white-background-color has-dark-color\"\r\n    style='max-width: 900px'>\r\n        <h3>Workshop Vep\u0159o Knedlo Design \u2013 MOCUP.SPACE    <\/h3>\r\n        <p class=\"mt-0\">Pov\u00edd\u00e1n\u00ed o&nbsp;tom, jak vzniklo nejen produktov\u00e9 fotostudio, kolik tato dvojice probre\u010dela noc\u00ed nebo kolik k\u00fdbl\u016f SD karet opot\u0159ebovala. Inspirativn\u00ed p\u0159\u00edb\u011bh v&nbsp;\u017eiv\u00e9m p\u0159enosu. Z\u00e1rove\u0148 se nau\u010d\u00edte, jak spr\u00e1vn\u011b stylizovat produkty, n\u011bco m\u00e1lo o&nbsp;postprodukci a&nbsp;spoustu dal\u0161\u00edch trik\u016f. Workshop je otev\u0159en\u00fd pro 20 \u2013 30 lid\u00ed, l\u00edstky zakoup\u00edte na GoOut.     <\/p>\r\n        <div class=\"wp-block-button\">\r\n        <a class=\"wp-block-button__link\"\r\n            href=\"https:\/\/goout.net\/cs\/vepro-knedlo-design-mocup-space-fotograficky-workshop\/szhbygr\/\"\r\n            target=\"_self\">Chci vstupenku<\/a>\r\n    <\/div>\r\n\r\n    <\/div><\/div>\n\n\n\n<div class=\"wp-block-column\"><div class=\"border-box  has-light-border-color has-white-background-color has-dark-color\"\r\n    style='max-width: 900px'>\r\n        <h3>Workshop Vep\u0159o Knedlo Design \u2013 David Svoboda (Canva)    <\/h3>\r\n        <p class=\"mt-0\">Jak upravit plak\u00e1t od \u201enudn\u00e9ho\u201c ke \u201eskv\u011bl\u00e9mu\u201c? A&nbsp;jak to v\u0161echno souvis\u00ed s&nbsp;grafikou? Nejen to se dozv\u00edte na workshopu s&nbsp;Davidem Svobodou, kter\u00fd bude zam\u011b\u0159en\u00fd na grafick\u00fd program Canva. Workshop je otev\u0159en\u00fd pro 20 \u2013 30 lid\u00ed, l\u00edstky zakoup\u00edte na GoOut. <br \/>\r\n<br \/>\r\n    <\/p>\r\n        <div class=\"wp-block-button\">\r\n        <a class=\"wp-block-button__link\"\r\n            href=\"https:\/\/goout.net\/cs\/vepro-knedlo-design-david-svoboda-canva-workshop\/szlbygr\/\"\r\n            target=\"_self\">Chci vstupenku<\/a>\r\n    <\/div>\r\n\r\n    <\/div>\n\n\n<p><\/p>\n<\/div>\n<\/div>\n\n\n\n<p><\/p>\n<\/div><\/div>\n","protected":false},"excerpt":{"rendered":"","protected":false},"author":2,"featured_media":0,"parent":0,"menu_order":0,"comment_status":"closed","ping_status":"closed","template":"","meta":[],"_links":{"self":[{"href":"https:\/\/zlindesignweek.com\/2021\/wp-json\/wp\/v2\/pages\/152"}],"collection":[{"href":"https:\/\/zlindesignweek.com\/2021\/wp-json\/wp\/v2\/pages"}],"about":[{"href":"https:\/\/zlindesignweek.com\/2021\/wp-json\/wp\/v2\/types\/page"}],"author":[{"embeddable":true,"href":"https:\/\/zlindesignweek.com\/2021\/wp-json\/wp\/v2\/users\/2"}],"replies":[{"embeddable":true,"href":"https:\/\/zlindesignweek.com\/2021\/wp-json\/wp\/v2\/comments?post=152"}],"version-history":[{"count":29,"href":"https:\/\/zlindesignweek.com\/2021\/wp-json\/wp\/v2\/pages\/152\/revisions"}],"predecessor-version":[{"id":10628,"href":"https:\/\/zlindesignweek.com\/2021\/wp-json\/wp\/v2\/pages\/152\/revisions\/10628"}],"wp:attachment":[{"href":"https:\/\/zlindesignweek.com\/2021\/wp-json\/wp\/v2\/media?parent=152"}],"curies":[{"name":"wp","href":"https:\/\/api.w.org\/{rel}","templated":true}]}}