{"id":1375,"date":"2019-12-24T00:36:40","date_gmt":"2019-12-23T23:36:40","guid":{"rendered":"https:\/\/zlindesignweek.com\/2021\/?page_id=1375"},"modified":"2021-05-30T20:07:40","modified_gmt":"2021-05-30T18:07:40","slug":"conference-zdw","status":"publish","type":"page","link":"https:\/\/zlindesignweek.com\/2021\/en\/conference-zdw\/","title":{"rendered":"Conference ZDW"},"content":{"rendered":"\n<div class=\"wp-block-group\"><div class=\"wp-block-group__inner-container\"><div class=\"intro-video \">\r\n            <div class=\"container\">\r\n            <img src=\"https:\/\/zlindesignweek.com\/2021\/wp-content\/uploads\/2021\/04\/conference.svg\"\r\n                 srcset=\"https:\/\/zlindesignweek.com\/2021\/wp-content\/uploads\/2021\/04\/conference.svg 100vw, https:\/\/zlindesignweek.com\/2021\/wp-content\/uploads\/2021\/04\/conference.svg 600vw\"\r\n                 class=\"float-right\"\/>\r\n        <\/div>\r\n        <!-- <div class=\"container\"> -->\r\n                    <div class=\"border-box has-light-color\">\r\n                                    <h3>CONFERENCE online this year!                    <\/h3>\r\n                                <p class=\"mt-0\">This year&#8217;s&nbsp;online conference brought 7 speakers from the Czech Republic and the world in videos, as well as 6 speakers from the Czech Republic and Slovakia in podcasts. You can still watch all videos and podcasts on our website or youtube channel.<br \/>\r\nScroll down and you&#8217;ll find everything there!                <\/p>\r\n                                                            \r\n            <\/div>\r\n\r\n            <!-- <\/div> -->\r\n<\/div><\/div><\/div>\n\n\n\n<div class=\"wp-block-group\"><div class=\"wp-block-group__inner-container\">\n<div class=\"wp-block-columns\">\n<div class=\"wp-block-column\">\n<iframe width=\"560\" height=\"315\" src=\"https:\/\/www.youtube.com\/embed\/mtbakxhgYwE\" title=\"YouTube video player\" frameborder=\"0\" allow=\"accelerometer; autoplay; clipboard-write; encrypted-media; gyroscope; picture-in-picture\" allowfullscreen=\"\"><\/iframe>\n<\/div>\n\n\n\n<div class=\"wp-block-column\">\n<iframe width=\"560\" height=\"315\" src=\"https:\/\/www.youtube.com\/embed\/3nnPDJp9ods\" title=\"YouTube video player\" frameborder=\"0\" allow=\"accelerometer; autoplay; clipboard-write; encrypted-media; gyroscope; picture-in-picture\" allowfullscreen=\"\"><\/iframe>\n\n\n\n<p><\/p>\n<\/div>\n<\/div>\n\n\n\n<div class=\"wp-block-columns\">\n<div class=\"wp-block-column\">\n<iframe width=\"560\" height=\"315\" src=\"https:\/\/www.youtube.com\/embed\/Tjk6KTmIneU\" title=\"YouTube video player\" frameborder=\"0\" allow=\"accelerometer; autoplay; clipboard-write; encrypted-media; gyroscope; picture-in-picture\" allowfullscreen=\"\"><\/iframe>\n<\/div>\n\n\n\n<div class=\"wp-block-column\">\n<iframe width=\"560\" height=\"315\" src=\"https:\/\/www.youtube.com\/embed\/8v0LKX1dDyA\" title=\"YouTube video player\" frameborder=\"0\" allow=\"accelerometer; autoplay; clipboard-write; encrypted-media; gyroscope; picture-in-picture\" allowfullscreen=\"\"><\/iframe>\n\n\n\n<p><\/p>\n<\/div>\n<\/div>\n\n\n\n<div class=\"wp-block-columns\">\n<div class=\"wp-block-column\">\n<iframe width=\"560\" height=\"315\" src=\"https:\/\/www.youtube.com\/embed\/fEk_cQRkgc0\" title=\"YouTube video player\" frameborder=\"0\" allow=\"accelerometer; autoplay; clipboard-write; encrypted-media; gyroscope; picture-in-picture\" allowfullscreen=\"\"><\/iframe>\n<\/div>\n\n\n\n<div class=\"wp-block-column\">\n<iframe width=\"560\" height=\"315\" src=\"https:\/\/www.youtube.com\/embed\/ZMZzVch02SY\" title=\"YouTube video player\" frameborder=\"0\" allow=\"accelerometer; autoplay; clipboard-write; encrypted-media; gyroscope; picture-in-picture\" allowfullscreen=\"\"><\/iframe>\n\n\n\n<p><\/p>\n<\/div>\n<\/div>\n\n\n\n<div class=\"wp-block-columns\">\n<div class=\"wp-block-column\">\n<iframe width=\"560\" height=\"315\" src=\"https:\/\/www.youtube.com\/embed\/W8rcdz4S3pY\" title=\"YouTube video player\" frameborder=\"0\" allow=\"accelerometer; autoplay; clipboard-write; encrypted-media; gyroscope; picture-in-picture\" allowfullscreen=\"\"><\/iframe>\n<\/div>\n\n\n\n<div class=\"wp-block-column\">\n<iframe width=\"560\" height=\"315\" src=\"https:\/\/www.youtube.com\/embed\/VBnSiSjGuSs\" title=\"YouTube video player\" frameborder=\"0\" allow=\"accelerometer; autoplay; clipboard-write; encrypted-media; gyroscope; picture-in-picture\" allowfullscreen=\"\"><\/iframe>\n\n\n\n<p><\/p>\n<\/div>\n<\/div>\n<\/div><\/div>\n\n\n\n<div class=\"wp-block-group\"><div class=\"wp-block-group__inner-container\">\n<h2 class=\"has-white-color has-text-color\">Who will share know-how?<\/h2>\n\n\n<a href=\"https:\/\/zlindesignweek.com\/2021\/en\/recnik\/sandra-kumorowski-2\/\"\r\n    class=\"speaker-item-link\">\r\n    <div class=\"speaker-item\">\r\n        <img width=\"560\" height=\"667\" src=\"https:\/\/zlindesignweek.com\/2021\/wp-content\/uploads\/2020\/01\/sandra-kumorowski-1-1-560x667.jpg\" class=\"attachment-portrait size-portrait wp-post-image\" alt=\"\" loading=\"lazy\" \/>        <h4 class=\"h5\">Sandra Kumorowski        <\/h4>\r\n        <small>Marketing Strategist<\/small>\r\n    <\/div>\r\n<\/a>\r\n\n\n<a href=\"https:\/\/zlindesignweek.com\/2021\/en\/recnik\/jakub-ptacin-2\/\"\r\n    class=\"speaker-item-link\">\r\n    <div class=\"speaker-item\">\r\n        <img width=\"560\" height=\"667\" src=\"https:\/\/zlindesignweek.com\/2021\/wp-content\/uploads\/2020\/01\/podcasty-jakuba-ptacina-kopie-2-560x667.jpg\" class=\"attachment-portrait size-portrait wp-post-image\" alt=\"\" loading=\"lazy\" \/>        <h4 class=\"h5\">Jakub Pta\u010din        <\/h4>\r\n        <small>Designer &#038; Marketer<\/small>\r\n    <\/div>\r\n<\/a>\r\n\n\n<a href=\"https:\/\/zlindesignweek.com\/2021\/en\/recnik\/studio-vrtiska-zak-2\/\"\r\n    class=\"speaker-item-link\">\r\n    <div class=\"speaker-item\">\r\n        <img width=\"560\" height=\"667\" src=\"https:\/\/zlindesignweek.com\/2021\/wp-content\/uploads\/2019\/12\/vrtiska_zak_rim_lukashasenblas_3449hgs-copy-1-560x667.jpg\" class=\"attachment-portrait size-portrait wp-post-image\" alt=\"\" loading=\"lazy\" \/>        <h4 class=\"h5\">Studio Vrti\u0161ka &#038; \u017d\u00e1k        <\/h4>\r\n        <small>Product Designers<\/small>\r\n    <\/div>\r\n<\/a>\r\n\n\n<a href=\"https:\/\/zlindesignweek.com\/2021\/en\/recnik\/marvan-shamma-2\/\"\r\n    class=\"speaker-item-link\">\r\n    <div class=\"speaker-item\">\r\n        <img width=\"560\" height=\"667\" src=\"https:\/\/zlindesignweek.com\/2021\/wp-content\/uploads\/2020\/01\/marvan-shamma-560x667.jpg\" class=\"attachment-portrait size-portrait wp-post-image\" alt=\"\" loading=\"lazy\" \/>        <h4 class=\"h5\">Marvan Shamma        <\/h4>\r\n        <small>Innovative Tech Leader<\/small>\r\n    <\/div>\r\n<\/a>\r\n\n\n<a href=\"https:\/\/zlindesignweek.com\/2021\/en\/recnik\/marek-weidlich-2\/\"\r\n    class=\"speaker-item-link\">\r\n    <div class=\"speaker-item\">\r\n        <img width=\"560\" height=\"667\" src=\"https:\/\/zlindesignweek.com\/2021\/wp-content\/uploads\/2020\/01\/marek-weidlich-560x667.jpg\" class=\"attachment-portrait size-portrait wp-post-image\" alt=\"\" loading=\"lazy\" \/>        <h4 class=\"h5\">Marek Weidlich        <\/h4>\r\n        <small>Automotive &#038; Industrial Designer<\/small>\r\n    <\/div>\r\n<\/a>\r\n\n\n<a href=\"https:\/\/zlindesignweek.com\/2021\/en\/recnik\/ctirad-sara-2\/\"\r\n    class=\"speaker-item-link\">\r\n    <div class=\"speaker-item\">\r\n        <img width=\"560\" height=\"667\" src=\"https:\/\/zlindesignweek.com\/2021\/wp-content\/uploads\/2021\/03\/ctirad-815x815-1-560x667.jpeg\" class=\"attachment-portrait size-portrait wp-post-image\" alt=\"\" loading=\"lazy\" \/>        <h4 class=\"h5\">Ctirad S\u00e1ra        <\/h4>\r\n        <small>Entrepreneur &#8211; BeWooden<\/small>\r\n    <\/div>\r\n<\/a>\r\n\n\n<a href=\"https:\/\/zlindesignweek.com\/2021\/en\/recnik\/david-parrish-2\/\"\r\n    class=\"speaker-item-link\">\r\n    <div class=\"speaker-item\">\r\n        <img width=\"560\" height=\"667\" src=\"https:\/\/zlindesignweek.com\/2021\/wp-content\/uploads\/2021\/03\/david-parrish-hi-res1mb-560x667.jpg\" class=\"attachment-portrait size-portrait wp-post-image\" alt=\"\" loading=\"lazy\" \/>        <h4 class=\"h5\">David Parrish        <\/h4>\r\n        <small>British expert in the creative industries<\/small>\r\n    <\/div>\r\n<\/a>\r\n\n\n<a href=\"https:\/\/zlindesignweek.com\/2021\/en\/recnik\/joana-lacerda-2\/\"\r\n    class=\"speaker-item-link\">\r\n    <div class=\"speaker-item\">\r\n        <img width=\"560\" height=\"667\" src=\"https:\/\/zlindesignweek.com\/2021\/wp-content\/uploads\/2021\/03\/joana-lacerda-560x667.jpg\" class=\"attachment-portrait size-portrait wp-post-image\" alt=\"\" loading=\"lazy\" \/>        <h4 class=\"h5\">Joana Lacerda        <\/h4>\r\n        <small>Portuguese businesswoman and startup coach<\/small>\r\n    <\/div>\r\n<\/a>\r\n\n\n<a href=\"https:\/\/zlindesignweek.com\/2021\/en\/recnik\/vasjen-katro-2\/\"\r\n    class=\"speaker-item-link\">\r\n    <div class=\"speaker-item\">\r\n        <img width=\"560\" height=\"667\" src=\"https:\/\/zlindesignweek.com\/2021\/wp-content\/uploads\/2021\/03\/baugasm-def-billede-560x667.jpeg\" class=\"attachment-portrait size-portrait wp-post-image\" alt=\"\" loading=\"lazy\" \/>        <h4 class=\"h5\">Vasjen Katro        <\/h4>\r\n        <small>Graphic a&nbsp;UI\/UX Designer<\/small>\r\n    <\/div>\r\n<\/a>\r\n\n\n<a href=\"https:\/\/zlindesignweek.com\/2021\/en\/recnik\/jan-kluson-2\/\"\r\n    class=\"speaker-item-link\">\r\n    <div class=\"speaker-item\">\r\n        <img width=\"560\" height=\"667\" src=\"https:\/\/zlindesignweek.com\/2021\/wp-content\/uploads\/2021\/03\/jan-kluson-560x667.jpg\" class=\"attachment-portrait size-portrait wp-post-image\" alt=\"\" loading=\"lazy\" \/>        <h4 class=\"h5\">Jan Kluso\u0148        <\/h4>\r\n        <small>An expert in corporate culture<\/small>\r\n    <\/div>\r\n<\/a>\r\n\n\n<a href=\"https:\/\/zlindesignweek.com\/2021\/en\/recnik\/maksimilian-kallhed-2\/\"\r\n    class=\"speaker-item-link\">\r\n    <div class=\"speaker-item\">\r\n        <img width=\"560\" height=\"667\" src=\"https:\/\/zlindesignweek.com\/2021\/wp-content\/uploads\/2021\/03\/covers-2018maksimilian-kallhed-560x667.jpeg\" class=\"attachment-portrait size-portrait wp-post-image\" alt=\"\" loading=\"lazy\" \/>        <h4 class=\"h5\">Maksimilian Kallhed        <\/h4>\r\n        <small> Creative entrepreneur<\/small>\r\n    <\/div>\r\n<\/a>\r\n\n\n<a href=\"https:\/\/zlindesignweek.com\/2021\/en\/recnik\/studio-najbrt-2\/\"\r\n    class=\"speaker-item-link\">\r\n    <div class=\"speaker-item\">\r\n        <img width=\"560\" height=\"667\" src=\"https:\/\/zlindesignweek.com\/2021\/wp-content\/uploads\/2021\/03\/ales-najbrt-polaroid-560x667.jpg\" class=\"attachment-portrait size-portrait wp-post-image\" alt=\"\" loading=\"lazy\" \/>        <h4 class=\"h5\">Studio Najbrt        <\/h4>\r\n        <small>Graphic studio<\/small>\r\n    <\/div>\r\n<\/a>\r\n\n\n<a href=\"https:\/\/zlindesignweek.com\/2021\/en\/recnik\/dana-prekopova-2\/\"\r\n    class=\"speaker-item-link\">\r\n    <div class=\"speaker-item\">\r\n        <img width=\"560\" height=\"667\" src=\"https:\/\/zlindesignweek.com\/2021\/wp-content\/uploads\/2021\/03\/thumbnail-iokoxna-12-1-560x667.jpg\" class=\"attachment-portrait size-portrait wp-post-image\" alt=\"\" loading=\"lazy\" \/>        <h4 class=\"h5\">Dana Prekopov\u00e1        <\/h4>\r\n        <small>Owner of IOKO optics<\/small>\r\n    <\/div>\r\n<\/a>\r\n\n\n<a href=\"https:\/\/zlindesignweek.com\/2021\/en\/recnik\/czechdesign-2\/\"\r\n    class=\"speaker-item-link\">\r\n    <div class=\"speaker-item\">\r\n        <img width=\"560\" height=\"667\" src=\"https:\/\/zlindesignweek.com\/2021\/wp-content\/uploads\/2020\/03\/radim-tucek-czdesign-560x667.png\" class=\"attachment-portrait size-portrait wp-post-image\" alt=\"\" loading=\"lazy\" \/>        <h4 class=\"h5\">Radim Tu\u010dek        <\/h4>\r\n        <small>Czechdesign &#8211; brand consultant<\/small>\r\n    <\/div>\r\n<\/a>\r\n\n\n<a href=\"https:\/\/zlindesignweek.com\/2021\/en\/recnik\/jan-stanko-2\/\"\r\n    class=\"speaker-item-link\">\r\n    <div class=\"speaker-item\">\r\n        <img width=\"560\" height=\"667\" src=\"https:\/\/zlindesignweek.com\/2021\/wp-content\/uploads\/2021\/05\/janstanko-navystavisti-560x667.jpg\" class=\"attachment-portrait size-portrait wp-post-image\" alt=\"\" loading=\"lazy\" \/>        <h4 class=\"h5\">Jan Stanko        <\/h4>\r\n        <small>Member of the Board of Directors of V\u00fdstavi\u0161t\u011b Praha<\/small>\r\n    <\/div>\r\n<\/a>\r\n<\/div><\/div>\n\n\n\n<div class=\"wp-block-group pt-md-1\"><div class=\"wp-block-group__inner-container\">\n<h2 class=\"has-white-color has-text-color\">What is Conference like?<\/h2>\n\n\n\n<figure class=\"wp-block-embed-youtube wp-block-embed is-type-video is-provider-youtube wp-embed-aspect-16-9 wp-has-aspect-ratio\"><div class=\"wp-block-embed__wrapper\">\n<iframe src=\"https:\/\/www.youtube.com\/embed\/QzraxM4KzgI\/?autoplay=1&amp;mute=1\" frameborder=\"0\" allow=\"accelerometer; autoplay; encrypted-media; gyroscope; picture-in-picture\" allowfullscreen=\"\"><\/iframe>\n<\/div><\/figure>\n<\/div><\/div>\n\n\n\n<div class=\"wp-block-group\"><div class=\"wp-block-group__inner-container\">\n<div style=\"height:100px\" aria-hidden=\"true\" class=\"wp-block-spacer\"><\/div>\n\n\n\n<div class=\"wp-block-columns\">\n<div class=\"wp-block-column pr-sm mb-1\"><div class=\"image-box has-white-background-color has-dark-color \">\r\n        <img src=\"https:\/\/zlindesignweek.com\/2021\/wp-content\/uploads\/2020\/01\/dscf4496-500x333.jpg\"\r\n        alt=\"\" \/>\r\n        <div class=\"image-box__text\">\r\n        <h4>Connecting design and marketing        <\/h4>\r\n        <p>Two worlds, which need and complete each other, but do not understand each other every time. We want to show that thanks to their cooperation, true values arise and become a&nbsp;building stone to a&nbsp;product, brand or a&nbsp;company.        <\/p>\r\n    <\/div>\r\n<\/div><\/div>\n\n\n\n<div class=\"wp-block-column pr-sm mb-1\"><div class=\"image-box has-white-background-color has-dark-color \">\r\n        <img src=\"https:\/\/zlindesignweek.com\/2021\/wp-content\/uploads\/2020\/01\/zdw-konference-7-5-2019-144-500x333.jpg\"\r\n        alt=\"\" \/>\r\n        <div class=\"image-box__text\">\r\n        <h4>Speakers from all over the world        <\/h4>\r\n        <p>We will bring you the inspiration from countries far, far away. Speakers don\u00b4t rotate too quickly, everybody has 30 minutes to speak. And after that, you can ask whatever you want \u2013 in front of the audience or later at a&nbsp;coffee break.         <\/p>\r\n    <\/div>\r\n<\/div><\/div>\n\n\n\n<div class=\"wp-block-column pr-sm mb-1\"><div class=\"image-box has-white-background-color has-dark-color \">\r\n        <img src=\"https:\/\/zlindesignweek.com\/2021\/wp-content\/uploads\/2020\/01\/img_3412-kopie-500x333.jpg\"\r\n        alt=\"\" \/>\r\n        <div class=\"image-box__text\">\r\n        <h4>All day and night        <\/h4>\r\n        <p>We don\u00b4t want you to come to Zlin because of theree hours. Get ready for a&nbsp;load of experinces from morning to evening. The sixth year of Conference will again bring much more than inspirational and discussion-evoking stories.        <\/p>\r\n    <\/div>\r\n<\/div><\/div>\n<\/div>\n\n\n\n<h2 class=\"has-white-color has-text-color\">What others say about us?<\/h2>\n\n\n\n<div class=\"wp-block-group\"><div class=\"wp-block-group__inner-container\">\n<div class=\"wp-block-columns\">\n<div class=\"wp-block-column\"><div\r\n    class=\"reference-item has-white-background-color\">\r\n    <p>\u201dSince the beginning to the end was treated very nicely and professionally, I&nbsp;was also pleased with the quality of other speakers, I&nbsp;would like to point out \u2028a designer duo SWINE. I&nbsp;was fascinated by their work. You can watch splendidly made videos about their projects on Vimeo, but only at the conference may happen that they\u00b4ll personally invite you to visit them in London.\u201d    <\/p>\r\n    <div class=\"reference-person\">\r\n                <p class=\"reference-person__name\">Jakub Ma\u0159\u00edk        <\/p>\r\n        <p class=\"reference-person__position\">Follow Bubble        <\/p>\r\n    <\/div>\r\n<\/div><\/div>\n\n\n\n<div class=\"wp-block-column\"><div\r\n    class=\"reference-item has-white-background-color\">\r\n    <p>\u201dI&#8217;m sorry that the (after)party is just once a&nbsp;year, It\u00b4s always awesome!\u201d    <\/p>\r\n    <div class=\"reference-person\">\r\n                <p class=\"reference-person__name\">Jitka Alexov\u00e1        <\/p>\r\n        <p class=\"reference-person__position\">Ton        <\/p>\r\n    <\/div>\r\n<\/div><\/div>\n\n\n\n<div class=\"wp-block-column\"><div\r\n    class=\"reference-item has-white-background-color\">\r\n    <p>\u201dExhibitions at unusual places, conference, well-known designers and surprising artefacts in the streets. Zlin Design Week offers that all.\u201d    <\/p>\r\n    <div class=\"reference-person\">\r\n                <p class=\"reference-person__name\">Czech television        <\/p>\r\n        <p class=\"reference-person__position\">News        <\/p>\r\n    <\/div>\r\n<\/div><\/div>\n<\/div>\n<\/div><\/div>\n<\/div><\/div>\n\n\n\n<div style=\"height:200px\" aria-hidden=\"true\" class=\"wp-block-spacer\"><\/div>\n","protected":false},"excerpt":{"rendered":"","protected":false},"author":3,"featured_media":0,"parent":0,"menu_order":0,"comment_status":"closed","ping_status":"closed","template":"templates\/no-title.php","meta":[],"_links":{"self":[{"href":"https:\/\/zlindesignweek.com\/2021\/wp-json\/wp\/v2\/pages\/1375"}],"collection":[{"href":"https:\/\/zlindesignweek.com\/2021\/wp-json\/wp\/v2\/pages"}],"about":[{"href":"https:\/\/zlindesignweek.com\/2021\/wp-json\/wp\/v2\/types\/page"}],"author":[{"embeddable":true,"href":"https:\/\/zlindesignweek.com\/2021\/wp-json\/wp\/v2\/users\/3"}],"replies":[{"embeddable":true,"href":"https:\/\/zlindesignweek.com\/2021\/wp-json\/wp\/v2\/comments?post=1375"}],"version-history":[{"count":77,"href":"https:\/\/zlindesignweek.com\/2021\/wp-json\/wp\/v2\/pages\/1375\/revisions"}],"predecessor-version":[{"id":10890,"href":"https:\/\/zlindesignweek.com\/2021\/wp-json\/wp\/v2\/pages\/1375\/revisions\/10890"}],"wp:attachment":[{"href":"https:\/\/zlindesignweek.com\/2021\/wp-json\/wp\/v2\/media?parent=1375"}],"curies":[{"name":"wp","href":"https:\/\/api.w.org\/{rel}","templated":true}]}}