{"id":10347,"date":"2021-05-02T23:49:19","date_gmt":"2021-05-02T21:49:19","guid":{"rendered":"https:\/\/zlindesignweek.com\/2021\/?page_id=10347"},"modified":"2021-05-02T23:53:22","modified_gmt":"2021-05-02T21:53:22","slug":"design-na-hranici","status":"publish","type":"page","link":"https:\/\/zlindesignweek.com\/2021\/design-na-hranici\/","title":{"rendered":"Design na hranici"},"content":{"rendered":"\n<div class=\"wp-block-group has-white-color has-text-color\"><div class=\"wp-block-group__inner-container\">\n<p>Po ro\u010dn\u00ed pauze se neform\u00e1ln\u00ed, ale p\u0159esto odborn\u00e1 konference bl\u00ed\u017e\u00ed k&nbsp;datu kon\u00e1n\u00ed! A&nbsp;navzdory tomu, \u017ee je sou\u010dasn\u00e1 situace stejn\u011b nep\u0159ej\u00edc\u00ed jako minul\u00fd rok, ve \u010dtvrtek&nbsp;<strong>13.&nbsp;5.<\/strong>&nbsp;se m\u016f\u017eete i&nbsp;tak t\u011b\u0161it na s\u00e9rii p\u0159edn\u00e1\u0161ek o&nbsp;designu a&nbsp;marketingu.<\/p>\n\n\n\n<p>S \u0159e\u010dn\u00edky z&nbsp;domova i&nbsp;ze zahrani\u010d\u00ed letos rozbal\u00edme z\u00e1lo\u017eky procesu spolupr\u00e1ce v&nbsp;kreativn\u00edch t\u00fdmech, ale tak\u00e9 udr\u017eiteln\u00e9ho designu a&nbsp;produkt\u016f navr\u017een\u00fdch pro v\u011bt\u0161\u00ed komfort a&nbsp;soci\u00e1ln\u00ed adaptabilitu lid\u00ed v&nbsp;poproduktivn\u00edm v\u011bku. M\u00e1te se tedy na co t\u011b\u0161it!<\/p>\n\n\n\n<p>V\u00edce informac\u00ed na <a href=\"http:\/\/www.designnahranici.cz\/index.php\">webu<\/a> Design na hranici!<\/p>\n<\/div><\/div>\n","protected":false},"excerpt":{"rendered":"","protected":false},"author":25,"featured_media":0,"parent":0,"menu_order":0,"comment_status":"closed","ping_status":"closed","template":"","meta":[],"_links":{"self":[{"href":"https:\/\/zlindesignweek.com\/2021\/wp-json\/wp\/v2\/pages\/10347"}],"collection":[{"href":"https:\/\/zlindesignweek.com\/2021\/wp-json\/wp\/v2\/pages"}],"about":[{"href":"https:\/\/zlindesignweek.com\/2021\/wp-json\/wp\/v2\/types\/page"}],"author":[{"embeddable":true,"href":"https:\/\/zlindesignweek.com\/2021\/wp-json\/wp\/v2\/users\/25"}],"replies":[{"embeddable":true,"href":"https:\/\/zlindesignweek.com\/2021\/wp-json\/wp\/v2\/comments?post=10347"}],"version-history":[{"count":2,"href":"https:\/\/zlindesignweek.com\/2021\/wp-json\/wp\/v2\/pages\/10347\/revisions"}],"predecessor-version":[{"id":10355,"href":"https:\/\/zlindesignweek.com\/2021\/wp-json\/wp\/v2\/pages\/10347\/revisions\/10355"}],"wp:attachment":[{"href":"https:\/\/zlindesignweek.com\/2021\/wp-json\/wp\/v2\/media?parent=10347"}],"curies":[{"name":"wp","href":"https:\/\/api.w.org\/{rel}","templated":true}]}}