{"id":10314,"date":"2021-05-01T18:59:24","date_gmt":"2021-05-01T16:59:24","guid":{"rendered":"https:\/\/zlindesignweek.com\/2021\/?page_id=10314"},"modified":"2021-05-31T23:41:03","modified_gmt":"2021-05-31T21:41:03","slug":"vstupenky","status":"publish","type":"page","link":"https:\/\/zlindesignweek.com\/2021\/vstupenky\/","title":{"rendered":"Vstupenky"},"content":{"rendered":"\n<div class=\"wp-block-group\"><div class=\"wp-block-group__inner-container\">\n<p class=\"has-white-color has-text-color\">V r\u00e1mci leto\u0161n\u00edho Zlin Design Weeku, kter\u00fd prob\u011bhne p\u0159ev\u00e1\u017en\u011b ONLINE, si m\u016f\u017eete zakoupit dobrovoln\u00e9 vstupn\u00e9 a&nbsp;podpo\u0159it tak po\u0159adatele cel\u00e9ho festivalu. K&nbsp;zakoupen\u00fdm vstupenk\u00e1m dostanete bal\u00ed\u010dek s&nbsp;na\u0161\u00edm MERCHEM, kter\u00fd je vytvo\u0159en\u00fd s&nbsp;l\u00e1skou studenty z&nbsp;Fakulty multimedi\u00e1ln\u00edch komunikac\u00ed. <\/p>\n<\/div><\/div>\n\n\n\n<div class=\"wp-block-group\"><div class=\"wp-block-group__inner-container\"><div class=\"border-box pr-sm pb-sm has-zdw-border-color has-white-background-color has-dark-color\"\r\n    >\r\n        <h3>Vstupenka Spoolu     300&nbsp;K\u010d    <\/h3>\r\n        <p class=\"mt-0\">Tento bal\u00ed\u010dek obsahuje vstup na Zlin Design Week a&nbsp;nav\u00edc dostanete:<br \/>\r\n<br \/>\r\n&#8211; bio bavln\u011bnou pl\u00e1t\u011bnou ta\u0161ku Zlin Design Week s&nbsp;potiskem<br \/>\r\n&#8211; se\u0161it, kter\u00fd vznikl ve spolupr\u00e1ci s&nbsp;Papelote <br \/>\r\n<br \/>\r\n    <\/p>\r\n        <div class=\"wp-block-button\">\r\n        <a class=\"wp-block-button__link\"\r\n            href=\"https:\/\/goout.net\/cs\/listky\/zlin-design-week-2021\/yefi\/\"\r\n            target=\"_self\">Chci vstupenku<\/a>\r\n    <\/div>\r\n\r\n    <\/div>\n\n<div class=\"border-box pr-600-sm has-zdw-border-color has-white-background-color has-dark-color\"\r\n    >\r\n        <h3>Vstupenka Spooolu        500&nbsp;K\u010d    <\/h3>\r\n        <p class=\"mt-0\">Tento bal\u00ed\u010dek obsahuje vstup na Zlin Design Week a&nbsp;nav\u00edc dostanete:<br \/>\r\n<br \/>\r\n&#8211; bio bavln\u011bnou pl\u00e1t\u011bnou ta\u0161ku Zlin Design Week s&nbsp;potiskem <br \/>\r\n&#8211; se\u0161it, kter\u00fd vznikl ve spolupr\u00e1ci s&nbsp;Papelote<br \/>\r\n&#8211; cool pono\u017eky od We are Ferdinand<br \/>\r\n    <\/p>\r\n        <div class=\"wp-block-button\">\r\n        <a class=\"wp-block-button__link\"\r\n            href=\"https:\/\/goout.net\/cs\/listky\/zlin-design-week-2021\/yefi\/\"\r\n            target=\"_self\">Chci vstupenku<\/a>\r\n    <\/div>\r\n\r\n    <\/div>\n\n<div class=\"border-box  has-zdw-border-color has-white-background-color has-dark-color\"\r\n    >\r\n        <h3>Vstupenka Spoooolu    700&nbsp;K\u010d    <\/h3>\r\n        <p class=\"mt-0\">Tento bal\u00ed\u010dek obsahuje vstup na Zlin Design Week a&nbsp;nav\u00edc dostanete:<br \/>\r\n<br \/>\r\n&#8211; bio bavln\u011bn\u00e9 triko se t\u0159emi na\u017eehlova\u010dkami Zlin Design Week od design\u00e9ra Milana Fl\u00ed\u010dka <br \/>\r\n&#8211; katalog ZDW pln\u00fd designov\u00fd prac\u00ed a&nbsp;inspirace, kter\u00fd je vytvo\u0159en\u00fd s&nbsp;l\u00e1skou<br \/>\r\n    <\/p>\r\n        <div class=\"wp-block-button\">\r\n        <a class=\"wp-block-button__link\"\r\n            href=\"https:\/\/goout.net\/cs\/listky\/zlin-design-week-2021\/yefi\/\"\r\n            target=\"_self\">Chci vstupenku<\/a>\r\n    <\/div>\r\n\r\n    <\/div>\n\n\n<p><\/p>\n\n\n\n<figure class=\"wp-block-gallery columns-5 is-cropped\"><ul class=\"blocks-gallery-grid\"><li class=\"blocks-gallery-item\"><figure><img loading=\"lazy\" width=\"750\" height=\"500\" src=\"https:\/\/zlindesignweek.com\/2021\/wp-content\/uploads\/2021\/05\/img-9620-750x500.jpg\" alt=\"\" data-id=\"10439\" data-link=\"https:\/\/zlindesignweek.com\/2021\/vstupenky\/img-9620\/\" class=\"wp-image-10439\" srcset=\"https:\/\/zlindesignweek.com\/2021\/wp-content\/uploads\/2021\/05\/img-9620-750x500.jpg 750w, https:\/\/zlindesignweek.com\/2021\/wp-content\/uploads\/2021\/05\/img-9620-500x333.jpg 500w, https:\/\/zlindesignweek.com\/2021\/wp-content\/uploads\/2021\/05\/img-9620-768x512.jpg 768w, https:\/\/zlindesignweek.com\/2021\/wp-content\/uploads\/2021\/05\/img-9620-1536x1024.jpg 1536w, https:\/\/zlindesignweek.com\/2021\/wp-content\/uploads\/2021\/05\/img-9620-1440x960.jpg 1440w, https:\/\/zlindesignweek.com\/2021\/wp-content\/uploads\/2021\/05\/img-9620-250x167.jpg 250w, https:\/\/zlindesignweek.com\/2021\/wp-content\/uploads\/2021\/05\/img-9620.jpg 2000w\" sizes=\"(max-width: 750px) 100vw, 750px\" \/><\/figure><\/li><li class=\"blocks-gallery-item\"><figure><img loading=\"lazy\" width=\"750\" height=\"500\" src=\"https:\/\/zlindesignweek.com\/2021\/wp-content\/uploads\/2021\/05\/img-9647-750x500.jpg\" alt=\"\" data-id=\"10440\" data-link=\"https:\/\/zlindesignweek.com\/2021\/vstupenky\/img-9647\/\" class=\"wp-image-10440\" srcset=\"https:\/\/zlindesignweek.com\/2021\/wp-content\/uploads\/2021\/05\/img-9647-750x500.jpg 750w, https:\/\/zlindesignweek.com\/2021\/wp-content\/uploads\/2021\/05\/img-9647-500x333.jpg 500w, https:\/\/zlindesignweek.com\/2021\/wp-content\/uploads\/2021\/05\/img-9647-768x512.jpg 768w, https:\/\/zlindesignweek.com\/2021\/wp-content\/uploads\/2021\/05\/img-9647-1536x1024.jpg 1536w, https:\/\/zlindesignweek.com\/2021\/wp-content\/uploads\/2021\/05\/img-9647-1440x960.jpg 1440w, https:\/\/zlindesignweek.com\/2021\/wp-content\/uploads\/2021\/05\/img-9647-250x167.jpg 250w, https:\/\/zlindesignweek.com\/2021\/wp-content\/uploads\/2021\/05\/img-9647.jpg 2000w\" sizes=\"(max-width: 750px) 100vw, 750px\" \/><\/figure><\/li><li class=\"blocks-gallery-item\"><figure><img loading=\"lazy\" width=\"750\" height=\"500\" src=\"https:\/\/zlindesignweek.com\/2021\/wp-content\/uploads\/2021\/05\/img-9525-750x500.jpg\" alt=\"\" data-id=\"10437\" data-link=\"https:\/\/zlindesignweek.com\/2021\/vstupenky\/img-9525\/\" class=\"wp-image-10437\" srcset=\"https:\/\/zlindesignweek.com\/2021\/wp-content\/uploads\/2021\/05\/img-9525-750x500.jpg 750w, https:\/\/zlindesignweek.com\/2021\/wp-content\/uploads\/2021\/05\/img-9525-500x333.jpg 500w, https:\/\/zlindesignweek.com\/2021\/wp-content\/uploads\/2021\/05\/img-9525-768x512.jpg 768w, https:\/\/zlindesignweek.com\/2021\/wp-content\/uploads\/2021\/05\/img-9525-1536x1024.jpg 1536w, https:\/\/zlindesignweek.com\/2021\/wp-content\/uploads\/2021\/05\/img-9525-1440x960.jpg 1440w, https:\/\/zlindesignweek.com\/2021\/wp-content\/uploads\/2021\/05\/img-9525-250x167.jpg 250w, https:\/\/zlindesignweek.com\/2021\/wp-content\/uploads\/2021\/05\/img-9525.jpg 2000w\" sizes=\"(max-width: 750px) 100vw, 750px\" \/><\/figure><\/li><li class=\"blocks-gallery-item\"><figure><img loading=\"lazy\" width=\"750\" height=\"1125\" src=\"https:\/\/zlindesignweek.com\/2021\/wp-content\/uploads\/2021\/05\/img-9590-750x1125.jpg\" alt=\"\" data-id=\"10441\" data-link=\"https:\/\/zlindesignweek.com\/2021\/vstupenky\/img-9590\/\" class=\"wp-image-10441\" srcset=\"https:\/\/zlindesignweek.com\/2021\/wp-content\/uploads\/2021\/05\/img-9590-750x1125.jpg 750w, https:\/\/zlindesignweek.com\/2021\/wp-content\/uploads\/2021\/05\/img-9590-500x750.jpg 500w, https:\/\/zlindesignweek.com\/2021\/wp-content\/uploads\/2021\/05\/img-9590-768x1152.jpg 768w, https:\/\/zlindesignweek.com\/2021\/wp-content\/uploads\/2021\/05\/img-9590-1024x1536.jpg 1024w, https:\/\/zlindesignweek.com\/2021\/wp-content\/uploads\/2021\/05\/img-9590-250x375.jpg 250w, https:\/\/zlindesignweek.com\/2021\/wp-content\/uploads\/2021\/05\/img-9590.jpg 1333w\" sizes=\"(max-width: 750px) 100vw, 750px\" \/><\/figure><\/li><li class=\"blocks-gallery-item\"><figure><img loading=\"lazy\" width=\"750\" height=\"750\" src=\"https:\/\/zlindesignweek.com\/2021\/wp-content\/uploads\/2021\/05\/4-750x750.jpg\" alt=\"\" data-id=\"10465\" data-full-url=\"https:\/\/zlindesignweek.com\/2021\/wp-content\/uploads\/2021\/05\/4.jpg\" data-link=\"https:\/\/zlindesignweek.com\/2021\/vstupenky\/4-3\/\" class=\"wp-image-10465\" srcset=\"https:\/\/zlindesignweek.com\/2021\/wp-content\/uploads\/2021\/05\/4-750x750.jpg 750w, https:\/\/zlindesignweek.com\/2021\/wp-content\/uploads\/2021\/05\/4-500x500.jpg 500w, https:\/\/zlindesignweek.com\/2021\/wp-content\/uploads\/2021\/05\/4-150x150.jpg 150w, https:\/\/zlindesignweek.com\/2021\/wp-content\/uploads\/2021\/05\/4-768x768.jpg 768w, https:\/\/zlindesignweek.com\/2021\/wp-content\/uploads\/2021\/05\/4-1440x1440.jpg 1440w, https:\/\/zlindesignweek.com\/2021\/wp-content\/uploads\/2021\/05\/4-250x250.jpg 250w, https:\/\/zlindesignweek.com\/2021\/wp-content\/uploads\/2021\/05\/4.jpg 1500w\" sizes=\"(max-width: 750px) 100vw, 750px\" \/><\/figure><\/li><\/ul><\/figure>\n<\/div><\/div>\n\n\n\n<div class=\"wp-block-group\"><div class=\"wp-block-group__inner-container\">\n<div class=\"wp-block-buttons\"><\/div>\n\n\n\n<p><\/p>\n<\/div><\/div>\n\n\n\n<p><\/p>\n\n\n\n<p><\/p>\n\n\n\n<p><\/p>\n\n\n\n<p><\/p>\n\n\n\n<p><\/p>\n","protected":false},"excerpt":{"rendered":"","protected":false},"author":25,"featured_media":0,"parent":0,"menu_order":0,"comment_status":"closed","ping_status":"closed","template":"","meta":[],"_links":{"self":[{"href":"https:\/\/zlindesignweek.com\/2021\/wp-json\/wp\/v2\/pages\/10314"}],"collection":[{"href":"https:\/\/zlindesignweek.com\/2021\/wp-json\/wp\/v2\/pages"}],"about":[{"href":"https:\/\/zlindesignweek.com\/2021\/wp-json\/wp\/v2\/types\/page"}],"author":[{"embeddable":true,"href":"https:\/\/zlindesignweek.com\/2021\/wp-json\/wp\/v2\/users\/25"}],"replies":[{"embeddable":true,"href":"https:\/\/zlindesignweek.com\/2021\/wp-json\/wp\/v2\/comments?post=10314"}],"version-history":[{"count":74,"href":"https:\/\/zlindesignweek.com\/2021\/wp-json\/wp\/v2\/pages\/10314\/revisions"}],"predecessor-version":[{"id":10918,"href":"https:\/\/zlindesignweek.com\/2021\/wp-json\/wp\/v2\/pages\/10314\/revisions\/10918"}],"wp:attachment":[{"href":"https:\/\/zlindesignweek.com\/2021\/wp-json\/wp\/v2\/media?parent=10314"}],"curies":[{"name":"wp","href":"https:\/\/api.w.org\/{rel}","templated":true}]}}