{"id":10204,"date":"2021-04-28T08:45:28","date_gmt":"2021-04-28T06:45:28","guid":{"rendered":"https:\/\/zlindesignweek.com\/2021\/?page_id=10204"},"modified":"2021-04-28T08:55:07","modified_gmt":"2021-04-28T06:55:07","slug":"o-festivalu","status":"publish","type":"page","link":"https:\/\/zlindesignweek.com\/2021\/o-festivalu\/","title":{"rendered":"O festivalu"},"content":{"rendered":"\n<div class=\"wp-block-group\"><div class=\"wp-block-group__inner-container\">\n<p class=\"has-text-align-left has-white-color has-text-color\">Jsme design festival, kde m\u016f\u017ee ka\u017ed\u00fd naj\u00edt inspiraci. Na\u0161\u00edm posl\u00e1n\u00edm je vytv\u00e1\u0159et platformu pro setk\u00e1v\u00e1n\u00ed mlad\u00fdch design\u00e9r\u016f a&nbsp;firem. M\u00edsto pro prezentaci, vyj\u00e1d\u0159en\u00ed a&nbsp;sd\u00edlen\u00ed.<\/p>\n\n\n\n<p class=\"has-text-align-left has-white-color has-text-color\">P\u0159edstavujeme mlad\u00e9 talenty a&nbsp;\u010derstv\u00fd v\u00edtr v&nbsp;designu. Soust\u0159ed\u00edme se na nov\u00e1 t\u00e9mata a&nbsp;my\u0161lenky. Propojujeme odborn\u00e9 konference s&nbsp;v\u00fdstavami a&nbsp;z\u00e1bavn\u00fdm programem, prost\u0159ednictv\u00edm kter\u00e9ho seznamujeme n\u00e1v\u0161t\u011bvn\u00edky se sou\u010dasnou designerskou tvorbou od r\u016fznorod\u00fdch autor\u016f a&nbsp;firem.<\/p>\n\n\n\n<p class=\"has-text-align-left has-white-color has-text-color\">Projekt vznikl v&nbsp;roce 2015 jako impuls dvou studentek designersk\u00fdch obor\u016f Fakulty multimedi\u00e1ln\u00edch komunikac\u00ed Univerzity Tom\u00e1\u0161e Bati ve Zl\u00edn\u011b. Ta projekt po\u0159\u00e1d\u00e1 ji\u017e \u0161est\u00fdm rokem d\u00edky mezioborov\u00e9 spolupr\u00e1ci designu, marketingu, fotografie a&nbsp;audiovize.<\/p>\n<\/div><\/div>\n\n\n\n<p><\/p>\n\n\n\n<p><\/p>\n\n\n\n<p><\/p>\n\n\n\n<p><\/p>\n\n\n\n<p><\/p>\n\n\n\n<p class=\"has-text-align-left has-white-color has-text-color\"><br><\/p>\n","protected":false},"excerpt":{"rendered":"","protected":false},"author":25,"featured_media":0,"parent":0,"menu_order":0,"comment_status":"closed","ping_status":"closed","template":"","meta":[],"_links":{"self":[{"href":"https:\/\/zlindesignweek.com\/2021\/wp-json\/wp\/v2\/pages\/10204"}],"collection":[{"href":"https:\/\/zlindesignweek.com\/2021\/wp-json\/wp\/v2\/pages"}],"about":[{"href":"https:\/\/zlindesignweek.com\/2021\/wp-json\/wp\/v2\/types\/page"}],"author":[{"embeddable":true,"href":"https:\/\/zlindesignweek.com\/2021\/wp-json\/wp\/v2\/users\/25"}],"replies":[{"embeddable":true,"href":"https:\/\/zlindesignweek.com\/2021\/wp-json\/wp\/v2\/comments?post=10204"}],"version-history":[{"count":7,"href":"https:\/\/zlindesignweek.com\/2021\/wp-json\/wp\/v2\/pages\/10204\/revisions"}],"predecessor-version":[{"id":10218,"href":"https:\/\/zlindesignweek.com\/2021\/wp-json\/wp\/v2\/pages\/10204\/revisions\/10218"}],"wp:attachment":[{"href":"https:\/\/zlindesignweek.com\/2021\/wp-json\/wp\/v2\/media?parent=10204"}],"curies":[{"name":"wp","href":"https:\/\/api.w.org\/{rel}","templated":true}]}}