{"id":10014,"date":"2021-04-24T19:23:23","date_gmt":"2021-04-24T17:23:23","guid":{"rendered":"https:\/\/zlindesignweek.com\/2021\/?page_id=10014"},"modified":"2021-05-30T20:01:39","modified_gmt":"2021-05-30T18:01:39","slug":"fashion-show-and-music-performance","status":"publish","type":"page","link":"https:\/\/zlindesignweek.com\/2021\/en\/fashion-show-and-music-performance\/","title":{"rendered":"Fashion show and music performance"},"content":{"rendered":"\n<div class=\"wp-block-group\"><div class=\"wp-block-group__inner-container\">\n<div class=\"wp-block-group has-white-color has-text-color\"><div class=\"wp-block-group__inner-container\"><\/div><\/div>\n<\/div><\/div>\n\n\n\n<div class=\"wp-block-group\"><div class=\"wp-block-group__inner-container\">\n<div class=\"wp-block-columns\">\n<div class=\"wp-block-column\" style=\"flex-basis:100%\">\n<h2 class=\"has-white-color has-text-color\">Fashionshow<\/h2>\n\n\n\n<p class=\"has-dark-color has-white-background-color has-text-color has-background\">The Fashion show has started in a&nbsp;pre-recorded form at 8 pm&nbsp;on May 7, 2021. At the show, the audience was able to enjoy work from 9 designers using a&nbsp;light installation and a&nbsp;night clock. The designers were: \u017dofia Sold\u00e1nov\u00e1, Ad\u00e9la Mitrengov\u00e1, Barbara Shevchuck, and others. The fashion show has taken place in the old building of the Svit complex.<\/p>\n\n\n\n<div style=\"height:34px\" aria-hidden=\"true\" class=\"wp-block-spacer\"><\/div>\n\n\n\n<figure class=\"wp-block-embed is-type-video is-provider-youtube wp-block-embed-youtube wp-embed-aspect-16-9 wp-has-aspect-ratio\"><div class=\"wp-block-embed__wrapper\">\n<iframe title=\"Fashion Show | Zlin Design Week 2021\" width=\"500\" height=\"281\" src=\"https:\/\/www.youtube.com\/embed\/wdoySm94VqE?feature=oembed\" frameborder=\"0\" allow=\"accelerometer; autoplay; clipboard-write; encrypted-media; gyroscope; picture-in-picture\" allowfullscreen><\/iframe>\n<\/div><\/figure>\n<\/div>\n<\/div>\n<\/div><\/div>\n\n\n\n<div class=\"wp-block-group\"><div class=\"wp-block-group__inner-container\">\n<div class=\"wp-block-columns\">\n<div class=\"wp-block-column\">\n<h2 class=\"has-white-color has-text-color\">Young Aesthete Concert<\/h2>\n\n\n\n<p class=\"has-dark-color has-white-background-color has-text-color has-background\">The Young Esthete band\u2019s stream has started at 9 pm&nbsp;on May 7, 2021. During his relatively short time in the music world, Mat\u011bj Herceg was a&nbsp;frontman for the well-known Apparat and did several club nights. This time he was shining at Zlin Design Week. Visitors were able to enjoy this music performance via YouTube stream.<\/p>\n\n\n\n<div style=\"height:34px\" aria-hidden=\"true\" class=\"wp-block-spacer\"><\/div>\n\n\n\n<figure class=\"wp-block-embed is-type-video is-provider-youtube wp-block-embed-youtube wp-embed-aspect-16-9 wp-has-aspect-ratio\"><div class=\"wp-block-embed__wrapper\">\n<iframe title=\"young aesthete | Zlin Design Week 2021\" width=\"500\" height=\"281\" src=\"https:\/\/www.youtube.com\/embed\/KFspzMPBL_s?feature=oembed\" frameborder=\"0\" allow=\"accelerometer; autoplay; clipboard-write; encrypted-media; gyroscope; picture-in-picture\" allowfullscreen><\/iframe>\n<\/div><\/figure>\n\n\n\n<h2 class=\"has-white-color has-text-color\">Concert of the band Hello Marcel<\/h2>\n\n\n\n<p class=\"has-dark-color has-white-background-color has-text-color has-background\">Sunday\u2019s (May 9, 2021) concert of the band Hello Marcel, which has been streamed live on YouTube, was available to all fans of music that is full of jokes and awesome beats. The duo of musicians from Svitavy has given a&nbsp;number of concerts and everyone will fall in love with their lyrics with the themes of food and motherly love.<\/p>\n\n\n\n<div style=\"height:34px\" aria-hidden=\"true\" class=\"wp-block-spacer\"><\/div>\n\n\n\n<figure class=\"wp-block-embed is-type-video is-provider-youtube wp-block-embed-youtube wp-embed-aspect-16-9 wp-has-aspect-ratio\"><div class=\"wp-block-embed__wrapper\">\n<iframe title=\"Hello Marcel | Zlin Design Week 2021\" width=\"500\" height=\"281\" src=\"https:\/\/www.youtube.com\/embed\/9mKUdRhG35g?feature=oembed\" frameborder=\"0\" allow=\"accelerometer; autoplay; clipboard-write; encrypted-media; gyroscope; picture-in-picture\" allowfullscreen><\/iframe>\n<\/div><\/figure>\n\n\n\n<h2 class=\"has-white-color has-text-color\">Concert dn\u00e9<\/h2>\n\n\n\n<p class=\"has-dark-color has-white-background-color has-text-color has-background\">Dn\u00e9 is Ond\u0159ej Hol\u00fd, who has already released 4 EPs and played over 50 concerts. Among other things, Ond\u0159ej composed music for the HBO documentary film Nothing like Before. So visitors has enjoyed nothing else but quality on May 11, 2021!<\/p>\n\n\n\n<div style=\"height:34px\" aria-hidden=\"true\" class=\"wp-block-spacer\"><\/div>\n\n\n\n<figure class=\"wp-block-embed is-type-video is-provider-youtube wp-block-embed-youtube wp-embed-aspect-16-9 wp-has-aspect-ratio\"><div class=\"wp-block-embed__wrapper\">\n<iframe title=\"dne\u0301 | Zlin Design Week 2021\" width=\"500\" height=\"281\" src=\"https:\/\/www.youtube.com\/embed\/JLQHf6MSWI4?feature=oembed\" frameborder=\"0\" allow=\"accelerometer; autoplay; clipboard-write; encrypted-media; gyroscope; picture-in-picture\" allowfullscreen><\/iframe>\n<\/div><\/figure>\n\n\n\n<h2 class=\"has-white-color has-text-color\">Concert of the the band TELETEXT and All Style Unit perfomance<\/h2>\n\n\n\n<p class=\"has-dark-color has-white-background-color has-text-color has-background\">At the end of the entire Zlin Design Week on May 14, 2021, visitors has enjoyed a&nbsp;live concert by the Teletext band and the All Style Unit performance group. <\/p>\n\n\n\n<p class=\"has-dark-color has-white-background-color has-text-color has-background\">TELETEXT is a&nbsp;project that was created in 2017 in Zl\u00edn and over time moved to Prague. The duo of Martin and Nicolas, performing under the pseudonyms A&nbsp;+++ and Atch, focuses on techno and trance.<br>Dance group All Style Unit, focuses mainly on street dance styles, but also elements of stage dance and contemporary. He has been working in Zl\u00edn and Vset\u00edn for 15 years, where together they create and develop art that they do not forget to pass on from generation to generation. This year, as part of the cooperation between ASU and ZDW, an original performance will be created, which will make the festival\u2019s online program special.<\/p>\n\n\n\n<div style=\"height:34px\" aria-hidden=\"true\" class=\"wp-block-spacer\"><\/div>\n\n\n\n<figure class=\"wp-block-embed is-type-video is-provider-youtube wp-block-embed-youtube wp-embed-aspect-16-9 wp-has-aspect-ratio\"><div class=\"wp-block-embed__wrapper\">\n<iframe title=\"All Style Unit &amp; TELETEXT | Zlin Design Week 2021\" width=\"500\" height=\"281\" src=\"https:\/\/www.youtube.com\/embed\/U_QoleMcrlg?feature=oembed\" frameborder=\"0\" allow=\"accelerometer; autoplay; clipboard-write; encrypted-media; gyroscope; picture-in-picture\" allowfullscreen><\/iframe>\n<\/div><\/figure>\n\n\n\n<div style=\"height:136px\" aria-hidden=\"true\" class=\"wp-block-spacer\"><\/div>\n<\/div>\n<\/div>\n<\/div><\/div>\n\n\n\n<p><\/p>\n","protected":false},"excerpt":{"rendered":"","protected":false},"author":29,"featured_media":0,"parent":0,"menu_order":0,"comment_status":"closed","ping_status":"closed","template":"","meta":[],"_links":{"self":[{"href":"https:\/\/zlindesignweek.com\/2021\/wp-json\/wp\/v2\/pages\/10014"}],"collection":[{"href":"https:\/\/zlindesignweek.com\/2021\/wp-json\/wp\/v2\/pages"}],"about":[{"href":"https:\/\/zlindesignweek.com\/2021\/wp-json\/wp\/v2\/types\/page"}],"author":[{"embeddable":true,"href":"https:\/\/zlindesignweek.com\/2021\/wp-json\/wp\/v2\/users\/29"}],"replies":[{"embeddable":true,"href":"https:\/\/zlindesignweek.com\/2021\/wp-json\/wp\/v2\/comments?post=10014"}],"version-history":[{"count":12,"href":"https:\/\/zlindesignweek.com\/2021\/wp-json\/wp\/v2\/pages\/10014\/revisions"}],"predecessor-version":[{"id":10883,"href":"https:\/\/zlindesignweek.com\/2021\/wp-json\/wp\/v2\/pages\/10014\/revisions\/10883"}],"wp:attachment":[{"href":"https:\/\/zlindesignweek.com\/2021\/wp-json\/wp\/v2\/media?parent=10014"}],"curies":[{"name":"wp","href":"https:\/\/api.w.org\/{rel}","templated":true}]}}